{"id":3,"date":"2021-05-24T10:27:43","date_gmt":"2021-05-24T10:27:43","guid":{"rendered":"https:\/\/pontsik.com\/?page_id=3"},"modified":"2026-03-28T19:36:15","modified_gmt":"2026-03-28T17:36:15","slug":"privaatsuspoliitika","status":"publish","type":"page","link":"https:\/\/pontsik.com\/en\/privaatsuspoliitika\/","title":{"rendered":"Privaatsuspoliitika"},"content":{"rendered":"<section class=\"wpb-content-wrapper\"><div class=\"vc_row wpb_row vc_row-fluid\"><div class=\"wpb_column vc_column_container vc_col-sm-12\"><div class=\"vc_column-inner\"><div class=\"wpb_wrapper\"><script id='custom-style-6a05d00a69700' type='text\/javascript'>(function($) {$(document).ready(function() {$(\"head\").append(\"<style>#heading-6a05d00a696fd{text-align: center;font-weight: 100;text-transform: none}<\/style>\");});})(jQuery);<\/script><h2 id=\"heading-6a05d00a696fd\" class=\"vc_custom_heading tm-animation move-up\">Privaatsuspoliitika<\/h2><\/div><\/div><\/div><\/div><div class=\"vc_row wpb_row vc_row-fluid\"><div class=\"wpb_column vc_column_container vc_col-sm-12\"><div class=\"vc_column-inner\"><div class=\"wpb_wrapper\">\n\t<div class=\"wpb_text_column wpb_content_element\" >\n\t\t<div class=\"wpb_wrapper\">\n\t\t\t<p style=\"text-align: center;\">Privaatsuspoliitika<br \/>\n1. \u00dclds\u00e4tted<br \/>\n1.1. K\u00e4esolev privaatsuspoliitika reguleerib isikuandmete kogumist,<br \/>\nt\u00f6\u00f6tlemist ja s\u00e4ilitamist k\u00e4sitlevaid p\u00f5him\u00f5tteid. Isikuandmeid kogub<br \/>\nt\u00f6\u00f6tleb ja s\u00e4ilitab isikuandmete vastutav t\u00f6\u00f6tleja Inspektor Pontsik<br \/>\nO\u00dc (edaspidi andmet\u00f6\u00f6tleja).<br \/>\n1.2. Andmesubjekt privaatsuspoliitika t\u00e4henduses on klient v\u00f5i muu<br \/>\nf\u00fc\u00fcsiline isik, kelle isikuandmeid andmet\u00f6\u00f6tleja t\u00f6\u00f6tleb.<br \/>\n1.3. Klient privaatsuspoliitika t\u00e4henduses on iga\u00fcks, kes ostab<br \/>\nandmet\u00f6\u00f6tleja kodulehelt kaupu v\u00f5i teenuseid.<br \/>\n1.4. Andmet\u00f6\u00f6tleja j\u00e4rgib \u00f5igusaktides s\u00e4testatud andmete<br \/>\nt\u00f6\u00f6tlemise p\u00f5him\u00f5tteid, muuhulgas t\u00f6\u00f6tleb andmet\u00f6\u00f6tleja<br \/>\nisikuandmeid seaduslikult, \u00f5iglaselt ja turvaliselt. Andmet\u00f6\u00f6tleja on<br \/>\nv\u00f5imeline kinnitama, et isikuandmeid on t\u00f6\u00f6deldud vastavalt<br \/>\n\u00f5igusaktides s\u00e4testatule.<br \/>\n2. Isikuandmete kogumine, t\u00f6\u00f6tlemine ja s\u00e4ilitamine<br \/>\n2.1. Isikuandmed, mida andmet\u00f6\u00f6tleja kogub, t\u00f6\u00f6tleb ja s\u00e4ilitab, on<br \/>\nkogutud elektrooniliselt, peamiselt kodulehe ja e-posti vahendusel.<br \/>\n2.2. Oma isikuandmete jagamisega annab andmesubjekt<br \/>\nandmet\u00f6\u00f6tlejale \u00f5iguse koguda, korraldada, kasutada ja hallata<br \/>\nprivaatsuspoliitikas m\u00e4\u00e4ratletud eesm\u00e4rgil isikuandmeid, mida<br \/>\nandmesubjekt otse v\u00f5i kaudselt kodulehel kaupu v\u00f5i teenuseid<br \/>\nostes andmet\u00f6\u00f6tlejale jagab.<br \/>\n2.3. Andmesubjekt vastutab selle eest, et tema poolt esitatud<br \/>\nandmed oleksid t\u00e4psed, \u00f5iged ja terviklikud. Teadlikult valeandmete<br \/>\nesitamist peetakse privaatsuspoliitika rikkumiseks. Andmesubjekt<br \/>\non kohustatud andmet\u00f6\u00f6tlejat viivitamatult teavitama esitatud<br \/>\nandmete muutumisest.<br \/>\n2.4. Andmet\u00f6\u00f6tleja ei vastuta andmesubjekti poolt valeandmete<br \/>\nesitamisest p\u00f5hjustatud kahju eest andmesubjektile v\u00f5i<br \/>\nkolmandatele osapooltele.<br \/>\n3. Klientide isikuandmete t\u00f6\u00f6tlemine<br \/>\n3.1. Andmet\u00f6\u00f6tleja v\u00f5ib t\u00f6\u00f6delda j\u00e4rgnevaid andmesubjekti<br \/>\nisikuandmeid:<br \/>\n3.1.1. Ees- ja perekonnanimi;<br \/>\n3.1.2. S\u00fcnnikuup\u00e4ev;<br \/>\n3.1.3. Telefoninumber;<br \/>\n3.1.4. E-posti aadress;<br \/>\n3.1.5. Kohaletoimetamise aadress;<br \/>\n3.1.6. Arvelduskonto number;<br \/>\n3.1.7. Maksekaardi detailid;<br \/>\n3.2. Lisaks eeltoodule on andmet\u00f6\u00f6tlejal \u00f5igus koguda kliendi kohta<br \/>\nandmeid, mis on k\u00e4ttesaadavad avalikes registrites.<br \/>\n3.3. Isikuandmete t\u00f6\u00f6tlemise \u00f5iguslik alus on isikuandmete kaitse<br \/>\n\u00fcldm\u00e4\u00e4ruse paragrahv 6 lg 1 p-d a), b), c) ja f):<br \/>\na) andmesubjekt on andnud n\u00f5usoleku t\u00f6\u00f6delda oma isikuandmeid<br \/>\n\u00fchel v\u00f5i mitmel konkreetsel eesm\u00e4rgil;<br \/>\nb) isikuandmete t\u00f6\u00f6tlemine on vajalik andmesubjekti osalusel<br \/>\ns\u00f5lmitud lepingu t\u00e4itmiseks v\u00f5i lepingu s\u00f5lmimisele eelnevate<br \/>\nmeetmete v\u00f5tmiseks vastavalt andmesubjekti taotlusele;<br \/>\nc) isikuandmete t\u00f6\u00f6tlemine on vajalik vastutava t\u00f6\u00f6tleja juriidilise<br \/>\nkohustuse t\u00e4itmiseks;<br \/>\nf) isikuandmete t\u00f6\u00f6tlemine on vajalik vastutava t\u00f6\u00f6tleja v\u00f5i<br \/>\nkolmanda isiku \u00f5igustatud huvi korral, v\u00e4lja arvatud juhul, kui sellise<br \/>\nhuvi kaaluvad \u00fcles andmesubjekti huvid v\u00f5i p\u00f5hi\u00f5igused ja<br \/>\n-vabadused, mille nimel tuleb kaitsta isikuandmeid, eriti juhul kui<br \/>\nandmesubjekt on laps.<br \/>\n3.4. Isikuandmete t\u00f6\u00f6tlemine vastavalt t\u00f6\u00f6tlemise eesm\u00e4rgile:<br \/>\n3.4.1. T\u00f6\u00f6tlemise eesm\u00e4rk \u2013 julgeolek ja turvalisus<br \/>\nIsikuandmete s\u00e4ilitamise maksimaalne aeg \u2013 vastavalt seaduses<br \/>\nnimetatud t\u00e4htaegadele<br \/>\n3.4.2. T\u00f6\u00f6tlemise eesm\u00e4rk \u2013 tellimuse t\u00f6\u00f6tlemine<br \/>\nIsikuandmete s\u00e4ilitamise maksimaalne aeg 30 kalendrip\u00e4eva.<br \/>\n3.4.3. T\u00f6\u00f6tlemise eesm\u00e4rk \u2013 e-poe teenuste toimimise tagamine<br \/>\nIsikuandmete s\u00e4ilitamise maksimaalne aeg 30 kalendrip\u00e4eva.<br \/>\n3.4.4. T\u00f6\u00f6tlemise eesm\u00e4rk \u2013 kliendihaldus<br \/>\nIsikuandmete s\u00e4ilitamise maksimaalne aeg 30 kalendrip\u00e4eva<br \/>\n3.4.5. T\u00f6\u00f6tlemise eesm\u00e4rk \u2013 finantstegevus, raamatupidamine<br \/>\nIsikuandmete s\u00e4ilitamise maksimaalne aeg \u2013 vastavalt seaduses<br \/>\nnimetatud t\u00e4htaegadele<br \/>\n3.4.6. T\u00f6\u00f6tlemise eesm\u00e4rk \u2013 turundus<br \/>\nIsikuandmete s\u00e4ilitamise maksimaalne aeg 30 kalendrip\u00e4eva.<br \/>\n3.5. Andmet\u00f6\u00f6tlejal on \u00f5igus klientide isikuandmeid jagada<br \/>\nkolmandate isikutega, kelleks on n\u00e4iteks volitatud andmet\u00f6\u00f6tlejad,<br \/>\nraamatupidajad, transpordi- ja kullerettev\u00f5tted, \u00fclekandeteenuseid<br \/>\npakkuvad ettev\u00f5tted Andmet\u00f6\u00f6tleja on isikuandmete vastutav<br \/>\nt\u00f6\u00f6tleja. Andmet\u00f6\u00f6tleja edastab maksete teostamiseks vajalikud<br \/>\nisikuandmed volitatud t\u00f6\u00f6tleja Maksekeskus AS-ile.<br \/>\n3.6. Andmesubjekti isikuandmete t\u00f6\u00f6tlemisel ja s\u00e4ilitamisel<br \/>\nrakendab andmet\u00f6\u00f6tleja organisatoorseid ja tehnilisi meetmeid, mis<br \/>\ntagavad isikuandmete kaitse juhusliku v\u00f5i ebaseadusliku<br \/>\nh\u00e4vitamise, muutmise, avalikustamise ja mis tahes muu<br \/>\nebaseadusliku t\u00f6\u00f6tlemise eest.<br \/>\n3.7. Andmet\u00f6\u00f6tleja s\u00e4ilitab andmesubjektide andmeid s\u00f5ltuvalt<br \/>\nt\u00f6\u00f6tlemise eesm\u00e4rgist, kuid mitte kauem kui 7 aastat.<br \/>\n4. Andmesubjekti \u00f5igused<br \/>\n4.1. Andmesubjektil on \u00f5igus saada ligip\u00e4\u00e4s oma isikuandmetele<br \/>\nning nendega tutvuda.<br \/>\n4.2. Andmesubjektil on \u00f5igus saada informatsiooni tema<br \/>\nisikuandmete t\u00f6\u00f6tlemise kohta.<br \/>\n4.3. Andmesubjektil on \u00f5igus t\u00e4iendada v\u00f5i parandada ebat\u00e4pseid<br \/>\nandmeid.<br \/>\n4.4. Kui andmet\u00f6\u00f6tleja t\u00f6\u00f6tleb andmesubjekti isikuandmeid<br \/>\nandmesubjekti n\u00f5usoleku alusel, siis on andmesubjektil \u00f5igus igal<br \/>\najal n\u00f5usolek tagasi v\u00f5tta.<br \/>\n4.5. Andmesubjekt saab \u00f5iguste teostamiseks p\u00f6\u00f6rduda e-poe<br \/>\nklienditoe poole aadressil inspektor@pontsik.com.<br \/>\n4.6. Andmesubjektil on oma \u00f5iguste kaitseks v\u00f5imalik esitada<br \/>\nkaebus Andmekaitse Inspektsioonile.<br \/>\n5. L\u00f5pps\u00e4tted<br \/>\n5.1. K\u00e4esolevad andmekaitsetingimused on koostatud koosk\u00f5las<br \/>\nEuroopa Parlamendi ja n\u00f5ukogu m\u00e4\u00e4rusega (EL) nr 2016\/679<br \/>\nf\u00fc\u00fcsiliste isikute kaitse kohta isikuandmete t\u00f6\u00f6tlemisel ja selliste<br \/>\nandmete vaba liikumise ning direktiivi 95\/46 \/ E\u00dc kehtetuks<br \/>\ntunnistamise kohta \/ E\u00dc (isikuandmete kaitse \u00fcldm\u00e4\u00e4rus), Eesti<br \/>\nVabariigi isikuandmete kaitse seadusega ning Eesti Vabariigi ja<br \/>\nEuroopa Liidu \u00f5igusaktidega.<br \/>\n5.2. Andmet\u00f6\u00f6tlejal on \u00f5igus andmekaitsetingimusi osaliselt v\u00f5i<br \/>\nt\u00e4ielikult muuta, teavitades andmesubjekte muudatustest kodulehe<br \/>\nwww.inspektorpontsik.com kaudu .<\/p>\n\n\t\t<\/div>\n\t<\/div>\n<\/div><\/div><\/div><\/div>\n<\/section>","protected":false},"excerpt":{"rendered":"Privaatsuspoliitika Privaatsuspoliitika 1. \u00dclds\u00e4tted 1.1. K\u00e4esolev privaatsuspoliitika reguleerib isikuandmete kogumist, t\u00f6\u00f6tlemist ja s\u00e4ilitamist k\u00e4sitlevaid p\u00f5him\u00f5tteid. Isikuandmeid kogub t\u00f6\u00f6tleb ja s\u00e4ilitab isikuandmete vastutav t\u00f6\u00f6tleja Inspektor Pontsik O\u00dc (edaspidi andmet\u00f6\u00f6tleja). 1.2. Andmesubjekt privaatsuspoliitika t\u00e4henduses on klient v\u00f5i muu f\u00fc\u00fcsiline isik, kelle isikuandmeid andmet\u00f6\u00f6tleja t\u00f6\u00f6tleb. 1.3. Klient privaatsuspoliitika t\u00e4henduses on iga\u00fcks, kes ostab andmet\u00f6\u00f6tleja kodulehelt kaupu v\u00f5i teenuseid....","protected":false},"author":1,"featured_media":0,"parent":0,"menu_order":0,"comment_status":"closed","ping_status":"closed","template":"","meta":{"footnotes":""},"class_list":["post-3","page","type-page","status-publish","hentry"],"yoast_head":"<!-- This site is optimized with the Yoast SEO plugin v27.2 - https:\/\/yoast.com\/product\/yoast-seo-wordpress\/ -->\n<title>Privaatsuspoliitika - Momster Catering<\/title>\n<meta name=\"robots\" content=\"index, follow, max-snippet:-1, max-image-preview:large, max-video-preview:-1\" \/>\n<link rel=\"canonical\" href=\"https:\/\/pontsik.com\/en\/privaatsuspoliitika\/\" \/>\n<meta property=\"og:locale\" content=\"en_US\" \/>\n<meta property=\"og:type\" content=\"article\" \/>\n<meta property=\"og:title\" content=\"Privaatsuspoliitika - Momster Catering\" \/>\n<meta property=\"og:url\" content=\"https:\/\/pontsik.com\/en\/privaatsuspoliitika\/\" \/>\n<meta property=\"og:site_name\" content=\"Momster Catering\" \/>\n<meta property=\"article:publisher\" content=\"https:\/\/www.facebook.com\/momstercatering\/\" \/>\n<meta property=\"article:modified_time\" content=\"2026-03-28T17:36:15+00:00\" \/>\n<meta property=\"og:image\" content=\"https:\/\/pontsik.com\/wp-content\/uploads\/2024\/02\/momster200.png\" \/>\n\t<meta property=\"og:image:width\" content=\"200\" \/>\n\t<meta property=\"og:image:height\" content=\"201\" \/>\n\t<meta property=\"og:image:type\" content=\"image\/png\" \/>\n<meta name=\"twitter:card\" content=\"summary_large_image\" \/>\n<meta name=\"twitter:label1\" content=\"Est. reading time\" \/>\n\t<meta name=\"twitter:data1\" content=\"4 minutes\" \/>\n<script type=\"application\/ld+json\" class=\"yoast-schema-graph\">{\"@context\":\"https:\/\/schema.org\",\"@graph\":[{\"@type\":\"WebPage\",\"@id\":\"https:\/\/pontsik.com\/privaatsuspoliitika\/\",\"url\":\"https:\/\/pontsik.com\/privaatsuspoliitika\/\",\"name\":\"Privaatsuspoliitika - Momster Catering\",\"isPartOf\":{\"@id\":\"https:\/\/pontsik.com\/#website\"},\"datePublished\":\"2021-05-24T10:27:43+00:00\",\"dateModified\":\"2026-03-28T17:36:15+00:00\",\"breadcrumb\":{\"@id\":\"https:\/\/pontsik.com\/privaatsuspoliitika\/#breadcrumb\"},\"inLanguage\":\"en-US\",\"potentialAction\":[{\"@type\":\"ReadAction\",\"target\":[\"https:\/\/pontsik.com\/privaatsuspoliitika\/\"]}]},{\"@type\":\"BreadcrumbList\",\"@id\":\"https:\/\/pontsik.com\/privaatsuspoliitika\/#breadcrumb\",\"itemListElement\":[{\"@type\":\"ListItem\",\"position\":1,\"name\":\"Avaleht\",\"item\":\"https:\/\/pontsik.com\/\"},{\"@type\":\"ListItem\",\"position\":2,\"name\":\"Privaatsuspoliitika\"}]},{\"@type\":\"WebSite\",\"@id\":\"https:\/\/pontsik.com\/#website\",\"url\":\"https:\/\/pontsik.com\/\",\"name\":\"Momster Catering\",\"description\":\"Suurep\u00e4rane maitseelamus!\",\"publisher\":{\"@id\":\"https:\/\/pontsik.com\/#organization\"},\"potentialAction\":[{\"@type\":\"SearchAction\",\"target\":{\"@type\":\"EntryPoint\",\"urlTemplate\":\"https:\/\/pontsik.com\/?s={search_term_string}\"},\"query-input\":{\"@type\":\"PropertyValueSpecification\",\"valueRequired\":true,\"valueName\":\"search_term_string\"}}],\"inLanguage\":\"en-US\"},{\"@type\":\"Organization\",\"@id\":\"https:\/\/pontsik.com\/#organization\",\"name\":\"Momster Catering\",\"url\":\"https:\/\/pontsik.com\/\",\"logo\":{\"@type\":\"ImageObject\",\"inLanguage\":\"en-US\",\"@id\":\"https:\/\/pontsik.com\/#\/schema\/logo\/image\/\",\"url\":\"https:\/\/pontsik.com\/wp-content\/uploads\/2012\/06\/momster150.png\",\"contentUrl\":\"https:\/\/pontsik.com\/wp-content\/uploads\/2012\/06\/momster150.png\",\"width\":150,\"height\":151,\"caption\":\"Momster Catering\"},\"image\":{\"@id\":\"https:\/\/pontsik.com\/#\/schema\/logo\/image\/\"},\"sameAs\":[\"https:\/\/www.facebook.com\/momstercatering\/\",\"https:\/\/www.instagram.com\/momster_catering\/?hl=en\"]}]}<\/script>\n<!-- \/ Yoast SEO plugin. -->","yoast_head_json":{"title":"Privaatsuspoliitika - Momster Catering","robots":{"index":"index","follow":"follow","max-snippet":"max-snippet:-1","max-image-preview":"max-image-preview:large","max-video-preview":"max-video-preview:-1"},"canonical":"https:\/\/pontsik.com\/en\/privaatsuspoliitika\/","og_locale":"en_US","og_type":"article","og_title":"Privaatsuspoliitika - Momster Catering","og_url":"https:\/\/pontsik.com\/en\/privaatsuspoliitika\/","og_site_name":"Momster Catering","article_publisher":"https:\/\/www.facebook.com\/momstercatering\/","article_modified_time":"2026-03-28T17:36:15+00:00","og_image":[{"width":200,"height":201,"url":"https:\/\/pontsik.com\/wp-content\/uploads\/2024\/02\/momster200.png","type":"image\/png"}],"twitter_card":"summary_large_image","twitter_misc":{"Est. reading time":"4 minutes"},"schema":{"@context":"https:\/\/schema.org","@graph":[{"@type":"WebPage","@id":"https:\/\/pontsik.com\/privaatsuspoliitika\/","url":"https:\/\/pontsik.com\/privaatsuspoliitika\/","name":"Privaatsuspoliitika - Momster Catering","isPartOf":{"@id":"https:\/\/pontsik.com\/#website"},"datePublished":"2021-05-24T10:27:43+00:00","dateModified":"2026-03-28T17:36:15+00:00","breadcrumb":{"@id":"https:\/\/pontsik.com\/privaatsuspoliitika\/#breadcrumb"},"inLanguage":"en-US","potentialAction":[{"@type":"ReadAction","target":["https:\/\/pontsik.com\/privaatsuspoliitika\/"]}]},{"@type":"BreadcrumbList","@id":"https:\/\/pontsik.com\/privaatsuspoliitika\/#breadcrumb","itemListElement":[{"@type":"ListItem","position":1,"name":"Avaleht","item":"https:\/\/pontsik.com\/"},{"@type":"ListItem","position":2,"name":"Privaatsuspoliitika"}]},{"@type":"WebSite","@id":"https:\/\/pontsik.com\/#website","url":"https:\/\/pontsik.com\/","name":"Momster Catering","description":"Suurep\u00e4rane maitseelamus!","publisher":{"@id":"https:\/\/pontsik.com\/#organization"},"potentialAction":[{"@type":"SearchAction","target":{"@type":"EntryPoint","urlTemplate":"https:\/\/pontsik.com\/?s={search_term_string}"},"query-input":{"@type":"PropertyValueSpecification","valueRequired":true,"valueName":"search_term_string"}}],"inLanguage":"en-US"},{"@type":"Organization","@id":"https:\/\/pontsik.com\/#organization","name":"Momster Catering","url":"https:\/\/pontsik.com\/","logo":{"@type":"ImageObject","inLanguage":"en-US","@id":"https:\/\/pontsik.com\/#\/schema\/logo\/image\/","url":"https:\/\/pontsik.com\/wp-content\/uploads\/2012\/06\/momster150.png","contentUrl":"https:\/\/pontsik.com\/wp-content\/uploads\/2012\/06\/momster150.png","width":150,"height":151,"caption":"Momster Catering"},"image":{"@id":"https:\/\/pontsik.com\/#\/schema\/logo\/image\/"},"sameAs":["https:\/\/www.facebook.com\/momstercatering\/","https:\/\/www.instagram.com\/momster_catering\/?hl=en"]}]}},"_links":{"self":[{"href":"https:\/\/pontsik.com\/en\/wp-json\/wp\/v2\/pages\/3","targetHints":{"allow":["GET"]}}],"collection":[{"href":"https:\/\/pontsik.com\/en\/wp-json\/wp\/v2\/pages"}],"about":[{"href":"https:\/\/pontsik.com\/en\/wp-json\/wp\/v2\/types\/page"}],"author":[{"embeddable":true,"href":"https:\/\/pontsik.com\/en\/wp-json\/wp\/v2\/users\/1"}],"replies":[{"embeddable":true,"href":"https:\/\/pontsik.com\/en\/wp-json\/wp\/v2\/comments?post=3"}],"version-history":[{"count":7,"href":"https:\/\/pontsik.com\/en\/wp-json\/wp\/v2\/pages\/3\/revisions"}],"predecessor-version":[{"id":4361,"href":"https:\/\/pontsik.com\/en\/wp-json\/wp\/v2\/pages\/3\/revisions\/4361"}],"wp:attachment":[{"href":"https:\/\/pontsik.com\/en\/wp-json\/wp\/v2\/media?parent=3"}],"curies":[{"name":"wp","href":"https:\/\/api.w.org\/{rel}","templated":true}]}}