{"id":338,"date":"2016-08-19T07:41:09","date_gmt":"2016-08-19T07:41:09","guid":{"rendered":"https:\/\/pontsik.com\/organik-farm\/"},"modified":"2026-03-28T19:36:15","modified_gmt":"2026-03-28T17:36:15","slug":"avaleht","status":"publish","type":"page","link":"https:\/\/pontsik.com\/en\/","title":{"rendered":"Avaleht"},"content":{"rendered":"<section class=\"wpb-content-wrapper\">\t\t<div data-elementor-type=\"wp-page\" data-elementor-id=\"338\" class=\"elementor elementor-338\">\n\t\t\t\t\t\t<section class=\"elementor-section elementor-top-section elementor-element elementor-element-f7bc946 elementor-section-boxed elementor-section-height-default elementor-section-height-default\" data-id=\"f7bc946\" data-element_type=\"section\" data-e-type=\"section\">\n\t\t\t\t\t\t<div class=\"elementor-container elementor-column-gap-default\">\n\t\t\t\t\t<div class=\"elementor-column elementor-col-100 elementor-top-column elementor-element elementor-element-7ee27457\" data-id=\"7ee27457\" data-element_type=\"column\" data-e-type=\"column\">\n\t\t\t<div class=\"elementor-widget-wrap elementor-element-populated\">\n\t\t\t\t\t\t<div class=\"elementor-element elementor-element-43a79e67 elementor-widget elementor-widget-text-editor\" data-id=\"43a79e67\" data-element_type=\"widget\" data-e-type=\"widget\" data-widget_type=\"text-editor.default\">\n\t\t\t\t<div class=\"elementor-widget-container\">\n\t\t\t\t\t\t\t\t\t<div data-vc-full-width=\"true\" data-vc-full-width-init=\"false\" data-vc-stretch-content=\"true\" class=\"vc_row wpb_row vc_row-fluid vc_row-no-padding\"><div class=\"wpb_column vc_column_container vc_col-sm-12\"><div class=\"vc_column-inner\"><div class=\"wpb_wrapper\"><div class=\"vc_empty_space\"   style=\"height: 22px\"><span class=\"vc_empty_space_inner\"><\/span><\/div><div class=\"vc_separator wpb_content_element vc_separator_align_center vc_sep_width_80 vc_sep_pos_align_center vc_separator_no_text vc_sep_color_grey\" ><span class=\"vc_sep_holder vc_sep_holder_l\"><span class=\"vc_sep_line\"><\/span><\/span><span class=\"vc_sep_holder vc_sep_holder_r\"><span class=\"vc_sep_line\"><\/span><\/span>\n<\/div><\/div><\/div><\/div><\/div><div class=\"vc_row-full-width vc_clearfix\"><\/div><div class=\"vc_row wpb_row vc_row-fluid\"><div class=\"wpb_column vc_column_container vc_col-sm-6\"><div class=\"vc_column-inner\"><div class=\"wpb_wrapper\"><div class=\"vc_custom_1626778095416 insight-title tm-animation move-up style-type-1 style-default\" id=\"insight-title-6a05c2d992311\">\n\t<div class=\"insight-title--title\">Momster Catering<\/div>\n\t\t\t<div class=\"insight-title--subtitle\">\n\t\t\t\t\t\t\t\t\t\t\t\t\t\t<\/div>\n\t\t\t\t<div class=\"insight-separator\">\n\t\t\t<div\n\t\t\t\tclass=\"separator vc_separator wpb_content_element vc_separator_align_center vc_sep_pos_align_center vc_separator-has-text\">\n\t\t\t\t<span class=\"vc_sep_holder vc_sep_holder_l\"><span class=\"vc_sep_line\"><\/span><\/span>\n\t\t\t\t<div class=\"separator--icon vc_icon_element vc_icon_element-outer\">\n\t\t\t\t\t<i class=\"organik-flower\"><\/i>\n\t\t\t\t<\/div>\n\t\t\t\t<span class=\"vc_sep_holder vc_sep_holder_r\"><span class=\"vc_sep_line\"><\/span><\/span>\n\t\t\t<\/div>\n\t\t<\/div>\n\t<\/div>\n<div class=\"vc-hoverbox-wrapper  vc-hoverbox-shape--rounded vc-hoverbox-align--center vc-hoverbox-direction--default vc-hoverbox-width--100\"  ontouchstart=\"\">\n  <div class=\"vc-hoverbox\">\n    <div class=\"vc-hoverbox-inner\">\n      <div class=\"vc-hoverbox-block vc-hoverbox-front\" style=\"background-image: url(https:\/\/pontsik.com\/wp-content\/uploads\/2023\/08\/E666FF6F-C21F-4227-8A97-478DF60B5976-683x1024.jpeg);\">\n        <div class=\"vc-hoverbox-block-inner vc-hoverbox-front-inner\">\n            \n        <\/div>\n      <\/div>\n      <div class=\"vc-hoverbox-block vc-hoverbox-back\" style=\"background-color: #ebebeb;\">\n        <div class=\"vc-hoverbox-block-inner vc-hoverbox-back-inner\">\n            <h2 style=\"text-align:center\">Momster Catering<\/h2>\n            <p style=\"text-align: center;\">Meie juures&nbsp;<span style=\"color: #5fbd74;\"><strong><em>Momster Cateringis<\/em><\/strong><\/span>&nbsp;saavad kokku loominguline k\u00f6\u00f6gikunst, soe teenindus ja suur armastus detailide vastu. Momster Catering ei paku lihtsalt toitu &#8211; me loome elamusi, mis j\u00e4\u00e4vad meelde. Olgu tegu armsa koduse peo, ettev\u00f5tte \u00fcrituse v\u00f5i piknikuga vabas \u00f5hus, meie road r\u00e4\u00e4givad sinu lugu &#8211; s\u00fcdamega, professionaalselt ja loominguliselt.&nbsp;<\/p>\n<p style=\"text-align: center;\">Ilus, maitsev ja tehtud nii nagu teeks oma emale. V\u00f5i endale. V\u00f5i m\u00f5lemale.<br \/>Kahvliga otse s\u00fcdamesse!<br \/><em><span style=\"color: #5fbd74;\">-Momsterid-<\/span><\/em><\/p>\n\n            <div class=\"vc_btn3-container vc_btn3-inline\" ><a class=\"vc_general vc_btn3 vc_btn3-size-md vc_btn3-shape-rounded vc_btn3-style-modern vc_btn3-color-green\" href=\"https:\/\/pontsik.com\/en\/salatid\/\" title=\"CATERING\">CATERING<\/a><\/div>\n        <\/div>\n      <\/div>\n    <\/div>\n  <\/div>\n<\/div>\n\t<div class=\"wpb_text_column wpb_content_element  vc_custom_1736595545811\" >\n\t\t<div class=\"wpb_wrapper\">\n\t\t\t<p style=\"text-align: center;\"><span style=\"color: #808080;\"><em>Meie rikkalik ja p\u00f5nev men\u00fc\u00fc ootab Sind!<\/em><\/span><\/p>\n\n\t\t<\/div>\n\t<\/div>\n<\/div><\/div><\/div><div class=\"wpb_column vc_column_container vc_col-sm-6\"><div class=\"vc_column-inner\"><div class=\"wpb_wrapper\"><script id='custom-style-6a05c2d992933' type='text\/javascript'>(function($) {$(document).ready(function() {$(\"head\").append(\"<style>#insight-title-6a05c2d992931{color: #f76b6a; border-color: #f76b6a}<\/style>\");});})(jQuery);<\/script><script id='custom-style-6a05c2d992935' type='text\/javascript'>(function($) {$(document).ready(function() {$(\"head\").append(\"<style>#insight-title-6a05c2d992931 .separator--icon i{color: #f76b6a}<\/style>\");});})(jQuery);<\/script><div class=\"vc_custom_1736595645310 insight-title tm-animation move-up style-type-1 style-color\" id=\"insight-title-6a05c2d992931\">\n\t<div class=\"insight-title--title\">Inspektor Pontsik<\/div>\n\t\t\t<div class=\"insight-title--subtitle\">\n\t\t\t\t\t\t\t\t\t\t\t\t\t\t<\/div>\n\t\t\t\t<div class=\"insight-separator\">\n\t\t\t<div\n\t\t\t\tclass=\"separator vc_separator wpb_content_element vc_separator_align_center vc_sep_pos_align_center vc_separator-has-text\">\n\t\t\t\t<span class=\"vc_sep_holder vc_sep_holder_l\"><span class=\"vc_sep_line\"><\/span><\/span>\n\t\t\t\t<div class=\"separator--icon vc_icon_element vc_icon_element-outer\">\n\t\t\t\t\t<i class=\"organik-flower\"><\/i>\n\t\t\t\t<\/div>\n\t\t\t\t<span class=\"vc_sep_holder vc_sep_holder_r\"><span class=\"vc_sep_line\"><\/span><\/span>\n\t\t\t<\/div>\n\t\t<\/div>\n\t<\/div>\n<div class=\"vc-hoverbox-wrapper  vc-hoverbox-shape--rounded vc-hoverbox-align--center vc-hoverbox-direction--default vc-hoverbox-width--100\"  ontouchstart=\"\">\n  <div class=\"vc-hoverbox\">\n    <div class=\"vc-hoverbox-inner\">\n      <div class=\"vc-hoverbox-block vc-hoverbox-front\" style=\"background-image: url(https:\/\/pontsik.com\/wp-content\/uploads\/2024\/06\/IMG_5521-1024x768.jpeg);\">\n        <div class=\"vc-hoverbox-block-inner vc-hoverbox-front-inner\">\n            \n        <\/div>\n      <\/div>\n      <div class=\"vc-hoverbox-block vc-hoverbox-back\" style=\"background-color: #ebebeb;\">\n        <div class=\"vc-hoverbox-block-inner vc-hoverbox-back-inner\">\n            <h2 style=\"text-align:center\">Inspektor Pontsik<\/h2>\n            <p style=\"text-align: center;\"><em><strong><span style=\"color: #f76b6a;\">Inspektor Pontsik&nbsp;<\/span><\/strong><\/em>ei ole tavaline toidukraami e-pood &#8211; siit leiad elamusi. Meie valikus on hoole ja armastusega loodud kingitused, sn\u00e4kikarbid, DIY-komplektid ja palju muud m\u00f5nusat, mis toob r\u00f5\u00f5mu nii saajale kui kinkijale. Iga detail loeb ja kvaliteet on au sees, sest see on viis \u00f6elda &#8220;ait\u00e4h&#8221;, &#8220;palju \u00f5nne&#8221;, &#8220;ma m\u00f5tlen su peale&#8221; v\u00f5i lihtsalt &#8220;teeme elu natuke maitsvamaks.&#8221;<\/p>\n<p style=\"text-align: center;\"><span style=\"font-family: var( --e-global-typography-text-font-family ), Sans-serif; letter-spacing: 0em;\">Astu julgelt sisse, vali midagi erilist ja las Pontsik hoolitseb \u00fclej\u00e4\u00e4nu eest!<\/span><\/p>\n<p style=\"text-align: center;\"><em><span style=\"color: #f76b6a;\">-Inspektor Pontsik-<\/span><\/em><\/p>\n\n            <div class=\"vc_btn3-container vc_btn3-inline\" ><a class=\"vc_general vc_btn3 vc_btn3-size-md vc_btn3-shape-rounded vc_btn3-style-modern vc_btn3-color-green\" href=\"https:\/\/pontsik.com\/en\/pood\/\" title=\"POOD\">POOD<\/a><\/div>\n        <\/div>\n      <\/div>\n    <\/div>\n  <\/div>\n<\/div>\n\t<div class=\"wpb_text_column wpb_content_element  vc_custom_1626777950264\" >\n\t\t<div class=\"wpb_wrapper\">\n\t\t\t<p style=\"text-align: center;\"><span style=\"color: #808080;\"><em>Tule ja maiusta!<\/em><\/span><\/p>\n\n\t\t<\/div>\n\t<\/div>\n<\/div><\/div><\/div><\/div><div data-vc-full-width=\"true\" data-vc-full-width-init=\"false\" class=\"vc_row wpb_row vc_row-fluid vc_custom_1626778030417 vc_row-has-fill\"><div class=\"wpb_column vc_column_container vc_col-sm-12\"><div class=\"vc_column-inner\"><div class=\"wpb_wrapper\"><div class=\"vc_custom_1626778053792 insight-title tm-animation move-up style-type-1 style-default\" id=\"insight-title-6a05c2d9932e2\">\n\t<div class=\"insight-title--title\">Vaata ja loe ka<\/div>\n\t\t\t<div class=\"insight-title--subtitle\">\n\t\t\t\t\t\tInspektor Pontsiku blogi\t\t\t\t\t\t\t\t<\/div>\n\t\t\t\t<div class=\"insight-separator\">\n\t\t\t<div\n\t\t\t\tclass=\"separator vc_separator wpb_content_element vc_separator_align_center vc_sep_pos_align_center vc_separator-has-text\">\n\t\t\t\t<span class=\"vc_sep_holder vc_sep_holder_l\"><span class=\"vc_sep_line\"><\/span><\/span>\n\t\t\t\t<div class=\"separator--icon vc_icon_element vc_icon_element-outer\">\n\t\t\t\t\t<i class=\"organik-flower\"><\/i>\n\t\t\t\t<\/div>\n\t\t\t\t<span class=\"vc_sep_holder vc_sep_holder_r\"><span class=\"vc_sep_line\"><\/span><\/span>\n\t\t\t<\/div>\n\t\t<\/div>\n\t<\/div>\n<div class=\"grid_has_padding insight-blog row tm-animation move-up\">\n\t\t\t\t\t\t\t\t\t                <div id=\"post-6383\" class=\"col-md-4 blog-grid-style post-6383 post type-post status-publish format-standard has-post-thumbnail hentry category-inspektor-pontsik category-momster-catering category-studio tag-kokkamine tag-studio tag-tootoad\">\n\t\t\t\t\t                        <div class=\"post-thumbnail\">\n                            <a href=\"https:\/\/pontsik.com\/en\/momster-catering\/studio\/studio\/\">\n\t\t\t\t\t\t\t\t<img fetchpriority=\"high\" decoding=\"async\" width=\"333\" height=\"250\" src=\"https:\/\/pontsik.com\/wp-content\/uploads\/2026\/05\/ChatGPT-Image-May-13-2026-at-03_52_55-PM.png\" class=\"attachment-370x250 size-370x250\" alt=\"\" srcset=\"https:\/\/pontsik.com\/wp-content\/uploads\/2026\/05\/ChatGPT-Image-May-13-2026-at-03_52_55-PM.png 1448w, https:\/\/pontsik.com\/wp-content\/uploads\/2026\/05\/ChatGPT-Image-May-13-2026-at-03_52_55-PM-300x225.png 300w, https:\/\/pontsik.com\/wp-content\/uploads\/2026\/05\/ChatGPT-Image-May-13-2026-at-03_52_55-PM-1024x768.png 1024w, https:\/\/pontsik.com\/wp-content\/uploads\/2026\/05\/ChatGPT-Image-May-13-2026-at-03_52_55-PM-768x576.png 768w, https:\/\/pontsik.com\/wp-content\/uploads\/2026\/05\/ChatGPT-Image-May-13-2026-at-03_52_55-PM-600x450.png 600w\" sizes=\"(max-width: 333px) 100vw, 333px\" \/>                            <\/a>\n                        <\/div>\n\t\t\t\t\t                    <div class=\"desc-content insight-item-content-6a05c2d993bba\">\n                        <div class=\"entry-meta\">\n\t\t\t\t\t\t\t<span class=\"posted-on\"><i class=\"ion-calendar\"><\/i> <time class=\"entry-date published\" datetime=\"2026-05-13T16:53:46+03:00\">13. May 2026<\/time><time class=\"updated\" datetime=\"2026-05-13T19:13:16+03:00\">13. May 2026<\/time><\/span><span class=\"comment\"><i class=\"ion-chatbubble-working\"><\/i> 0<\/span>                        <\/div>\n                        <a href=\"https:\/\/pontsik.com\/en\/momster-catering\/studio\/studio\/\"><h1 class=\"entry-title\">Momster Studio<\/h1><\/a>\n                        <div class=\"entry-content\">\n\t\t\t\t\t\t\tSAADA P\u00c4RING                        <\/div>\n                        <div class=\"entry-more\">\n\t\t\t\t\t\t\t<a href=\"https:\/\/pontsik.com\/en\/momster-catering\/studio\/studio\/\">Read more<\/a>                        <\/div>\n                    <\/div>\n                <\/div><!-- #post-## -->\n\t\t\t                <div id=\"post-6148\" class=\"col-md-4 blog-grid-style post-6148 post type-post status-publish format-standard has-post-thumbnail hentry category-kupsetamine category-soolased-toidud tag-focaccia tag-kupsetised\">\n\t\t\t\t\t                        <div class=\"post-thumbnail\">\n                            <a href=\"https:\/\/pontsik.com\/en\/soolased-toidud\/focaccia-charcuterie\/\">\n\t\t\t\t\t\t\t\t<img decoding=\"async\" width=\"333\" height=\"250\" src=\"https:\/\/pontsik.com\/wp-content\/uploads\/2025\/01\/IMG_5272-scaled.jpg\" class=\"attachment-370x250 size-370x250\" alt=\"\" srcset=\"https:\/\/pontsik.com\/wp-content\/uploads\/2025\/01\/IMG_5272-scaled.jpg 2560w, https:\/\/pontsik.com\/wp-content\/uploads\/2025\/01\/IMG_5272-300x225.jpg 300w, https:\/\/pontsik.com\/wp-content\/uploads\/2025\/01\/IMG_5272-1024x768.jpg 1024w, https:\/\/pontsik.com\/wp-content\/uploads\/2025\/01\/IMG_5272-768x576.jpg 768w, https:\/\/pontsik.com\/wp-content\/uploads\/2025\/01\/IMG_5272-1536x1152.jpg 1536w, https:\/\/pontsik.com\/wp-content\/uploads\/2025\/01\/IMG_5272-2048x1536.jpg 2048w, https:\/\/pontsik.com\/wp-content\/uploads\/2025\/01\/IMG_5272-600x450.jpg 600w\" sizes=\"(max-width: 333px) 100vw, 333px\" \/>                            <\/a>\n                        <\/div>\n\t\t\t\t\t                    <div class=\"desc-content insight-item-content-6a05c2d993bba\">\n                        <div class=\"entry-meta\">\n\t\t\t\t\t\t\t<span class=\"posted-on\"><i class=\"ion-calendar\"><\/i> <time class=\"entry-date published\" datetime=\"2025-01-23T20:31:42+02:00\">23. Jan 2025<\/time><time class=\"updated\" datetime=\"2026-03-28T19:35:58+02:00\">28. Mar 2026<\/time><\/span><span class=\"comment\"><i class=\"ion-chatbubble-working\"><\/i> 0<\/span>                        <\/div>\n                        <a href=\"https:\/\/pontsik.com\/en\/soolased-toidud\/focaccia-charcuterie\/\"><h1 class=\"entry-title\">Focaccia Charcuterie &#8211; kui Itaalia ja Prantsuse k\u00f6\u00f6k kohtuvad \u00fchel ahjuplaadil<\/h1><\/a>\n                        <div class=\"entry-content\">\n\t\t\t\t\t\t\tKas vastab \u00fche t\u00e4iusliku suupistelaua kirjeldusele, kui soe, kr\u00f5beda koorikuga focaccia kohtub suussulavate juustude ja delikaatse charcuterie&#8217;ga? Hea meelega jagan oma imetabast uut lemmikut &#8211;&hellip;                        <\/div>\n                        <div class=\"entry-more\">\n\t\t\t\t\t\t\t<a href=\"https:\/\/pontsik.com\/en\/soolased-toidud\/focaccia-charcuterie\/\">Read more<\/a>                        <\/div>\n                    <\/div>\n                <\/div><!-- #post-## -->\n\t\t\t\t\t\t\t\t<\/div>\n<\/div><\/div><\/div><\/div><div class=\"vc_row-full-width vc_clearfix\"><\/div><div class=\"vc_row wpb_row vc_row-fluid\"><div class=\"wpb_column vc_column_container vc_col-sm-12\"><div class=\"vc_column-inner\"><div class=\"wpb_wrapper\"><div class=\"vc_custom_1626952018262 insight-title tm-animation move-up style-type-1 style-default\" id=\"insight-title-6a05c2d995097\">\n\t<div class=\"insight-title--title\">Meie kliendid<\/div>\n\t\t\t<div class=\"insight-title--subtitle\">\n\t\t\t\t\t\t\t\t\t\t\t\t\t\t<\/div>\n\t\t\t\t<div class=\"insight-separator\">\n\t\t\t<div\n\t\t\t\tclass=\"separator vc_separator wpb_content_element vc_separator_align_center vc_sep_pos_align_center vc_separator-has-text\">\n\t\t\t\t<span class=\"vc_sep_holder vc_sep_holder_l\"><span class=\"vc_sep_line\"><\/span><\/span>\n\t\t\t\t<div class=\"separator--icon vc_icon_element vc_icon_element-outer\">\n\t\t\t\t\t<i class=\"organik-flower\"><\/i>\n\t\t\t\t<\/div>\n\t\t\t\t<span class=\"vc_sep_holder vc_sep_holder_r\"><span class=\"vc_sep_line\"><\/span><\/span>\n\t\t\t<\/div>\n\t\t<\/div>\n\t<\/div>\n<\/div><\/div><\/div><\/div><div class=\"vc_row wpb_row vc_row-fluid\"><div class=\"wpb_column vc_column_container vc_col-sm-6\"><div class=\"vc_column-inner\"><div class=\"wpb_wrapper\"><div class=\"insight-testimonials tm-animation move-up style9 list\" id=\"insight-testimonials-6a05c2d995233\">\n\t\t\t<div class=\"item\">\n\t\t\t\t\t\t<div class=\"inner\" style=\"background-color: #eeeeee\">\n\t\t\t\t\t\t\t\t<div class=\"text\">\n\t\t\t\t\t\t\t\t\t\t\t<div class=\"heading\">V\u00e4ga meeldis!<\/div>\n\t\t\t\t\t\t\t\t\t\tK\u00fclalised said k\u00f5hud punni ja ahhetasid, kui ilusad ja isu\u00e4ratavad toidud v\u00e4lja n\u00e4evad. K\u00f5ik maitses ka superh\u00e4sti, kiideti taevani \ud83d\ude0d Suurep\u00e4rane t\u00f6\u00f6! J\u00e4tkake samas vaimus!\t\t\t\t<\/div>\n\t\t\t\t<div class=\"info\">\n\t\t\t\t\t\t\t\t\t\t\t<div class=\"photo\"><img decoding=\"async\" width=\"250\" height=\"251\" src=\"https:\/\/pontsik.com\/wp-content\/uploads\/2012\/06\/momster250.png\" class=\"attachment-full size-full\" alt=\"\" srcset=\"https:\/\/pontsik.com\/wp-content\/uploads\/2012\/06\/momster250.png 250w, https:\/\/pontsik.com\/wp-content\/uploads\/2012\/06\/momster250-100x100.png 100w, https:\/\/pontsik.com\/wp-content\/uploads\/2012\/06\/momster250-150x150.png 150w, https:\/\/pontsik.com\/wp-content\/uploads\/2012\/06\/momster250-80x80.png 80w, https:\/\/pontsik.com\/wp-content\/uploads\/2012\/06\/momster250-96x96.png 96w\" sizes=\"(max-width: 250px) 100vw, 250px\" \/><\/div>\n\t\t\t\t\t\t\t\t\t\t<div class=\"author\">\n\t\t\t\t\t\t<span class=\"name\">Juuli 2021<\/span>\n\t\t\t\t\t\t<span class=\"tagline\">Momster<\/span>\n\t\t\t\t\t<\/div>\n\t\t\t\t<\/div>\n\t\t\t\t\t\t\t<\/div>\n\t\t\n\t\t<\/div>\n\t<\/div>\n<\/div><\/div><\/div><div class=\"wpb_column vc_column_container vc_col-sm-6\"><div class=\"vc_column-inner\"><div class=\"wpb_wrapper\"><div class=\"insight-testimonials tm-animation move-up style9 list\" id=\"insight-testimonials-6a05c2d99551c\">\n\t\t\t<div class=\"item\">\n\t\t\t\t\t\t<div class=\"inner\" style=\"background-color: #eeeeee\">\n\t\t\t\t\t\t\t\t<div class=\"text\">\n\t\t\t\t\t\t\t\t\t\t\t<div class=\"heading\">Super toit ja teenindus!<\/div>\n\t\t\t\t\t\t\t\t\t\tImemaitsvad koogid ja \u00e4\u00e4retult meeldiv teenindus! J\u00e4rgmise korrani!\t\t\t\t<\/div>\n\t\t\t\t<div class=\"info\">\n\t\t\t\t\t\t\t\t\t\t\t<div class=\"photo\"><img decoding=\"async\" width=\"250\" height=\"251\" src=\"https:\/\/pontsik.com\/wp-content\/uploads\/2012\/06\/momster250.png\" class=\"attachment-full size-full\" alt=\"\" srcset=\"https:\/\/pontsik.com\/wp-content\/uploads\/2012\/06\/momster250.png 250w, https:\/\/pontsik.com\/wp-content\/uploads\/2012\/06\/momster250-100x100.png 100w, https:\/\/pontsik.com\/wp-content\/uploads\/2012\/06\/momster250-150x150.png 150w, https:\/\/pontsik.com\/wp-content\/uploads\/2012\/06\/momster250-80x80.png 80w, https:\/\/pontsik.com\/wp-content\/uploads\/2012\/06\/momster250-96x96.png 96w\" sizes=\"(max-width: 250px) 100vw, 250px\" \/><\/div>\n\t\t\t\t\t\t\t\t\t\t<div class=\"author\">\n\t\t\t\t\t\t<span class=\"name\">August 2021<\/span>\n\t\t\t\t\t\t<span class=\"tagline\">Momster<\/span>\n\t\t\t\t\t<\/div>\n\t\t\t\t<\/div>\n\t\t\t\t\t\t\t<\/div>\n\t\t\n\t\t<\/div>\n\t<\/div>\n<\/div><\/div><\/div><\/div><div class=\"vc_row wpb_row vc_row-fluid\"><div class=\"wpb_column vc_column_container vc_col-sm-12\"><div class=\"vc_column-inner\"><div class=\"wpb_wrapper\"><div class=\"vc_empty_space\"   style=\"height: 25px\"><span class=\"vc_empty_space_inner\"><\/span><\/div><\/div><\/div><\/div><\/div>\t\t\t\t\t\t\t\t<\/div>\n\t\t\t\t<\/div>\n\t\t\t\t\t<\/div>\n\t\t<\/div>\n\t\t\t\t\t<\/div>\n\t\t<\/section>\n\t\t\t\t<\/div>\n\t\t<\/section>","protected":false},"excerpt":{"rendered":"Kas vastab \u00fche t\u00e4iusliku suupistelaua kirjeldusele, kui soe, kr\u00f5beda koorikuga focaccia kohtub suussulavate juustude ja delikaatse charcuterie'ga? Hea meelega jagan oma imetabast uut lemmikut - focaccia charcuterie'd, mis \u00fchendab endas nauditavaid palasid siit (Itaaliast), sealt (Prantsusmaalt) ja kolmandast kohast (Inspektor Pontsiku e-poest). Leiutise eest ma au ja uhkust enda peale kahjuks v\u00f5tta ei saa. Uus...","protected":false},"author":1,"featured_media":0,"parent":0,"menu_order":0,"comment_status":"closed","ping_status":"closed","template":"","meta":{"footnotes":""},"class_list":["post-338","page","type-page","status-publish","hentry"],"yoast_head":"<!-- This site is optimized with the Yoast SEO plugin v27.2 - https:\/\/yoast.com\/product\/yoast-seo-wordpress\/ -->\n<title>Avaleht - Momster Catering<\/title>\n<meta name=\"robots\" content=\"index, follow, max-snippet:-1, max-image-preview:large, max-video-preview:-1\" \/>\n<link rel=\"canonical\" href=\"https:\/\/pontsik.com\/en\/\" \/>\n<meta property=\"og:locale\" content=\"en_US\" \/>\n<meta property=\"og:type\" content=\"article\" \/>\n<meta property=\"og:title\" content=\"Avaleht - Momster Catering\" \/>\n<meta property=\"og:url\" content=\"https:\/\/pontsik.com\/en\/\" \/>\n<meta property=\"og:site_name\" content=\"Momster Catering\" \/>\n<meta property=\"article:publisher\" content=\"https:\/\/www.facebook.com\/momstercatering\/\" \/>\n<meta property=\"article:modified_time\" content=\"2026-03-28T17:36:15+00:00\" \/>\n<meta property=\"og:image\" content=\"https:\/\/pontsik.com\/wp-content\/uploads\/2024\/02\/momster200.png\" \/>\n\t<meta property=\"og:image:width\" content=\"200\" \/>\n\t<meta property=\"og:image:height\" content=\"201\" \/>\n\t<meta property=\"og:image:type\" content=\"image\/png\" \/>\n<meta name=\"twitter:card\" content=\"summary_large_image\" \/>\n<meta name=\"twitter:label1\" content=\"Est. reading time\" \/>\n\t<meta name=\"twitter:data1\" content=\"2 minutes\" \/>\n<script type=\"application\/ld+json\" class=\"yoast-schema-graph\">{\"@context\":\"https:\/\/schema.org\",\"@graph\":[{\"@type\":\"WebPage\",\"@id\":\"https:\/\/pontsik.com\/\",\"url\":\"https:\/\/pontsik.com\/\",\"name\":\"Avaleht - Momster Catering\",\"isPartOf\":{\"@id\":\"https:\/\/pontsik.com\/#website\"},\"datePublished\":\"2016-08-19T07:41:09+00:00\",\"dateModified\":\"2026-03-28T17:36:15+00:00\",\"breadcrumb\":{\"@id\":\"https:\/\/pontsik.com\/#breadcrumb\"},\"inLanguage\":\"en-US\",\"potentialAction\":[{\"@type\":\"ReadAction\",\"target\":[\"https:\/\/pontsik.com\/\"]}]},{\"@type\":\"BreadcrumbList\",\"@id\":\"https:\/\/pontsik.com\/#breadcrumb\",\"itemListElement\":[{\"@type\":\"ListItem\",\"position\":1,\"name\":\"Avaleht\",\"item\":\"https:\/\/pontsik.com\/\"},{\"@type\":\"ListItem\",\"position\":2,\"name\":\"Avaleht\"}]},{\"@type\":\"WebSite\",\"@id\":\"https:\/\/pontsik.com\/#website\",\"url\":\"https:\/\/pontsik.com\/\",\"name\":\"Momster Catering\",\"description\":\"Suurep\u00e4rane maitseelamus!\",\"publisher\":{\"@id\":\"https:\/\/pontsik.com\/#organization\"},\"potentialAction\":[{\"@type\":\"SearchAction\",\"target\":{\"@type\":\"EntryPoint\",\"urlTemplate\":\"https:\/\/pontsik.com\/?s={search_term_string}\"},\"query-input\":{\"@type\":\"PropertyValueSpecification\",\"valueRequired\":true,\"valueName\":\"search_term_string\"}}],\"inLanguage\":\"en-US\"},{\"@type\":\"Organization\",\"@id\":\"https:\/\/pontsik.com\/#organization\",\"name\":\"Momster Catering\",\"url\":\"https:\/\/pontsik.com\/\",\"logo\":{\"@type\":\"ImageObject\",\"inLanguage\":\"en-US\",\"@id\":\"https:\/\/pontsik.com\/#\/schema\/logo\/image\/\",\"url\":\"https:\/\/pontsik.com\/wp-content\/uploads\/2012\/06\/momster150.png\",\"contentUrl\":\"https:\/\/pontsik.com\/wp-content\/uploads\/2012\/06\/momster150.png\",\"width\":150,\"height\":151,\"caption\":\"Momster Catering\"},\"image\":{\"@id\":\"https:\/\/pontsik.com\/#\/schema\/logo\/image\/\"},\"sameAs\":[\"https:\/\/www.facebook.com\/momstercatering\/\",\"https:\/\/www.instagram.com\/momster_catering\/?hl=en\"]}]}<\/script>\n<!-- \/ Yoast SEO plugin. -->","yoast_head_json":{"title":"Avaleht - Momster Catering","robots":{"index":"index","follow":"follow","max-snippet":"max-snippet:-1","max-image-preview":"max-image-preview:large","max-video-preview":"max-video-preview:-1"},"canonical":"https:\/\/pontsik.com\/en\/","og_locale":"en_US","og_type":"article","og_title":"Avaleht - Momster Catering","og_url":"https:\/\/pontsik.com\/en\/","og_site_name":"Momster Catering","article_publisher":"https:\/\/www.facebook.com\/momstercatering\/","article_modified_time":"2026-03-28T17:36:15+00:00","og_image":[{"width":200,"height":201,"url":"https:\/\/pontsik.com\/wp-content\/uploads\/2024\/02\/momster200.png","type":"image\/png"}],"twitter_card":"summary_large_image","twitter_misc":{"Est. reading time":"2 minutes"},"schema":{"@context":"https:\/\/schema.org","@graph":[{"@type":"WebPage","@id":"https:\/\/pontsik.com\/","url":"https:\/\/pontsik.com\/","name":"Avaleht - Momster Catering","isPartOf":{"@id":"https:\/\/pontsik.com\/#website"},"datePublished":"2016-08-19T07:41:09+00:00","dateModified":"2026-03-28T17:36:15+00:00","breadcrumb":{"@id":"https:\/\/pontsik.com\/#breadcrumb"},"inLanguage":"en-US","potentialAction":[{"@type":"ReadAction","target":["https:\/\/pontsik.com\/"]}]},{"@type":"BreadcrumbList","@id":"https:\/\/pontsik.com\/#breadcrumb","itemListElement":[{"@type":"ListItem","position":1,"name":"Avaleht","item":"https:\/\/pontsik.com\/"},{"@type":"ListItem","position":2,"name":"Avaleht"}]},{"@type":"WebSite","@id":"https:\/\/pontsik.com\/#website","url":"https:\/\/pontsik.com\/","name":"Momster Catering","description":"Suurep\u00e4rane maitseelamus!","publisher":{"@id":"https:\/\/pontsik.com\/#organization"},"potentialAction":[{"@type":"SearchAction","target":{"@type":"EntryPoint","urlTemplate":"https:\/\/pontsik.com\/?s={search_term_string}"},"query-input":{"@type":"PropertyValueSpecification","valueRequired":true,"valueName":"search_term_string"}}],"inLanguage":"en-US"},{"@type":"Organization","@id":"https:\/\/pontsik.com\/#organization","name":"Momster Catering","url":"https:\/\/pontsik.com\/","logo":{"@type":"ImageObject","inLanguage":"en-US","@id":"https:\/\/pontsik.com\/#\/schema\/logo\/image\/","url":"https:\/\/pontsik.com\/wp-content\/uploads\/2012\/06\/momster150.png","contentUrl":"https:\/\/pontsik.com\/wp-content\/uploads\/2012\/06\/momster150.png","width":150,"height":151,"caption":"Momster Catering"},"image":{"@id":"https:\/\/pontsik.com\/#\/schema\/logo\/image\/"},"sameAs":["https:\/\/www.facebook.com\/momstercatering\/","https:\/\/www.instagram.com\/momster_catering\/?hl=en"]}]}},"_links":{"self":[{"href":"https:\/\/pontsik.com\/en\/wp-json\/wp\/v2\/pages\/338","targetHints":{"allow":["GET"]}}],"collection":[{"href":"https:\/\/pontsik.com\/en\/wp-json\/wp\/v2\/pages"}],"about":[{"href":"https:\/\/pontsik.com\/en\/wp-json\/wp\/v2\/types\/page"}],"author":[{"embeddable":true,"href":"https:\/\/pontsik.com\/en\/wp-json\/wp\/v2\/users\/1"}],"replies":[{"embeddable":true,"href":"https:\/\/pontsik.com\/en\/wp-json\/wp\/v2\/comments?post=338"}],"version-history":[{"count":156,"href":"https:\/\/pontsik.com\/en\/wp-json\/wp\/v2\/pages\/338\/revisions"}],"predecessor-version":[{"id":6193,"href":"https:\/\/pontsik.com\/en\/wp-json\/wp\/v2\/pages\/338\/revisions\/6193"}],"wp:attachment":[{"href":"https:\/\/pontsik.com\/en\/wp-json\/wp\/v2\/media?parent=338"}],"curies":[{"name":"wp","href":"https:\/\/api.w.org\/{rel}","templated":true}]}}