{"id":3697,"date":"2021-12-02T10:02:21","date_gmt":"2021-12-02T10:02:21","guid":{"rendered":"https:\/\/pontsik.com\/?page_id=3697"},"modified":"2026-03-28T19:36:15","modified_gmt":"2026-03-28T17:36:15","slug":"elementor-3697","status":"publish","type":"page","link":"https:\/\/pontsik.com\/en\/elementor-3697\/","title":{"rendered":"Rikkalik Snakivaagen"},"content":{"rendered":"<div data-elementor-type=\"wp-page\" data-elementor-id=\"3697\" class=\"elementor elementor-3697\">\n\t\t\t\t\t\t<section class=\"elementor-section elementor-top-section elementor-element elementor-element-445489f elementor-section-boxed elementor-section-height-default elementor-section-height-default\" data-id=\"445489f\" data-element_type=\"section\" data-e-type=\"section\">\n\t\t\t\t\t\t<div class=\"elementor-container elementor-column-gap-default\">\n\t\t\t\t\t<div class=\"elementor-column elementor-col-50 elementor-top-column elementor-element elementor-element-345f9fd\" data-id=\"345f9fd\" data-element_type=\"column\" data-e-type=\"column\">\n\t\t\t<div class=\"elementor-widget-wrap elementor-element-populated\">\n\t\t\t\t\t\t<div class=\"elementor-element elementor-element-1c4cf56 elementor-widget elementor-widget-image\" data-id=\"1c4cf56\" data-element_type=\"widget\" data-e-type=\"widget\" data-widget_type=\"image.default\">\n\t\t\t\t<div class=\"elementor-widget-container\">\n\t\t\t\t\t\t\t\t\t\t\t\t\t\t\t<img fetchpriority=\"high\" decoding=\"async\" width=\"640\" height=\"960\" src=\"https:\/\/pontsik.com\/wp-content\/uploads\/2021\/11\/Rikkalik-snakivaagen.jpeg\" class=\"attachment-medium_large size-medium_large wp-image-3504\" alt=\"\" srcset=\"https:\/\/pontsik.com\/wp-content\/uploads\/2021\/11\/Rikkalik-snakivaagen.jpeg 750w, https:\/\/pontsik.com\/wp-content\/uploads\/2021\/11\/Rikkalik-snakivaagen-600x900.jpeg 600w, https:\/\/pontsik.com\/wp-content\/uploads\/2021\/11\/Rikkalik-snakivaagen-200x300.jpeg 200w, https:\/\/pontsik.com\/wp-content\/uploads\/2021\/11\/Rikkalik-snakivaagen-683x1024.jpeg 683w\" sizes=\"(max-width: 640px) 100vw, 640px\" \/>\t\t\t\t\t\t\t\t\t\t\t\t\t\t\t<\/div>\n\t\t\t\t<\/div>\n\t\t\t\t\t<\/div>\n\t\t<\/div>\n\t\t\t\t<div class=\"elementor-column elementor-col-50 elementor-top-column elementor-element elementor-element-9a11ffd\" data-id=\"9a11ffd\" data-element_type=\"column\" data-e-type=\"column\">\n\t\t\t<div class=\"elementor-widget-wrap elementor-element-populated\">\n\t\t\t\t\t\t<div class=\"elementor-element elementor-element-e517e2c elementor-widget elementor-widget-heading\" data-id=\"e517e2c\" data-element_type=\"widget\" data-e-type=\"widget\" data-widget_type=\"heading.default\">\n\t\t\t\t<div class=\"elementor-widget-container\">\n\t\t\t\t\t<h2 class=\"elementor-heading-title elementor-size-default\">Rikkalik sn\u00e4kivaagen<\/h2>\t\t\t\t<\/div>\n\t\t\t\t<\/div>\n\t\t\t\t<div class=\"elementor-element elementor-element-1d9273c elementor-widget elementor-widget-text-editor\" data-id=\"1d9273c\" data-element_type=\"widget\" data-e-type=\"widget\" data-widget_type=\"text-editor.default\">\n\t\t\t\t<div class=\"elementor-widget-container\">\n\t\t\t\t\t\t\t\t\t<p>Rikkalik sn\u00e4kivaagen on suurematele seltsondadele m\u00f5eldud kombo k\u00f5igist meie teistest vaagnatest.&nbsp;<span style=\"color: var( --e-global-color-text ); font-family: var( --e-global-typography-text-font-family ), Sans-serif; letter-spacing: 0em;\">Sealt leiab &nbsp;eriti kvaliteetseid ja h\u00e4id juustusid, gurmee-lihasid, k\u00e4sit\u00f6\u00f6hummust ja dipitavaid sn\u00e4kke, kreekereid-grissineid, marju jpm &#8211; kokkuv\u00f5ttes, kellele mida.<\/span><\/p>\n<p>\u00dchtaegu pilkup\u00fc\u00fcdev ja umami &#8211; t\u00e4ielik pidulaudade primadonna!<\/p>\n<p>RIKKALIK SN\u00c4KIVAAGEN &#8211; 34 EUR\/KG (min 3kg)<\/p>\n<p><\/p>\t\t\t\t\t\t\t\t<\/div>\n\t\t\t\t<\/div>\n\t\t\t\t\t<\/div>\n\t\t<\/div>\n\t\t\t\t\t<\/div>\n\t\t<\/section>\n\t\t\t\t<\/div>","protected":false},"excerpt":{"rendered":"<p>Rikkalik sn\u00e4kivaagen Rikkalik sn\u00e4kivaagen on suurematele seltsondadele m\u00f5eldud kombo k\u00f5igist meie teistest vaagnatest.&nbsp;Sealt leiab &nbsp;eriti kvaliteetseid ja h\u00e4id juustusid, gurmee-lihasid, k\u00e4sit\u00f6\u00f6hummust ja dipitavaid sn\u00e4kke, kreekereid-grissineid, marju jpm &#8211; kokkuv\u00f5ttes, kellele mida. \u00dchtaegu pilkup\u00fc\u00fcdev ja umami &#8211; t\u00e4ielik pidulaudade primadonna! RIKKALIK SN\u00c4KIVAAGEN &#8211; 34 EUR\/KG (min 3kg)<\/p>","protected":false},"author":2,"featured_media":0,"parent":0,"menu_order":0,"comment_status":"closed","ping_status":"closed","template":"","meta":{"footnotes":""},"class_list":["post-3697","page","type-page","status-publish","hentry"],"yoast_head":"<!-- This site is optimized with the Yoast SEO plugin v27.2 - https:\/\/yoast.com\/product\/yoast-seo-wordpress\/ -->\n<title>Rikkalik Snakivaagen - Momster Catering<\/title>\n<meta name=\"robots\" content=\"index, follow, max-snippet:-1, max-image-preview:large, max-video-preview:-1\" \/>\n<link rel=\"canonical\" href=\"https:\/\/pontsik.com\/en\/elementor-3697\/\" \/>\n<meta property=\"og:locale\" content=\"en_US\" \/>\n<meta property=\"og:type\" content=\"article\" \/>\n<meta property=\"og:title\" content=\"Rikkalik Snakivaagen - Momster Catering\" \/>\n<meta property=\"og:description\" content=\"Rikkalik sn\u00e4kivaagen Rikkalik sn\u00e4kivaagen on suurematele seltsondadele m\u00f5eldud kombo k\u00f5igist meie teistest vaagnatest.&nbsp;Sealt leiab &nbsp;eriti kvaliteetseid ja h\u00e4id juustusid, gurmee-lihasid, k\u00e4sit\u00f6\u00f6hummust ja dipitavaid sn\u00e4kke, kreekereid-grissineid, marju jpm &#8211; kokkuv\u00f5ttes, kellele mida. \u00dchtaegu pilkup\u00fc\u00fcdev ja umami &#8211; t\u00e4ielik pidulaudade primadonna! RIKKALIK SN\u00c4KIVAAGEN &#8211; 34 EUR\/KG (min 3kg)\" \/>\n<meta property=\"og:url\" content=\"https:\/\/pontsik.com\/en\/elementor-3697\/\" \/>\n<meta property=\"og:site_name\" content=\"Momster Catering\" \/>\n<meta property=\"article:publisher\" content=\"https:\/\/www.facebook.com\/momstercatering\/\" \/>\n<meta property=\"article:modified_time\" content=\"2026-03-28T17:36:15+00:00\" \/>\n<meta property=\"og:image\" content=\"https:\/\/pontsik.com\/wp-content\/uploads\/2021\/11\/Rikkalik-snakivaagen.jpeg\" \/>\n<meta name=\"twitter:card\" content=\"summary_large_image\" \/>\n<meta name=\"twitter:label1\" content=\"Est. reading time\" \/>\n\t<meta name=\"twitter:data1\" content=\"1 minute\" \/>\n<script type=\"application\/ld+json\" class=\"yoast-schema-graph\">{\"@context\":\"https:\/\/schema.org\",\"@graph\":[{\"@type\":\"WebPage\",\"@id\":\"https:\/\/pontsik.com\/elementor-3697\/\",\"url\":\"https:\/\/pontsik.com\/elementor-3697\/\",\"name\":\"Rikkalik Snakivaagen - Momster Catering\",\"isPartOf\":{\"@id\":\"https:\/\/pontsik.com\/#website\"},\"primaryImageOfPage\":{\"@id\":\"https:\/\/pontsik.com\/elementor-3697\/#primaryimage\"},\"image\":{\"@id\":\"https:\/\/pontsik.com\/elementor-3697\/#primaryimage\"},\"thumbnailUrl\":\"https:\/\/pontsik.com\/wp-content\/uploads\/2021\/11\/Rikkalik-snakivaagen.jpeg\",\"datePublished\":\"2021-12-02T10:02:21+00:00\",\"dateModified\":\"2026-03-28T17:36:15+00:00\",\"breadcrumb\":{\"@id\":\"https:\/\/pontsik.com\/elementor-3697\/#breadcrumb\"},\"inLanguage\":\"en-US\",\"potentialAction\":[{\"@type\":\"ReadAction\",\"target\":[\"https:\/\/pontsik.com\/elementor-3697\/\"]}]},{\"@type\":\"ImageObject\",\"inLanguage\":\"en-US\",\"@id\":\"https:\/\/pontsik.com\/elementor-3697\/#primaryimage\",\"url\":\"https:\/\/pontsik.com\/wp-content\/uploads\/2021\/11\/Rikkalik-snakivaagen.jpeg\",\"contentUrl\":\"https:\/\/pontsik.com\/wp-content\/uploads\/2021\/11\/Rikkalik-snakivaagen.jpeg\"},{\"@type\":\"BreadcrumbList\",\"@id\":\"https:\/\/pontsik.com\/elementor-3697\/#breadcrumb\",\"itemListElement\":[{\"@type\":\"ListItem\",\"position\":1,\"name\":\"Avaleht\",\"item\":\"https:\/\/pontsik.com\/\"},{\"@type\":\"ListItem\",\"position\":2,\"name\":\"Rikkalik Snakivaagen\"}]},{\"@type\":\"WebSite\",\"@id\":\"https:\/\/pontsik.com\/#website\",\"url\":\"https:\/\/pontsik.com\/\",\"name\":\"Momster Catering\",\"description\":\"Suurep\u00e4rane maitseelamus!\",\"publisher\":{\"@id\":\"https:\/\/pontsik.com\/#organization\"},\"potentialAction\":[{\"@type\":\"SearchAction\",\"target\":{\"@type\":\"EntryPoint\",\"urlTemplate\":\"https:\/\/pontsik.com\/?s={search_term_string}\"},\"query-input\":{\"@type\":\"PropertyValueSpecification\",\"valueRequired\":true,\"valueName\":\"search_term_string\"}}],\"inLanguage\":\"en-US\"},{\"@type\":\"Organization\",\"@id\":\"https:\/\/pontsik.com\/#organization\",\"name\":\"Momster Catering\",\"url\":\"https:\/\/pontsik.com\/\",\"logo\":{\"@type\":\"ImageObject\",\"inLanguage\":\"en-US\",\"@id\":\"https:\/\/pontsik.com\/#\/schema\/logo\/image\/\",\"url\":\"https:\/\/pontsik.com\/wp-content\/uploads\/2012\/06\/momster150.png\",\"contentUrl\":\"https:\/\/pontsik.com\/wp-content\/uploads\/2012\/06\/momster150.png\",\"width\":150,\"height\":151,\"caption\":\"Momster Catering\"},\"image\":{\"@id\":\"https:\/\/pontsik.com\/#\/schema\/logo\/image\/\"},\"sameAs\":[\"https:\/\/www.facebook.com\/momstercatering\/\",\"https:\/\/www.instagram.com\/momster_catering\/?hl=en\"]}]}<\/script>\n<!-- \/ Yoast SEO plugin. -->","yoast_head_json":{"title":"Rikkalik Snakivaagen - Momster Catering","robots":{"index":"index","follow":"follow","max-snippet":"max-snippet:-1","max-image-preview":"max-image-preview:large","max-video-preview":"max-video-preview:-1"},"canonical":"https:\/\/pontsik.com\/en\/elementor-3697\/","og_locale":"en_US","og_type":"article","og_title":"Rikkalik Snakivaagen - Momster Catering","og_description":"Rikkalik sn\u00e4kivaagen Rikkalik sn\u00e4kivaagen on suurematele seltsondadele m\u00f5eldud kombo k\u00f5igist meie teistest vaagnatest.&nbsp;Sealt leiab &nbsp;eriti kvaliteetseid ja h\u00e4id juustusid, gurmee-lihasid, k\u00e4sit\u00f6\u00f6hummust ja dipitavaid sn\u00e4kke, kreekereid-grissineid, marju jpm &#8211; kokkuv\u00f5ttes, kellele mida. \u00dchtaegu pilkup\u00fc\u00fcdev ja umami &#8211; t\u00e4ielik pidulaudade primadonna! RIKKALIK SN\u00c4KIVAAGEN &#8211; 34 EUR\/KG (min 3kg)","og_url":"https:\/\/pontsik.com\/en\/elementor-3697\/","og_site_name":"Momster Catering","article_publisher":"https:\/\/www.facebook.com\/momstercatering\/","article_modified_time":"2026-03-28T17:36:15+00:00","og_image":[{"url":"https:\/\/pontsik.com\/wp-content\/uploads\/2021\/11\/Rikkalik-snakivaagen.jpeg","type":"","width":"","height":""}],"twitter_card":"summary_large_image","twitter_misc":{"Est. reading time":"1 minute"},"schema":{"@context":"https:\/\/schema.org","@graph":[{"@type":"WebPage","@id":"https:\/\/pontsik.com\/elementor-3697\/","url":"https:\/\/pontsik.com\/elementor-3697\/","name":"Rikkalik Snakivaagen - Momster Catering","isPartOf":{"@id":"https:\/\/pontsik.com\/#website"},"primaryImageOfPage":{"@id":"https:\/\/pontsik.com\/elementor-3697\/#primaryimage"},"image":{"@id":"https:\/\/pontsik.com\/elementor-3697\/#primaryimage"},"thumbnailUrl":"https:\/\/pontsik.com\/wp-content\/uploads\/2021\/11\/Rikkalik-snakivaagen.jpeg","datePublished":"2021-12-02T10:02:21+00:00","dateModified":"2026-03-28T17:36:15+00:00","breadcrumb":{"@id":"https:\/\/pontsik.com\/elementor-3697\/#breadcrumb"},"inLanguage":"en-US","potentialAction":[{"@type":"ReadAction","target":["https:\/\/pontsik.com\/elementor-3697\/"]}]},{"@type":"ImageObject","inLanguage":"en-US","@id":"https:\/\/pontsik.com\/elementor-3697\/#primaryimage","url":"https:\/\/pontsik.com\/wp-content\/uploads\/2021\/11\/Rikkalik-snakivaagen.jpeg","contentUrl":"https:\/\/pontsik.com\/wp-content\/uploads\/2021\/11\/Rikkalik-snakivaagen.jpeg"},{"@type":"BreadcrumbList","@id":"https:\/\/pontsik.com\/elementor-3697\/#breadcrumb","itemListElement":[{"@type":"ListItem","position":1,"name":"Avaleht","item":"https:\/\/pontsik.com\/"},{"@type":"ListItem","position":2,"name":"Rikkalik Snakivaagen"}]},{"@type":"WebSite","@id":"https:\/\/pontsik.com\/#website","url":"https:\/\/pontsik.com\/","name":"Momster Catering","description":"Suurep\u00e4rane maitseelamus!","publisher":{"@id":"https:\/\/pontsik.com\/#organization"},"potentialAction":[{"@type":"SearchAction","target":{"@type":"EntryPoint","urlTemplate":"https:\/\/pontsik.com\/?s={search_term_string}"},"query-input":{"@type":"PropertyValueSpecification","valueRequired":true,"valueName":"search_term_string"}}],"inLanguage":"en-US"},{"@type":"Organization","@id":"https:\/\/pontsik.com\/#organization","name":"Momster Catering","url":"https:\/\/pontsik.com\/","logo":{"@type":"ImageObject","inLanguage":"en-US","@id":"https:\/\/pontsik.com\/#\/schema\/logo\/image\/","url":"https:\/\/pontsik.com\/wp-content\/uploads\/2012\/06\/momster150.png","contentUrl":"https:\/\/pontsik.com\/wp-content\/uploads\/2012\/06\/momster150.png","width":150,"height":151,"caption":"Momster Catering"},"image":{"@id":"https:\/\/pontsik.com\/#\/schema\/logo\/image\/"},"sameAs":["https:\/\/www.facebook.com\/momstercatering\/","https:\/\/www.instagram.com\/momster_catering\/?hl=en"]}]}},"_links":{"self":[{"href":"https:\/\/pontsik.com\/en\/wp-json\/wp\/v2\/pages\/3697","targetHints":{"allow":["GET"]}}],"collection":[{"href":"https:\/\/pontsik.com\/en\/wp-json\/wp\/v2\/pages"}],"about":[{"href":"https:\/\/pontsik.com\/en\/wp-json\/wp\/v2\/types\/page"}],"author":[{"embeddable":true,"href":"https:\/\/pontsik.com\/en\/wp-json\/wp\/v2\/users\/2"}],"replies":[{"embeddable":true,"href":"https:\/\/pontsik.com\/en\/wp-json\/wp\/v2\/comments?post=3697"}],"version-history":[{"count":41,"href":"https:\/\/pontsik.com\/en\/wp-json\/wp\/v2\/pages\/3697\/revisions"}],"predecessor-version":[{"id":6014,"href":"https:\/\/pontsik.com\/en\/wp-json\/wp\/v2\/pages\/3697\/revisions\/6014"}],"wp:attachment":[{"href":"https:\/\/pontsik.com\/en\/wp-json\/wp\/v2\/media?parent=3697"}],"curies":[{"name":"wp","href":"https:\/\/api.w.org\/{rel}","templated":true}]}}