{"id":3711,"date":"2021-12-02T10:06:19","date_gmt":"2021-12-02T10:06:19","guid":{"rendered":"https:\/\/pontsik.com\/?page_id=3711"},"modified":"2026-03-28T19:36:15","modified_gmt":"2026-03-28T17:36:15","slug":"vaagen-veinisopradele","status":"publish","type":"page","link":"https:\/\/pontsik.com\/en\/vaagen-veinisopradele\/","title":{"rendered":"Vegan vaagen"},"content":{"rendered":"<div data-elementor-type=\"wp-page\" data-elementor-id=\"3711\" class=\"elementor elementor-3711\">\n\t\t\t\t\t\t<section class=\"elementor-section elementor-top-section elementor-element elementor-element-445489f elementor-section-boxed elementor-section-height-default elementor-section-height-default\" data-id=\"445489f\" data-element_type=\"section\" data-e-type=\"section\">\n\t\t\t\t\t\t<div class=\"elementor-container elementor-column-gap-default\">\n\t\t\t\t\t<div class=\"elementor-column elementor-col-50 elementor-top-column elementor-element elementor-element-345f9fd\" data-id=\"345f9fd\" data-element_type=\"column\" data-e-type=\"column\">\n\t\t\t<div class=\"elementor-widget-wrap elementor-element-populated\">\n\t\t\t\t\t\t<div class=\"elementor-element elementor-element-1c4cf56 elementor-widget elementor-widget-image\" data-id=\"1c4cf56\" data-element_type=\"widget\" data-e-type=\"widget\" data-widget_type=\"image.default\">\n\t\t\t\t<div class=\"elementor-widget-container\">\n\t\t\t\t\t\t\t\t\t\t\t\t\t\t\t<img fetchpriority=\"high\" decoding=\"async\" width=\"640\" height=\"480\" src=\"https:\/\/pontsik.com\/wp-content\/uploads\/2024\/12\/IMG_9645-768x576.jpeg\" class=\"attachment-medium_large size-medium_large wp-image-6019\" alt=\"\" srcset=\"https:\/\/pontsik.com\/wp-content\/uploads\/2024\/12\/IMG_9645-768x576.jpeg 768w, https:\/\/pontsik.com\/wp-content\/uploads\/2024\/12\/IMG_9645-300x225.jpeg 300w, https:\/\/pontsik.com\/wp-content\/uploads\/2024\/12\/IMG_9645-1024x768.jpeg 1024w, https:\/\/pontsik.com\/wp-content\/uploads\/2024\/12\/IMG_9645-1536x1152.jpeg 1536w, https:\/\/pontsik.com\/wp-content\/uploads\/2024\/12\/IMG_9645-2048x1536.jpeg 2048w, https:\/\/pontsik.com\/wp-content\/uploads\/2024\/12\/IMG_9645-600x450.jpeg 600w\" sizes=\"(max-width: 640px) 100vw, 640px\" \/>\t\t\t\t\t\t\t\t\t\t\t\t\t\t\t<\/div>\n\t\t\t\t<\/div>\n\t\t\t\t\t<\/div>\n\t\t<\/div>\n\t\t\t\t<div class=\"elementor-column elementor-col-50 elementor-top-column elementor-element elementor-element-9a11ffd\" data-id=\"9a11ffd\" data-element_type=\"column\" data-e-type=\"column\">\n\t\t\t<div class=\"elementor-widget-wrap elementor-element-populated\">\n\t\t\t\t\t\t<div class=\"elementor-element elementor-element-e517e2c elementor-widget elementor-widget-heading\" data-id=\"e517e2c\" data-element_type=\"widget\" data-e-type=\"widget\" data-widget_type=\"heading.default\">\n\t\t\t\t<div class=\"elementor-widget-container\">\n\t\t\t\t\t<h2 class=\"elementor-heading-title elementor-size-default\">Vegan vaagen<\/h2>\t\t\t\t<\/div>\n\t\t\t\t<\/div>\n\t\t\t\t<div class=\"elementor-element elementor-element-1d9273c elementor-widget elementor-widget-text-editor\" data-id=\"1d9273c\" data-element_type=\"widget\" data-e-type=\"widget\" data-widget_type=\"text-editor.default\">\n\t\t\t\t<div class=\"elementor-widget-container\">\n\t\t\t\t\t\t\t\t\t<p><em>Ei pea teps mitte olema vegan, et see vaagen suu vett jooksma ajaks, v\u00e4rsked Vietnami <strong>suverullid<\/strong> hapuv\u00fcrtsise sojakastmega, <strong>peedi tartar<\/strong>, p\u00e4ikesekuivatatud tomati <strong>hummus<\/strong>, <strong>seenepasteet<\/strong> jm kr\u00f5mpsuvad ja v\u00e4hem kr\u00f5mpsuvad sn\u00e4kid, ja k\u00f5ik puhta vegan!<\/em><\/p><p><em>V\u00e4rvilised suupisted, k\u00f5ik puhta vegan &#8211; 69 \u20ac<\/em><\/p>\t\t\t\t\t\t\t\t<\/div>\n\t\t\t\t<\/div>\n\t\t\t\t\t<\/div>\n\t\t<\/div>\n\t\t\t\t\t<\/div>\n\t\t<\/section>\n\t\t\t\t<\/div>","protected":false},"excerpt":{"rendered":"<p>Vegan vaagen Ei pea teps mitte olema vegan, et see vaagen suu vett jooksma ajaks, v\u00e4rsked Vietnami suverullid hapuv\u00fcrtsise sojakastmega, peedi tartar, p\u00e4ikesekuivatatud tomati hummus, seenepasteet jm kr\u00f5mpsuvad ja v\u00e4hem kr\u00f5mpsuvad sn\u00e4kid, ja k\u00f5ik puhta vegan! V\u00e4rvilised suupisted, k\u00f5ik puhta vegan &#8211; 69 \u20ac<\/p>","protected":false},"author":2,"featured_media":0,"parent":0,"menu_order":0,"comment_status":"closed","ping_status":"closed","template":"","meta":{"footnotes":""},"class_list":["post-3711","page","type-page","status-publish","hentry"],"yoast_head":"<!-- This site is optimized with the Yoast SEO plugin v27.2 - https:\/\/yoast.com\/product\/yoast-seo-wordpress\/ -->\n<title>Vegan vaagen - Momster Catering<\/title>\n<meta name=\"robots\" content=\"index, follow, max-snippet:-1, max-image-preview:large, max-video-preview:-1\" \/>\n<link rel=\"canonical\" href=\"https:\/\/pontsik.com\/en\/vaagen-veinisopradele\/\" \/>\n<meta property=\"og:locale\" content=\"en_US\" \/>\n<meta property=\"og:type\" content=\"article\" \/>\n<meta property=\"og:title\" content=\"Vegan vaagen - Momster Catering\" \/>\n<meta property=\"og:description\" content=\"Vegan vaagen Ei pea teps mitte olema vegan, et see vaagen suu vett jooksma ajaks, v\u00e4rsked Vietnami suverullid hapuv\u00fcrtsise sojakastmega, peedi tartar, p\u00e4ikesekuivatatud tomati hummus, seenepasteet jm kr\u00f5mpsuvad ja v\u00e4hem kr\u00f5mpsuvad sn\u00e4kid, ja k\u00f5ik puhta vegan! V\u00e4rvilised suupisted, k\u00f5ik puhta vegan &#8211; 69 \u20ac\" \/>\n<meta property=\"og:url\" content=\"https:\/\/pontsik.com\/en\/vaagen-veinisopradele\/\" \/>\n<meta property=\"og:site_name\" content=\"Momster Catering\" \/>\n<meta property=\"article:publisher\" content=\"https:\/\/www.facebook.com\/momstercatering\/\" \/>\n<meta property=\"article:modified_time\" content=\"2026-03-28T17:36:15+00:00\" \/>\n<meta property=\"og:image\" content=\"https:\/\/pontsik.com\/wp-content\/uploads\/2024\/12\/IMG_9645-768x576.jpeg\" \/>\n<meta name=\"twitter:card\" content=\"summary_large_image\" \/>\n<meta name=\"twitter:label1\" content=\"Est. reading time\" \/>\n\t<meta name=\"twitter:data1\" content=\"1 minute\" \/>\n<script type=\"application\/ld+json\" class=\"yoast-schema-graph\">{\"@context\":\"https:\/\/schema.org\",\"@graph\":[{\"@type\":\"WebPage\",\"@id\":\"https:\/\/pontsik.com\/vaagen-veinisopradele\/\",\"url\":\"https:\/\/pontsik.com\/vaagen-veinisopradele\/\",\"name\":\"Vegan vaagen - Momster Catering\",\"isPartOf\":{\"@id\":\"https:\/\/pontsik.com\/#website\"},\"primaryImageOfPage\":{\"@id\":\"https:\/\/pontsik.com\/vaagen-veinisopradele\/#primaryimage\"},\"image\":{\"@id\":\"https:\/\/pontsik.com\/vaagen-veinisopradele\/#primaryimage\"},\"thumbnailUrl\":\"https:\/\/pontsik.com\/wp-content\/uploads\/2024\/12\/IMG_9645-768x576.jpeg\",\"datePublished\":\"2021-12-02T10:06:19+00:00\",\"dateModified\":\"2026-03-28T17:36:15+00:00\",\"breadcrumb\":{\"@id\":\"https:\/\/pontsik.com\/vaagen-veinisopradele\/#breadcrumb\"},\"inLanguage\":\"en-US\",\"potentialAction\":[{\"@type\":\"ReadAction\",\"target\":[\"https:\/\/pontsik.com\/vaagen-veinisopradele\/\"]}]},{\"@type\":\"ImageObject\",\"inLanguage\":\"en-US\",\"@id\":\"https:\/\/pontsik.com\/vaagen-veinisopradele\/#primaryimage\",\"url\":\"https:\/\/pontsik.com\/wp-content\/uploads\/2024\/12\/IMG_9645-768x576.jpeg\",\"contentUrl\":\"https:\/\/pontsik.com\/wp-content\/uploads\/2024\/12\/IMG_9645-768x576.jpeg\"},{\"@type\":\"BreadcrumbList\",\"@id\":\"https:\/\/pontsik.com\/vaagen-veinisopradele\/#breadcrumb\",\"itemListElement\":[{\"@type\":\"ListItem\",\"position\":1,\"name\":\"Avaleht\",\"item\":\"https:\/\/pontsik.com\/\"},{\"@type\":\"ListItem\",\"position\":2,\"name\":\"Vegan vaagen\"}]},{\"@type\":\"WebSite\",\"@id\":\"https:\/\/pontsik.com\/#website\",\"url\":\"https:\/\/pontsik.com\/\",\"name\":\"Momster Catering\",\"description\":\"Suurep\u00e4rane maitseelamus!\",\"publisher\":{\"@id\":\"https:\/\/pontsik.com\/#organization\"},\"potentialAction\":[{\"@type\":\"SearchAction\",\"target\":{\"@type\":\"EntryPoint\",\"urlTemplate\":\"https:\/\/pontsik.com\/?s={search_term_string}\"},\"query-input\":{\"@type\":\"PropertyValueSpecification\",\"valueRequired\":true,\"valueName\":\"search_term_string\"}}],\"inLanguage\":\"en-US\"},{\"@type\":\"Organization\",\"@id\":\"https:\/\/pontsik.com\/#organization\",\"name\":\"Momster Catering\",\"url\":\"https:\/\/pontsik.com\/\",\"logo\":{\"@type\":\"ImageObject\",\"inLanguage\":\"en-US\",\"@id\":\"https:\/\/pontsik.com\/#\/schema\/logo\/image\/\",\"url\":\"https:\/\/pontsik.com\/wp-content\/uploads\/2012\/06\/momster150.png\",\"contentUrl\":\"https:\/\/pontsik.com\/wp-content\/uploads\/2012\/06\/momster150.png\",\"width\":150,\"height\":151,\"caption\":\"Momster Catering\"},\"image\":{\"@id\":\"https:\/\/pontsik.com\/#\/schema\/logo\/image\/\"},\"sameAs\":[\"https:\/\/www.facebook.com\/momstercatering\/\",\"https:\/\/www.instagram.com\/momster_catering\/?hl=en\"]}]}<\/script>\n<!-- \/ Yoast SEO plugin. -->","yoast_head_json":{"title":"Vegan vaagen - Momster Catering","robots":{"index":"index","follow":"follow","max-snippet":"max-snippet:-1","max-image-preview":"max-image-preview:large","max-video-preview":"max-video-preview:-1"},"canonical":"https:\/\/pontsik.com\/en\/vaagen-veinisopradele\/","og_locale":"en_US","og_type":"article","og_title":"Vegan vaagen - Momster Catering","og_description":"Vegan vaagen Ei pea teps mitte olema vegan, et see vaagen suu vett jooksma ajaks, v\u00e4rsked Vietnami suverullid hapuv\u00fcrtsise sojakastmega, peedi tartar, p\u00e4ikesekuivatatud tomati hummus, seenepasteet jm kr\u00f5mpsuvad ja v\u00e4hem kr\u00f5mpsuvad sn\u00e4kid, ja k\u00f5ik puhta vegan! V\u00e4rvilised suupisted, k\u00f5ik puhta vegan &#8211; 69 \u20ac","og_url":"https:\/\/pontsik.com\/en\/vaagen-veinisopradele\/","og_site_name":"Momster Catering","article_publisher":"https:\/\/www.facebook.com\/momstercatering\/","article_modified_time":"2026-03-28T17:36:15+00:00","og_image":[{"url":"https:\/\/pontsik.com\/wp-content\/uploads\/2024\/12\/IMG_9645-768x576.jpeg","type":"","width":"","height":""}],"twitter_card":"summary_large_image","twitter_misc":{"Est. reading time":"1 minute"},"schema":{"@context":"https:\/\/schema.org","@graph":[{"@type":"WebPage","@id":"https:\/\/pontsik.com\/vaagen-veinisopradele\/","url":"https:\/\/pontsik.com\/vaagen-veinisopradele\/","name":"Vegan vaagen - Momster Catering","isPartOf":{"@id":"https:\/\/pontsik.com\/#website"},"primaryImageOfPage":{"@id":"https:\/\/pontsik.com\/vaagen-veinisopradele\/#primaryimage"},"image":{"@id":"https:\/\/pontsik.com\/vaagen-veinisopradele\/#primaryimage"},"thumbnailUrl":"https:\/\/pontsik.com\/wp-content\/uploads\/2024\/12\/IMG_9645-768x576.jpeg","datePublished":"2021-12-02T10:06:19+00:00","dateModified":"2026-03-28T17:36:15+00:00","breadcrumb":{"@id":"https:\/\/pontsik.com\/vaagen-veinisopradele\/#breadcrumb"},"inLanguage":"en-US","potentialAction":[{"@type":"ReadAction","target":["https:\/\/pontsik.com\/vaagen-veinisopradele\/"]}]},{"@type":"ImageObject","inLanguage":"en-US","@id":"https:\/\/pontsik.com\/vaagen-veinisopradele\/#primaryimage","url":"https:\/\/pontsik.com\/wp-content\/uploads\/2024\/12\/IMG_9645-768x576.jpeg","contentUrl":"https:\/\/pontsik.com\/wp-content\/uploads\/2024\/12\/IMG_9645-768x576.jpeg"},{"@type":"BreadcrumbList","@id":"https:\/\/pontsik.com\/vaagen-veinisopradele\/#breadcrumb","itemListElement":[{"@type":"ListItem","position":1,"name":"Avaleht","item":"https:\/\/pontsik.com\/"},{"@type":"ListItem","position":2,"name":"Vegan vaagen"}]},{"@type":"WebSite","@id":"https:\/\/pontsik.com\/#website","url":"https:\/\/pontsik.com\/","name":"Momster Catering","description":"Suurep\u00e4rane maitseelamus!","publisher":{"@id":"https:\/\/pontsik.com\/#organization"},"potentialAction":[{"@type":"SearchAction","target":{"@type":"EntryPoint","urlTemplate":"https:\/\/pontsik.com\/?s={search_term_string}"},"query-input":{"@type":"PropertyValueSpecification","valueRequired":true,"valueName":"search_term_string"}}],"inLanguage":"en-US"},{"@type":"Organization","@id":"https:\/\/pontsik.com\/#organization","name":"Momster Catering","url":"https:\/\/pontsik.com\/","logo":{"@type":"ImageObject","inLanguage":"en-US","@id":"https:\/\/pontsik.com\/#\/schema\/logo\/image\/","url":"https:\/\/pontsik.com\/wp-content\/uploads\/2012\/06\/momster150.png","contentUrl":"https:\/\/pontsik.com\/wp-content\/uploads\/2012\/06\/momster150.png","width":150,"height":151,"caption":"Momster Catering"},"image":{"@id":"https:\/\/pontsik.com\/#\/schema\/logo\/image\/"},"sameAs":["https:\/\/www.facebook.com\/momstercatering\/","https:\/\/www.instagram.com\/momster_catering\/?hl=en"]}]}},"_links":{"self":[{"href":"https:\/\/pontsik.com\/en\/wp-json\/wp\/v2\/pages\/3711","targetHints":{"allow":["GET"]}}],"collection":[{"href":"https:\/\/pontsik.com\/en\/wp-json\/wp\/v2\/pages"}],"about":[{"href":"https:\/\/pontsik.com\/en\/wp-json\/wp\/v2\/types\/page"}],"author":[{"embeddable":true,"href":"https:\/\/pontsik.com\/en\/wp-json\/wp\/v2\/users\/2"}],"replies":[{"embeddable":true,"href":"https:\/\/pontsik.com\/en\/wp-json\/wp\/v2\/comments?post=3711"}],"version-history":[{"count":42,"href":"https:\/\/pontsik.com\/en\/wp-json\/wp\/v2\/pages\/3711\/revisions"}],"predecessor-version":[{"id":6022,"href":"https:\/\/pontsik.com\/en\/wp-json\/wp\/v2\/pages\/3711\/revisions\/6022"}],"wp:attachment":[{"href":"https:\/\/pontsik.com\/en\/wp-json\/wp\/v2\/media?parent=3711"}],"curies":[{"name":"wp","href":"https:\/\/api.w.org\/{rel}","templated":true}]}}