{"id":3719,"date":"2021-12-02T10:09:21","date_gmt":"2021-12-02T10:09:21","guid":{"rendered":"https:\/\/pontsik.com\/?page_id=3719"},"modified":"2026-03-28T19:36:15","modified_gmt":"2026-03-28T17:36:15","slug":"gurmee-topsike","status":"publish","type":"page","link":"https:\/\/pontsik.com\/en\/gurmee-topsike\/","title":{"rendered":"V\u00e4ike vaagen"},"content":{"rendered":"<div data-elementor-type=\"wp-page\" data-elementor-id=\"3719\" class=\"elementor elementor-3719\">\n\t\t\t\t\t\t<section class=\"elementor-section elementor-top-section elementor-element elementor-element-445489f elementor-section-boxed elementor-section-height-default elementor-section-height-default\" data-id=\"445489f\" data-element_type=\"section\" data-e-type=\"section\">\n\t\t\t\t\t\t<div class=\"elementor-container elementor-column-gap-default\">\n\t\t\t\t\t<div class=\"elementor-column elementor-col-50 elementor-top-column elementor-element elementor-element-345f9fd\" data-id=\"345f9fd\" data-element_type=\"column\" data-e-type=\"column\">\n\t\t\t<div class=\"elementor-widget-wrap elementor-element-populated\">\n\t\t\t\t\t\t<div class=\"elementor-element elementor-element-1c4cf56 elementor-widget elementor-widget-image\" data-id=\"1c4cf56\" data-element_type=\"widget\" data-e-type=\"widget\" data-widget_type=\"image.default\">\n\t\t\t\t<div class=\"elementor-widget-container\">\n\t\t\t\t\t\t\t\t\t\t\t\t\t\t\t<img fetchpriority=\"high\" decoding=\"async\" width=\"640\" height=\"853\" src=\"https:\/\/pontsik.com\/wp-content\/uploads\/2024\/12\/IMG_0745-768x1024.jpg\" class=\"attachment-medium_large size-medium_large wp-image-6040\" alt=\"\" srcset=\"https:\/\/pontsik.com\/wp-content\/uploads\/2024\/12\/IMG_0745-768x1024.jpg 768w, https:\/\/pontsik.com\/wp-content\/uploads\/2024\/12\/IMG_0745-225x300.jpg 225w, https:\/\/pontsik.com\/wp-content\/uploads\/2024\/12\/IMG_0745-1152x1536.jpg 1152w, https:\/\/pontsik.com\/wp-content\/uploads\/2024\/12\/IMG_0745-1536x2048.jpg 1536w, https:\/\/pontsik.com\/wp-content\/uploads\/2024\/12\/IMG_0745-600x800.jpg 600w, https:\/\/pontsik.com\/wp-content\/uploads\/2024\/12\/IMG_0745-scaled.jpg 1920w\" sizes=\"(max-width: 640px) 100vw, 640px\" \/>\t\t\t\t\t\t\t\t\t\t\t\t\t\t\t<\/div>\n\t\t\t\t<\/div>\n\t\t\t\t\t<\/div>\n\t\t<\/div>\n\t\t\t\t<div class=\"elementor-column elementor-col-50 elementor-top-column elementor-element elementor-element-9a11ffd\" data-id=\"9a11ffd\" data-element_type=\"column\" data-e-type=\"column\">\n\t\t\t<div class=\"elementor-widget-wrap elementor-element-populated\">\n\t\t\t\t\t\t<div class=\"elementor-element elementor-element-e517e2c elementor-widget elementor-widget-heading\" data-id=\"e517e2c\" data-element_type=\"widget\" data-e-type=\"widget\" data-widget_type=\"heading.default\">\n\t\t\t\t<div class=\"elementor-widget-container\">\n\t\t\t\t\t<h2 class=\"elementor-heading-title elementor-size-default\">Gurmee Topsike \u00fchele<\/h2>\t\t\t\t<\/div>\n\t\t\t\t<\/div>\n\t\t\t\t<div class=\"elementor-element elementor-element-1d9273c elementor-widget elementor-widget-text-editor\" data-id=\"1d9273c\" data-element_type=\"widget\" data-e-type=\"widget\" data-widget_type=\"text-editor.default\">\n\t\t\t\t<div class=\"elementor-widget-container\">\n\t\t\t\t\t\t\t\t\t<p><i>Gurmeetopsik \u00fchele &#8211; amps, kaks v\u00f5i kolm k\u00f5igest, mida hind ihaldab. Ideaalne n\u00e4iteks piknikele, avatud uste p\u00e4evale, kohvipausiks v\u00f5i lihtsalt kiire klaasikese k\u00f5rvale.<\/i><\/p><p><i>Sisaldab soolast ja magusat, p\u00e4hklit, juustu, erinevat liha ja kr\u00f5mpsu ka!<\/i><\/p><p><i>Hind 7,50 \u20ac\/tk (min tellimus 10tk)<\/i><\/p>\t\t\t\t\t\t\t\t<\/div>\n\t\t\t\t<\/div>\n\t\t\t\t\t<\/div>\n\t\t<\/div>\n\t\t\t\t\t<\/div>\n\t\t<\/section>\n\t\t\t\t<\/div>","protected":false},"excerpt":{"rendered":"<p>Gurmee Topsike \u00fchele Gurmeetopsik \u00fchele &#8211; amps, kaks v\u00f5i kolm k\u00f5igest, mida hind ihaldab. Ideaalne n\u00e4iteks piknikele, avatud uste p\u00e4evale, kohvipausiks v\u00f5i lihtsalt kiire klaasikese k\u00f5rvale. Sisaldab soolast ja magusat, p\u00e4hklit, juustu, erinevat liha ja kr\u00f5mpsu ka! Hind 7,50 \u20ac\/tk (min tellimus 10tk)<\/p>","protected":false},"author":2,"featured_media":0,"parent":0,"menu_order":0,"comment_status":"closed","ping_status":"closed","template":"","meta":{"footnotes":""},"class_list":["post-3719","page","type-page","status-publish","hentry"],"yoast_head":"<!-- This site is optimized with the Yoast SEO plugin v27.2 - https:\/\/yoast.com\/product\/yoast-seo-wordpress\/ -->\n<title>V\u00e4ike vaagen - Momster Catering<\/title>\n<meta name=\"robots\" content=\"index, follow, max-snippet:-1, max-image-preview:large, max-video-preview:-1\" \/>\n<link rel=\"canonical\" href=\"https:\/\/pontsik.com\/en\/gurmee-topsike\/\" \/>\n<meta property=\"og:locale\" content=\"en_US\" \/>\n<meta property=\"og:type\" content=\"article\" \/>\n<meta property=\"og:title\" content=\"V\u00e4ike vaagen - Momster Catering\" \/>\n<meta property=\"og:description\" content=\"Gurmee Topsike \u00fchele Gurmeetopsik \u00fchele &#8211; amps, kaks v\u00f5i kolm k\u00f5igest, mida hind ihaldab. Ideaalne n\u00e4iteks piknikele, avatud uste p\u00e4evale, kohvipausiks v\u00f5i lihtsalt kiire klaasikese k\u00f5rvale. Sisaldab soolast ja magusat, p\u00e4hklit, juustu, erinevat liha ja kr\u00f5mpsu ka! Hind 7,50 \u20ac\/tk (min tellimus 10tk)\" \/>\n<meta property=\"og:url\" content=\"https:\/\/pontsik.com\/en\/gurmee-topsike\/\" \/>\n<meta property=\"og:site_name\" content=\"Momster Catering\" \/>\n<meta property=\"article:publisher\" content=\"https:\/\/www.facebook.com\/momstercatering\/\" \/>\n<meta property=\"article:modified_time\" content=\"2026-03-28T17:36:15+00:00\" \/>\n<meta property=\"og:image\" content=\"https:\/\/pontsik.com\/wp-content\/uploads\/2024\/12\/IMG_0745-768x1024.jpg\" \/>\n<meta name=\"twitter:card\" content=\"summary_large_image\" \/>\n<meta name=\"twitter:label1\" content=\"Est. reading time\" \/>\n\t<meta name=\"twitter:data1\" content=\"1 minute\" \/>\n<script type=\"application\/ld+json\" class=\"yoast-schema-graph\">{\"@context\":\"https:\/\/schema.org\",\"@graph\":[{\"@type\":\"WebPage\",\"@id\":\"https:\/\/pontsik.com\/gurmee-topsike\/\",\"url\":\"https:\/\/pontsik.com\/gurmee-topsike\/\",\"name\":\"V\u00e4ike vaagen - Momster Catering\",\"isPartOf\":{\"@id\":\"https:\/\/pontsik.com\/#website\"},\"primaryImageOfPage\":{\"@id\":\"https:\/\/pontsik.com\/gurmee-topsike\/#primaryimage\"},\"image\":{\"@id\":\"https:\/\/pontsik.com\/gurmee-topsike\/#primaryimage\"},\"thumbnailUrl\":\"https:\/\/pontsik.com\/wp-content\/uploads\/2024\/12\/IMG_0745-768x1024.jpg\",\"datePublished\":\"2021-12-02T10:09:21+00:00\",\"dateModified\":\"2026-03-28T17:36:15+00:00\",\"breadcrumb\":{\"@id\":\"https:\/\/pontsik.com\/gurmee-topsike\/#breadcrumb\"},\"inLanguage\":\"en-US\",\"potentialAction\":[{\"@type\":\"ReadAction\",\"target\":[\"https:\/\/pontsik.com\/gurmee-topsike\/\"]}]},{\"@type\":\"ImageObject\",\"inLanguage\":\"en-US\",\"@id\":\"https:\/\/pontsik.com\/gurmee-topsike\/#primaryimage\",\"url\":\"https:\/\/pontsik.com\/wp-content\/uploads\/2024\/12\/IMG_0745-768x1024.jpg\",\"contentUrl\":\"https:\/\/pontsik.com\/wp-content\/uploads\/2024\/12\/IMG_0745-768x1024.jpg\"},{\"@type\":\"BreadcrumbList\",\"@id\":\"https:\/\/pontsik.com\/gurmee-topsike\/#breadcrumb\",\"itemListElement\":[{\"@type\":\"ListItem\",\"position\":1,\"name\":\"Avaleht\",\"item\":\"https:\/\/pontsik.com\/\"},{\"@type\":\"ListItem\",\"position\":2,\"name\":\"V\u00e4ike vaagen\"}]},{\"@type\":\"WebSite\",\"@id\":\"https:\/\/pontsik.com\/#website\",\"url\":\"https:\/\/pontsik.com\/\",\"name\":\"Momster Catering\",\"description\":\"Suurep\u00e4rane maitseelamus!\",\"publisher\":{\"@id\":\"https:\/\/pontsik.com\/#organization\"},\"potentialAction\":[{\"@type\":\"SearchAction\",\"target\":{\"@type\":\"EntryPoint\",\"urlTemplate\":\"https:\/\/pontsik.com\/?s={search_term_string}\"},\"query-input\":{\"@type\":\"PropertyValueSpecification\",\"valueRequired\":true,\"valueName\":\"search_term_string\"}}],\"inLanguage\":\"en-US\"},{\"@type\":\"Organization\",\"@id\":\"https:\/\/pontsik.com\/#organization\",\"name\":\"Momster Catering\",\"url\":\"https:\/\/pontsik.com\/\",\"logo\":{\"@type\":\"ImageObject\",\"inLanguage\":\"en-US\",\"@id\":\"https:\/\/pontsik.com\/#\/schema\/logo\/image\/\",\"url\":\"https:\/\/pontsik.com\/wp-content\/uploads\/2012\/06\/momster150.png\",\"contentUrl\":\"https:\/\/pontsik.com\/wp-content\/uploads\/2012\/06\/momster150.png\",\"width\":150,\"height\":151,\"caption\":\"Momster Catering\"},\"image\":{\"@id\":\"https:\/\/pontsik.com\/#\/schema\/logo\/image\/\"},\"sameAs\":[\"https:\/\/www.facebook.com\/momstercatering\/\",\"https:\/\/www.instagram.com\/momster_catering\/?hl=en\"]}]}<\/script>\n<!-- \/ Yoast SEO plugin. -->","yoast_head_json":{"title":"V\u00e4ike vaagen - Momster Catering","robots":{"index":"index","follow":"follow","max-snippet":"max-snippet:-1","max-image-preview":"max-image-preview:large","max-video-preview":"max-video-preview:-1"},"canonical":"https:\/\/pontsik.com\/en\/gurmee-topsike\/","og_locale":"en_US","og_type":"article","og_title":"V\u00e4ike vaagen - Momster Catering","og_description":"Gurmee Topsike \u00fchele Gurmeetopsik \u00fchele &#8211; amps, kaks v\u00f5i kolm k\u00f5igest, mida hind ihaldab. Ideaalne n\u00e4iteks piknikele, avatud uste p\u00e4evale, kohvipausiks v\u00f5i lihtsalt kiire klaasikese k\u00f5rvale. Sisaldab soolast ja magusat, p\u00e4hklit, juustu, erinevat liha ja kr\u00f5mpsu ka! Hind 7,50 \u20ac\/tk (min tellimus 10tk)","og_url":"https:\/\/pontsik.com\/en\/gurmee-topsike\/","og_site_name":"Momster Catering","article_publisher":"https:\/\/www.facebook.com\/momstercatering\/","article_modified_time":"2026-03-28T17:36:15+00:00","og_image":[{"url":"https:\/\/pontsik.com\/wp-content\/uploads\/2024\/12\/IMG_0745-768x1024.jpg","type":"","width":"","height":""}],"twitter_card":"summary_large_image","twitter_misc":{"Est. reading time":"1 minute"},"schema":{"@context":"https:\/\/schema.org","@graph":[{"@type":"WebPage","@id":"https:\/\/pontsik.com\/gurmee-topsike\/","url":"https:\/\/pontsik.com\/gurmee-topsike\/","name":"V\u00e4ike vaagen - Momster Catering","isPartOf":{"@id":"https:\/\/pontsik.com\/#website"},"primaryImageOfPage":{"@id":"https:\/\/pontsik.com\/gurmee-topsike\/#primaryimage"},"image":{"@id":"https:\/\/pontsik.com\/gurmee-topsike\/#primaryimage"},"thumbnailUrl":"https:\/\/pontsik.com\/wp-content\/uploads\/2024\/12\/IMG_0745-768x1024.jpg","datePublished":"2021-12-02T10:09:21+00:00","dateModified":"2026-03-28T17:36:15+00:00","breadcrumb":{"@id":"https:\/\/pontsik.com\/gurmee-topsike\/#breadcrumb"},"inLanguage":"en-US","potentialAction":[{"@type":"ReadAction","target":["https:\/\/pontsik.com\/gurmee-topsike\/"]}]},{"@type":"ImageObject","inLanguage":"en-US","@id":"https:\/\/pontsik.com\/gurmee-topsike\/#primaryimage","url":"https:\/\/pontsik.com\/wp-content\/uploads\/2024\/12\/IMG_0745-768x1024.jpg","contentUrl":"https:\/\/pontsik.com\/wp-content\/uploads\/2024\/12\/IMG_0745-768x1024.jpg"},{"@type":"BreadcrumbList","@id":"https:\/\/pontsik.com\/gurmee-topsike\/#breadcrumb","itemListElement":[{"@type":"ListItem","position":1,"name":"Avaleht","item":"https:\/\/pontsik.com\/"},{"@type":"ListItem","position":2,"name":"V\u00e4ike vaagen"}]},{"@type":"WebSite","@id":"https:\/\/pontsik.com\/#website","url":"https:\/\/pontsik.com\/","name":"Momster Catering","description":"Suurep\u00e4rane maitseelamus!","publisher":{"@id":"https:\/\/pontsik.com\/#organization"},"potentialAction":[{"@type":"SearchAction","target":{"@type":"EntryPoint","urlTemplate":"https:\/\/pontsik.com\/?s={search_term_string}"},"query-input":{"@type":"PropertyValueSpecification","valueRequired":true,"valueName":"search_term_string"}}],"inLanguage":"en-US"},{"@type":"Organization","@id":"https:\/\/pontsik.com\/#organization","name":"Momster Catering","url":"https:\/\/pontsik.com\/","logo":{"@type":"ImageObject","inLanguage":"en-US","@id":"https:\/\/pontsik.com\/#\/schema\/logo\/image\/","url":"https:\/\/pontsik.com\/wp-content\/uploads\/2012\/06\/momster150.png","contentUrl":"https:\/\/pontsik.com\/wp-content\/uploads\/2012\/06\/momster150.png","width":150,"height":151,"caption":"Momster Catering"},"image":{"@id":"https:\/\/pontsik.com\/#\/schema\/logo\/image\/"},"sameAs":["https:\/\/www.facebook.com\/momstercatering\/","https:\/\/www.instagram.com\/momster_catering\/?hl=en"]}]}},"_links":{"self":[{"href":"https:\/\/pontsik.com\/en\/wp-json\/wp\/v2\/pages\/3719","targetHints":{"allow":["GET"]}}],"collection":[{"href":"https:\/\/pontsik.com\/en\/wp-json\/wp\/v2\/pages"}],"about":[{"href":"https:\/\/pontsik.com\/en\/wp-json\/wp\/v2\/types\/page"}],"author":[{"embeddable":true,"href":"https:\/\/pontsik.com\/en\/wp-json\/wp\/v2\/users\/2"}],"replies":[{"embeddable":true,"href":"https:\/\/pontsik.com\/en\/wp-json\/wp\/v2\/comments?post=3719"}],"version-history":[{"count":49,"href":"https:\/\/pontsik.com\/en\/wp-json\/wp\/v2\/pages\/3719\/revisions"}],"predecessor-version":[{"id":6043,"href":"https:\/\/pontsik.com\/en\/wp-json\/wp\/v2\/pages\/3719\/revisions\/6043"}],"wp:attachment":[{"href":"https:\/\/pontsik.com\/en\/wp-json\/wp\/v2\/media?parent=3719"}],"curies":[{"name":"wp","href":"https:\/\/api.w.org\/{rel}","templated":true}]}}