{"id":3738,"date":"2021-12-02T10:13:04","date_gmt":"2021-12-02T10:13:04","guid":{"rendered":"https:\/\/pontsik.com\/?page_id=3738"},"modified":"2026-03-28T19:36:15","modified_gmt":"2026-03-28T17:36:15","slug":"juustu-puuvilja-pahklivaagen","status":"publish","type":"page","link":"https:\/\/pontsik.com\/en\/juustu-puuvilja-pahklivaagen\/","title":{"rendered":"Juustu-puuvilja-p\u00e4hklivaagen"},"content":{"rendered":"<div data-elementor-type=\"wp-page\" data-elementor-id=\"3738\" class=\"elementor elementor-3738\">\n\t\t\t\t\t\t<section class=\"elementor-section elementor-top-section elementor-element elementor-element-445489f elementor-section-boxed elementor-section-height-default elementor-section-height-default\" data-id=\"445489f\" data-element_type=\"section\" data-e-type=\"section\">\n\t\t\t\t\t\t<div class=\"elementor-container elementor-column-gap-default\">\n\t\t\t\t\t<div class=\"elementor-column elementor-col-50 elementor-top-column elementor-element elementor-element-345f9fd\" data-id=\"345f9fd\" data-element_type=\"column\" data-e-type=\"column\">\n\t\t\t<div class=\"elementor-widget-wrap elementor-element-populated\">\n\t\t\t\t\t\t<div class=\"elementor-element elementor-element-1c4cf56 elementor-widget elementor-widget-image\" data-id=\"1c4cf56\" data-element_type=\"widget\" data-e-type=\"widget\" data-widget_type=\"image.default\">\n\t\t\t\t<div class=\"elementor-widget-container\">\n\t\t\t\t\t\t\t\t\t\t\t\t\t\t\t<img fetchpriority=\"high\" decoding=\"async\" width=\"640\" height=\"853\" src=\"https:\/\/pontsik.com\/wp-content\/uploads\/2025\/11\/CDF65B29-406D-42E5-AD1C-CCC1855626BE-768x1024.jpg\" class=\"attachment-medium_large size-medium_large wp-image-6269\" alt=\"\" srcset=\"https:\/\/pontsik.com\/wp-content\/uploads\/2025\/11\/CDF65B29-406D-42E5-AD1C-CCC1855626BE-768x1024.jpg 768w, https:\/\/pontsik.com\/wp-content\/uploads\/2025\/11\/CDF65B29-406D-42E5-AD1C-CCC1855626BE-225x300.jpg 225w, https:\/\/pontsik.com\/wp-content\/uploads\/2025\/11\/CDF65B29-406D-42E5-AD1C-CCC1855626BE-1152x1536.jpg 1152w, https:\/\/pontsik.com\/wp-content\/uploads\/2025\/11\/CDF65B29-406D-42E5-AD1C-CCC1855626BE-600x800.jpg 600w, https:\/\/pontsik.com\/wp-content\/uploads\/2025\/11\/CDF65B29-406D-42E5-AD1C-CCC1855626BE.jpg 1440w\" sizes=\"(max-width: 640px) 100vw, 640px\" \/>\t\t\t\t\t\t\t\t\t\t\t\t\t\t\t<\/div>\n\t\t\t\t<\/div>\n\t\t\t\t\t<\/div>\n\t\t<\/div>\n\t\t\t\t<div class=\"elementor-column elementor-col-50 elementor-top-column elementor-element elementor-element-9a11ffd\" data-id=\"9a11ffd\" data-element_type=\"column\" data-e-type=\"column\">\n\t\t\t<div class=\"elementor-widget-wrap elementor-element-populated\">\n\t\t\t\t\t\t<div class=\"elementor-element elementor-element-e517e2c elementor-widget elementor-widget-heading\" data-id=\"e517e2c\" data-element_type=\"widget\" data-e-type=\"widget\" data-widget_type=\"heading.default\">\n\t\t\t\t<div class=\"elementor-widget-container\">\n\t\t\t\t\t<h2 class=\"elementor-heading-title elementor-size-default\">Juustu-puuvilja-p\u00e4hklivaagen<\/h2>\t\t\t\t<\/div>\n\t\t\t\t<\/div>\n\t\t\t\t<div class=\"elementor-element elementor-element-1d9273c elementor-widget elementor-widget-text-editor\" data-id=\"1d9273c\" data-element_type=\"widget\" data-e-type=\"widget\" data-widget_type=\"text-editor.default\">\n\t\t\t\t<div class=\"elementor-widget-container\">\n\t\t\t\t\t\t\t\t\t<p><em>Kombo parimatest juustudest (5-6), mida saadavad erinevad lisandid ja Inspektor Pontsiku k\u00e4sit\u00f6\u00f6sn\u00e4kid: maitsestatud p\u00e4hklid, viinamarjad ja puuviljad, kreekerid, grissinid, juustusinep ja juustumoos ja magus amps.<\/em><\/p>\n<p><em>T\u00f5eline elamus neile, kes armastavad juustu ja oskavad nautida v\u00e4ikeseid r\u00f5\u00f5me.<\/em><\/p>\n<p><em>M\u00f5nus kogus jagamiseks 4-6le &#8211; 69\u20ac<\/em><\/p>\n<p><em>NB! Pilt on illustratiivne ja n\u00e4itab vaagna p\u00f5hiolemust! Tooraine ja vaagna v\u00e4ljan\u00e4gemine v\u00f5ivad m\u00f5neti erineda n\u00e4idispildist.<\/em><\/p>\t\t\t\t\t\t\t\t<\/div>\n\t\t\t\t<\/div>\n\t\t\t\t\t<\/div>\n\t\t<\/div>\n\t\t\t\t\t<\/div>\n\t\t<\/section>\n\t\t\t\t<\/div>","protected":false},"excerpt":{"rendered":"<p>Juustu-puuvilja-p\u00e4hklivaagen Kombo parimatest juustudest (5-6), mida saadavad erinevad lisandid ja Inspektor Pontsiku k\u00e4sit\u00f6\u00f6sn\u00e4kid: maitsestatud p\u00e4hklid, viinamarjad ja puuviljad, kreekerid, grissinid, juustusinep ja juustumoos ja magus amps. T\u00f5eline elamus neile, kes armastavad juustu ja oskavad nautida v\u00e4ikeseid r\u00f5\u00f5me. M\u00f5nus kogus jagamiseks 4-6le &#8211; 69\u20ac NB! Pilt on illustratiivne ja n\u00e4itab vaagna p\u00f5hiolemust! Tooraine ja vaagna v\u00e4ljan\u00e4gemine&#8230;<\/p>","protected":false},"author":2,"featured_media":0,"parent":0,"menu_order":0,"comment_status":"closed","ping_status":"closed","template":"","meta":{"footnotes":""},"class_list":["post-3738","page","type-page","status-publish","hentry"],"yoast_head":"<!-- This site is optimized with the Yoast SEO plugin v27.2 - https:\/\/yoast.com\/product\/yoast-seo-wordpress\/ -->\n<title>Juustu-puuvilja-p\u00e4hklivaagen - Momster Catering<\/title>\n<meta name=\"robots\" content=\"index, follow, max-snippet:-1, max-image-preview:large, max-video-preview:-1\" \/>\n<link rel=\"canonical\" href=\"https:\/\/pontsik.com\/en\/juustu-puuvilja-pahklivaagen\/\" \/>\n<meta property=\"og:locale\" content=\"en_US\" \/>\n<meta property=\"og:type\" content=\"article\" \/>\n<meta property=\"og:title\" content=\"Juustu-puuvilja-p\u00e4hklivaagen - Momster Catering\" \/>\n<meta property=\"og:description\" content=\"Juustu-puuvilja-p\u00e4hklivaagen Kombo parimatest juustudest (5-6), mida saadavad erinevad lisandid ja Inspektor Pontsiku k\u00e4sit\u00f6\u00f6sn\u00e4kid: maitsestatud p\u00e4hklid, viinamarjad ja puuviljad, kreekerid, grissinid, juustusinep ja juustumoos ja magus amps. T\u00f5eline elamus neile, kes armastavad juustu ja oskavad nautida v\u00e4ikeseid r\u00f5\u00f5me. M\u00f5nus kogus jagamiseks 4-6le &#8211; 69\u20ac NB! Pilt on illustratiivne ja n\u00e4itab vaagna p\u00f5hiolemust! Tooraine ja vaagna v\u00e4ljan\u00e4gemine...\" \/>\n<meta property=\"og:url\" content=\"https:\/\/pontsik.com\/en\/juustu-puuvilja-pahklivaagen\/\" \/>\n<meta property=\"og:site_name\" content=\"Momster Catering\" \/>\n<meta property=\"article:publisher\" content=\"https:\/\/www.facebook.com\/momstercatering\/\" \/>\n<meta property=\"article:modified_time\" content=\"2026-03-28T17:36:15+00:00\" \/>\n<meta property=\"og:image\" content=\"https:\/\/pontsik.com\/wp-content\/uploads\/2025\/11\/CDF65B29-406D-42E5-AD1C-CCC1855626BE-768x1024.jpg\" \/>\n<meta name=\"twitter:card\" content=\"summary_large_image\" \/>\n<meta name=\"twitter:label1\" content=\"Est. reading time\" \/>\n\t<meta name=\"twitter:data1\" content=\"1 minute\" \/>\n<script type=\"application\/ld+json\" class=\"yoast-schema-graph\">{\"@context\":\"https:\/\/schema.org\",\"@graph\":[{\"@type\":\"WebPage\",\"@id\":\"https:\/\/pontsik.com\/juustu-puuvilja-pahklivaagen\/\",\"url\":\"https:\/\/pontsik.com\/juustu-puuvilja-pahklivaagen\/\",\"name\":\"Juustu-puuvilja-p\u00e4hklivaagen - Momster Catering\",\"isPartOf\":{\"@id\":\"https:\/\/pontsik.com\/#website\"},\"primaryImageOfPage\":{\"@id\":\"https:\/\/pontsik.com\/juustu-puuvilja-pahklivaagen\/#primaryimage\"},\"image\":{\"@id\":\"https:\/\/pontsik.com\/juustu-puuvilja-pahklivaagen\/#primaryimage\"},\"thumbnailUrl\":\"https:\/\/pontsik.com\/wp-content\/uploads\/2025\/11\/CDF65B29-406D-42E5-AD1C-CCC1855626BE-768x1024.jpg\",\"datePublished\":\"2021-12-02T10:13:04+00:00\",\"dateModified\":\"2026-03-28T17:36:15+00:00\",\"breadcrumb\":{\"@id\":\"https:\/\/pontsik.com\/juustu-puuvilja-pahklivaagen\/#breadcrumb\"},\"inLanguage\":\"en-US\",\"potentialAction\":[{\"@type\":\"ReadAction\",\"target\":[\"https:\/\/pontsik.com\/juustu-puuvilja-pahklivaagen\/\"]}]},{\"@type\":\"ImageObject\",\"inLanguage\":\"en-US\",\"@id\":\"https:\/\/pontsik.com\/juustu-puuvilja-pahklivaagen\/#primaryimage\",\"url\":\"https:\/\/pontsik.com\/wp-content\/uploads\/2025\/11\/CDF65B29-406D-42E5-AD1C-CCC1855626BE-768x1024.jpg\",\"contentUrl\":\"https:\/\/pontsik.com\/wp-content\/uploads\/2025\/11\/CDF65B29-406D-42E5-AD1C-CCC1855626BE-768x1024.jpg\"},{\"@type\":\"BreadcrumbList\",\"@id\":\"https:\/\/pontsik.com\/juustu-puuvilja-pahklivaagen\/#breadcrumb\",\"itemListElement\":[{\"@type\":\"ListItem\",\"position\":1,\"name\":\"Avaleht\",\"item\":\"https:\/\/pontsik.com\/\"},{\"@type\":\"ListItem\",\"position\":2,\"name\":\"Juustu-puuvilja-p\u00e4hklivaagen\"}]},{\"@type\":\"WebSite\",\"@id\":\"https:\/\/pontsik.com\/#website\",\"url\":\"https:\/\/pontsik.com\/\",\"name\":\"Momster Catering\",\"description\":\"Suurep\u00e4rane maitseelamus!\",\"publisher\":{\"@id\":\"https:\/\/pontsik.com\/#organization\"},\"potentialAction\":[{\"@type\":\"SearchAction\",\"target\":{\"@type\":\"EntryPoint\",\"urlTemplate\":\"https:\/\/pontsik.com\/?s={search_term_string}\"},\"query-input\":{\"@type\":\"PropertyValueSpecification\",\"valueRequired\":true,\"valueName\":\"search_term_string\"}}],\"inLanguage\":\"en-US\"},{\"@type\":\"Organization\",\"@id\":\"https:\/\/pontsik.com\/#organization\",\"name\":\"Momster Catering\",\"url\":\"https:\/\/pontsik.com\/\",\"logo\":{\"@type\":\"ImageObject\",\"inLanguage\":\"en-US\",\"@id\":\"https:\/\/pontsik.com\/#\/schema\/logo\/image\/\",\"url\":\"https:\/\/pontsik.com\/wp-content\/uploads\/2012\/06\/momster150.png\",\"contentUrl\":\"https:\/\/pontsik.com\/wp-content\/uploads\/2012\/06\/momster150.png\",\"width\":150,\"height\":151,\"caption\":\"Momster Catering\"},\"image\":{\"@id\":\"https:\/\/pontsik.com\/#\/schema\/logo\/image\/\"},\"sameAs\":[\"https:\/\/www.facebook.com\/momstercatering\/\",\"https:\/\/www.instagram.com\/momster_catering\/?hl=en\"]}]}<\/script>\n<!-- \/ Yoast SEO plugin. -->","yoast_head_json":{"title":"Juustu-puuvilja-p\u00e4hklivaagen - Momster Catering","robots":{"index":"index","follow":"follow","max-snippet":"max-snippet:-1","max-image-preview":"max-image-preview:large","max-video-preview":"max-video-preview:-1"},"canonical":"https:\/\/pontsik.com\/en\/juustu-puuvilja-pahklivaagen\/","og_locale":"en_US","og_type":"article","og_title":"Juustu-puuvilja-p\u00e4hklivaagen - Momster Catering","og_description":"Juustu-puuvilja-p\u00e4hklivaagen Kombo parimatest juustudest (5-6), mida saadavad erinevad lisandid ja Inspektor Pontsiku k\u00e4sit\u00f6\u00f6sn\u00e4kid: maitsestatud p\u00e4hklid, viinamarjad ja puuviljad, kreekerid, grissinid, juustusinep ja juustumoos ja magus amps. T\u00f5eline elamus neile, kes armastavad juustu ja oskavad nautida v\u00e4ikeseid r\u00f5\u00f5me. M\u00f5nus kogus jagamiseks 4-6le &#8211; 69\u20ac NB! Pilt on illustratiivne ja n\u00e4itab vaagna p\u00f5hiolemust! Tooraine ja vaagna v\u00e4ljan\u00e4gemine...","og_url":"https:\/\/pontsik.com\/en\/juustu-puuvilja-pahklivaagen\/","og_site_name":"Momster Catering","article_publisher":"https:\/\/www.facebook.com\/momstercatering\/","article_modified_time":"2026-03-28T17:36:15+00:00","og_image":[{"url":"https:\/\/pontsik.com\/wp-content\/uploads\/2025\/11\/CDF65B29-406D-42E5-AD1C-CCC1855626BE-768x1024.jpg","type":"","width":"","height":""}],"twitter_card":"summary_large_image","twitter_misc":{"Est. reading time":"1 minute"},"schema":{"@context":"https:\/\/schema.org","@graph":[{"@type":"WebPage","@id":"https:\/\/pontsik.com\/juustu-puuvilja-pahklivaagen\/","url":"https:\/\/pontsik.com\/juustu-puuvilja-pahklivaagen\/","name":"Juustu-puuvilja-p\u00e4hklivaagen - Momster Catering","isPartOf":{"@id":"https:\/\/pontsik.com\/#website"},"primaryImageOfPage":{"@id":"https:\/\/pontsik.com\/juustu-puuvilja-pahklivaagen\/#primaryimage"},"image":{"@id":"https:\/\/pontsik.com\/juustu-puuvilja-pahklivaagen\/#primaryimage"},"thumbnailUrl":"https:\/\/pontsik.com\/wp-content\/uploads\/2025\/11\/CDF65B29-406D-42E5-AD1C-CCC1855626BE-768x1024.jpg","datePublished":"2021-12-02T10:13:04+00:00","dateModified":"2026-03-28T17:36:15+00:00","breadcrumb":{"@id":"https:\/\/pontsik.com\/juustu-puuvilja-pahklivaagen\/#breadcrumb"},"inLanguage":"en-US","potentialAction":[{"@type":"ReadAction","target":["https:\/\/pontsik.com\/juustu-puuvilja-pahklivaagen\/"]}]},{"@type":"ImageObject","inLanguage":"en-US","@id":"https:\/\/pontsik.com\/juustu-puuvilja-pahklivaagen\/#primaryimage","url":"https:\/\/pontsik.com\/wp-content\/uploads\/2025\/11\/CDF65B29-406D-42E5-AD1C-CCC1855626BE-768x1024.jpg","contentUrl":"https:\/\/pontsik.com\/wp-content\/uploads\/2025\/11\/CDF65B29-406D-42E5-AD1C-CCC1855626BE-768x1024.jpg"},{"@type":"BreadcrumbList","@id":"https:\/\/pontsik.com\/juustu-puuvilja-pahklivaagen\/#breadcrumb","itemListElement":[{"@type":"ListItem","position":1,"name":"Avaleht","item":"https:\/\/pontsik.com\/"},{"@type":"ListItem","position":2,"name":"Juustu-puuvilja-p\u00e4hklivaagen"}]},{"@type":"WebSite","@id":"https:\/\/pontsik.com\/#website","url":"https:\/\/pontsik.com\/","name":"Momster Catering","description":"Suurep\u00e4rane maitseelamus!","publisher":{"@id":"https:\/\/pontsik.com\/#organization"},"potentialAction":[{"@type":"SearchAction","target":{"@type":"EntryPoint","urlTemplate":"https:\/\/pontsik.com\/?s={search_term_string}"},"query-input":{"@type":"PropertyValueSpecification","valueRequired":true,"valueName":"search_term_string"}}],"inLanguage":"en-US"},{"@type":"Organization","@id":"https:\/\/pontsik.com\/#organization","name":"Momster Catering","url":"https:\/\/pontsik.com\/","logo":{"@type":"ImageObject","inLanguage":"en-US","@id":"https:\/\/pontsik.com\/#\/schema\/logo\/image\/","url":"https:\/\/pontsik.com\/wp-content\/uploads\/2012\/06\/momster150.png","contentUrl":"https:\/\/pontsik.com\/wp-content\/uploads\/2012\/06\/momster150.png","width":150,"height":151,"caption":"Momster Catering"},"image":{"@id":"https:\/\/pontsik.com\/#\/schema\/logo\/image\/"},"sameAs":["https:\/\/www.facebook.com\/momstercatering\/","https:\/\/www.instagram.com\/momster_catering\/?hl=en"]}]}},"_links":{"self":[{"href":"https:\/\/pontsik.com\/en\/wp-json\/wp\/v2\/pages\/3738","targetHints":{"allow":["GET"]}}],"collection":[{"href":"https:\/\/pontsik.com\/en\/wp-json\/wp\/v2\/pages"}],"about":[{"href":"https:\/\/pontsik.com\/en\/wp-json\/wp\/v2\/types\/page"}],"author":[{"embeddable":true,"href":"https:\/\/pontsik.com\/en\/wp-json\/wp\/v2\/users\/2"}],"replies":[{"embeddable":true,"href":"https:\/\/pontsik.com\/en\/wp-json\/wp\/v2\/comments?post=3738"}],"version-history":[{"count":34,"href":"https:\/\/pontsik.com\/en\/wp-json\/wp\/v2\/pages\/3738\/revisions"}],"predecessor-version":[{"id":6276,"href":"https:\/\/pontsik.com\/en\/wp-json\/wp\/v2\/pages\/3738\/revisions\/6276"}],"wp:attachment":[{"href":"https:\/\/pontsik.com\/en\/wp-json\/wp\/v2\/media?parent=3738"}],"curies":[{"name":"wp","href":"https:\/\/api.w.org\/{rel}","templated":true}]}}