{"id":3987,"date":"2022-02-03T08:51:45","date_gmt":"2022-02-03T08:51:45","guid":{"rendered":"https:\/\/pontsik.com\/?page_id=3987"},"modified":"2026-03-28T19:36:15","modified_gmt":"2026-03-28T17:36:15","slug":"salatid","status":"publish","type":"page","link":"https:\/\/pontsik.com\/en\/salatid\/","title":{"rendered":"Salatid"},"content":{"rendered":"<div data-elementor-type=\"wp-page\" data-elementor-id=\"3987\" class=\"elementor elementor-3987\">\n\t\t\t\t\t\t<section class=\"elementor-section elementor-top-section elementor-element elementor-element-349bd4f elementor-section-boxed elementor-section-height-default elementor-section-height-default\" data-id=\"349bd4f\" data-element_type=\"section\" data-e-type=\"section\">\n\t\t\t\t\t\t<div class=\"elementor-container elementor-column-gap-default\">\n\t\t\t\t\t<div class=\"elementor-column elementor-col-100 elementor-top-column elementor-element elementor-element-5201b36\" data-id=\"5201b36\" data-element_type=\"column\" data-e-type=\"column\">\n\t\t\t<div class=\"elementor-widget-wrap elementor-element-populated\">\n\t\t\t\t\t\t<div class=\"elementor-element elementor-element-ccf0bc8 elementor-widget elementor-widget-heading\" data-id=\"ccf0bc8\" data-element_type=\"widget\" data-e-type=\"widget\" data-widget_type=\"heading.default\">\n\t\t\t\t<div class=\"elementor-widget-container\">\n\t\t\t\t\t<h3 class=\"elementor-heading-title elementor-size-default\">Salatid<\/h3>\t\t\t\t<\/div>\n\t\t\t\t<\/div>\n\t\t\t\t<div class=\"elementor-element elementor-element-c61d0b6 elementor-widget-divider--view-line elementor-widget elementor-widget-divider\" data-id=\"c61d0b6\" data-element_type=\"widget\" data-e-type=\"widget\" data-widget_type=\"divider.default\">\n\t\t\t\t<div class=\"elementor-widget-container\">\n\t\t\t\t\t\t\t<div class=\"elementor-divider\">\n\t\t\t<span class=\"elementor-divider-separator\">\n\t\t\t\t\t\t<\/span>\n\t\t<\/div>\n\t\t\t\t\t\t<\/div>\n\t\t\t\t<\/div>\n\t\t\t\t\t<\/div>\n\t\t<\/div>\n\t\t\t\t\t<\/div>\n\t\t<\/section>\n\t\t\t\t<section class=\"elementor-section elementor-top-section elementor-element elementor-element-fa5e881 elementor-section-boxed elementor-section-height-default elementor-section-height-default\" data-id=\"fa5e881\" data-element_type=\"section\" data-e-type=\"section\">\n\t\t\t\t\t\t<div class=\"elementor-container elementor-column-gap-default\">\n\t\t\t\t\t<div class=\"elementor-column elementor-col-50 elementor-top-column elementor-element elementor-element-81677cd\" data-id=\"81677cd\" data-element_type=\"column\" data-e-type=\"column\" data-settings=\"{&quot;animation&quot;:&quot;none&quot;}\">\n\t\t\t<div class=\"elementor-widget-wrap elementor-element-populated\">\n\t\t\t\t\t\t<div class=\"elementor-element elementor-element-b8a02bc elementor-widget elementor-widget-heading\" data-id=\"b8a02bc\" data-element_type=\"widget\" data-e-type=\"widget\" data-widget_type=\"heading.default\">\n\t\t\t\t<div class=\"elementor-widget-container\">\n\t\t\t\t\t<h3 class=\"elementor-heading-title elementor-size-default\"><a href=\"https:\/\/pontsik.com\/en\/salatid\/\">Salatid<\/a><\/h3>\t\t\t\t<\/div>\n\t\t\t\t<\/div>\n\t\t\t\t<div class=\"elementor-element elementor-element-a2effb0 elementor-widget elementor-widget-heading\" data-id=\"a2effb0\" data-element_type=\"widget\" data-e-type=\"widget\" data-widget_type=\"heading.default\">\n\t\t\t\t<div class=\"elementor-widget-container\">\n\t\t\t\t\t<h4 class=\"elementor-heading-title elementor-size-default\"><a href=\"https:\/\/pontsik.com\/en\/soolaseks-lauale\/\">Soolaseks lauale<\/a><\/h4>\t\t\t\t<\/div>\n\t\t\t\t<\/div>\n\t\t\t\t<div class=\"elementor-element elementor-element-67193dc elementor-widget elementor-widget-heading\" data-id=\"67193dc\" data-element_type=\"widget\" data-e-type=\"widget\" data-widget_type=\"heading.default\">\n\t\t\t\t<div class=\"elementor-widget-container\">\n\t\t\t\t\t<h4 class=\"elementor-heading-title elementor-size-default\"><a href=\"https:\/\/pontsik.com\/en\/menuu-valmis-vaagnad-piltidega\/\">Valmis vaagnad<\/a><\/h4>\t\t\t\t<\/div>\n\t\t\t\t<\/div>\n\t\t\t\t<div class=\"elementor-element elementor-element-64c3a9f elementor-widget elementor-widget-heading\" data-id=\"64c3a9f\" data-element_type=\"widget\" data-e-type=\"widget\" data-widget_type=\"heading.default\">\n\t\t\t\t<div class=\"elementor-widget-container\">\n\t\t\t\t\t<h4 class=\"elementor-heading-title elementor-size-default\"><a href=\"https:\/\/pontsik.com\/en\/tordid-ja-kringlid\/\">Tordid ja rullid<\/a><\/h4>\t\t\t\t<\/div>\n\t\t\t\t<\/div>\n\t\t\t\t<div class=\"elementor-element elementor-element-5fdb0ad elementor-widget elementor-widget-heading\" data-id=\"5fdb0ad\" data-element_type=\"widget\" data-e-type=\"widget\" data-widget_type=\"heading.default\">\n\t\t\t\t<div class=\"elementor-widget-container\">\n\t\t\t\t\t<h4 class=\"elementor-heading-title elementor-size-default\"><a href=\"https:\/\/pontsik.com\/en\/menuu-pidulikud-maiused-piltidega\/\">Pidulikud maiused<\/a><\/h4>\t\t\t\t<\/div>\n\t\t\t\t<\/div>\n\t\t\t\t<div class=\"elementor-element elementor-element-7bc51fe elementor-widget elementor-widget-heading\" data-id=\"7bc51fe\" data-element_type=\"widget\" data-e-type=\"widget\" data-widget_type=\"heading.default\">\n\t\t\t\t<div class=\"elementor-widget-container\">\n\t\t\t\t\t<h4 class=\"elementor-heading-title elementor-size-default\"><a href=\"https:\/\/pontsik.com\/en\/lastemenuu\/\">Lastemen\u00fc\u00fc<\/a><\/h4>\t\t\t\t<\/div>\n\t\t\t\t<\/div>\n\t\t\t\t<div class=\"elementor-element elementor-element-9200682 elementor-widget elementor-widget-heading\" data-id=\"9200682\" data-element_type=\"widget\" data-e-type=\"widget\" data-widget_type=\"heading.default\">\n\t\t\t\t<div class=\"elementor-widget-container\">\n\t\t\t\t\t<h4 class=\"elementor-heading-title elementor-size-default\"><a href=\"https:\/\/pontsik.com\/en\/joogid\/\">Joogid<\/a><\/h4>\t\t\t\t<\/div>\n\t\t\t\t<\/div>\n\t\t\t\t<div class=\"elementor-element elementor-element-fe586d7 elementor-widget elementor-widget-heading\" data-id=\"fe586d7\" data-element_type=\"widget\" data-e-type=\"widget\" data-widget_type=\"heading.default\">\n\t\t\t\t<div class=\"elementor-widget-container\">\n\t\t\t\t\t<h4 class=\"elementor-heading-title elementor-size-default\"><a href=\"https:\/\/pontsik.com\/en\/lauanoud\/\">Lauan\u00f5ud<\/a><\/h4>\t\t\t\t<\/div>\n\t\t\t\t<\/div>\n\t\t\t\t\t<\/div>\n\t\t<\/div>\n\t\t\t\t<div class=\"elementor-column elementor-col-50 elementor-top-column elementor-element elementor-element-1e8ee11\" data-id=\"1e8ee11\" data-element_type=\"column\" data-e-type=\"column\">\n\t\t\t<div class=\"elementor-widget-wrap elementor-element-populated\">\n\t\t\t\t\t\t<div class=\"elementor-element elementor-element-6805ba5 elementor-widget elementor-widget-text-editor\" data-id=\"6805ba5\" data-element_type=\"widget\" data-e-type=\"widget\" data-settings=\"{&quot;_animation&quot;:&quot;none&quot;}\" data-widget_type=\"text-editor.default\">\n\t\t\t\t<div class=\"elementor-widget-container\">\n\t\t\t\t\t\t\t\t\t<p style=\"text-align: left;\"><strong><br \/><span style=\"color: #008000;\">KOORESED KLASSIKUD (tellimus al 2kg)<\/span><br \/><\/strong><br \/>Klassikaline kartulisalat\u2026\u2026\u2026\u2026..\u2026\u2026\u2026\u2026\u2026\u2026\u2026\u2026\u2026\u2026\u2026\u2026\u2026\u2026\u2026\u2026\u2026\u2026\u2026\u2026\u2026\u2026\u2026&#8230;.<b>12,90\u20ac\/kg<\/b><\/p><p style=\"text-align: left;\">Makaroni-singisalat \u2026\u2026\u2026\u2026\u2026\u2026\u2026\u2026\u2026\u2026\u2026\u2026\u2026\u2026\u2026\u2026\u2026\u2026.\u2026\u2026\u2026\u2026\u2026\u2026\u2026\u2026\u2026&#8230;&#8230;&#8230;..<b>12,90\u20ac\/kg<\/b><\/p><p style=\"text-align: left;\"><span style=\"color: var( --e-global-color-text ); letter-spacing: 0em; text-align: center;\">Makaroni suitsukanasalat\u2026\u2026\u2026\u2026<\/span><span style=\"color: var( --e-global-color-text ); letter-spacing: 0em;\">\u2026\u2026\u2026\u2026\u2026\u2026\u2026\u2026\u2026\u2026\u2026\u2026\u2026\u2026\u2026\u2026\u2026<\/span><span style=\"color: var( --e-global-color-text ); letter-spacing: 0em; text-align: center;\">\u2026\u2026\u2026\u2026\u2026.\u2026.<span style=\"font-weight: bold;\">15,50\u20ac\/kg<\/span><\/span><\/p><p style=\"text-align: left;\">Kartulisalat\/makaroni-singisalat topsis (150g) (min 10tk) \u2026&#8230;&#8230;\u2026\u2026\u2026\u2026\u2026\u2026\u2026\u2026\u2026<b>2,5\u20ac\/tk<\/b><\/p><p style=\"text-align: left;\"><span style=\"color: #5fbd74;\"><strong><span style=\"color: #008000;\">V\u00c4RSKED JA V\u00c4GEVAD<\/span><\/strong><\/span><strong><span style=\"color: #008000;\">\u00a0(tellimus al 2kg)<\/span><\/strong><span style=\"color: #5fbd74;\"><strong><br \/><\/strong><\/span><br \/>V\u00e4rske salat feta juustuga\u2026\u2026\u2026\u2026\u2026\u2026\u2026\u2026\u2026\u2026\u2026\u2026\u2026\u2026\u2026\u2026\u2026\u2026\u2026\u2026\u2026\u2026\u2026\u2026..\u2026\u2026\u2026\u2026\u2026<b>22\u20ac\/kg<\/b><\/p><p style=\"text-align: left;\">Caesari salat kanaga \u2026\u2026\u2026\u2026\u2026&#8230;\u2026\u2026\u2026\u2026\u2026\u2026\u2026\u2026\u2026\u2026\u2026\u2026\u2026\u2026\u2026\u2026\u2026\u2026\u2026\u2026\u2026&#8230;&#8230;.\u2026\u2026\u2026<b>28\u20ac\/kg<\/b><\/p><p style=\"text-align: left;\">Insalata Caprese e Capri salat\u2026\u2026\u2026\u2026\u2026\u2026\u2026\u2026\u2026\u2026\u2026\u2026\u2026\u2026\u2026\u2026\u2026\u2026\u2026\u2026<span style=\"color: var( --e-global-color-text ); letter-spacing: 0em;\">\u2026\u2026\u2026&#8230;.\u2026\u2026\u2026<b>28\u20ac\/kg<\/b><\/span><\/p>\t\t\t\t\t\t\t\t<\/div>\n\t\t\t\t<\/div>\n\t\t\t\t\t<\/div>\n\t\t<\/div>\n\t\t\t\t\t<\/div>\n\t\t<\/section>\n\t\t\t\t<section class=\"elementor-section elementor-top-section elementor-element elementor-element-5fa6e1f elementor-section-boxed elementor-section-height-default elementor-section-height-default\" data-id=\"5fa6e1f\" data-element_type=\"section\" data-e-type=\"section\">\n\t\t\t\t\t\t<div class=\"elementor-container elementor-column-gap-default\">\n\t\t\t\t\t<div class=\"elementor-column elementor-col-100 elementor-top-column elementor-element elementor-element-3aa6a22\" data-id=\"3aa6a22\" data-element_type=\"column\" data-e-type=\"column\">\n\t\t\t<div class=\"elementor-widget-wrap elementor-element-populated\">\n\t\t\t\t\t\t<div class=\"elementor-element elementor-element-83ef692 elementor-widget elementor-widget-text-editor\" data-id=\"83ef692\" data-element_type=\"widget\" data-e-type=\"widget\" data-widget_type=\"text-editor.default\">\n\t\t\t\t<div class=\"elementor-widget-container\">\n\t\t\t\t\t\t\t\t\t<p style=\"text-align: center;\"><strong><span style=\"text-decoration: underline;\"><em>Armas salatis\u00f5ber!<\/em><\/span><\/strong><br \/><em>Parim viis tellitavat salatikogust kalkuleerida on arvestada umbes 150-200g salatit\/inimese kohta.<\/em><br \/><em>-Momsterid-<\/em><\/p><p style=\"text-align: center;\"><em>Oleme ka meeleldi abiks: <a href=\"\/en\/momster@pontsik.com\/\">momster@pontsik.com<\/a><\/em><\/p>\t\t\t\t\t\t\t\t<\/div>\n\t\t\t\t<\/div>\n\t\t\t\t\t<\/div>\n\t\t<\/div>\n\t\t\t\t\t<\/div>\n\t\t<\/section>\n\t\t\t\t<\/div>","protected":false},"excerpt":{"rendered":"<p>Salatid Salatid Soolaseks lauale Valmis vaagnad Tordid ja rullid Pidulikud maiused Lastemen\u00fc\u00fc Joogid Lauan\u00f5ud KOORESED KLASSIKUD (tellimus al 2kg)Klassikaline kartulisalat\u2026\u2026\u2026\u2026..\u2026\u2026\u2026\u2026\u2026\u2026\u2026\u2026\u2026\u2026\u2026\u2026\u2026\u2026\u2026\u2026\u2026\u2026\u2026\u2026\u2026\u2026\u2026&#8230;.12,90\u20ac\/kg Makaroni-singisalat \u2026\u2026\u2026\u2026\u2026\u2026\u2026\u2026\u2026\u2026\u2026\u2026\u2026\u2026\u2026\u2026\u2026\u2026.\u2026\u2026\u2026\u2026\u2026\u2026\u2026\u2026\u2026&#8230;&#8230;&#8230;..12,90\u20ac\/kg Makaroni suitsukanasalat\u2026\u2026\u2026\u2026\u2026\u2026\u2026\u2026\u2026\u2026\u2026\u2026\u2026\u2026\u2026\u2026\u2026\u2026\u2026\u2026\u2026\u2026\u2026\u2026\u2026\u2026.\u2026.15,50\u20ac\/kg Kartulisalat\/makaroni-singisalat topsis (150g) (min 10tk) \u2026&#8230;&#8230;\u2026\u2026\u2026\u2026\u2026\u2026\u2026\u2026\u20262,5\u20ac\/tk V\u00c4RSKED JA V\u00c4GEVAD\u00a0(tellimus al 2kg)V\u00e4rske salat feta juustuga\u2026\u2026\u2026\u2026\u2026\u2026\u2026\u2026\u2026\u2026\u2026\u2026\u2026\u2026\u2026\u2026\u2026\u2026\u2026\u2026\u2026\u2026\u2026\u2026..\u2026\u2026\u2026\u2026\u202622\u20ac\/kg Caesari salat kanaga \u2026\u2026\u2026\u2026\u2026&#8230;\u2026\u2026\u2026\u2026\u2026\u2026\u2026\u2026\u2026\u2026\u2026\u2026\u2026\u2026\u2026\u2026\u2026\u2026\u2026\u2026\u2026&#8230;&#8230;.\u2026\u2026\u202628\u20ac\/kg Insalata Caprese e Capri salat\u2026\u2026\u2026\u2026\u2026\u2026\u2026\u2026\u2026\u2026\u2026\u2026\u2026\u2026\u2026\u2026\u2026\u2026\u2026\u2026\u2026\u2026\u2026&#8230;.\u2026\u2026\u202628\u20ac\/kg Armas salatis\u00f5ber!Parim viis tellitavat salatikogust kalkuleerida on arvestada&#8230;<\/p>","protected":false},"author":2,"featured_media":0,"parent":0,"menu_order":0,"comment_status":"closed","ping_status":"closed","template":"","meta":{"footnotes":""},"class_list":["post-3987","page","type-page","status-publish","hentry"],"yoast_head":"<!-- This site is optimized with the Yoast SEO plugin v27.2 - https:\/\/yoast.com\/product\/yoast-seo-wordpress\/ -->\n<title>Salatid - Momster Catering<\/title>\n<meta name=\"robots\" content=\"index, follow, max-snippet:-1, max-image-preview:large, max-video-preview:-1\" \/>\n<link rel=\"canonical\" href=\"https:\/\/pontsik.com\/en\/salatid\/\" \/>\n<meta property=\"og:locale\" content=\"en_US\" \/>\n<meta property=\"og:type\" content=\"article\" \/>\n<meta property=\"og:title\" content=\"Salatid - Momster Catering\" \/>\n<meta property=\"og:description\" content=\"Salatid Salatid Soolaseks lauale Valmis vaagnad Tordid ja rullid Pidulikud maiused Lastemen\u00fc\u00fc Joogid Lauan\u00f5ud KOORESED KLASSIKUD (tellimus al 2kg)Klassikaline kartulisalat\u2026\u2026\u2026\u2026..\u2026\u2026\u2026\u2026\u2026\u2026\u2026\u2026\u2026\u2026\u2026\u2026\u2026\u2026\u2026\u2026\u2026\u2026\u2026\u2026\u2026\u2026\u2026&#8230;.12,90\u20ac\/kg Makaroni-singisalat \u2026\u2026\u2026\u2026\u2026\u2026\u2026\u2026\u2026\u2026\u2026\u2026\u2026\u2026\u2026\u2026\u2026\u2026.\u2026\u2026\u2026\u2026\u2026\u2026\u2026\u2026\u2026&#8230;&#8230;&#8230;..12,90\u20ac\/kg Makaroni suitsukanasalat\u2026\u2026\u2026\u2026\u2026\u2026\u2026\u2026\u2026\u2026\u2026\u2026\u2026\u2026\u2026\u2026\u2026\u2026\u2026\u2026\u2026\u2026\u2026\u2026\u2026\u2026.\u2026.15,50\u20ac\/kg Kartulisalat\/makaroni-singisalat topsis (150g) (min 10tk) \u2026&#8230;&#8230;\u2026\u2026\u2026\u2026\u2026\u2026\u2026\u2026\u20262,5\u20ac\/tk V\u00c4RSKED JA V\u00c4GEVAD\u00a0(tellimus al 2kg)V\u00e4rske salat feta juustuga\u2026\u2026\u2026\u2026\u2026\u2026\u2026\u2026\u2026\u2026\u2026\u2026\u2026\u2026\u2026\u2026\u2026\u2026\u2026\u2026\u2026\u2026\u2026\u2026..\u2026\u2026\u2026\u2026\u202622\u20ac\/kg Caesari salat kanaga \u2026\u2026\u2026\u2026\u2026&#8230;\u2026\u2026\u2026\u2026\u2026\u2026\u2026\u2026\u2026\u2026\u2026\u2026\u2026\u2026\u2026\u2026\u2026\u2026\u2026\u2026\u2026&#8230;&#8230;.\u2026\u2026\u202628\u20ac\/kg Insalata Caprese e Capri salat\u2026\u2026\u2026\u2026\u2026\u2026\u2026\u2026\u2026\u2026\u2026\u2026\u2026\u2026\u2026\u2026\u2026\u2026\u2026\u2026\u2026\u2026\u2026&#8230;.\u2026\u2026\u202628\u20ac\/kg Armas salatis\u00f5ber!Parim viis tellitavat salatikogust kalkuleerida on arvestada...\" \/>\n<meta property=\"og:url\" content=\"https:\/\/pontsik.com\/en\/salatid\/\" \/>\n<meta property=\"og:site_name\" content=\"Momster Catering\" \/>\n<meta property=\"article:publisher\" content=\"https:\/\/www.facebook.com\/momstercatering\/\" \/>\n<meta property=\"article:modified_time\" content=\"2026-03-28T17:36:15+00:00\" \/>\n<meta property=\"og:image\" content=\"https:\/\/pontsik.com\/wp-content\/uploads\/2024\/02\/momster200.png\" \/>\n\t<meta property=\"og:image:width\" content=\"200\" \/>\n\t<meta property=\"og:image:height\" content=\"201\" \/>\n\t<meta property=\"og:image:type\" content=\"image\/png\" \/>\n<meta name=\"twitter:card\" content=\"summary_large_image\" \/>\n<meta name=\"twitter:label1\" content=\"Est. reading time\" \/>\n\t<meta name=\"twitter:data1\" content=\"1 minute\" \/>\n<script type=\"application\/ld+json\" class=\"yoast-schema-graph\">{\"@context\":\"https:\/\/schema.org\",\"@graph\":[{\"@type\":\"WebPage\",\"@id\":\"https:\/\/pontsik.com\/salatid\/\",\"url\":\"https:\/\/pontsik.com\/salatid\/\",\"name\":\"Salatid - Momster Catering\",\"isPartOf\":{\"@id\":\"https:\/\/pontsik.com\/#website\"},\"datePublished\":\"2022-02-03T08:51:45+00:00\",\"dateModified\":\"2026-03-28T17:36:15+00:00\",\"breadcrumb\":{\"@id\":\"https:\/\/pontsik.com\/salatid\/#breadcrumb\"},\"inLanguage\":\"en-US\",\"potentialAction\":[{\"@type\":\"ReadAction\",\"target\":[\"https:\/\/pontsik.com\/salatid\/\"]}]},{\"@type\":\"BreadcrumbList\",\"@id\":\"https:\/\/pontsik.com\/salatid\/#breadcrumb\",\"itemListElement\":[{\"@type\":\"ListItem\",\"position\":1,\"name\":\"Avaleht\",\"item\":\"https:\/\/pontsik.com\/\"},{\"@type\":\"ListItem\",\"position\":2,\"name\":\"Salatid\"}]},{\"@type\":\"WebSite\",\"@id\":\"https:\/\/pontsik.com\/#website\",\"url\":\"https:\/\/pontsik.com\/\",\"name\":\"Momster Catering\",\"description\":\"Suurep\u00e4rane maitseelamus!\",\"publisher\":{\"@id\":\"https:\/\/pontsik.com\/#organization\"},\"potentialAction\":[{\"@type\":\"SearchAction\",\"target\":{\"@type\":\"EntryPoint\",\"urlTemplate\":\"https:\/\/pontsik.com\/?s={search_term_string}\"},\"query-input\":{\"@type\":\"PropertyValueSpecification\",\"valueRequired\":true,\"valueName\":\"search_term_string\"}}],\"inLanguage\":\"en-US\"},{\"@type\":\"Organization\",\"@id\":\"https:\/\/pontsik.com\/#organization\",\"name\":\"Momster Catering\",\"url\":\"https:\/\/pontsik.com\/\",\"logo\":{\"@type\":\"ImageObject\",\"inLanguage\":\"en-US\",\"@id\":\"https:\/\/pontsik.com\/#\/schema\/logo\/image\/\",\"url\":\"https:\/\/pontsik.com\/wp-content\/uploads\/2012\/06\/momster150.png\",\"contentUrl\":\"https:\/\/pontsik.com\/wp-content\/uploads\/2012\/06\/momster150.png\",\"width\":150,\"height\":151,\"caption\":\"Momster Catering\"},\"image\":{\"@id\":\"https:\/\/pontsik.com\/#\/schema\/logo\/image\/\"},\"sameAs\":[\"https:\/\/www.facebook.com\/momstercatering\/\",\"https:\/\/www.instagram.com\/momster_catering\/?hl=en\"]}]}<\/script>\n<!-- \/ Yoast SEO plugin. -->","yoast_head_json":{"title":"Salatid - Momster Catering","robots":{"index":"index","follow":"follow","max-snippet":"max-snippet:-1","max-image-preview":"max-image-preview:large","max-video-preview":"max-video-preview:-1"},"canonical":"https:\/\/pontsik.com\/en\/salatid\/","og_locale":"en_US","og_type":"article","og_title":"Salatid - Momster Catering","og_description":"Salatid Salatid Soolaseks lauale Valmis vaagnad Tordid ja rullid Pidulikud maiused Lastemen\u00fc\u00fc Joogid Lauan\u00f5ud KOORESED KLASSIKUD (tellimus al 2kg)Klassikaline kartulisalat\u2026\u2026\u2026\u2026..\u2026\u2026\u2026\u2026\u2026\u2026\u2026\u2026\u2026\u2026\u2026\u2026\u2026\u2026\u2026\u2026\u2026\u2026\u2026\u2026\u2026\u2026\u2026&#8230;.12,90\u20ac\/kg Makaroni-singisalat \u2026\u2026\u2026\u2026\u2026\u2026\u2026\u2026\u2026\u2026\u2026\u2026\u2026\u2026\u2026\u2026\u2026\u2026.\u2026\u2026\u2026\u2026\u2026\u2026\u2026\u2026\u2026&#8230;&#8230;&#8230;..12,90\u20ac\/kg Makaroni suitsukanasalat\u2026\u2026\u2026\u2026\u2026\u2026\u2026\u2026\u2026\u2026\u2026\u2026\u2026\u2026\u2026\u2026\u2026\u2026\u2026\u2026\u2026\u2026\u2026\u2026\u2026\u2026.\u2026.15,50\u20ac\/kg Kartulisalat\/makaroni-singisalat topsis (150g) (min 10tk) \u2026&#8230;&#8230;\u2026\u2026\u2026\u2026\u2026\u2026\u2026\u2026\u20262,5\u20ac\/tk V\u00c4RSKED JA V\u00c4GEVAD\u00a0(tellimus al 2kg)V\u00e4rske salat feta juustuga\u2026\u2026\u2026\u2026\u2026\u2026\u2026\u2026\u2026\u2026\u2026\u2026\u2026\u2026\u2026\u2026\u2026\u2026\u2026\u2026\u2026\u2026\u2026\u2026..\u2026\u2026\u2026\u2026\u202622\u20ac\/kg Caesari salat kanaga \u2026\u2026\u2026\u2026\u2026&#8230;\u2026\u2026\u2026\u2026\u2026\u2026\u2026\u2026\u2026\u2026\u2026\u2026\u2026\u2026\u2026\u2026\u2026\u2026\u2026\u2026\u2026&#8230;&#8230;.\u2026\u2026\u202628\u20ac\/kg Insalata Caprese e Capri salat\u2026\u2026\u2026\u2026\u2026\u2026\u2026\u2026\u2026\u2026\u2026\u2026\u2026\u2026\u2026\u2026\u2026\u2026\u2026\u2026\u2026\u2026\u2026&#8230;.\u2026\u2026\u202628\u20ac\/kg Armas salatis\u00f5ber!Parim viis tellitavat salatikogust kalkuleerida on arvestada...","og_url":"https:\/\/pontsik.com\/en\/salatid\/","og_site_name":"Momster Catering","article_publisher":"https:\/\/www.facebook.com\/momstercatering\/","article_modified_time":"2026-03-28T17:36:15+00:00","og_image":[{"width":200,"height":201,"url":"https:\/\/pontsik.com\/wp-content\/uploads\/2024\/02\/momster200.png","type":"image\/png"}],"twitter_card":"summary_large_image","twitter_misc":{"Est. reading time":"1 minute"},"schema":{"@context":"https:\/\/schema.org","@graph":[{"@type":"WebPage","@id":"https:\/\/pontsik.com\/salatid\/","url":"https:\/\/pontsik.com\/salatid\/","name":"Salatid - Momster Catering","isPartOf":{"@id":"https:\/\/pontsik.com\/#website"},"datePublished":"2022-02-03T08:51:45+00:00","dateModified":"2026-03-28T17:36:15+00:00","breadcrumb":{"@id":"https:\/\/pontsik.com\/salatid\/#breadcrumb"},"inLanguage":"en-US","potentialAction":[{"@type":"ReadAction","target":["https:\/\/pontsik.com\/salatid\/"]}]},{"@type":"BreadcrumbList","@id":"https:\/\/pontsik.com\/salatid\/#breadcrumb","itemListElement":[{"@type":"ListItem","position":1,"name":"Avaleht","item":"https:\/\/pontsik.com\/"},{"@type":"ListItem","position":2,"name":"Salatid"}]},{"@type":"WebSite","@id":"https:\/\/pontsik.com\/#website","url":"https:\/\/pontsik.com\/","name":"Momster Catering","description":"Suurep\u00e4rane maitseelamus!","publisher":{"@id":"https:\/\/pontsik.com\/#organization"},"potentialAction":[{"@type":"SearchAction","target":{"@type":"EntryPoint","urlTemplate":"https:\/\/pontsik.com\/?s={search_term_string}"},"query-input":{"@type":"PropertyValueSpecification","valueRequired":true,"valueName":"search_term_string"}}],"inLanguage":"en-US"},{"@type":"Organization","@id":"https:\/\/pontsik.com\/#organization","name":"Momster Catering","url":"https:\/\/pontsik.com\/","logo":{"@type":"ImageObject","inLanguage":"en-US","@id":"https:\/\/pontsik.com\/#\/schema\/logo\/image\/","url":"https:\/\/pontsik.com\/wp-content\/uploads\/2012\/06\/momster150.png","contentUrl":"https:\/\/pontsik.com\/wp-content\/uploads\/2012\/06\/momster150.png","width":150,"height":151,"caption":"Momster Catering"},"image":{"@id":"https:\/\/pontsik.com\/#\/schema\/logo\/image\/"},"sameAs":["https:\/\/www.facebook.com\/momstercatering\/","https:\/\/www.instagram.com\/momster_catering\/?hl=en"]}]}},"_links":{"self":[{"href":"https:\/\/pontsik.com\/en\/wp-json\/wp\/v2\/pages\/3987","targetHints":{"allow":["GET"]}}],"collection":[{"href":"https:\/\/pontsik.com\/en\/wp-json\/wp\/v2\/pages"}],"about":[{"href":"https:\/\/pontsik.com\/en\/wp-json\/wp\/v2\/types\/page"}],"author":[{"embeddable":true,"href":"https:\/\/pontsik.com\/en\/wp-json\/wp\/v2\/users\/2"}],"replies":[{"embeddable":true,"href":"https:\/\/pontsik.com\/en\/wp-json\/wp\/v2\/comments?post=3987"}],"version-history":[{"count":121,"href":"https:\/\/pontsik.com\/en\/wp-json\/wp\/v2\/pages\/3987\/revisions"}],"predecessor-version":[{"id":5996,"href":"https:\/\/pontsik.com\/en\/wp-json\/wp\/v2\/pages\/3987\/revisions\/5996"}],"wp:attachment":[{"href":"https:\/\/pontsik.com\/en\/wp-json\/wp\/v2\/media?parent=3987"}],"curies":[{"name":"wp","href":"https:\/\/api.w.org\/{rel}","templated":true}]}}