{"id":4084,"date":"2022-02-16T10:04:03","date_gmt":"2022-02-16T10:04:03","guid":{"rendered":"https:\/\/pontsik.com\/?page_id=4084"},"modified":"2026-03-28T19:36:15","modified_gmt":"2026-03-28T17:36:15","slug":"tordid-ja-kringlid","status":"publish","type":"page","link":"https:\/\/pontsik.com\/en\/tordid-ja-kringlid\/","title":{"rendered":"Tordid ja kringlid"},"content":{"rendered":"<div data-elementor-type=\"wp-page\" data-elementor-id=\"4084\" class=\"elementor elementor-4084\">\n\t\t\t\t\t\t<section class=\"elementor-section elementor-top-section elementor-element elementor-element-349bd4f elementor-section-boxed elementor-section-height-default elementor-section-height-default\" data-id=\"349bd4f\" data-element_type=\"section\" data-e-type=\"section\">\n\t\t\t\t\t\t<div class=\"elementor-container elementor-column-gap-default\">\n\t\t\t\t\t<div class=\"elementor-column elementor-col-100 elementor-top-column elementor-element elementor-element-5201b36\" data-id=\"5201b36\" data-element_type=\"column\" data-e-type=\"column\">\n\t\t\t<div class=\"elementor-widget-wrap elementor-element-populated\">\n\t\t\t\t\t\t<div class=\"elementor-element elementor-element-ccf0bc8 elementor-widget elementor-widget-heading\" data-id=\"ccf0bc8\" data-element_type=\"widget\" data-e-type=\"widget\" data-widget_type=\"heading.default\">\n\t\t\t\t<div class=\"elementor-widget-container\">\n\t\t\t\t\t<h3 class=\"elementor-heading-title elementor-size-default\">Tordid ja rullid<\/h3>\t\t\t\t<\/div>\n\t\t\t\t<\/div>\n\t\t\t\t<div class=\"elementor-element elementor-element-c61d0b6 elementor-widget-divider--view-line elementor-widget elementor-widget-divider\" data-id=\"c61d0b6\" data-element_type=\"widget\" data-e-type=\"widget\" data-widget_type=\"divider.default\">\n\t\t\t\t<div class=\"elementor-widget-container\">\n\t\t\t\t\t\t\t<div class=\"elementor-divider\">\n\t\t\t<span class=\"elementor-divider-separator\">\n\t\t\t\t\t\t<\/span>\n\t\t<\/div>\n\t\t\t\t\t\t<\/div>\n\t\t\t\t<\/div>\n\t\t\t\t\t<\/div>\n\t\t<\/div>\n\t\t\t\t\t<\/div>\n\t\t<\/section>\n\t\t\t\t<section class=\"elementor-section elementor-top-section elementor-element elementor-element-fa5e881 elementor-section-boxed elementor-section-height-default elementor-section-height-default\" data-id=\"fa5e881\" data-element_type=\"section\" data-e-type=\"section\">\n\t\t\t\t\t\t<div class=\"elementor-container elementor-column-gap-default\">\n\t\t\t\t\t<div class=\"elementor-column elementor-col-50 elementor-top-column elementor-element elementor-element-81677cd\" data-id=\"81677cd\" data-element_type=\"column\" data-e-type=\"column\" data-settings=\"{&quot;animation&quot;:&quot;none&quot;}\">\n\t\t\t<div class=\"elementor-widget-wrap elementor-element-populated\">\n\t\t\t\t\t\t<div class=\"elementor-element elementor-element-b8a02bc elementor-widget elementor-widget-heading\" data-id=\"b8a02bc\" data-element_type=\"widget\" data-e-type=\"widget\" data-widget_type=\"heading.default\">\n\t\t\t\t<div class=\"elementor-widget-container\">\n\t\t\t\t\t<h4 class=\"elementor-heading-title elementor-size-default\"><a href=\"https:\/\/pontsik.com\/en\/salatid\/\">Salatid<\/a><\/h4>\t\t\t\t<\/div>\n\t\t\t\t<\/div>\n\t\t\t\t<div class=\"elementor-element elementor-element-a2effb0 elementor-widget elementor-widget-heading\" data-id=\"a2effb0\" data-element_type=\"widget\" data-e-type=\"widget\" data-widget_type=\"heading.default\">\n\t\t\t\t<div class=\"elementor-widget-container\">\n\t\t\t\t\t<h4 class=\"elementor-heading-title elementor-size-default\"><a href=\"https:\/\/pontsik.com\/en\/soolaseks-lauale\/\">Soolaseks lauale<\/a><\/h4>\t\t\t\t<\/div>\n\t\t\t\t<\/div>\n\t\t\t\t<div class=\"elementor-element elementor-element-67193dc elementor-widget elementor-widget-heading\" data-id=\"67193dc\" data-element_type=\"widget\" data-e-type=\"widget\" data-widget_type=\"heading.default\">\n\t\t\t\t<div class=\"elementor-widget-container\">\n\t\t\t\t\t<h4 class=\"elementor-heading-title elementor-size-default\"><a href=\"https:\/\/pontsik.com\/en\/menuu-valmis-vaagnad-piltidega\/\">Valmis vaagnad<\/a><\/h4>\t\t\t\t<\/div>\n\t\t\t\t<\/div>\n\t\t\t\t<div class=\"elementor-element elementor-element-64c3a9f elementor-widget elementor-widget-heading\" data-id=\"64c3a9f\" data-element_type=\"widget\" data-e-type=\"widget\" data-widget_type=\"heading.default\">\n\t\t\t\t<div class=\"elementor-widget-container\">\n\t\t\t\t\t<h3 class=\"elementor-heading-title elementor-size-default\">Tordid ja rullid<\/h3>\t\t\t\t<\/div>\n\t\t\t\t<\/div>\n\t\t\t\t<div class=\"elementor-element elementor-element-5fdb0ad elementor-widget elementor-widget-heading\" data-id=\"5fdb0ad\" data-element_type=\"widget\" data-e-type=\"widget\" data-widget_type=\"heading.default\">\n\t\t\t\t<div class=\"elementor-widget-container\">\n\t\t\t\t\t<h4 class=\"elementor-heading-title elementor-size-default\"><a href=\"https:\/\/pontsik.com\/en\/menuu-pidulikud-maiused-piltidega\/\">Pidulikud maiused<\/a><\/h4>\t\t\t\t<\/div>\n\t\t\t\t<\/div>\n\t\t\t\t<div class=\"elementor-element elementor-element-b7bb7ae elementor-widget elementor-widget-heading\" data-id=\"b7bb7ae\" data-element_type=\"widget\" data-e-type=\"widget\" data-widget_type=\"heading.default\">\n\t\t\t\t<div class=\"elementor-widget-container\">\n\t\t\t\t\t<h4 class=\"elementor-heading-title elementor-size-default\"><a href=\"https:\/\/pontsik.com\/en\/lastemenuu\/\">Lastemen\u00fc\u00fc<\/a><\/h4>\t\t\t\t<\/div>\n\t\t\t\t<\/div>\n\t\t\t\t<div class=\"elementor-element elementor-element-3f4df13 elementor-widget elementor-widget-heading\" data-id=\"3f4df13\" data-element_type=\"widget\" data-e-type=\"widget\" data-widget_type=\"heading.default\">\n\t\t\t\t<div class=\"elementor-widget-container\">\n\t\t\t\t\t<h4 class=\"elementor-heading-title elementor-size-default\"><a href=\"https:\/\/pontsik.com\/en\/joogid\/\">Joogid<\/a><\/h4>\t\t\t\t<\/div>\n\t\t\t\t<\/div>\n\t\t\t\t<div class=\"elementor-element elementor-element-3130566 elementor-widget elementor-widget-heading\" data-id=\"3130566\" data-element_type=\"widget\" data-e-type=\"widget\" data-widget_type=\"heading.default\">\n\t\t\t\t<div class=\"elementor-widget-container\">\n\t\t\t\t\t<h4 class=\"elementor-heading-title elementor-size-default\"><a href=\"https:\/\/pontsik.com\/en\/lauanoud\/\">Lauan\u00f5ud<\/a><\/h4>\t\t\t\t<\/div>\n\t\t\t\t<\/div>\n\t\t\t\t\t<\/div>\n\t\t<\/div>\n\t\t\t\t<div class=\"elementor-column elementor-col-50 elementor-top-column elementor-element elementor-element-1e8ee11\" data-id=\"1e8ee11\" data-element_type=\"column\" data-e-type=\"column\">\n\t\t\t<div class=\"elementor-widget-wrap elementor-element-populated\">\n\t\t\t\t\t\t<div class=\"elementor-element elementor-element-6805ba5 elementor-widget elementor-widget-text-editor\" data-id=\"6805ba5\" data-element_type=\"widget\" data-e-type=\"widget\" data-settings=\"{&quot;_animation&quot;:&quot;none&quot;}\" data-widget_type=\"text-editor.default\">\n\t\t\t\t<div class=\"elementor-widget-container\">\n\t\t\t\t\t\t\t\t\t<p style=\"text-align: left;\"><span style=\"color: #5fbd74;\"><b><span style=\"color: #008000;\">TORDID<\/span><br><\/b><\/span><\/p>\n<p style=\"text-align: left;\"><span style=\"color: #615f5f;\">Tordid\u2026\u2026\u2026\u2026\u2026\u2026\u2026\u2026\u2026\u2026\u2026\u2026&#8230;&#8230;&#8230;&#8230;&#8230;&#8230;&#8230;\u2026\u2026\u2026\u2026\u2026&#8230;&#8230;&#8230;.\u2026\u2026\u2026\u2026\u2026\u2026\u2026\u2026\u2026\u2026\u2026\u2026\u2026\u2026\u2026\u2026\u2026\u2026.\u2026\u2026 <strong>30 <\/strong><\/span><strong><span style=\"color: #615f5f;\">\u20ac\/kg<\/span><br><\/strong><span style=\"color: #b3b3b3;\"><em><strong>MAITSED<\/strong>: shokolaadine brownie-kirsi; &nbsp;rohe-roosa pistaatsia-vaarika; marjane sidruni-martsipani.<\/em><\/span><br><span style=\"color: #615f5f;\">Suhkrupilt tordile \u2026&nbsp;<strong>12 \u20ac \/\/&nbsp;<\/strong><\/span><span style=\"caret-color: rgb(97, 95, 95); color: rgb(97, 95, 95);\">Shokolaadist kiri tordile \u2026 <b>6<\/b><\/span><strong style=\"caret-color: rgb(97, 95, 95); color: rgb(97, 95, 95);\">&nbsp;\u20ac<\/strong><br><span style=\"color: #615f5f;\"><br><\/span><\/p>\n<p style=\"text-align: left;\"><span style=\"color: #615f5f;\">Klassikaline k\u00fcpsisetort (min 2 kg) \u2026\u2026\u2026\u2026\u2026\u2026&#8230;&#8230;.\u2026\u2026\u2026\u2026\u2026\u2026\u2026\u2026\u2026\u2026&#8230;&#8230;&#8230;.\u2026\u2026\u2026\u2026\u2026\u2026\u2026\u2026\u2026\u2026\u2026.\u2026\u2026<strong>20 \u20ac\/kg<\/strong><\/span><br><span style=\"color: #615f5f;\"><br><\/span><\/p>\n<p style=\"text-align: left;\"><span style=\"color: #615f5f;\">Banaani kr\u00e4supea (min 2kg) \u2026\u2026\u2026\u2026\u2026&#8230;&#8230;&#8230;&#8230;..\u2026\u2026\u2026\u2026\u2026\u2026\u2026\u2026\u2026\u2026\u2026\u2026\u2026\u2026&#8230;&#8230;&#8230;.\u2026\u2026\u2026\u2026\u2026\u2026\u2026\u2026\u2026\u2026\u2026\u2026<strong>24 \u20ac\/kg<\/strong><\/span><\/p>\n<p><span style=\"color: #5fbd74;\"><span style=\"color: #008000;\"><b>TOORTORDID <\/b>(vegan)<b> &#8211; 40 \u20ac\/TK (ca 1,4kg)<\/b><\/span><br><\/span><\/p>\n<p>Maap\u00e4hkli-marja; Vanilje-seesami; Mustika-milkiway; Mangone mango<\/p>\n<p style=\"text-align: left;\"><b><span style=\"color: #5fbd74;\"><span style=\"color: #008000;\">RULLI-RULLI-RULLID<\/span><br><\/span><\/b><\/p>\n<p style=\"text-align: left;\">Beseerull v\u00e4rskete marjadega \u2026\u2026\u2026\u2026&#8230;&#8230;&#8230;&#8230;&#8230;&#8230;&#8230;&#8230;&#8230;&#8230;&#8230;&#8230;&#8230;&#8230;&#8230;&#8230;&#8230;&#8230;&#8230;&#8230;&#8230;&#8230;&#8230;&#8230;&#8230;\u2026&#8230;\u2026<strong>37 \u20ac\/tk<\/strong><\/p>\n<p style=\"text-align: left;\">\n<\/p>\t\t\t\t\t\t\t\t<\/div>\n\t\t\t\t<\/div>\n\t\t\t\t\t<\/div>\n\t\t<\/div>\n\t\t\t\t\t<\/div>\n\t\t<\/section>\n\t\t\t\t<section class=\"elementor-section elementor-top-section elementor-element elementor-element-5fa6e1f elementor-section-boxed elementor-section-height-default elementor-section-height-default\" data-id=\"5fa6e1f\" data-element_type=\"section\" data-e-type=\"section\">\n\t\t\t\t\t\t<div class=\"elementor-container elementor-column-gap-default\">\n\t\t\t\t\t<div class=\"elementor-column elementor-col-100 elementor-top-column elementor-element elementor-element-3aa6a22\" data-id=\"3aa6a22\" data-element_type=\"column\" data-e-type=\"column\">\n\t\t\t<div class=\"elementor-widget-wrap elementor-element-populated\">\n\t\t\t\t\t\t<div class=\"elementor-element elementor-element-83ef692 elementor-widget elementor-widget-text-editor\" data-id=\"83ef692\" data-element_type=\"widget\" data-e-type=\"widget\" data-widget_type=\"text-editor.default\">\n\t\t\t\t<div class=\"elementor-widget-container\">\n\t\t\t\t\t\t\t\t\t<p style=\"text-align: center;\"><em>Lisainfo: <a href=\"\/en\/momster@pontsik.com\/\">momster@pontsik.com<\/a><\/em><\/p>\t\t\t\t\t\t\t\t<\/div>\n\t\t\t\t<\/div>\n\t\t\t\t\t<\/div>\n\t\t<\/div>\n\t\t\t\t\t<\/div>\n\t\t<\/section>\n\t\t\t\t<\/div>","protected":false},"excerpt":{"rendered":"<p>Tordid ja rullid Salatid Soolaseks lauale Valmis vaagnad Tordid ja rullid Pidulikud maiused Lastemen\u00fc\u00fc Joogid Lauan\u00f5ud TORDID Tordid\u2026\u2026\u2026\u2026\u2026\u2026\u2026\u2026\u2026\u2026\u2026\u2026&#8230;&#8230;&#8230;&#8230;&#8230;&#8230;&#8230;\u2026\u2026\u2026\u2026\u2026&#8230;&#8230;&#8230;.\u2026\u2026\u2026\u2026\u2026\u2026\u2026\u2026\u2026\u2026\u2026\u2026\u2026\u2026\u2026\u2026\u2026\u2026.\u2026\u2026 30 \u20ac\/kgMAITSED: shokolaadine brownie-kirsi; &nbsp;rohe-roosa pistaatsia-vaarika; marjane sidruni-martsipani.Suhkrupilt tordile \u2026&nbsp;12 \u20ac \/\/&nbsp;Shokolaadist kiri tordile \u2026 6&nbsp;\u20ac Klassikaline k\u00fcpsisetort (min 2 kg) \u2026\u2026\u2026\u2026\u2026\u2026&#8230;&#8230;.\u2026\u2026\u2026\u2026\u2026\u2026\u2026\u2026\u2026\u2026&#8230;&#8230;&#8230;.\u2026\u2026\u2026\u2026\u2026\u2026\u2026\u2026\u2026\u2026\u2026.\u2026\u202620 \u20ac\/kg Banaani kr\u00e4supea (min 2kg) \u2026\u2026\u2026\u2026\u2026&#8230;&#8230;&#8230;&#8230;..\u2026\u2026\u2026\u2026\u2026\u2026\u2026\u2026\u2026\u2026\u2026\u2026\u2026\u2026&#8230;&#8230;&#8230;.\u2026\u2026\u2026\u2026\u2026\u2026\u2026\u2026\u2026\u2026\u2026\u202624 \u20ac\/kg TOORTORDID (vegan) &#8211; 40 \u20ac\/TK (ca 1,4kg) Maap\u00e4hkli-marja;&#8230;<\/p>","protected":false},"author":2,"featured_media":0,"parent":0,"menu_order":0,"comment_status":"closed","ping_status":"closed","template":"","meta":{"footnotes":""},"class_list":["post-4084","page","type-page","status-publish","hentry"],"yoast_head":"<!-- This site is optimized with the Yoast SEO plugin v27.2 - https:\/\/yoast.com\/product\/yoast-seo-wordpress\/ -->\n<title>Tordid ja kringlid - Momster Catering<\/title>\n<meta name=\"robots\" content=\"index, follow, max-snippet:-1, max-image-preview:large, max-video-preview:-1\" \/>\n<link rel=\"canonical\" href=\"https:\/\/pontsik.com\/en\/tordid-ja-kringlid\/\" \/>\n<meta property=\"og:locale\" content=\"en_US\" \/>\n<meta property=\"og:type\" content=\"article\" \/>\n<meta property=\"og:title\" content=\"Tordid ja kringlid - Momster Catering\" \/>\n<meta property=\"og:description\" content=\"Tordid ja rullid Salatid Soolaseks lauale Valmis vaagnad Tordid ja rullid Pidulikud maiused Lastemen\u00fc\u00fc Joogid Lauan\u00f5ud TORDID Tordid\u2026\u2026\u2026\u2026\u2026\u2026\u2026\u2026\u2026\u2026\u2026\u2026&#8230;&#8230;&#8230;&#8230;&#8230;&#8230;&#8230;\u2026\u2026\u2026\u2026\u2026&#8230;&#8230;&#8230;.\u2026\u2026\u2026\u2026\u2026\u2026\u2026\u2026\u2026\u2026\u2026\u2026\u2026\u2026\u2026\u2026\u2026\u2026.\u2026\u2026 30 \u20ac\/kgMAITSED: shokolaadine brownie-kirsi; &nbsp;rohe-roosa pistaatsia-vaarika; marjane sidruni-martsipani.Suhkrupilt tordile \u2026&nbsp;12 \u20ac \/\/&nbsp;Shokolaadist kiri tordile \u2026 6&nbsp;\u20ac Klassikaline k\u00fcpsisetort (min 2 kg) \u2026\u2026\u2026\u2026\u2026\u2026&#8230;&#8230;.\u2026\u2026\u2026\u2026\u2026\u2026\u2026\u2026\u2026\u2026&#8230;&#8230;&#8230;.\u2026\u2026\u2026\u2026\u2026\u2026\u2026\u2026\u2026\u2026\u2026.\u2026\u202620 \u20ac\/kg Banaani kr\u00e4supea (min 2kg) \u2026\u2026\u2026\u2026\u2026&#8230;&#8230;&#8230;&#8230;..\u2026\u2026\u2026\u2026\u2026\u2026\u2026\u2026\u2026\u2026\u2026\u2026\u2026\u2026&#8230;&#8230;&#8230;.\u2026\u2026\u2026\u2026\u2026\u2026\u2026\u2026\u2026\u2026\u2026\u202624 \u20ac\/kg TOORTORDID (vegan) &#8211; 40 \u20ac\/TK (ca 1,4kg) Maap\u00e4hkli-marja;...\" \/>\n<meta property=\"og:url\" content=\"https:\/\/pontsik.com\/en\/tordid-ja-kringlid\/\" \/>\n<meta property=\"og:site_name\" content=\"Momster Catering\" \/>\n<meta property=\"article:publisher\" content=\"https:\/\/www.facebook.com\/momstercatering\/\" \/>\n<meta property=\"article:modified_time\" content=\"2026-03-28T17:36:15+00:00\" \/>\n<meta property=\"og:image\" content=\"https:\/\/pontsik.com\/wp-content\/uploads\/2024\/02\/momster200.png\" \/>\n\t<meta property=\"og:image:width\" content=\"200\" \/>\n\t<meta property=\"og:image:height\" content=\"201\" \/>\n\t<meta property=\"og:image:type\" content=\"image\/png\" \/>\n<meta name=\"twitter:card\" content=\"summary_large_image\" \/>\n<meta name=\"twitter:label1\" content=\"Est. reading time\" \/>\n\t<meta name=\"twitter:data1\" content=\"1 minute\" \/>\n<script type=\"application\/ld+json\" class=\"yoast-schema-graph\">{\"@context\":\"https:\/\/schema.org\",\"@graph\":[{\"@type\":\"WebPage\",\"@id\":\"https:\/\/pontsik.com\/tordid-ja-kringlid\/\",\"url\":\"https:\/\/pontsik.com\/tordid-ja-kringlid\/\",\"name\":\"Tordid ja kringlid - Momster Catering\",\"isPartOf\":{\"@id\":\"https:\/\/pontsik.com\/#website\"},\"datePublished\":\"2022-02-16T10:04:03+00:00\",\"dateModified\":\"2026-03-28T17:36:15+00:00\",\"breadcrumb\":{\"@id\":\"https:\/\/pontsik.com\/tordid-ja-kringlid\/#breadcrumb\"},\"inLanguage\":\"en-US\",\"potentialAction\":[{\"@type\":\"ReadAction\",\"target\":[\"https:\/\/pontsik.com\/tordid-ja-kringlid\/\"]}]},{\"@type\":\"BreadcrumbList\",\"@id\":\"https:\/\/pontsik.com\/tordid-ja-kringlid\/#breadcrumb\",\"itemListElement\":[{\"@type\":\"ListItem\",\"position\":1,\"name\":\"Avaleht\",\"item\":\"https:\/\/pontsik.com\/\"},{\"@type\":\"ListItem\",\"position\":2,\"name\":\"Tordid ja kringlid\"}]},{\"@type\":\"WebSite\",\"@id\":\"https:\/\/pontsik.com\/#website\",\"url\":\"https:\/\/pontsik.com\/\",\"name\":\"Momster Catering\",\"description\":\"Suurep\u00e4rane maitseelamus!\",\"publisher\":{\"@id\":\"https:\/\/pontsik.com\/#organization\"},\"potentialAction\":[{\"@type\":\"SearchAction\",\"target\":{\"@type\":\"EntryPoint\",\"urlTemplate\":\"https:\/\/pontsik.com\/?s={search_term_string}\"},\"query-input\":{\"@type\":\"PropertyValueSpecification\",\"valueRequired\":true,\"valueName\":\"search_term_string\"}}],\"inLanguage\":\"en-US\"},{\"@type\":\"Organization\",\"@id\":\"https:\/\/pontsik.com\/#organization\",\"name\":\"Momster Catering\",\"url\":\"https:\/\/pontsik.com\/\",\"logo\":{\"@type\":\"ImageObject\",\"inLanguage\":\"en-US\",\"@id\":\"https:\/\/pontsik.com\/#\/schema\/logo\/image\/\",\"url\":\"https:\/\/pontsik.com\/wp-content\/uploads\/2012\/06\/momster150.png\",\"contentUrl\":\"https:\/\/pontsik.com\/wp-content\/uploads\/2012\/06\/momster150.png\",\"width\":150,\"height\":151,\"caption\":\"Momster Catering\"},\"image\":{\"@id\":\"https:\/\/pontsik.com\/#\/schema\/logo\/image\/\"},\"sameAs\":[\"https:\/\/www.facebook.com\/momstercatering\/\",\"https:\/\/www.instagram.com\/momster_catering\/?hl=en\"]}]}<\/script>\n<!-- \/ Yoast SEO plugin. -->","yoast_head_json":{"title":"Tordid ja kringlid - Momster Catering","robots":{"index":"index","follow":"follow","max-snippet":"max-snippet:-1","max-image-preview":"max-image-preview:large","max-video-preview":"max-video-preview:-1"},"canonical":"https:\/\/pontsik.com\/en\/tordid-ja-kringlid\/","og_locale":"en_US","og_type":"article","og_title":"Tordid ja kringlid - Momster Catering","og_description":"Tordid ja rullid Salatid Soolaseks lauale Valmis vaagnad Tordid ja rullid Pidulikud maiused Lastemen\u00fc\u00fc Joogid Lauan\u00f5ud TORDID Tordid\u2026\u2026\u2026\u2026\u2026\u2026\u2026\u2026\u2026\u2026\u2026\u2026&#8230;&#8230;&#8230;&#8230;&#8230;&#8230;&#8230;\u2026\u2026\u2026\u2026\u2026&#8230;&#8230;&#8230;.\u2026\u2026\u2026\u2026\u2026\u2026\u2026\u2026\u2026\u2026\u2026\u2026\u2026\u2026\u2026\u2026\u2026\u2026.\u2026\u2026 30 \u20ac\/kgMAITSED: shokolaadine brownie-kirsi; &nbsp;rohe-roosa pistaatsia-vaarika; marjane sidruni-martsipani.Suhkrupilt tordile \u2026&nbsp;12 \u20ac \/\/&nbsp;Shokolaadist kiri tordile \u2026 6&nbsp;\u20ac Klassikaline k\u00fcpsisetort (min 2 kg) \u2026\u2026\u2026\u2026\u2026\u2026&#8230;&#8230;.\u2026\u2026\u2026\u2026\u2026\u2026\u2026\u2026\u2026\u2026&#8230;&#8230;&#8230;.\u2026\u2026\u2026\u2026\u2026\u2026\u2026\u2026\u2026\u2026\u2026.\u2026\u202620 \u20ac\/kg Banaani kr\u00e4supea (min 2kg) \u2026\u2026\u2026\u2026\u2026&#8230;&#8230;&#8230;&#8230;..\u2026\u2026\u2026\u2026\u2026\u2026\u2026\u2026\u2026\u2026\u2026\u2026\u2026\u2026&#8230;&#8230;&#8230;.\u2026\u2026\u2026\u2026\u2026\u2026\u2026\u2026\u2026\u2026\u2026\u202624 \u20ac\/kg TOORTORDID (vegan) &#8211; 40 \u20ac\/TK (ca 1,4kg) Maap\u00e4hkli-marja;...","og_url":"https:\/\/pontsik.com\/en\/tordid-ja-kringlid\/","og_site_name":"Momster Catering","article_publisher":"https:\/\/www.facebook.com\/momstercatering\/","article_modified_time":"2026-03-28T17:36:15+00:00","og_image":[{"width":200,"height":201,"url":"https:\/\/pontsik.com\/wp-content\/uploads\/2024\/02\/momster200.png","type":"image\/png"}],"twitter_card":"summary_large_image","twitter_misc":{"Est. reading time":"1 minute"},"schema":{"@context":"https:\/\/schema.org","@graph":[{"@type":"WebPage","@id":"https:\/\/pontsik.com\/tordid-ja-kringlid\/","url":"https:\/\/pontsik.com\/tordid-ja-kringlid\/","name":"Tordid ja kringlid - Momster Catering","isPartOf":{"@id":"https:\/\/pontsik.com\/#website"},"datePublished":"2022-02-16T10:04:03+00:00","dateModified":"2026-03-28T17:36:15+00:00","breadcrumb":{"@id":"https:\/\/pontsik.com\/tordid-ja-kringlid\/#breadcrumb"},"inLanguage":"en-US","potentialAction":[{"@type":"ReadAction","target":["https:\/\/pontsik.com\/tordid-ja-kringlid\/"]}]},{"@type":"BreadcrumbList","@id":"https:\/\/pontsik.com\/tordid-ja-kringlid\/#breadcrumb","itemListElement":[{"@type":"ListItem","position":1,"name":"Avaleht","item":"https:\/\/pontsik.com\/"},{"@type":"ListItem","position":2,"name":"Tordid ja kringlid"}]},{"@type":"WebSite","@id":"https:\/\/pontsik.com\/#website","url":"https:\/\/pontsik.com\/","name":"Momster Catering","description":"Suurep\u00e4rane maitseelamus!","publisher":{"@id":"https:\/\/pontsik.com\/#organization"},"potentialAction":[{"@type":"SearchAction","target":{"@type":"EntryPoint","urlTemplate":"https:\/\/pontsik.com\/?s={search_term_string}"},"query-input":{"@type":"PropertyValueSpecification","valueRequired":true,"valueName":"search_term_string"}}],"inLanguage":"en-US"},{"@type":"Organization","@id":"https:\/\/pontsik.com\/#organization","name":"Momster Catering","url":"https:\/\/pontsik.com\/","logo":{"@type":"ImageObject","inLanguage":"en-US","@id":"https:\/\/pontsik.com\/#\/schema\/logo\/image\/","url":"https:\/\/pontsik.com\/wp-content\/uploads\/2012\/06\/momster150.png","contentUrl":"https:\/\/pontsik.com\/wp-content\/uploads\/2012\/06\/momster150.png","width":150,"height":151,"caption":"Momster Catering"},"image":{"@id":"https:\/\/pontsik.com\/#\/schema\/logo\/image\/"},"sameAs":["https:\/\/www.facebook.com\/momstercatering\/","https:\/\/www.instagram.com\/momster_catering\/?hl=en"]}]}},"_links":{"self":[{"href":"https:\/\/pontsik.com\/en\/wp-json\/wp\/v2\/pages\/4084","targetHints":{"allow":["GET"]}}],"collection":[{"href":"https:\/\/pontsik.com\/en\/wp-json\/wp\/v2\/pages"}],"about":[{"href":"https:\/\/pontsik.com\/en\/wp-json\/wp\/v2\/types\/page"}],"author":[{"embeddable":true,"href":"https:\/\/pontsik.com\/en\/wp-json\/wp\/v2\/users\/2"}],"replies":[{"embeddable":true,"href":"https:\/\/pontsik.com\/en\/wp-json\/wp\/v2\/comments?post=4084"}],"version-history":[{"count":109,"href":"https:\/\/pontsik.com\/en\/wp-json\/wp\/v2\/pages\/4084\/revisions"}],"predecessor-version":[{"id":6360,"href":"https:\/\/pontsik.com\/en\/wp-json\/wp\/v2\/pages\/4084\/revisions\/6360"}],"wp:attachment":[{"href":"https:\/\/pontsik.com\/en\/wp-json\/wp\/v2\/media?parent=4084"}],"curies":[{"name":"wp","href":"https:\/\/api.w.org\/{rel}","templated":true}]}}