{"id":4354,"date":"2022-02-27T13:11:27","date_gmt":"2022-02-27T13:11:27","guid":{"rendered":"https:\/\/pontsik.com\/?page_id=4354"},"modified":"2026-03-28T19:36:15","modified_gmt":"2026-03-28T17:36:15","slug":"muugitingimused","status":"publish","type":"page","link":"https:\/\/pontsik.com\/en\/muugitingimused\/","title":{"rendered":"M\u00fc\u00fcgitingimused"},"content":{"rendered":"<section class=\"wpb-content-wrapper\"><div class=\"vc_row wpb_row vc_row-fluid\"><div class=\"wpb_column vc_column_container vc_col-sm-12\"><div class=\"vc_column-inner\"><div class=\"wpb_wrapper\"><script id='custom-style-6a05d02a25942' type='text\/javascript'>(function($) {$(document).ready(function() {$(\"head\").append(\"<style>#heading-6a05d02a25940{text-align: center;font-weight: 100;text-transform: none}<\/style>\");});})(jQuery);<\/script><h2 id=\"heading-6a05d02a25940\" class=\"vc_custom_heading tm-animation move-up\">M\u00fc\u00fcgitingimused<\/h2><\/div><\/div><\/div><\/div><div class=\"vc_row wpb_row vc_row-fluid\"><div class=\"wpb_column vc_column_container vc_col-sm-12\"><div class=\"vc_column-inner\"><div class=\"wpb_wrapper\">\n\t<div class=\"wpb_text_column wpb_content_element\" >\n\t\t<div class=\"wpb_wrapper\">\n\t\t\t<p style=\"text-align: center;\">VEEBIPOE M\u00dc\u00dcGITINGIMUSED<br \/>\nVeebipoe Inspektor Pontsik (edaspidi Veebipood) omanik on Inspektor Pontsik O\u00dc<br \/>\n(registrikood 16152930), juriidilise asukohaga Harjumaal, Kose alevikus, Vainu 2.<br \/>\nM\u00fc\u00fcgilepingu kehtivus, kauba- ja hinnainfo<br \/>\nM\u00fc\u00fcgitingimused kehtivad Veebipoest kaupade ostmisel.<br \/>\nVeebipoes m\u00fc\u00fcdavate toodete hinnad on m\u00e4rgitud toodete juurde. Hinnale lisandub tasu<br \/>\nkauba k\u00e4ttetoimetamise eest. K\u00f5ik veebipoes m\u00fc\u00fcdavate kaupade hinnad on eurodes.<br \/>\nKauba k\u00e4ttetoimetamise tasu s\u00f5ltub ostja asukohast ning k\u00e4ttetoimetamise viisist.<br \/>\nK\u00e4ttetoimetamise tasu kuvatakse ostjale tellimuse vormistamisel.<br \/>\nTeave kauba kohta on esitatud Veebipoes vahetult kauba juures.<br \/>\nTellimuse vormistamine<br \/>\nKauba tellimiseks tuleb lisada soovitud tooted ostukorvi. Tellimuse vormistamiseks tuleb<br \/>\nt\u00e4ita n\u00f5utud andmev\u00e4ljad ning valida sobiv toodete kohaletoimetamise viis. Seej\u00e4rel<br \/>\nkuvatakse ekraanile tasu suurus, mille saab tasuda turvaliselt l\u00e4bi j\u00e4rgnevate<br \/>\nmakseviiside:<br \/>\nEesti pangamaksed: Swedbank, SEB, Luminor, LHV, Coop Pank<br \/>\nNB! Pangalingiga tasumisel vajutada kindlasti panga lehel nupule \u201eTagasi kaupmehe<br \/>\njuurde\u201c.<br \/>\nMakseid vahendab Maksekeskus AS. Tasumine toimub v\u00e4ljaspool Veebipoodi turvalises<br \/>\nkeskkonnas \u2013 pangalingiga tasumisel vastava panga turvalises keskkonnas ja<br \/>\nkrediitkaardiga tasumisel Maksekeskus AS turvalises keskkonnas. M\u00fc\u00fcjal puudub ligip\u00e4\u00e4s<br \/>\nkliendi panga ja krediitkaardi andmetele. Leping j\u00f5ustub alates tasumisele kuuluva summa<br \/>\nlaekumisest Veebipoe arvelduskontole.<br \/>\nVeebipoe omanik on isikuandmete vastutav t\u00f6\u00f6tleja ning edastab maksete teostamiseks<br \/>\nvajalikud isikuandmed volitatud t\u00f6\u00f6tleja Maksekeskus AS-le.<br \/>\nKui tellitud kaupa ei ole v\u00f5imalik tarnida seoses kauba l\u00f5ppemisega v\u00f5i muul p\u00f5hjusel,<br \/>\nteavitatakse sellest ostjat esimesel v\u00f5imalusel ning tagastatakse tasutud raha (sh kauba<br \/>\nk\u00e4ttetoimetamise kulud) viivitamata, kuid mitte hiljem kui 14 p\u00e4eva jooksul teate<br \/>\nsaatmisest.<br \/>\nKohaletoimetamine<br \/>\nKaupu saadetakse j\u00e4rgmistesse riikidesse: Eesti<br \/>\nKauba k\u00e4ttesaamiseks on ostjal j\u00e4rgnevad valikud: Omniva v\u00f5i DPD pakiautomaat, ise<br \/>\nj\u00e4rgi tulemise v\u00f5imalus Kose alevikus.<br \/>\nKauba saatmiskulud kannab ostja ning vastav hinnainfo on kuvatud saatmisviisi juures.<br \/>\nEestisisesed saadetised j\u00f5uavad \u00fcldjuhul ostja m\u00e4\u00e4ratud sihtpunkti 2-3 t\u00f6\u00f6p\u00e4eva jooksul<br \/>\nalates m\u00fc\u00fcgilepingu j\u00f5ustumisest. V\u00e4ljaspool Eestit toimub kohaletoimetamine vastavalt<br \/>\nerikokkuleppele.<br \/>\nErandlikel juhtumitel on \u00f5igus kaup kohale toimetada kuni 45 kalendrip\u00e4eva jooksul.<br \/>\nTaganemis\u00f5igus<br \/>\nTellimuse k\u00e4ttesaamisel on kliendil \u00f5igus loobuda toodetest, sealjuures kaalutoodetest<br \/>\nsaab loobuda vaid tervikuna.<br \/>\nTaganemis\u00f5igus ei kohaldu, kui ostjaks on juriidiline isik.<br \/>\n14-p\u00e4evase tagastamis\u00f5iguse kasutamiseks ei tohi tellitud kaupa kasutada muul viisil kui<br \/>\non vajalik kauba olemuses, omadustes ja toimimises veendumiseks viisil nagu see on<br \/>\nlubatud kauba testimiseks f\u00fc\u00fcsilises poes.<br \/>\nKui kaupa on kasutatud muuks otstarbeks kui on vajalik kauba olemuses, omadustes ja<br \/>\ntoimimises veendumiseks v\u00f5i sellel on kasutamise v\u00f5i kulumise m\u00e4rke, on Veebipoel \u00f5igus<br \/>\nalandada tagastatavat tasu vastavalt kauba v\u00e4\u00e4rtuse v\u00e4henemisele.<br \/>\nKauba tagastamiseks tuleb esitada kauba ostmisest taganemise avaldus, mille vormi leiab<br \/>\nsiit: siia link taganemisavaldusele ning saata see e-posti aadressile<br \/>\ninspektor@pontsik.com hiljemalt 14 p\u00e4eva jooksul kauba k\u00e4ttesaamisest.<br \/>\nKauba tagastamise kulud kannab ostja, v\u00e4lja arvatud juhul, kui tagastamise p\u00f5hjus<br \/>\nseisneb asjaolus, et tagastamisele kuuluv toode ei vasta tellitule (nt vale v\u00f5i defektiga<br \/>\ntoode).<br \/>\nOstja peab kauba tagastama avalduse esitamisele j\u00e4rgneva 14 p\u00e4eva jooksul v\u00f5i esitama<br \/>\nt\u00f5endi, et ta on eelnimetatud perioodi jooksul kauba \u00fcle andnud kauba vedajale.<br \/>\nVeebipood tagastab tagastatava kauba k\u00e4ttesaamisel ostjale viivitamata, kuid mitte hiljem<br \/>\nkui 14 p\u00e4eva m\u00f6\u00f6dumisel arvates taganemisavalduse saamisest, k\u00f5ik ostjalt lepingu<br \/>\nalusel saadud tasud.<br \/>\nVeebipood v\u00f5ib keelduda tagasimaksete tegemisest seni, kuni on lepingu esemeks oleva<br \/>\nasja tagasi saanud v\u00f5i kuni ostja on esitanud t\u00f5endid, et on asja tagasi saatnud, s\u00f5ltuvalt<br \/>\nsellest, kumb toimub varem.<br \/>\nKui ostja on s\u00f5naselgelt valinud Veebipoe pakutud k\u00f5ige odavamast tavap\u00e4rasest asja<br \/>\nk\u00e4ttetoimetamise viisist erineva k\u00e4ttetoimetamise viisi, ei pea Veebipood tarbijale<br \/>\ntagastama kulu, mis \u00fcletab tavap\u00e4rase k\u00e4ttetoimetamise viisiga seotud kulu.<br \/>\nVeebipoel on \u00f5igus taganeda m\u00fc\u00fcgitehingust ning n\u00f5uda ostjalt tagasi kaup, kui kauba<br \/>\nhind veebipoes on eksituse t\u00f5ttu m\u00e4rgitud oluliselt alla kauba turuhinna.<br \/>\nPretensiooni esitamise \u00f5igus<br \/>\nVeebipood vastutab ostjale m\u00fc\u00fcdud kauba lepingutingimustele mittevastavuse v\u00f5i<br \/>\npuuduse eest, mis oli olemas juba asja \u00fcleandmise hetkel ning mis ilmneb kuni kahe aasta<br \/>\njooksul, alates kauba \u00fcleandmisest ostjale. ellest esimese kuue kuu jooksul asja<br \/>\n\u00fcleandmisest ostjale eeldatakse, et puudus oli olemas juba asja \u00fcleandmise ajal. Vastava<br \/>\neelduse \u00fcmberl\u00fckkamine on Veebipoe kohustus.<br \/>\nOstjal on \u00f5igus puuduse ilmnemisel p\u00f6\u00f6rduda hiljemalt kahe kuu jooksul veebipoe poole,<br \/>\nsaates e-kirja aadressile inspektor@pontsik.com v\u00f5i helistada telefonil +372 56487449.<br \/>\nVeebipood ei vastuta puuduste eest, mis on tekkinud p\u00e4rast kauba \u00fcleandmist ostjale.<br \/>\nKui Veebipoest ostetud kaubal on puudused, mille eest Veebipood vastutab, parandab v\u00f5i<br \/>\nasendab Veebipood puudusega kauba. Kui kaupa ei ole v\u00f5imalik parandada ega<br \/>\nasendada, tagastab Veebipood ostjale k\u00f5ik m\u00fc\u00fcgilepinguga kaasnenud tasud.<br \/>\nVeebipood vastab tarbija esitatud kaebusele kirjalikult v\u00f5i kirjalikku taasesitamist<br \/>\nv\u00f5imaldavas vormis 15 p\u00e4eva jooksul.<br \/>\nOtseturustus ja isikuandmete t\u00f6\u00f6tlemine<br \/>\nVeebipood kasutab ostja poolt sisestatud isikuandmeid ainult tellimuse t\u00f6\u00f6tlemiseks ning<br \/>\nkauba ostjale saatmiseks. Veebipood edastab isikuandmeid veoteenust pakkuvale<br \/>\nettev\u00f5tetele selleks, et kohale toimetada kaupa.<br \/>\nVeebipood saadab ostjale uudiskirju ning pakkumisi ostja e-maili aadressile ainult juhul,<br \/>\nkui ostja on selleks avaldanud soovi sisestades veebilehel e-kirja aadressi ning andnud<br \/>\nteada oma soovist otsepostituse teadete saamiseks.<br \/>\nOstjal on igal ajal v\u00f5imalik loobuda e-postile saadetavatest pakkumistest ja uudiskirjadest<br \/>\nandes sellest meile teada e-kirja teel v\u00f5i j\u00e4rgides pakkumisi sisaldava e-kirjas toodud<br \/>\njuhiseid.<br \/>\nVaidluste lahendamine<br \/>\nKui ostjal on Veebipoe osas pretensioone, tuleb need saata e-kirja aadressile<br \/>\ninspektor@pontsik.com v\u00f5i helistada telefonil +372 56487449.<br \/>\nKui ostja ja Veebipood ei suuda lahendada vaidlust kokkuleppe teel, siis on ostjal v\u00f5imalik<br \/>\np\u00f6\u00f6rduda Tarbijavaidluste komisjoni poole. Menetlustingimustega saab tutvuda ning<br \/>\navaldust esitada siin. Tarbijavaidluste komisjoni p\u00e4devuses on lahendada ostja ja<br \/>\nVeebipoe vahel s\u00f5lmitud lepingust tulenevaid vaidlusi. Ostja kaebuse l\u00e4bivaatamine<br \/>\nkomisjonis on tasuta.<br \/>\nOstja v\u00f5ib p\u00f6\u00f6rduda Euroopa Liidu tarbijavaidlusi lahendava platvormi poole.<\/p>\n<p style=\"text-align: center;\">NB! T\u00e4idiseid ei ole v\u00f5imalik tagastada, sest tegu on kiirelt riknevate toodetega.<\/p>\n\n\t\t<\/div>\n\t<\/div>\n<\/div><\/div><\/div><\/div>\n<\/section>","protected":false},"excerpt":{"rendered":"M\u00fc\u00fcgitingimused VEEBIPOE M\u00dc\u00dcGITINGIMUSED Veebipoe Inspektor Pontsik (edaspidi Veebipood) omanik on Inspektor Pontsik O\u00dc (registrikood 16152930), juriidilise asukohaga Harjumaal, Kose alevikus, Vainu 2. M\u00fc\u00fcgilepingu kehtivus, kauba- ja hinnainfo M\u00fc\u00fcgitingimused kehtivad Veebipoest kaupade ostmisel. Veebipoes m\u00fc\u00fcdavate toodete hinnad on m\u00e4rgitud toodete juurde. Hinnale lisandub tasu kauba k\u00e4ttetoimetamise eest. K\u00f5ik veebipoes m\u00fc\u00fcdavate kaupade hinnad on eurodes. Kauba k\u00e4ttetoimetamise...","protected":false},"author":2,"featured_media":0,"parent":0,"menu_order":0,"comment_status":"closed","ping_status":"closed","template":"","meta":{"footnotes":""},"class_list":["post-4354","page","type-page","status-publish","hentry"],"yoast_head":"<!-- This site is optimized with the Yoast SEO plugin v27.2 - https:\/\/yoast.com\/product\/yoast-seo-wordpress\/ -->\n<title>M\u00fc\u00fcgitingimused - Momster Catering<\/title>\n<meta name=\"robots\" content=\"index, follow, max-snippet:-1, max-image-preview:large, max-video-preview:-1\" \/>\n<link rel=\"canonical\" href=\"https:\/\/pontsik.com\/en\/muugitingimused\/\" \/>\n<meta property=\"og:locale\" content=\"en_US\" \/>\n<meta property=\"og:type\" content=\"article\" \/>\n<meta property=\"og:title\" content=\"M\u00fc\u00fcgitingimused - Momster Catering\" \/>\n<meta property=\"og:url\" content=\"https:\/\/pontsik.com\/en\/muugitingimused\/\" \/>\n<meta property=\"og:site_name\" content=\"Momster Catering\" \/>\n<meta property=\"article:publisher\" content=\"https:\/\/www.facebook.com\/momstercatering\/\" \/>\n<meta property=\"article:modified_time\" content=\"2026-03-28T17:36:15+00:00\" \/>\n<meta property=\"og:image\" content=\"https:\/\/pontsik.com\/wp-content\/uploads\/2024\/02\/momster200.png\" \/>\n\t<meta property=\"og:image:width\" content=\"200\" \/>\n\t<meta property=\"og:image:height\" content=\"201\" \/>\n\t<meta property=\"og:image:type\" content=\"image\/png\" \/>\n<meta name=\"twitter:card\" content=\"summary_large_image\" \/>\n<meta name=\"twitter:label1\" content=\"Est. reading time\" \/>\n\t<meta name=\"twitter:data1\" content=\"5 minutes\" \/>\n<script type=\"application\/ld+json\" class=\"yoast-schema-graph\">{\"@context\":\"https:\/\/schema.org\",\"@graph\":[{\"@type\":\"WebPage\",\"@id\":\"https:\/\/pontsik.com\/muugitingimused\/\",\"url\":\"https:\/\/pontsik.com\/muugitingimused\/\",\"name\":\"M\u00fc\u00fcgitingimused - Momster Catering\",\"isPartOf\":{\"@id\":\"https:\/\/pontsik.com\/#website\"},\"datePublished\":\"2022-02-27T13:11:27+00:00\",\"dateModified\":\"2026-03-28T17:36:15+00:00\",\"breadcrumb\":{\"@id\":\"https:\/\/pontsik.com\/muugitingimused\/#breadcrumb\"},\"inLanguage\":\"en-US\",\"potentialAction\":[{\"@type\":\"ReadAction\",\"target\":[\"https:\/\/pontsik.com\/muugitingimused\/\"]}]},{\"@type\":\"BreadcrumbList\",\"@id\":\"https:\/\/pontsik.com\/muugitingimused\/#breadcrumb\",\"itemListElement\":[{\"@type\":\"ListItem\",\"position\":1,\"name\":\"Avaleht\",\"item\":\"https:\/\/pontsik.com\/\"},{\"@type\":\"ListItem\",\"position\":2,\"name\":\"M\u00fc\u00fcgitingimused\"}]},{\"@type\":\"WebSite\",\"@id\":\"https:\/\/pontsik.com\/#website\",\"url\":\"https:\/\/pontsik.com\/\",\"name\":\"Momster Catering\",\"description\":\"Suurep\u00e4rane maitseelamus!\",\"publisher\":{\"@id\":\"https:\/\/pontsik.com\/#organization\"},\"potentialAction\":[{\"@type\":\"SearchAction\",\"target\":{\"@type\":\"EntryPoint\",\"urlTemplate\":\"https:\/\/pontsik.com\/?s={search_term_string}\"},\"query-input\":{\"@type\":\"PropertyValueSpecification\",\"valueRequired\":true,\"valueName\":\"search_term_string\"}}],\"inLanguage\":\"en-US\"},{\"@type\":\"Organization\",\"@id\":\"https:\/\/pontsik.com\/#organization\",\"name\":\"Momster Catering\",\"url\":\"https:\/\/pontsik.com\/\",\"logo\":{\"@type\":\"ImageObject\",\"inLanguage\":\"en-US\",\"@id\":\"https:\/\/pontsik.com\/#\/schema\/logo\/image\/\",\"url\":\"https:\/\/pontsik.com\/wp-content\/uploads\/2012\/06\/momster150.png\",\"contentUrl\":\"https:\/\/pontsik.com\/wp-content\/uploads\/2012\/06\/momster150.png\",\"width\":150,\"height\":151,\"caption\":\"Momster Catering\"},\"image\":{\"@id\":\"https:\/\/pontsik.com\/#\/schema\/logo\/image\/\"},\"sameAs\":[\"https:\/\/www.facebook.com\/momstercatering\/\",\"https:\/\/www.instagram.com\/momster_catering\/?hl=en\"]}]}<\/script>\n<!-- \/ Yoast SEO plugin. -->","yoast_head_json":{"title":"M\u00fc\u00fcgitingimused - Momster Catering","robots":{"index":"index","follow":"follow","max-snippet":"max-snippet:-1","max-image-preview":"max-image-preview:large","max-video-preview":"max-video-preview:-1"},"canonical":"https:\/\/pontsik.com\/en\/muugitingimused\/","og_locale":"en_US","og_type":"article","og_title":"M\u00fc\u00fcgitingimused - Momster Catering","og_url":"https:\/\/pontsik.com\/en\/muugitingimused\/","og_site_name":"Momster Catering","article_publisher":"https:\/\/www.facebook.com\/momstercatering\/","article_modified_time":"2026-03-28T17:36:15+00:00","og_image":[{"width":200,"height":201,"url":"https:\/\/pontsik.com\/wp-content\/uploads\/2024\/02\/momster200.png","type":"image\/png"}],"twitter_card":"summary_large_image","twitter_misc":{"Est. reading time":"5 minutes"},"schema":{"@context":"https:\/\/schema.org","@graph":[{"@type":"WebPage","@id":"https:\/\/pontsik.com\/muugitingimused\/","url":"https:\/\/pontsik.com\/muugitingimused\/","name":"M\u00fc\u00fcgitingimused - Momster Catering","isPartOf":{"@id":"https:\/\/pontsik.com\/#website"},"datePublished":"2022-02-27T13:11:27+00:00","dateModified":"2026-03-28T17:36:15+00:00","breadcrumb":{"@id":"https:\/\/pontsik.com\/muugitingimused\/#breadcrumb"},"inLanguage":"en-US","potentialAction":[{"@type":"ReadAction","target":["https:\/\/pontsik.com\/muugitingimused\/"]}]},{"@type":"BreadcrumbList","@id":"https:\/\/pontsik.com\/muugitingimused\/#breadcrumb","itemListElement":[{"@type":"ListItem","position":1,"name":"Avaleht","item":"https:\/\/pontsik.com\/"},{"@type":"ListItem","position":2,"name":"M\u00fc\u00fcgitingimused"}]},{"@type":"WebSite","@id":"https:\/\/pontsik.com\/#website","url":"https:\/\/pontsik.com\/","name":"Momster Catering","description":"Suurep\u00e4rane maitseelamus!","publisher":{"@id":"https:\/\/pontsik.com\/#organization"},"potentialAction":[{"@type":"SearchAction","target":{"@type":"EntryPoint","urlTemplate":"https:\/\/pontsik.com\/?s={search_term_string}"},"query-input":{"@type":"PropertyValueSpecification","valueRequired":true,"valueName":"search_term_string"}}],"inLanguage":"en-US"},{"@type":"Organization","@id":"https:\/\/pontsik.com\/#organization","name":"Momster Catering","url":"https:\/\/pontsik.com\/","logo":{"@type":"ImageObject","inLanguage":"en-US","@id":"https:\/\/pontsik.com\/#\/schema\/logo\/image\/","url":"https:\/\/pontsik.com\/wp-content\/uploads\/2012\/06\/momster150.png","contentUrl":"https:\/\/pontsik.com\/wp-content\/uploads\/2012\/06\/momster150.png","width":150,"height":151,"caption":"Momster Catering"},"image":{"@id":"https:\/\/pontsik.com\/#\/schema\/logo\/image\/"},"sameAs":["https:\/\/www.facebook.com\/momstercatering\/","https:\/\/www.instagram.com\/momster_catering\/?hl=en"]}]}},"_links":{"self":[{"href":"https:\/\/pontsik.com\/en\/wp-json\/wp\/v2\/pages\/4354","targetHints":{"allow":["GET"]}}],"collection":[{"href":"https:\/\/pontsik.com\/en\/wp-json\/wp\/v2\/pages"}],"about":[{"href":"https:\/\/pontsik.com\/en\/wp-json\/wp\/v2\/types\/page"}],"author":[{"embeddable":true,"href":"https:\/\/pontsik.com\/en\/wp-json\/wp\/v2\/users\/2"}],"replies":[{"embeddable":true,"href":"https:\/\/pontsik.com\/en\/wp-json\/wp\/v2\/comments?post=4354"}],"version-history":[{"count":6,"href":"https:\/\/pontsik.com\/en\/wp-json\/wp\/v2\/pages\/4354\/revisions"}],"predecessor-version":[{"id":5925,"href":"https:\/\/pontsik.com\/en\/wp-json\/wp\/v2\/pages\/4354\/revisions\/5925"}],"wp:attachment":[{"href":"https:\/\/pontsik.com\/en\/wp-json\/wp\/v2\/media?parent=4354"}],"curies":[{"name":"wp","href":"https:\/\/api.w.org\/{rel}","templated":true}]}}