{"id":5325,"date":"2023-05-30T12:24:56","date_gmt":"2023-05-30T12:24:56","guid":{"rendered":"https:\/\/pontsik.com\/?page_id=5325"},"modified":"2026-03-28T19:36:15","modified_gmt":"2026-03-28T17:36:15","slug":"peopakett-1","status":"publish","type":"page","link":"https:\/\/pontsik.com\/en\/peopakett-1\/","title":{"rendered":"Peopakett-1"},"content":{"rendered":"<div data-elementor-type=\"wp-page\" data-elementor-id=\"5325\" class=\"elementor elementor-5325\">\n\t\t\t\t\t\t<section class=\"elementor-section elementor-top-section elementor-element elementor-element-445489f elementor-section-boxed elementor-section-height-default elementor-section-height-default\" data-id=\"445489f\" data-element_type=\"section\" data-e-type=\"section\">\n\t\t\t\t\t\t<div class=\"elementor-container elementor-column-gap-default\">\n\t\t\t\t\t<div class=\"elementor-column elementor-col-50 elementor-top-column elementor-element elementor-element-345f9fd\" data-id=\"345f9fd\" data-element_type=\"column\" data-e-type=\"column\">\n\t\t\t<div class=\"elementor-widget-wrap elementor-element-populated\">\n\t\t\t\t\t\t<div class=\"elementor-element elementor-element-1c4cf56 elementor-widget elementor-widget-image\" data-id=\"1c4cf56\" data-element_type=\"widget\" data-e-type=\"widget\" data-widget_type=\"image.default\">\n\t\t\t\t<div class=\"elementor-widget-container\">\n\t\t\t\t\t\t\t\t\t\t\t\t\t\t\t<img fetchpriority=\"high\" decoding=\"async\" width=\"640\" height=\"905\" src=\"https:\/\/pontsik.com\/wp-content\/uploads\/2025\/11\/2-1-768x1086.jpg\" class=\"attachment-medium_large size-medium_large wp-image-6307\" alt=\"\" srcset=\"https:\/\/pontsik.com\/wp-content\/uploads\/2025\/11\/2-1-768x1086.jpg 768w, https:\/\/pontsik.com\/wp-content\/uploads\/2025\/11\/2-1-212x300.jpg 212w, https:\/\/pontsik.com\/wp-content\/uploads\/2025\/11\/2-1-724x1024.jpg 724w, https:\/\/pontsik.com\/wp-content\/uploads\/2025\/11\/2-1-1086x1536.jpg 1086w, https:\/\/pontsik.com\/wp-content\/uploads\/2025\/11\/2-1-600x849.jpg 600w, https:\/\/pontsik.com\/wp-content\/uploads\/2025\/11\/2-1.jpg 1414w\" sizes=\"(max-width: 640px) 100vw, 640px\" \/>\t\t\t\t\t\t\t\t\t\t\t\t\t\t\t<\/div>\n\t\t\t\t<\/div>\n\t\t\t\t\t<\/div>\n\t\t<\/div>\n\t\t\t\t<div class=\"elementor-column elementor-col-50 elementor-top-column elementor-element elementor-element-9a11ffd\" data-id=\"9a11ffd\" data-element_type=\"column\" data-e-type=\"column\">\n\t\t\t<div class=\"elementor-widget-wrap elementor-element-populated\">\n\t\t\t\t\t\t<div class=\"elementor-element elementor-element-e517e2c elementor-widget elementor-widget-heading\" data-id=\"e517e2c\" data-element_type=\"widget\" data-e-type=\"widget\" data-widget_type=\"heading.default\">\n\t\t\t\t<div class=\"elementor-widget-container\">\n\t\t\t\t\t<h2 class=\"elementor-heading-title elementor-size-default\">Pakett laste lemmikutest<\/h2>\t\t\t\t<\/div>\n\t\t\t\t<\/div>\n\t\t\t\t<div class=\"elementor-element elementor-element-1d9273c elementor-widget elementor-widget-text-editor\" data-id=\"1d9273c\" data-element_type=\"widget\" data-e-type=\"widget\" data-widget_type=\"text-editor.default\">\n\t\t\t\t<div class=\"elementor-widget-container\">\n\t\t\t\t\t\t\t\t\t<p><i>Hind 10\u20ac\/in (Min 10 in)<\/i><\/p>\n<p><i>Serveerimisele tuleb:<\/i><\/p>\n<p><i>1) Kodune kartulisalat V\u00d5I Makaronisalat singiga topsis (120g)<\/i><\/p>\n<p><i>2) Miniviineripirukad (2tk\/in)<\/i><\/p>\n<p><i>3) V\u00e4rviline k\u00f6\u00f6gi- ja juurviljavaagen dipiga<\/i><\/p>\n<p><i>4) Singi-juustu lavashiampsud<\/i><\/p>\n<p><i>5) \u00c4mbrit\u00e4is popcorni<\/i><\/p>\n<p><i>6) Minis\u00f5\u00f5rik maasika t\u00e4idisega v\u00f5i pulgakook (1tk)&nbsp;<\/i><\/p>\t\t\t\t\t\t\t\t<\/div>\n\t\t\t\t<\/div>\n\t\t\t\t\t<\/div>\n\t\t<\/div>\n\t\t\t\t\t<\/div>\n\t\t<\/section>\n\t\t\t\t<\/div>","protected":false},"excerpt":{"rendered":"<p>Pakett laste lemmikutest Hind 10\u20ac\/in (Min 10 in) Serveerimisele tuleb: 1) Kodune kartulisalat V\u00d5I Makaronisalat singiga topsis (120g) 2) Miniviineripirukad (2tk\/in) 3) V\u00e4rviline k\u00f6\u00f6gi- ja juurviljavaagen dipiga 4) Singi-juustu lavashiampsud 5) \u00c4mbrit\u00e4is popcorni 6) Minis\u00f5\u00f5rik maasika t\u00e4idisega v\u00f5i pulgakook (1tk)&nbsp;<\/p>","protected":false},"author":4,"featured_media":0,"parent":0,"menu_order":0,"comment_status":"closed","ping_status":"closed","template":"","meta":{"footnotes":""},"class_list":["post-5325","page","type-page","status-publish","hentry"],"yoast_head":"<!-- This site is optimized with the Yoast SEO plugin v27.2 - https:\/\/yoast.com\/product\/yoast-seo-wordpress\/ -->\n<title>Peopakett-1 - Momster Catering<\/title>\n<meta name=\"robots\" content=\"index, follow, max-snippet:-1, max-image-preview:large, max-video-preview:-1\" \/>\n<link rel=\"canonical\" href=\"https:\/\/pontsik.com\/en\/peopakett-1\/\" \/>\n<meta property=\"og:locale\" content=\"en_US\" \/>\n<meta property=\"og:type\" content=\"article\" \/>\n<meta property=\"og:title\" content=\"Peopakett-1 - Momster Catering\" \/>\n<meta property=\"og:description\" content=\"Pakett laste lemmikutest Hind 10\u20ac\/in (Min 10 in) Serveerimisele tuleb: 1) Kodune kartulisalat V\u00d5I Makaronisalat singiga topsis (120g) 2) Miniviineripirukad (2tk\/in) 3) V\u00e4rviline k\u00f6\u00f6gi- ja juurviljavaagen dipiga 4) Singi-juustu lavashiampsud 5) \u00c4mbrit\u00e4is popcorni 6) Minis\u00f5\u00f5rik maasika t\u00e4idisega v\u00f5i pulgakook (1tk)&nbsp;\" \/>\n<meta property=\"og:url\" content=\"https:\/\/pontsik.com\/en\/peopakett-1\/\" \/>\n<meta property=\"og:site_name\" content=\"Momster Catering\" \/>\n<meta property=\"article:publisher\" content=\"https:\/\/www.facebook.com\/momstercatering\/\" \/>\n<meta property=\"article:modified_time\" content=\"2026-03-28T17:36:15+00:00\" \/>\n<meta property=\"og:image\" content=\"https:\/\/pontsik.com\/wp-content\/uploads\/2025\/11\/2-1-768x1086.jpg\" \/>\n<meta name=\"twitter:card\" content=\"summary_large_image\" \/>\n<meta name=\"twitter:label1\" content=\"Est. reading time\" \/>\n\t<meta name=\"twitter:data1\" content=\"1 minute\" \/>\n<script type=\"application\/ld+json\" class=\"yoast-schema-graph\">{\"@context\":\"https:\/\/schema.org\",\"@graph\":[{\"@type\":\"WebPage\",\"@id\":\"https:\/\/pontsik.com\/peopakett-1\/\",\"url\":\"https:\/\/pontsik.com\/peopakett-1\/\",\"name\":\"Peopakett-1 - Momster Catering\",\"isPartOf\":{\"@id\":\"https:\/\/pontsik.com\/#website\"},\"primaryImageOfPage\":{\"@id\":\"https:\/\/pontsik.com\/peopakett-1\/#primaryimage\"},\"image\":{\"@id\":\"https:\/\/pontsik.com\/peopakett-1\/#primaryimage\"},\"thumbnailUrl\":\"https:\/\/pontsik.com\/wp-content\/uploads\/2025\/11\/2-1-768x1086.jpg\",\"datePublished\":\"2023-05-30T12:24:56+00:00\",\"dateModified\":\"2026-03-28T17:36:15+00:00\",\"breadcrumb\":{\"@id\":\"https:\/\/pontsik.com\/peopakett-1\/#breadcrumb\"},\"inLanguage\":\"en-US\",\"potentialAction\":[{\"@type\":\"ReadAction\",\"target\":[\"https:\/\/pontsik.com\/peopakett-1\/\"]}]},{\"@type\":\"ImageObject\",\"inLanguage\":\"en-US\",\"@id\":\"https:\/\/pontsik.com\/peopakett-1\/#primaryimage\",\"url\":\"https:\/\/pontsik.com\/wp-content\/uploads\/2025\/11\/2-1-768x1086.jpg\",\"contentUrl\":\"https:\/\/pontsik.com\/wp-content\/uploads\/2025\/11\/2-1-768x1086.jpg\"},{\"@type\":\"BreadcrumbList\",\"@id\":\"https:\/\/pontsik.com\/peopakett-1\/#breadcrumb\",\"itemListElement\":[{\"@type\":\"ListItem\",\"position\":1,\"name\":\"Avaleht\",\"item\":\"https:\/\/pontsik.com\/\"},{\"@type\":\"ListItem\",\"position\":2,\"name\":\"Peopakett-1\"}]},{\"@type\":\"WebSite\",\"@id\":\"https:\/\/pontsik.com\/#website\",\"url\":\"https:\/\/pontsik.com\/\",\"name\":\"Momster Catering\",\"description\":\"Suurep\u00e4rane maitseelamus!\",\"publisher\":{\"@id\":\"https:\/\/pontsik.com\/#organization\"},\"potentialAction\":[{\"@type\":\"SearchAction\",\"target\":{\"@type\":\"EntryPoint\",\"urlTemplate\":\"https:\/\/pontsik.com\/?s={search_term_string}\"},\"query-input\":{\"@type\":\"PropertyValueSpecification\",\"valueRequired\":true,\"valueName\":\"search_term_string\"}}],\"inLanguage\":\"en-US\"},{\"@type\":\"Organization\",\"@id\":\"https:\/\/pontsik.com\/#organization\",\"name\":\"Momster Catering\",\"url\":\"https:\/\/pontsik.com\/\",\"logo\":{\"@type\":\"ImageObject\",\"inLanguage\":\"en-US\",\"@id\":\"https:\/\/pontsik.com\/#\/schema\/logo\/image\/\",\"url\":\"https:\/\/pontsik.com\/wp-content\/uploads\/2012\/06\/momster150.png\",\"contentUrl\":\"https:\/\/pontsik.com\/wp-content\/uploads\/2012\/06\/momster150.png\",\"width\":150,\"height\":151,\"caption\":\"Momster Catering\"},\"image\":{\"@id\":\"https:\/\/pontsik.com\/#\/schema\/logo\/image\/\"},\"sameAs\":[\"https:\/\/www.facebook.com\/momstercatering\/\",\"https:\/\/www.instagram.com\/momster_catering\/?hl=en\"]}]}<\/script>\n<!-- \/ Yoast SEO plugin. -->","yoast_head_json":{"title":"Peopakett-1 - Momster Catering","robots":{"index":"index","follow":"follow","max-snippet":"max-snippet:-1","max-image-preview":"max-image-preview:large","max-video-preview":"max-video-preview:-1"},"canonical":"https:\/\/pontsik.com\/en\/peopakett-1\/","og_locale":"en_US","og_type":"article","og_title":"Peopakett-1 - Momster Catering","og_description":"Pakett laste lemmikutest Hind 10\u20ac\/in (Min 10 in) Serveerimisele tuleb: 1) Kodune kartulisalat V\u00d5I Makaronisalat singiga topsis (120g) 2) Miniviineripirukad (2tk\/in) 3) V\u00e4rviline k\u00f6\u00f6gi- ja juurviljavaagen dipiga 4) Singi-juustu lavashiampsud 5) \u00c4mbrit\u00e4is popcorni 6) Minis\u00f5\u00f5rik maasika t\u00e4idisega v\u00f5i pulgakook (1tk)&nbsp;","og_url":"https:\/\/pontsik.com\/en\/peopakett-1\/","og_site_name":"Momster Catering","article_publisher":"https:\/\/www.facebook.com\/momstercatering\/","article_modified_time":"2026-03-28T17:36:15+00:00","og_image":[{"url":"https:\/\/pontsik.com\/wp-content\/uploads\/2025\/11\/2-1-768x1086.jpg","type":"","width":"","height":""}],"twitter_card":"summary_large_image","twitter_misc":{"Est. reading time":"1 minute"},"schema":{"@context":"https:\/\/schema.org","@graph":[{"@type":"WebPage","@id":"https:\/\/pontsik.com\/peopakett-1\/","url":"https:\/\/pontsik.com\/peopakett-1\/","name":"Peopakett-1 - Momster Catering","isPartOf":{"@id":"https:\/\/pontsik.com\/#website"},"primaryImageOfPage":{"@id":"https:\/\/pontsik.com\/peopakett-1\/#primaryimage"},"image":{"@id":"https:\/\/pontsik.com\/peopakett-1\/#primaryimage"},"thumbnailUrl":"https:\/\/pontsik.com\/wp-content\/uploads\/2025\/11\/2-1-768x1086.jpg","datePublished":"2023-05-30T12:24:56+00:00","dateModified":"2026-03-28T17:36:15+00:00","breadcrumb":{"@id":"https:\/\/pontsik.com\/peopakett-1\/#breadcrumb"},"inLanguage":"en-US","potentialAction":[{"@type":"ReadAction","target":["https:\/\/pontsik.com\/peopakett-1\/"]}]},{"@type":"ImageObject","inLanguage":"en-US","@id":"https:\/\/pontsik.com\/peopakett-1\/#primaryimage","url":"https:\/\/pontsik.com\/wp-content\/uploads\/2025\/11\/2-1-768x1086.jpg","contentUrl":"https:\/\/pontsik.com\/wp-content\/uploads\/2025\/11\/2-1-768x1086.jpg"},{"@type":"BreadcrumbList","@id":"https:\/\/pontsik.com\/peopakett-1\/#breadcrumb","itemListElement":[{"@type":"ListItem","position":1,"name":"Avaleht","item":"https:\/\/pontsik.com\/"},{"@type":"ListItem","position":2,"name":"Peopakett-1"}]},{"@type":"WebSite","@id":"https:\/\/pontsik.com\/#website","url":"https:\/\/pontsik.com\/","name":"Momster Catering","description":"Suurep\u00e4rane maitseelamus!","publisher":{"@id":"https:\/\/pontsik.com\/#organization"},"potentialAction":[{"@type":"SearchAction","target":{"@type":"EntryPoint","urlTemplate":"https:\/\/pontsik.com\/?s={search_term_string}"},"query-input":{"@type":"PropertyValueSpecification","valueRequired":true,"valueName":"search_term_string"}}],"inLanguage":"en-US"},{"@type":"Organization","@id":"https:\/\/pontsik.com\/#organization","name":"Momster Catering","url":"https:\/\/pontsik.com\/","logo":{"@type":"ImageObject","inLanguage":"en-US","@id":"https:\/\/pontsik.com\/#\/schema\/logo\/image\/","url":"https:\/\/pontsik.com\/wp-content\/uploads\/2012\/06\/momster150.png","contentUrl":"https:\/\/pontsik.com\/wp-content\/uploads\/2012\/06\/momster150.png","width":150,"height":151,"caption":"Momster Catering"},"image":{"@id":"https:\/\/pontsik.com\/#\/schema\/logo\/image\/"},"sameAs":["https:\/\/www.facebook.com\/momstercatering\/","https:\/\/www.instagram.com\/momster_catering\/?hl=en"]}]}},"_links":{"self":[{"href":"https:\/\/pontsik.com\/en\/wp-json\/wp\/v2\/pages\/5325","targetHints":{"allow":["GET"]}}],"collection":[{"href":"https:\/\/pontsik.com\/en\/wp-json\/wp\/v2\/pages"}],"about":[{"href":"https:\/\/pontsik.com\/en\/wp-json\/wp\/v2\/types\/page"}],"author":[{"embeddable":true,"href":"https:\/\/pontsik.com\/en\/wp-json\/wp\/v2\/users\/4"}],"replies":[{"embeddable":true,"href":"https:\/\/pontsik.com\/en\/wp-json\/wp\/v2\/comments?post=5325"}],"version-history":[{"count":22,"href":"https:\/\/pontsik.com\/en\/wp-json\/wp\/v2\/pages\/5325\/revisions"}],"predecessor-version":[{"id":6310,"href":"https:\/\/pontsik.com\/en\/wp-json\/wp\/v2\/pages\/5325\/revisions\/6310"}],"wp:attachment":[{"href":"https:\/\/pontsik.com\/en\/wp-json\/wp\/v2\/media?parent=5325"}],"curies":[{"name":"wp","href":"https:\/\/api.w.org\/{rel}","templated":true}]}}