{"id":5433,"date":"2023-05-31T06:22:45","date_gmt":"2023-05-31T06:22:45","guid":{"rendered":"https:\/\/pontsik.com\/?page_id=5433"},"modified":"2026-03-28T19:36:15","modified_gmt":"2026-03-28T17:36:15","slug":"aura-mahlad","status":"publish","type":"page","link":"https:\/\/pontsik.com\/en\/aura-mahlad\/","title":{"rendered":"Aura-mahlad"},"content":{"rendered":"<div data-elementor-type=\"wp-page\" data-elementor-id=\"5433\" class=\"elementor elementor-5433\">\n\t\t\t\t\t\t<section class=\"elementor-section elementor-top-section elementor-element elementor-element-445489f elementor-section-boxed elementor-section-height-default elementor-section-height-default\" data-id=\"445489f\" data-element_type=\"section\" data-e-type=\"section\">\n\t\t\t\t\t\t<div class=\"elementor-container elementor-column-gap-default\">\n\t\t\t\t\t<div class=\"elementor-column elementor-col-50 elementor-top-column elementor-element elementor-element-345f9fd\" data-id=\"345f9fd\" data-element_type=\"column\" data-e-type=\"column\">\n\t\t\t<div class=\"elementor-widget-wrap elementor-element-populated\">\n\t\t\t\t\t\t<div class=\"elementor-element elementor-element-1c4cf56 elementor-widget elementor-widget-image\" data-id=\"1c4cf56\" data-element_type=\"widget\" data-e-type=\"widget\" data-widget_type=\"image.default\">\n\t\t\t\t<div class=\"elementor-widget-container\">\n\t\t\t\t\t\t\t\t\t\t\t\t\t\t\t<img fetchpriority=\"high\" decoding=\"async\" width=\"640\" height=\"454\" src=\"https:\/\/pontsik.com\/wp-content\/uploads\/2023\/05\/Screenshot-2023-05-30-at-15.56.01.png\" class=\"attachment-medium_large size-medium_large wp-image-5372\" alt=\"\" srcset=\"https:\/\/pontsik.com\/wp-content\/uploads\/2023\/05\/Screenshot-2023-05-30-at-15.56.01.png 723w, https:\/\/pontsik.com\/wp-content\/uploads\/2023\/05\/Screenshot-2023-05-30-at-15.56.01-600x426.png 600w, https:\/\/pontsik.com\/wp-content\/uploads\/2023\/05\/Screenshot-2023-05-30-at-15.56.01-300x213.png 300w\" sizes=\"(max-width: 640px) 100vw, 640px\" \/>\t\t\t\t\t\t\t\t\t\t\t\t\t\t\t<\/div>\n\t\t\t\t<\/div>\n\t\t\t\t\t<\/div>\n\t\t<\/div>\n\t\t\t\t<div class=\"elementor-column elementor-col-50 elementor-top-column elementor-element elementor-element-9a11ffd\" data-id=\"9a11ffd\" data-element_type=\"column\" data-e-type=\"column\">\n\t\t\t<div class=\"elementor-widget-wrap elementor-element-populated\">\n\t\t\t\t\t\t<div class=\"elementor-element elementor-element-e517e2c elementor-widget elementor-widget-heading\" data-id=\"e517e2c\" data-element_type=\"widget\" data-e-type=\"widget\" data-widget_type=\"heading.default\">\n\t\t\t\t<div class=\"elementor-widget-container\">\n\t\t\t\t\t<h2 class=\"elementor-heading-title elementor-size-default\">Aura Mahlad 1L<\/h2>\t\t\t\t<\/div>\n\t\t\t\t<\/div>\n\t\t\t\t<div class=\"elementor-element elementor-element-1d9273c elementor-widget elementor-widget-text-editor\" data-id=\"1d9273c\" data-element_type=\"widget\" data-e-type=\"widget\" data-widget_type=\"text-editor.default\">\n\t\t\t\t<div class=\"elementor-widget-container\">\n\t\t\t\t\t\t\t\t\t<p><i>Hind 2,50\u20ac\/pakk\u00a0<\/i><\/p><p><i>Meie valikus on j\u00e4rgmised aura mahlad:<\/i><\/p><p><i>Apelsini; Ploomi; \u00d5una; J\u00f5hvika;\u00a0<\/i><\/p>\t\t\t\t\t\t\t\t<\/div>\n\t\t\t\t<\/div>\n\t\t\t\t\t<\/div>\n\t\t<\/div>\n\t\t\t\t\t<\/div>\n\t\t<\/section>\n\t\t\t\t<\/div>","protected":false},"excerpt":{"rendered":"<p>Aura Mahlad 1L Hind 2,50\u20ac\/pakk\u00a0 Meie valikus on j\u00e4rgmised aura mahlad: Apelsini; Ploomi; \u00d5una; J\u00f5hvika;\u00a0<\/p>","protected":false},"author":4,"featured_media":0,"parent":0,"menu_order":0,"comment_status":"closed","ping_status":"closed","template":"","meta":{"footnotes":""},"class_list":["post-5433","page","type-page","status-publish","hentry"],"yoast_head":"<!-- This site is optimized with the Yoast SEO plugin v27.2 - https:\/\/yoast.com\/product\/yoast-seo-wordpress\/ -->\n<title>Aura-mahlad - Momster Catering<\/title>\n<meta name=\"robots\" content=\"index, follow, max-snippet:-1, max-image-preview:large, max-video-preview:-1\" \/>\n<link rel=\"canonical\" href=\"https:\/\/pontsik.com\/en\/aura-mahlad\/\" \/>\n<meta property=\"og:locale\" content=\"en_US\" \/>\n<meta property=\"og:type\" content=\"article\" \/>\n<meta property=\"og:title\" content=\"Aura-mahlad - Momster Catering\" \/>\n<meta property=\"og:description\" content=\"Aura Mahlad 1L Hind 2,50\u20ac\/pakk\u00a0 Meie valikus on j\u00e4rgmised aura mahlad: Apelsini; Ploomi; \u00d5una; J\u00f5hvika;\u00a0\" \/>\n<meta property=\"og:url\" content=\"https:\/\/pontsik.com\/en\/aura-mahlad\/\" \/>\n<meta property=\"og:site_name\" content=\"Momster Catering\" \/>\n<meta property=\"article:publisher\" content=\"https:\/\/www.facebook.com\/momstercatering\/\" \/>\n<meta property=\"article:modified_time\" content=\"2026-03-28T17:36:15+00:00\" \/>\n<meta property=\"og:image\" content=\"https:\/\/pontsik.com\/wp-content\/uploads\/2023\/05\/Screenshot-2023-05-30-at-15.56.01.png\" \/>\n<meta name=\"twitter:card\" content=\"summary_large_image\" \/>\n<meta name=\"twitter:label1\" content=\"Est. reading time\" \/>\n\t<meta name=\"twitter:data1\" content=\"1 minute\" \/>\n<script type=\"application\/ld+json\" class=\"yoast-schema-graph\">{\"@context\":\"https:\/\/schema.org\",\"@graph\":[{\"@type\":\"WebPage\",\"@id\":\"https:\/\/pontsik.com\/aura-mahlad\/\",\"url\":\"https:\/\/pontsik.com\/aura-mahlad\/\",\"name\":\"Aura-mahlad - Momster Catering\",\"isPartOf\":{\"@id\":\"https:\/\/pontsik.com\/#website\"},\"primaryImageOfPage\":{\"@id\":\"https:\/\/pontsik.com\/aura-mahlad\/#primaryimage\"},\"image\":{\"@id\":\"https:\/\/pontsik.com\/aura-mahlad\/#primaryimage\"},\"thumbnailUrl\":\"https:\/\/pontsik.com\/wp-content\/uploads\/2023\/05\/Screenshot-2023-05-30-at-15.56.01.png\",\"datePublished\":\"2023-05-31T06:22:45+00:00\",\"dateModified\":\"2026-03-28T17:36:15+00:00\",\"breadcrumb\":{\"@id\":\"https:\/\/pontsik.com\/aura-mahlad\/#breadcrumb\"},\"inLanguage\":\"en-US\",\"potentialAction\":[{\"@type\":\"ReadAction\",\"target\":[\"https:\/\/pontsik.com\/aura-mahlad\/\"]}]},{\"@type\":\"ImageObject\",\"inLanguage\":\"en-US\",\"@id\":\"https:\/\/pontsik.com\/aura-mahlad\/#primaryimage\",\"url\":\"https:\/\/pontsik.com\/wp-content\/uploads\/2023\/05\/Screenshot-2023-05-30-at-15.56.01.png\",\"contentUrl\":\"https:\/\/pontsik.com\/wp-content\/uploads\/2023\/05\/Screenshot-2023-05-30-at-15.56.01.png\"},{\"@type\":\"BreadcrumbList\",\"@id\":\"https:\/\/pontsik.com\/aura-mahlad\/#breadcrumb\",\"itemListElement\":[{\"@type\":\"ListItem\",\"position\":1,\"name\":\"Avaleht\",\"item\":\"https:\/\/pontsik.com\/\"},{\"@type\":\"ListItem\",\"position\":2,\"name\":\"Aura-mahlad\"}]},{\"@type\":\"WebSite\",\"@id\":\"https:\/\/pontsik.com\/#website\",\"url\":\"https:\/\/pontsik.com\/\",\"name\":\"Momster Catering\",\"description\":\"Suurep\u00e4rane maitseelamus!\",\"publisher\":{\"@id\":\"https:\/\/pontsik.com\/#organization\"},\"potentialAction\":[{\"@type\":\"SearchAction\",\"target\":{\"@type\":\"EntryPoint\",\"urlTemplate\":\"https:\/\/pontsik.com\/?s={search_term_string}\"},\"query-input\":{\"@type\":\"PropertyValueSpecification\",\"valueRequired\":true,\"valueName\":\"search_term_string\"}}],\"inLanguage\":\"en-US\"},{\"@type\":\"Organization\",\"@id\":\"https:\/\/pontsik.com\/#organization\",\"name\":\"Momster Catering\",\"url\":\"https:\/\/pontsik.com\/\",\"logo\":{\"@type\":\"ImageObject\",\"inLanguage\":\"en-US\",\"@id\":\"https:\/\/pontsik.com\/#\/schema\/logo\/image\/\",\"url\":\"https:\/\/pontsik.com\/wp-content\/uploads\/2012\/06\/momster150.png\",\"contentUrl\":\"https:\/\/pontsik.com\/wp-content\/uploads\/2012\/06\/momster150.png\",\"width\":150,\"height\":151,\"caption\":\"Momster Catering\"},\"image\":{\"@id\":\"https:\/\/pontsik.com\/#\/schema\/logo\/image\/\"},\"sameAs\":[\"https:\/\/www.facebook.com\/momstercatering\/\",\"https:\/\/www.instagram.com\/momster_catering\/?hl=en\"]}]}<\/script>\n<!-- \/ Yoast SEO plugin. -->","yoast_head_json":{"title":"Aura-mahlad - Momster Catering","robots":{"index":"index","follow":"follow","max-snippet":"max-snippet:-1","max-image-preview":"max-image-preview:large","max-video-preview":"max-video-preview:-1"},"canonical":"https:\/\/pontsik.com\/en\/aura-mahlad\/","og_locale":"en_US","og_type":"article","og_title":"Aura-mahlad - Momster Catering","og_description":"Aura Mahlad 1L Hind 2,50\u20ac\/pakk\u00a0 Meie valikus on j\u00e4rgmised aura mahlad: Apelsini; Ploomi; \u00d5una; J\u00f5hvika;\u00a0","og_url":"https:\/\/pontsik.com\/en\/aura-mahlad\/","og_site_name":"Momster Catering","article_publisher":"https:\/\/www.facebook.com\/momstercatering\/","article_modified_time":"2026-03-28T17:36:15+00:00","og_image":[{"url":"https:\/\/pontsik.com\/wp-content\/uploads\/2023\/05\/Screenshot-2023-05-30-at-15.56.01.png","type":"","width":"","height":""}],"twitter_card":"summary_large_image","twitter_misc":{"Est. reading time":"1 minute"},"schema":{"@context":"https:\/\/schema.org","@graph":[{"@type":"WebPage","@id":"https:\/\/pontsik.com\/aura-mahlad\/","url":"https:\/\/pontsik.com\/aura-mahlad\/","name":"Aura-mahlad - Momster Catering","isPartOf":{"@id":"https:\/\/pontsik.com\/#website"},"primaryImageOfPage":{"@id":"https:\/\/pontsik.com\/aura-mahlad\/#primaryimage"},"image":{"@id":"https:\/\/pontsik.com\/aura-mahlad\/#primaryimage"},"thumbnailUrl":"https:\/\/pontsik.com\/wp-content\/uploads\/2023\/05\/Screenshot-2023-05-30-at-15.56.01.png","datePublished":"2023-05-31T06:22:45+00:00","dateModified":"2026-03-28T17:36:15+00:00","breadcrumb":{"@id":"https:\/\/pontsik.com\/aura-mahlad\/#breadcrumb"},"inLanguage":"en-US","potentialAction":[{"@type":"ReadAction","target":["https:\/\/pontsik.com\/aura-mahlad\/"]}]},{"@type":"ImageObject","inLanguage":"en-US","@id":"https:\/\/pontsik.com\/aura-mahlad\/#primaryimage","url":"https:\/\/pontsik.com\/wp-content\/uploads\/2023\/05\/Screenshot-2023-05-30-at-15.56.01.png","contentUrl":"https:\/\/pontsik.com\/wp-content\/uploads\/2023\/05\/Screenshot-2023-05-30-at-15.56.01.png"},{"@type":"BreadcrumbList","@id":"https:\/\/pontsik.com\/aura-mahlad\/#breadcrumb","itemListElement":[{"@type":"ListItem","position":1,"name":"Avaleht","item":"https:\/\/pontsik.com\/"},{"@type":"ListItem","position":2,"name":"Aura-mahlad"}]},{"@type":"WebSite","@id":"https:\/\/pontsik.com\/#website","url":"https:\/\/pontsik.com\/","name":"Momster Catering","description":"Suurep\u00e4rane maitseelamus!","publisher":{"@id":"https:\/\/pontsik.com\/#organization"},"potentialAction":[{"@type":"SearchAction","target":{"@type":"EntryPoint","urlTemplate":"https:\/\/pontsik.com\/?s={search_term_string}"},"query-input":{"@type":"PropertyValueSpecification","valueRequired":true,"valueName":"search_term_string"}}],"inLanguage":"en-US"},{"@type":"Organization","@id":"https:\/\/pontsik.com\/#organization","name":"Momster Catering","url":"https:\/\/pontsik.com\/","logo":{"@type":"ImageObject","inLanguage":"en-US","@id":"https:\/\/pontsik.com\/#\/schema\/logo\/image\/","url":"https:\/\/pontsik.com\/wp-content\/uploads\/2012\/06\/momster150.png","contentUrl":"https:\/\/pontsik.com\/wp-content\/uploads\/2012\/06\/momster150.png","width":150,"height":151,"caption":"Momster Catering"},"image":{"@id":"https:\/\/pontsik.com\/#\/schema\/logo\/image\/"},"sameAs":["https:\/\/www.facebook.com\/momstercatering\/","https:\/\/www.instagram.com\/momster_catering\/?hl=en"]}]}},"_links":{"self":[{"href":"https:\/\/pontsik.com\/en\/wp-json\/wp\/v2\/pages\/5433","targetHints":{"allow":["GET"]}}],"collection":[{"href":"https:\/\/pontsik.com\/en\/wp-json\/wp\/v2\/pages"}],"about":[{"href":"https:\/\/pontsik.com\/en\/wp-json\/wp\/v2\/types\/page"}],"author":[{"embeddable":true,"href":"https:\/\/pontsik.com\/en\/wp-json\/wp\/v2\/users\/4"}],"replies":[{"embeddable":true,"href":"https:\/\/pontsik.com\/en\/wp-json\/wp\/v2\/comments?post=5433"}],"version-history":[{"count":7,"href":"https:\/\/pontsik.com\/en\/wp-json\/wp\/v2\/pages\/5433\/revisions"}],"predecessor-version":[{"id":5440,"href":"https:\/\/pontsik.com\/en\/wp-json\/wp\/v2\/pages\/5433\/revisions\/5440"}],"wp:attachment":[{"href":"https:\/\/pontsik.com\/en\/wp-json\/wp\/v2\/media?parent=5433"}],"curies":[{"name":"wp","href":"https:\/\/api.w.org\/{rel}","templated":true}]}}