{"id":6352,"date":"2026-01-07T08:25:29","date_gmt":"2026-01-07T08:25:29","guid":{"rendered":"https:\/\/pontsik.com\/?page_id=6352"},"modified":"2026-03-28T19:36:14","modified_gmt":"2026-03-28T17:36:14","slug":"minipavlovad","status":"publish","type":"page","link":"https:\/\/pontsik.com\/en\/minipavlovad\/","title":{"rendered":"Minipavlovad kirsikreemiga"},"content":{"rendered":"<div data-elementor-type=\"wp-page\" data-elementor-id=\"6352\" class=\"elementor elementor-6352\">\n\t\t\t\t\t\t<section class=\"elementor-section elementor-top-section elementor-element elementor-element-a0c668f elementor-section-boxed elementor-section-height-default elementor-section-height-default\" data-id=\"a0c668f\" data-element_type=\"section\" data-e-type=\"section\">\n\t\t\t\t\t\t<div class=\"elementor-container elementor-column-gap-default\">\n\t\t\t\t\t<div class=\"elementor-column elementor-col-50 elementor-top-column elementor-element elementor-element-8363ae3\" data-id=\"8363ae3\" data-element_type=\"column\" data-e-type=\"column\">\n\t\t\t<div class=\"elementor-widget-wrap elementor-element-populated\">\n\t\t\t\t\t\t<div class=\"elementor-element elementor-element-5815e8a elementor-widget elementor-widget-image\" data-id=\"5815e8a\" data-element_type=\"widget\" data-e-type=\"widget\" data-widget_type=\"image.default\">\n\t\t\t\t<div class=\"elementor-widget-container\">\n\t\t\t\t\t\t\t\t\t\t\t\t\t\t\t\t<a href=\"https:\/\/pontsik.com\/en\/hapukas-lemon-curd-makroon\/\">\n\t\t\t\t\t\t\t<img fetchpriority=\"high\" decoding=\"async\" width=\"640\" height=\"960\" src=\"https:\/\/pontsik.com\/wp-content\/uploads\/2026\/01\/pavlovad-683x1024.png\" class=\"attachment-large size-large wp-image-6345\" alt=\"\" srcset=\"https:\/\/pontsik.com\/wp-content\/uploads\/2026\/01\/pavlovad-683x1024.png 683w, https:\/\/pontsik.com\/wp-content\/uploads\/2026\/01\/pavlovad-200x300.png 200w, https:\/\/pontsik.com\/wp-content\/uploads\/2026\/01\/pavlovad-768x1152.png 768w, https:\/\/pontsik.com\/wp-content\/uploads\/2026\/01\/pavlovad-600x900.png 600w, https:\/\/pontsik.com\/wp-content\/uploads\/2026\/01\/pavlovad.png 1024w\" sizes=\"(max-width: 640px) 100vw, 640px\" \/>\t\t\t\t\t\t\t\t<\/a>\n\t\t\t\t\t\t\t\t\t\t\t\t\t\t\t<\/div>\n\t\t\t\t<\/div>\n\t\t\t\t\t<\/div>\n\t\t<\/div>\n\t\t\t\t<div class=\"elementor-column elementor-col-50 elementor-top-column elementor-element elementor-element-35cfb22\" data-id=\"35cfb22\" data-element_type=\"column\" data-e-type=\"column\">\n\t\t\t<div class=\"elementor-widget-wrap elementor-element-populated\">\n\t\t\t\t\t\t<div class=\"elementor-element elementor-element-16e565d elementor-widget elementor-widget-text-editor\" data-id=\"16e565d\" data-element_type=\"widget\" data-e-type=\"widget\" data-settings=\"{&quot;_animation&quot;:&quot;none&quot;}\" data-widget_type=\"text-editor.default\">\n\t\t\t\t<div class=\"elementor-widget-container\">\n\t\t\t\t\t\t\t\t\t<p style=\"text-align: left;\"><span style=\"color: #5fbd74;\"><b>Minipavlovad hapuka kirsikreemiga<\/b><\/span><\/p>\t\t\t\t\t\t\t\t<\/div>\n\t\t\t\t<\/div>\n\t\t\t\t<div class=\"elementor-element elementor-element-3350816 elementor-widget elementor-widget-text-editor\" data-id=\"3350816\" data-element_type=\"widget\" data-e-type=\"widget\" data-widget_type=\"text-editor.default\">\n\t\t\t\t<div class=\"elementor-widget-container\">\n\t\t\t\t\t\t\t\t\t<p><span style=\"caret-color: rgb(0, 0, 0); color: rgb(0, 0, 0); font-size: medium; font-family: var( --e-global-typography-text-font-family ), Sans-serif; letter-spacing: 0em;\">Kr\u00f5be ja \u00f5huline minipavlova, mille sees on hapukas pohlaj\u00f5hvika curd ja peal siidine piparkoogikreem. Elegantne, tasakaalus ja pidulik magus amps.<\/span><\/p>\n<p><em><span style=\"color: #5fbd74;\"><b><span style=\"text-decoration: underline;\">Minipavlovad (min 10tk) &#8211; &nbsp;3,80<strong>&nbsp;\u20ac\/tk<br><\/strong><\/span><\/b><\/span><\/em><\/p>\t\t\t\t\t\t\t\t<\/div>\n\t\t\t\t<\/div>\n\t\t\t\t\t<\/div>\n\t\t<\/div>\n\t\t\t\t\t<\/div>\n\t\t<\/section>\n\t\t\t\t<section class=\"elementor-section elementor-top-section elementor-element elementor-element-e469928 elementor-section-boxed elementor-section-height-default elementor-section-height-default\" data-id=\"e469928\" data-element_type=\"section\" data-e-type=\"section\">\n\t\t\t\t\t\t<div class=\"elementor-container elementor-column-gap-default\">\n\t\t\t\t\t<div class=\"elementor-column elementor-col-100 elementor-top-column elementor-element elementor-element-6bf9960\" data-id=\"6bf9960\" data-element_type=\"column\" data-e-type=\"column\">\n\t\t\t<div class=\"elementor-widget-wrap elementor-element-populated\">\n\t\t\t\t\t\t<div class=\"elementor-element elementor-element-f3fc4ef elementor-widget elementor-widget-text-editor\" data-id=\"f3fc4ef\" data-element_type=\"widget\" data-e-type=\"widget\" data-widget_type=\"text-editor.default\">\n\t\t\t\t<div class=\"elementor-widget-container\">\n\t\t\t\t\t\t\t\t\t<p style=\"text-align: center;\"><em>Lisa info: <a href=\"\/en\/momster.catering@gmail.com\/\">momster.catering@gmail.com<\/a><\/em><\/p>\t\t\t\t\t\t\t\t<\/div>\n\t\t\t\t<\/div>\n\t\t\t\t\t<\/div>\n\t\t<\/div>\n\t\t\t\t\t<\/div>\n\t\t<\/section>\n\t\t\t\t<\/div>","protected":false},"excerpt":{"rendered":"<p>Minipavlovad hapuka kirsikreemiga Kr\u00f5be ja \u00f5huline minipavlova, mille sees on hapukas pohlaj\u00f5hvika curd ja peal siidine piparkoogikreem. Elegantne, tasakaalus ja pidulik magus amps. Minipavlovad (min 10tk) &#8211; &nbsp;3,80&nbsp;\u20ac\/tk Lisa info: momster.catering@gmail.com<\/p>","protected":false},"author":4,"featured_media":6345,"parent":0,"menu_order":0,"comment_status":"closed","ping_status":"closed","template":"","meta":{"footnotes":""},"class_list":["post-6352","page","type-page","status-publish","has-post-thumbnail","hentry"],"yoast_head":"<!-- This site is optimized with the Yoast SEO plugin v27.2 - https:\/\/yoast.com\/product\/yoast-seo-wordpress\/ -->\n<title>Minipavlovad kirsikreemiga - Momster Catering<\/title>\n<meta name=\"robots\" content=\"index, follow, max-snippet:-1, max-image-preview:large, max-video-preview:-1\" \/>\n<link rel=\"canonical\" href=\"https:\/\/pontsik.com\/en\/minipavlovad\/\" \/>\n<meta property=\"og:locale\" content=\"en_US\" \/>\n<meta property=\"og:type\" content=\"article\" \/>\n<meta property=\"og:title\" content=\"Minipavlovad kirsikreemiga - Momster Catering\" \/>\n<meta property=\"og:description\" content=\"Minipavlovad hapuka kirsikreemiga Kr\u00f5be ja \u00f5huline minipavlova, mille sees on hapukas pohlaj\u00f5hvika curd ja peal siidine piparkoogikreem. Elegantne, tasakaalus ja pidulik magus amps. Minipavlovad (min 10tk) &#8211; &nbsp;3,80&nbsp;\u20ac\/tk Lisa info: momster.catering@gmail.com\" \/>\n<meta property=\"og:url\" content=\"https:\/\/pontsik.com\/en\/minipavlovad\/\" \/>\n<meta property=\"og:site_name\" content=\"Momster Catering\" \/>\n<meta property=\"article:publisher\" content=\"https:\/\/www.facebook.com\/momstercatering\/\" \/>\n<meta property=\"article:modified_time\" content=\"2026-03-28T17:36:14+00:00\" \/>\n<meta property=\"og:image\" content=\"https:\/\/pontsik.com\/wp-content\/uploads\/2026\/01\/pavlovad.png\" \/>\n\t<meta property=\"og:image:width\" content=\"1024\" \/>\n\t<meta property=\"og:image:height\" content=\"1536\" \/>\n\t<meta property=\"og:image:type\" content=\"image\/png\" \/>\n<meta name=\"twitter:card\" content=\"summary_large_image\" \/>\n<meta name=\"twitter:label1\" content=\"Est. reading time\" \/>\n\t<meta name=\"twitter:data1\" content=\"1 minute\" \/>\n<script type=\"application\/ld+json\" class=\"yoast-schema-graph\">{\"@context\":\"https:\/\/schema.org\",\"@graph\":[{\"@type\":\"WebPage\",\"@id\":\"https:\/\/pontsik.com\/minipavlovad\/\",\"url\":\"https:\/\/pontsik.com\/minipavlovad\/\",\"name\":\"Minipavlovad kirsikreemiga - Momster Catering\",\"isPartOf\":{\"@id\":\"https:\/\/pontsik.com\/#website\"},\"primaryImageOfPage\":{\"@id\":\"https:\/\/pontsik.com\/minipavlovad\/#primaryimage\"},\"image\":{\"@id\":\"https:\/\/pontsik.com\/minipavlovad\/#primaryimage\"},\"thumbnailUrl\":\"https:\/\/pontsik.com\/wp-content\/uploads\/2026\/01\/pavlovad.png\",\"datePublished\":\"2026-01-07T08:25:29+00:00\",\"dateModified\":\"2026-03-28T17:36:14+00:00\",\"breadcrumb\":{\"@id\":\"https:\/\/pontsik.com\/minipavlovad\/#breadcrumb\"},\"inLanguage\":\"en-US\",\"potentialAction\":[{\"@type\":\"ReadAction\",\"target\":[\"https:\/\/pontsik.com\/minipavlovad\/\"]}]},{\"@type\":\"ImageObject\",\"inLanguage\":\"en-US\",\"@id\":\"https:\/\/pontsik.com\/minipavlovad\/#primaryimage\",\"url\":\"https:\/\/pontsik.com\/wp-content\/uploads\/2026\/01\/pavlovad.png\",\"contentUrl\":\"https:\/\/pontsik.com\/wp-content\/uploads\/2026\/01\/pavlovad.png\",\"width\":1024,\"height\":1536},{\"@type\":\"BreadcrumbList\",\"@id\":\"https:\/\/pontsik.com\/minipavlovad\/#breadcrumb\",\"itemListElement\":[{\"@type\":\"ListItem\",\"position\":1,\"name\":\"Avaleht\",\"item\":\"https:\/\/pontsik.com\/\"},{\"@type\":\"ListItem\",\"position\":2,\"name\":\"Minipavlovad kirsikreemiga\"}]},{\"@type\":\"WebSite\",\"@id\":\"https:\/\/pontsik.com\/#website\",\"url\":\"https:\/\/pontsik.com\/\",\"name\":\"Momster Catering\",\"description\":\"Suurep\u00e4rane maitseelamus!\",\"publisher\":{\"@id\":\"https:\/\/pontsik.com\/#organization\"},\"potentialAction\":[{\"@type\":\"SearchAction\",\"target\":{\"@type\":\"EntryPoint\",\"urlTemplate\":\"https:\/\/pontsik.com\/?s={search_term_string}\"},\"query-input\":{\"@type\":\"PropertyValueSpecification\",\"valueRequired\":true,\"valueName\":\"search_term_string\"}}],\"inLanguage\":\"en-US\"},{\"@type\":\"Organization\",\"@id\":\"https:\/\/pontsik.com\/#organization\",\"name\":\"Momster Catering\",\"url\":\"https:\/\/pontsik.com\/\",\"logo\":{\"@type\":\"ImageObject\",\"inLanguage\":\"en-US\",\"@id\":\"https:\/\/pontsik.com\/#\/schema\/logo\/image\/\",\"url\":\"https:\/\/pontsik.com\/wp-content\/uploads\/2012\/06\/momster150.png\",\"contentUrl\":\"https:\/\/pontsik.com\/wp-content\/uploads\/2012\/06\/momster150.png\",\"width\":150,\"height\":151,\"caption\":\"Momster Catering\"},\"image\":{\"@id\":\"https:\/\/pontsik.com\/#\/schema\/logo\/image\/\"},\"sameAs\":[\"https:\/\/www.facebook.com\/momstercatering\/\",\"https:\/\/www.instagram.com\/momster_catering\/?hl=en\"]}]}<\/script>\n<!-- \/ Yoast SEO plugin. -->","yoast_head_json":{"title":"Minipavlovad kirsikreemiga - Momster Catering","robots":{"index":"index","follow":"follow","max-snippet":"max-snippet:-1","max-image-preview":"max-image-preview:large","max-video-preview":"max-video-preview:-1"},"canonical":"https:\/\/pontsik.com\/en\/minipavlovad\/","og_locale":"en_US","og_type":"article","og_title":"Minipavlovad kirsikreemiga - Momster Catering","og_description":"Minipavlovad hapuka kirsikreemiga Kr\u00f5be ja \u00f5huline minipavlova, mille sees on hapukas pohlaj\u00f5hvika curd ja peal siidine piparkoogikreem. Elegantne, tasakaalus ja pidulik magus amps. Minipavlovad (min 10tk) &#8211; &nbsp;3,80&nbsp;\u20ac\/tk Lisa info: momster.catering@gmail.com","og_url":"https:\/\/pontsik.com\/en\/minipavlovad\/","og_site_name":"Momster Catering","article_publisher":"https:\/\/www.facebook.com\/momstercatering\/","article_modified_time":"2026-03-28T17:36:14+00:00","og_image":[{"width":1024,"height":1536,"url":"https:\/\/pontsik.com\/wp-content\/uploads\/2026\/01\/pavlovad.png","type":"image\/png"}],"twitter_card":"summary_large_image","twitter_misc":{"Est. reading time":"1 minute"},"schema":{"@context":"https:\/\/schema.org","@graph":[{"@type":"WebPage","@id":"https:\/\/pontsik.com\/minipavlovad\/","url":"https:\/\/pontsik.com\/minipavlovad\/","name":"Minipavlovad kirsikreemiga - Momster Catering","isPartOf":{"@id":"https:\/\/pontsik.com\/#website"},"primaryImageOfPage":{"@id":"https:\/\/pontsik.com\/minipavlovad\/#primaryimage"},"image":{"@id":"https:\/\/pontsik.com\/minipavlovad\/#primaryimage"},"thumbnailUrl":"https:\/\/pontsik.com\/wp-content\/uploads\/2026\/01\/pavlovad.png","datePublished":"2026-01-07T08:25:29+00:00","dateModified":"2026-03-28T17:36:14+00:00","breadcrumb":{"@id":"https:\/\/pontsik.com\/minipavlovad\/#breadcrumb"},"inLanguage":"en-US","potentialAction":[{"@type":"ReadAction","target":["https:\/\/pontsik.com\/minipavlovad\/"]}]},{"@type":"ImageObject","inLanguage":"en-US","@id":"https:\/\/pontsik.com\/minipavlovad\/#primaryimage","url":"https:\/\/pontsik.com\/wp-content\/uploads\/2026\/01\/pavlovad.png","contentUrl":"https:\/\/pontsik.com\/wp-content\/uploads\/2026\/01\/pavlovad.png","width":1024,"height":1536},{"@type":"BreadcrumbList","@id":"https:\/\/pontsik.com\/minipavlovad\/#breadcrumb","itemListElement":[{"@type":"ListItem","position":1,"name":"Avaleht","item":"https:\/\/pontsik.com\/"},{"@type":"ListItem","position":2,"name":"Minipavlovad kirsikreemiga"}]},{"@type":"WebSite","@id":"https:\/\/pontsik.com\/#website","url":"https:\/\/pontsik.com\/","name":"Momster Catering","description":"Suurep\u00e4rane maitseelamus!","publisher":{"@id":"https:\/\/pontsik.com\/#organization"},"potentialAction":[{"@type":"SearchAction","target":{"@type":"EntryPoint","urlTemplate":"https:\/\/pontsik.com\/?s={search_term_string}"},"query-input":{"@type":"PropertyValueSpecification","valueRequired":true,"valueName":"search_term_string"}}],"inLanguage":"en-US"},{"@type":"Organization","@id":"https:\/\/pontsik.com\/#organization","name":"Momster Catering","url":"https:\/\/pontsik.com\/","logo":{"@type":"ImageObject","inLanguage":"en-US","@id":"https:\/\/pontsik.com\/#\/schema\/logo\/image\/","url":"https:\/\/pontsik.com\/wp-content\/uploads\/2012\/06\/momster150.png","contentUrl":"https:\/\/pontsik.com\/wp-content\/uploads\/2012\/06\/momster150.png","width":150,"height":151,"caption":"Momster Catering"},"image":{"@id":"https:\/\/pontsik.com\/#\/schema\/logo\/image\/"},"sameAs":["https:\/\/www.facebook.com\/momstercatering\/","https:\/\/www.instagram.com\/momster_catering\/?hl=en"]}]}},"_links":{"self":[{"href":"https:\/\/pontsik.com\/en\/wp-json\/wp\/v2\/pages\/6352","targetHints":{"allow":["GET"]}}],"collection":[{"href":"https:\/\/pontsik.com\/en\/wp-json\/wp\/v2\/pages"}],"about":[{"href":"https:\/\/pontsik.com\/en\/wp-json\/wp\/v2\/types\/page"}],"author":[{"embeddable":true,"href":"https:\/\/pontsik.com\/en\/wp-json\/wp\/v2\/users\/4"}],"replies":[{"embeddable":true,"href":"https:\/\/pontsik.com\/en\/wp-json\/wp\/v2\/comments?post=6352"}],"version-history":[{"count":4,"href":"https:\/\/pontsik.com\/en\/wp-json\/wp\/v2\/pages\/6352\/revisions"}],"predecessor-version":[{"id":6356,"href":"https:\/\/pontsik.com\/en\/wp-json\/wp\/v2\/pages\/6352\/revisions\/6356"}],"wp:featuredmedia":[{"embeddable":true,"href":"https:\/\/pontsik.com\/en\/wp-json\/wp\/v2\/media\/6345"}],"wp:attachment":[{"href":"https:\/\/pontsik.com\/en\/wp-json\/wp\/v2\/media?parent=6352"}],"curies":[{"name":"wp","href":"https:\/\/api.w.org\/{rel}","templated":true}]}}