{"id":4373,"date":"2022-02-27T18:23:48","date_gmt":"2022-02-27T18:23:48","guid":{"rendered":"https:\/\/pontsik.com\/?post_type=product&#038;p=4373"},"modified":"2026-05-13T19:27:56","modified_gmt":"2026-05-13T16:27:56","slug":"manzilla-oliivid-ansoovisekreemiga-200g","status":"publish","type":"product","link":"https:\/\/pontsik.com\/en\/product\/manzilla-oliivid-ansoovisekreemiga-200g\/","title":{"rendered":"Manzanilla rohelised oliivid an\u0161oovisekreemiga 200g"},"content":{"rendered":"<div class=\"\">Toote koostisosad\/kirjeldus:\u00a0Vesi, Manzanilla oliivid, an\u0161oovisekreem (4%) (an\u0161oovis, vesi, paksendaja: naatriumalginaat), sool, happesuse reguleerijad: sidrunhape, piimhape, maitsetugevdaja: E621, antioks\u00fcdant: askorbiinhape.<\/div>\n<div>Tootjamaa: Hispaania<\/div>","protected":false},"excerpt":{"rendered":"<p>Suhkur, purustatud shokolaad (kakao sisaldus v\u00e4hemalt 50%, kakaomass, kakaov\u00f5i, suhkur, emulgaator p\u00e4evalille letsitiin), nisujahu, sool<\/p>","protected":false},"featured_media":5974,"template":"","meta":[],"product_brand":[],"product_cat":[95],"product_tag":[],"class_list":{"0":"post-4373","1":"product","2":"type-product","3":"status-publish","4":"has-post-thumbnail","6":"product_cat-oliivid","8":"first","9":"instock","10":"shipping-taxable","11":"purchasable","12":"product-type-simple"},"yoast_head":"<!-- This site is optimized with the Yoast SEO plugin v27.2 - https:\/\/yoast.com\/product\/yoast-seo-wordpress\/ -->\n<title>Manzanilla rohelised oliivid an\u0161oovisekreemiga 200g - Momster Catering<\/title>\n<meta name=\"robots\" content=\"index, follow, max-snippet:-1, max-image-preview:large, max-video-preview:-1\" \/>\n<link rel=\"canonical\" href=\"https:\/\/pontsik.com\/en\/product\/manzilla-oliivid-ansoovisekreemiga-200g\/\" \/>\n<meta property=\"og:locale\" content=\"en_US\" \/>\n<meta property=\"og:type\" content=\"article\" \/>\n<meta property=\"og:title\" content=\"Manzanilla rohelised oliivid an\u0161oovisekreemiga 200g - Momster Catering\" \/>\n<meta property=\"og:description\" content=\"Suhkur, purustatud shokolaad (kakao sisaldus v\u00e4hemalt 50%, kakaomass, kakaov\u00f5i, suhkur, emulgaator p\u00e4evalille letsitiin), nisujahu, sool\" \/>\n<meta property=\"og:url\" content=\"https:\/\/pontsik.com\/en\/product\/manzilla-oliivid-ansoovisekreemiga-200g\/\" \/>\n<meta property=\"og:site_name\" content=\"Momster Catering\" \/>\n<meta property=\"article:publisher\" content=\"https:\/\/www.facebook.com\/momstercatering\/\" \/>\n<meta property=\"article:modified_time\" content=\"2026-05-13T16:27:56+00:00\" \/>\n<meta property=\"og:image\" content=\"https:\/\/pontsik.com\/wp-content\/uploads\/2022\/02\/oliivid-dittmann.jpeg\" \/>\n\t<meta property=\"og:image:width\" content=\"384\" \/>\n\t<meta property=\"og:image:height\" content=\"384\" \/>\n\t<meta property=\"og:image:type\" content=\"image\/jpeg\" \/>\n<meta name=\"twitter:card\" content=\"summary_large_image\" \/>\n<meta name=\"twitter:label1\" content=\"Est. reading time\" \/>\n\t<meta name=\"twitter:data1\" content=\"1 minute\" \/>\n<script type=\"application\/ld+json\" class=\"yoast-schema-graph\">{\"@context\":\"https:\/\/schema.org\",\"@graph\":[{\"@type\":\"WebPage\",\"@id\":\"https:\/\/pontsik.com\/toode\/manzilla-oliivid-ansoovisekreemiga-200g\/\",\"url\":\"https:\/\/pontsik.com\/toode\/manzilla-oliivid-ansoovisekreemiga-200g\/\",\"name\":\"Manzanilla rohelised oliivid an\u0161oovisekreemiga 200g - Momster Catering\",\"isPartOf\":{\"@id\":\"https:\/\/pontsik.com\/#website\"},\"primaryImageOfPage\":{\"@id\":\"https:\/\/pontsik.com\/toode\/manzilla-oliivid-ansoovisekreemiga-200g\/#primaryimage\"},\"image\":{\"@id\":\"https:\/\/pontsik.com\/toode\/manzilla-oliivid-ansoovisekreemiga-200g\/#primaryimage\"},\"thumbnailUrl\":\"https:\/\/pontsik.com\/wp-content\/uploads\/2022\/02\/oliivid-dittmann.jpeg\",\"datePublished\":\"2022-02-27T18:23:48+00:00\",\"dateModified\":\"2026-05-13T16:27:56+00:00\",\"breadcrumb\":{\"@id\":\"https:\/\/pontsik.com\/toode\/manzilla-oliivid-ansoovisekreemiga-200g\/#breadcrumb\"},\"inLanguage\":\"en-US\",\"potentialAction\":[{\"@type\":\"ReadAction\",\"target\":[\"https:\/\/pontsik.com\/toode\/manzilla-oliivid-ansoovisekreemiga-200g\/\"]}]},{\"@type\":\"ImageObject\",\"inLanguage\":\"en-US\",\"@id\":\"https:\/\/pontsik.com\/toode\/manzilla-oliivid-ansoovisekreemiga-200g\/#primaryimage\",\"url\":\"https:\/\/pontsik.com\/wp-content\/uploads\/2022\/02\/oliivid-dittmann.jpeg\",\"contentUrl\":\"https:\/\/pontsik.com\/wp-content\/uploads\/2022\/02\/oliivid-dittmann.jpeg\",\"width\":384,\"height\":384},{\"@type\":\"BreadcrumbList\",\"@id\":\"https:\/\/pontsik.com\/toode\/manzilla-oliivid-ansoovisekreemiga-200g\/#breadcrumb\",\"itemListElement\":[{\"@type\":\"ListItem\",\"position\":1,\"name\":\"Avaleht\",\"item\":\"https:\/\/pontsik.com\/\"},{\"@type\":\"ListItem\",\"position\":2,\"name\":\"Pood\",\"item\":\"https:\/\/pontsik.com\/pood\/\"},{\"@type\":\"ListItem\",\"position\":3,\"name\":\"Manzanilla rohelised oliivid an\u0161oovisekreemiga 200g\"}]},{\"@type\":\"WebSite\",\"@id\":\"https:\/\/pontsik.com\/#website\",\"url\":\"https:\/\/pontsik.com\/\",\"name\":\"Momster Catering\",\"description\":\"Suurep\u00e4rane maitseelamus!\",\"publisher\":{\"@id\":\"https:\/\/pontsik.com\/#organization\"},\"potentialAction\":[{\"@type\":\"SearchAction\",\"target\":{\"@type\":\"EntryPoint\",\"urlTemplate\":\"https:\/\/pontsik.com\/?s={search_term_string}\"},\"query-input\":{\"@type\":\"PropertyValueSpecification\",\"valueRequired\":true,\"valueName\":\"search_term_string\"}}],\"inLanguage\":\"en-US\"},{\"@type\":\"Organization\",\"@id\":\"https:\/\/pontsik.com\/#organization\",\"name\":\"Momster Catering\",\"url\":\"https:\/\/pontsik.com\/\",\"logo\":{\"@type\":\"ImageObject\",\"inLanguage\":\"en-US\",\"@id\":\"https:\/\/pontsik.com\/#\/schema\/logo\/image\/\",\"url\":\"https:\/\/pontsik.com\/wp-content\/uploads\/2012\/06\/momster150.png\",\"contentUrl\":\"https:\/\/pontsik.com\/wp-content\/uploads\/2012\/06\/momster150.png\",\"width\":150,\"height\":151,\"caption\":\"Momster Catering\"},\"image\":{\"@id\":\"https:\/\/pontsik.com\/#\/schema\/logo\/image\/\"},\"sameAs\":[\"https:\/\/www.facebook.com\/momstercatering\/\",\"https:\/\/www.instagram.com\/momster_catering\/?hl=en\"]}]}<\/script>\n<!-- \/ Yoast SEO plugin. -->","yoast_head_json":{"title":"Manzanilla rohelised oliivid an\u0161oovisekreemiga 200g - Momster Catering","robots":{"index":"index","follow":"follow","max-snippet":"max-snippet:-1","max-image-preview":"max-image-preview:large","max-video-preview":"max-video-preview:-1"},"canonical":"https:\/\/pontsik.com\/en\/product\/manzilla-oliivid-ansoovisekreemiga-200g\/","og_locale":"en_US","og_type":"article","og_title":"Manzanilla rohelised oliivid an\u0161oovisekreemiga 200g - Momster Catering","og_description":"Suhkur, purustatud shokolaad (kakao sisaldus v\u00e4hemalt 50%, kakaomass, kakaov\u00f5i, suhkur, emulgaator p\u00e4evalille letsitiin), nisujahu, sool","og_url":"https:\/\/pontsik.com\/en\/product\/manzilla-oliivid-ansoovisekreemiga-200g\/","og_site_name":"Momster Catering","article_publisher":"https:\/\/www.facebook.com\/momstercatering\/","article_modified_time":"2026-05-13T16:27:56+00:00","og_image":[{"width":384,"height":384,"url":"https:\/\/pontsik.com\/wp-content\/uploads\/2022\/02\/oliivid-dittmann.jpeg","type":"image\/jpeg"}],"twitter_card":"summary_large_image","twitter_misc":{"Est. reading time":"1 minute"},"schema":{"@context":"https:\/\/schema.org","@graph":[{"@type":"WebPage","@id":"https:\/\/pontsik.com\/toode\/manzilla-oliivid-ansoovisekreemiga-200g\/","url":"https:\/\/pontsik.com\/toode\/manzilla-oliivid-ansoovisekreemiga-200g\/","name":"Manzanilla rohelised oliivid an\u0161oovisekreemiga 200g - Momster Catering","isPartOf":{"@id":"https:\/\/pontsik.com\/#website"},"primaryImageOfPage":{"@id":"https:\/\/pontsik.com\/toode\/manzilla-oliivid-ansoovisekreemiga-200g\/#primaryimage"},"image":{"@id":"https:\/\/pontsik.com\/toode\/manzilla-oliivid-ansoovisekreemiga-200g\/#primaryimage"},"thumbnailUrl":"https:\/\/pontsik.com\/wp-content\/uploads\/2022\/02\/oliivid-dittmann.jpeg","datePublished":"2022-02-27T18:23:48+00:00","dateModified":"2026-05-13T16:27:56+00:00","breadcrumb":{"@id":"https:\/\/pontsik.com\/toode\/manzilla-oliivid-ansoovisekreemiga-200g\/#breadcrumb"},"inLanguage":"en-US","potentialAction":[{"@type":"ReadAction","target":["https:\/\/pontsik.com\/toode\/manzilla-oliivid-ansoovisekreemiga-200g\/"]}]},{"@type":"ImageObject","inLanguage":"en-US","@id":"https:\/\/pontsik.com\/toode\/manzilla-oliivid-ansoovisekreemiga-200g\/#primaryimage","url":"https:\/\/pontsik.com\/wp-content\/uploads\/2022\/02\/oliivid-dittmann.jpeg","contentUrl":"https:\/\/pontsik.com\/wp-content\/uploads\/2022\/02\/oliivid-dittmann.jpeg","width":384,"height":384},{"@type":"BreadcrumbList","@id":"https:\/\/pontsik.com\/toode\/manzilla-oliivid-ansoovisekreemiga-200g\/#breadcrumb","itemListElement":[{"@type":"ListItem","position":1,"name":"Avaleht","item":"https:\/\/pontsik.com\/"},{"@type":"ListItem","position":2,"name":"Pood","item":"https:\/\/pontsik.com\/pood\/"},{"@type":"ListItem","position":3,"name":"Manzanilla rohelised oliivid an\u0161oovisekreemiga 200g"}]},{"@type":"WebSite","@id":"https:\/\/pontsik.com\/#website","url":"https:\/\/pontsik.com\/","name":"Momster Catering","description":"Suurep\u00e4rane maitseelamus!","publisher":{"@id":"https:\/\/pontsik.com\/#organization"},"potentialAction":[{"@type":"SearchAction","target":{"@type":"EntryPoint","urlTemplate":"https:\/\/pontsik.com\/?s={search_term_string}"},"query-input":{"@type":"PropertyValueSpecification","valueRequired":true,"valueName":"search_term_string"}}],"inLanguage":"en-US"},{"@type":"Organization","@id":"https:\/\/pontsik.com\/#organization","name":"Momster Catering","url":"https:\/\/pontsik.com\/","logo":{"@type":"ImageObject","inLanguage":"en-US","@id":"https:\/\/pontsik.com\/#\/schema\/logo\/image\/","url":"https:\/\/pontsik.com\/wp-content\/uploads\/2012\/06\/momster150.png","contentUrl":"https:\/\/pontsik.com\/wp-content\/uploads\/2012\/06\/momster150.png","width":150,"height":151,"caption":"Momster Catering"},"image":{"@id":"https:\/\/pontsik.com\/#\/schema\/logo\/image\/"},"sameAs":["https:\/\/www.facebook.com\/momstercatering\/","https:\/\/www.instagram.com\/momster_catering\/?hl=en"]}]}},"_links":{"self":[{"href":"https:\/\/pontsik.com\/en\/wp-json\/wp\/v2\/product\/4373","targetHints":{"allow":["GET"]}}],"collection":[{"href":"https:\/\/pontsik.com\/en\/wp-json\/wp\/v2\/product"}],"about":[{"href":"https:\/\/pontsik.com\/en\/wp-json\/wp\/v2\/types\/product"}],"version-history":[{"count":4,"href":"https:\/\/pontsik.com\/en\/wp-json\/wp\/v2\/product\/4373\/revisions"}],"predecessor-version":[{"id":5975,"href":"https:\/\/pontsik.com\/en\/wp-json\/wp\/v2\/product\/4373\/revisions\/5975"}],"wp:featuredmedia":[{"embeddable":true,"href":"https:\/\/pontsik.com\/en\/wp-json\/wp\/v2\/media\/5974"}],"wp:attachment":[{"href":"https:\/\/pontsik.com\/en\/wp-json\/wp\/v2\/media?parent=4373"}],"wp:term":[{"taxonomy":"product_brand","embeddable":true,"href":"https:\/\/pontsik.com\/en\/wp-json\/wp\/v2\/product_brand?post=4373"},{"taxonomy":"product_cat","embeddable":true,"href":"https:\/\/pontsik.com\/en\/wp-json\/wp\/v2\/product_cat?post=4373"},{"taxonomy":"product_tag","embeddable":true,"href":"https:\/\/pontsik.com\/en\/wp-json\/wp\/v2\/product_tag?post=4373"}],"curies":[{"name":"wp","href":"https:\/\/api.w.org\/{rel}","templated":true}]}}