{"id":4376,"date":"2022-02-27T18:25:00","date_gmt":"2022-02-27T18:25:00","guid":{"rendered":"https:\/\/pontsik.com\/?post_type=product&#038;p=4376"},"modified":"2025-01-07T06:16:02","modified_gmt":"2025-01-07T06:16:02","slug":"aoste-salaami-kreeka-pahklitega","status":"publish","type":"product","link":"https:\/\/pontsik.com\/en\/product\/aoste-salaami-kreeka-pahklitega\/","title":{"rendered":"Aoste salaami kreeka p\u00e4hklitega 150 g"},"content":{"rendered":"<div>Koostisosad: sealiha 9% (EL p\u00e4ritolu), Kreeka p\u00e4hklid, sool, laktoos (piim), dekstroos, v\u00fcrtsid, suhkur, \u00fcrdid, s\u00e4ilitusained (E252, E250), juuretis, v\u00f5ib sisaldada teisi p\u00e4hkli j\u00e4\u00e4ke.<\/div>\n<div><\/div>\n<div>100g valmistoote kohta kasutatud 140g liha, kest ei ole s\u00f6\u00f6dav.<\/div>\n<div>Enne tarbiist kest eemaldada.<\/div>\n<div><\/div>\n<div>Toitumisalane teave 100g toote kohta: energia 2015kJ\/487 kcal, rasva 42g, sh k\u00fcllastunud rasvhappeid 17g, s\u00fcsivesikuid 2,7g, sh suhkur 1,9g, valgud 24g, sool 3,8g.<\/div>\n<div><\/div>\n<div>Toodetud Prantsusmaal.<\/div>","protected":false},"excerpt":{"rendered":"<p>Koostisosad: sealiha 9% (EL p\u00e4ritolu), Kreeka p\u00e4hklid, sool, laktoos (piim), dekstroos, v\u00fcrtsid, suhkur, \u00fcrdid, s\u00e4ilitusained (E252, E250), juuretis, v\u00f5ib sisaldada teisi p\u00e4hkli j\u00e4\u00e4ke. 100g valmistoote kohta kasutatud 140g liha, kest ei ole s\u00f6\u00f6dav. Enne tarbiist kest eemaldada. Toitumisalane teave 100g toote kohta: energia 2015kJ\/487 kcal, rasva 42g, sh k\u00fcllastunud rasvhappeid 17g, s\u00fcsivesikuid 2,7g, sh suhkur&#8230;<\/p>","protected":false},"featured_media":6117,"template":"","meta":[],"product_brand":[],"product_cat":[94],"product_tag":[],"class_list":{"0":"post-4376","1":"product","2":"type-product","3":"status-publish","4":"has-post-thumbnail","6":"product_cat-juustud-ja-charcuterie","8":"first","9":"instock","10":"shipping-taxable","11":"purchasable","12":"product-type-simple"},"yoast_head":"<!-- This site is optimized with the Yoast SEO plugin v27.2 - https:\/\/yoast.com\/product\/yoast-seo-wordpress\/ -->\n<title>Aoste salaami kreeka p\u00e4hklitega 150 g - Momster Catering<\/title>\n<meta name=\"robots\" content=\"index, follow, max-snippet:-1, max-image-preview:large, max-video-preview:-1\" \/>\n<link rel=\"canonical\" href=\"https:\/\/pontsik.com\/en\/product\/aoste-salaami-kreeka-pahklitega\/\" \/>\n<meta property=\"og:locale\" content=\"en_US\" \/>\n<meta property=\"og:type\" content=\"article\" \/>\n<meta property=\"og:title\" content=\"Aoste salaami kreeka p\u00e4hklitega 150 g - Momster Catering\" \/>\n<meta property=\"og:description\" content=\"Koostisosad: sealiha 9% (EL p\u00e4ritolu), Kreeka p\u00e4hklid, sool, laktoos (piim), dekstroos, v\u00fcrtsid, suhkur, \u00fcrdid, s\u00e4ilitusained (E252, E250), juuretis, v\u00f5ib sisaldada teisi p\u00e4hkli j\u00e4\u00e4ke. 100g valmistoote kohta kasutatud 140g liha, kest ei ole s\u00f6\u00f6dav. Enne tarbiist kest eemaldada. Toitumisalane teave 100g toote kohta: energia 2015kJ\/487 kcal, rasva 42g, sh k\u00fcllastunud rasvhappeid 17g, s\u00fcsivesikuid 2,7g, sh suhkur...\" \/>\n<meta property=\"og:url\" content=\"https:\/\/pontsik.com\/en\/product\/aoste-salaami-kreeka-pahklitega\/\" \/>\n<meta property=\"og:site_name\" content=\"Momster Catering\" \/>\n<meta property=\"article:publisher\" content=\"https:\/\/www.facebook.com\/momstercatering\/\" \/>\n<meta property=\"article:modified_time\" content=\"2025-01-07T06:16:02+00:00\" \/>\n<meta property=\"og:image\" content=\"https:\/\/pontsik.com\/wp-content\/uploads\/2022\/02\/charcuterie-salaami.png\" \/>\n\t<meta property=\"og:image:width\" content=\"699\" \/>\n\t<meta property=\"og:image:height\" content=\"520\" \/>\n\t<meta property=\"og:image:type\" content=\"image\/png\" \/>\n<meta name=\"twitter:card\" content=\"summary_large_image\" \/>\n<meta name=\"twitter:label1\" content=\"Est. reading time\" \/>\n\t<meta name=\"twitter:data1\" content=\"1 minute\" \/>\n<script type=\"application\/ld+json\" class=\"yoast-schema-graph\">{\"@context\":\"https:\/\/schema.org\",\"@graph\":[{\"@type\":\"WebPage\",\"@id\":\"https:\/\/pontsik.com\/toode\/aoste-salaami-kreeka-pahklitega\/\",\"url\":\"https:\/\/pontsik.com\/toode\/aoste-salaami-kreeka-pahklitega\/\",\"name\":\"Aoste salaami kreeka p\u00e4hklitega 150 g - Momster Catering\",\"isPartOf\":{\"@id\":\"https:\/\/pontsik.com\/#website\"},\"primaryImageOfPage\":{\"@id\":\"https:\/\/pontsik.com\/toode\/aoste-salaami-kreeka-pahklitega\/#primaryimage\"},\"image\":{\"@id\":\"https:\/\/pontsik.com\/toode\/aoste-salaami-kreeka-pahklitega\/#primaryimage\"},\"thumbnailUrl\":\"https:\/\/pontsik.com\/wp-content\/uploads\/2022\/02\/charcuterie-salaami.png\",\"datePublished\":\"2022-02-27T18:25:00+00:00\",\"dateModified\":\"2025-01-07T06:16:02+00:00\",\"breadcrumb\":{\"@id\":\"https:\/\/pontsik.com\/toode\/aoste-salaami-kreeka-pahklitega\/#breadcrumb\"},\"inLanguage\":\"en-US\",\"potentialAction\":[{\"@type\":\"ReadAction\",\"target\":[\"https:\/\/pontsik.com\/toode\/aoste-salaami-kreeka-pahklitega\/\"]}]},{\"@type\":\"ImageObject\",\"inLanguage\":\"en-US\",\"@id\":\"https:\/\/pontsik.com\/toode\/aoste-salaami-kreeka-pahklitega\/#primaryimage\",\"url\":\"https:\/\/pontsik.com\/wp-content\/uploads\/2022\/02\/charcuterie-salaami.png\",\"contentUrl\":\"https:\/\/pontsik.com\/wp-content\/uploads\/2022\/02\/charcuterie-salaami.png\",\"width\":699,\"height\":520},{\"@type\":\"BreadcrumbList\",\"@id\":\"https:\/\/pontsik.com\/toode\/aoste-salaami-kreeka-pahklitega\/#breadcrumb\",\"itemListElement\":[{\"@type\":\"ListItem\",\"position\":1,\"name\":\"Avaleht\",\"item\":\"https:\/\/pontsik.com\/\"},{\"@type\":\"ListItem\",\"position\":2,\"name\":\"Pood\",\"item\":\"https:\/\/pontsik.com\/pood\/\"},{\"@type\":\"ListItem\",\"position\":3,\"name\":\"Aoste salaami kreeka p\u00e4hklitega 150 g\"}]},{\"@type\":\"WebSite\",\"@id\":\"https:\/\/pontsik.com\/#website\",\"url\":\"https:\/\/pontsik.com\/\",\"name\":\"Momster Catering\",\"description\":\"Suurep\u00e4rane maitseelamus!\",\"publisher\":{\"@id\":\"https:\/\/pontsik.com\/#organization\"},\"potentialAction\":[{\"@type\":\"SearchAction\",\"target\":{\"@type\":\"EntryPoint\",\"urlTemplate\":\"https:\/\/pontsik.com\/?s={search_term_string}\"},\"query-input\":{\"@type\":\"PropertyValueSpecification\",\"valueRequired\":true,\"valueName\":\"search_term_string\"}}],\"inLanguage\":\"en-US\"},{\"@type\":\"Organization\",\"@id\":\"https:\/\/pontsik.com\/#organization\",\"name\":\"Momster Catering\",\"url\":\"https:\/\/pontsik.com\/\",\"logo\":{\"@type\":\"ImageObject\",\"inLanguage\":\"en-US\",\"@id\":\"https:\/\/pontsik.com\/#\/schema\/logo\/image\/\",\"url\":\"https:\/\/pontsik.com\/wp-content\/uploads\/2012\/06\/momster150.png\",\"contentUrl\":\"https:\/\/pontsik.com\/wp-content\/uploads\/2012\/06\/momster150.png\",\"width\":150,\"height\":151,\"caption\":\"Momster Catering\"},\"image\":{\"@id\":\"https:\/\/pontsik.com\/#\/schema\/logo\/image\/\"},\"sameAs\":[\"https:\/\/www.facebook.com\/momstercatering\/\",\"https:\/\/www.instagram.com\/momster_catering\/?hl=en\"]}]}<\/script>\n<!-- \/ Yoast SEO plugin. -->","yoast_head_json":{"title":"Aoste salaami kreeka p\u00e4hklitega 150 g - Momster Catering","robots":{"index":"index","follow":"follow","max-snippet":"max-snippet:-1","max-image-preview":"max-image-preview:large","max-video-preview":"max-video-preview:-1"},"canonical":"https:\/\/pontsik.com\/en\/product\/aoste-salaami-kreeka-pahklitega\/","og_locale":"en_US","og_type":"article","og_title":"Aoste salaami kreeka p\u00e4hklitega 150 g - Momster Catering","og_description":"Koostisosad: sealiha 9% (EL p\u00e4ritolu), Kreeka p\u00e4hklid, sool, laktoos (piim), dekstroos, v\u00fcrtsid, suhkur, \u00fcrdid, s\u00e4ilitusained (E252, E250), juuretis, v\u00f5ib sisaldada teisi p\u00e4hkli j\u00e4\u00e4ke. 100g valmistoote kohta kasutatud 140g liha, kest ei ole s\u00f6\u00f6dav. Enne tarbiist kest eemaldada. Toitumisalane teave 100g toote kohta: energia 2015kJ\/487 kcal, rasva 42g, sh k\u00fcllastunud rasvhappeid 17g, s\u00fcsivesikuid 2,7g, sh suhkur...","og_url":"https:\/\/pontsik.com\/en\/product\/aoste-salaami-kreeka-pahklitega\/","og_site_name":"Momster Catering","article_publisher":"https:\/\/www.facebook.com\/momstercatering\/","article_modified_time":"2025-01-07T06:16:02+00:00","og_image":[{"width":699,"height":520,"url":"https:\/\/pontsik.com\/wp-content\/uploads\/2022\/02\/charcuterie-salaami.png","type":"image\/png"}],"twitter_card":"summary_large_image","twitter_misc":{"Est. reading time":"1 minute"},"schema":{"@context":"https:\/\/schema.org","@graph":[{"@type":"WebPage","@id":"https:\/\/pontsik.com\/toode\/aoste-salaami-kreeka-pahklitega\/","url":"https:\/\/pontsik.com\/toode\/aoste-salaami-kreeka-pahklitega\/","name":"Aoste salaami kreeka p\u00e4hklitega 150 g - Momster Catering","isPartOf":{"@id":"https:\/\/pontsik.com\/#website"},"primaryImageOfPage":{"@id":"https:\/\/pontsik.com\/toode\/aoste-salaami-kreeka-pahklitega\/#primaryimage"},"image":{"@id":"https:\/\/pontsik.com\/toode\/aoste-salaami-kreeka-pahklitega\/#primaryimage"},"thumbnailUrl":"https:\/\/pontsik.com\/wp-content\/uploads\/2022\/02\/charcuterie-salaami.png","datePublished":"2022-02-27T18:25:00+00:00","dateModified":"2025-01-07T06:16:02+00:00","breadcrumb":{"@id":"https:\/\/pontsik.com\/toode\/aoste-salaami-kreeka-pahklitega\/#breadcrumb"},"inLanguage":"en-US","potentialAction":[{"@type":"ReadAction","target":["https:\/\/pontsik.com\/toode\/aoste-salaami-kreeka-pahklitega\/"]}]},{"@type":"ImageObject","inLanguage":"en-US","@id":"https:\/\/pontsik.com\/toode\/aoste-salaami-kreeka-pahklitega\/#primaryimage","url":"https:\/\/pontsik.com\/wp-content\/uploads\/2022\/02\/charcuterie-salaami.png","contentUrl":"https:\/\/pontsik.com\/wp-content\/uploads\/2022\/02\/charcuterie-salaami.png","width":699,"height":520},{"@type":"BreadcrumbList","@id":"https:\/\/pontsik.com\/toode\/aoste-salaami-kreeka-pahklitega\/#breadcrumb","itemListElement":[{"@type":"ListItem","position":1,"name":"Avaleht","item":"https:\/\/pontsik.com\/"},{"@type":"ListItem","position":2,"name":"Pood","item":"https:\/\/pontsik.com\/pood\/"},{"@type":"ListItem","position":3,"name":"Aoste salaami kreeka p\u00e4hklitega 150 g"}]},{"@type":"WebSite","@id":"https:\/\/pontsik.com\/#website","url":"https:\/\/pontsik.com\/","name":"Momster Catering","description":"Suurep\u00e4rane maitseelamus!","publisher":{"@id":"https:\/\/pontsik.com\/#organization"},"potentialAction":[{"@type":"SearchAction","target":{"@type":"EntryPoint","urlTemplate":"https:\/\/pontsik.com\/?s={search_term_string}"},"query-input":{"@type":"PropertyValueSpecification","valueRequired":true,"valueName":"search_term_string"}}],"inLanguage":"en-US"},{"@type":"Organization","@id":"https:\/\/pontsik.com\/#organization","name":"Momster Catering","url":"https:\/\/pontsik.com\/","logo":{"@type":"ImageObject","inLanguage":"en-US","@id":"https:\/\/pontsik.com\/#\/schema\/logo\/image\/","url":"https:\/\/pontsik.com\/wp-content\/uploads\/2012\/06\/momster150.png","contentUrl":"https:\/\/pontsik.com\/wp-content\/uploads\/2012\/06\/momster150.png","width":150,"height":151,"caption":"Momster Catering"},"image":{"@id":"https:\/\/pontsik.com\/#\/schema\/logo\/image\/"},"sameAs":["https:\/\/www.facebook.com\/momstercatering\/","https:\/\/www.instagram.com\/momster_catering\/?hl=en"]}]}},"_links":{"self":[{"href":"https:\/\/pontsik.com\/en\/wp-json\/wp\/v2\/product\/4376","targetHints":{"allow":["GET"]}}],"collection":[{"href":"https:\/\/pontsik.com\/en\/wp-json\/wp\/v2\/product"}],"about":[{"href":"https:\/\/pontsik.com\/en\/wp-json\/wp\/v2\/types\/product"}],"version-history":[{"count":6,"href":"https:\/\/pontsik.com\/en\/wp-json\/wp\/v2\/product\/4376\/revisions"}],"predecessor-version":[{"id":5973,"href":"https:\/\/pontsik.com\/en\/wp-json\/wp\/v2\/product\/4376\/revisions\/5973"}],"wp:featuredmedia":[{"embeddable":true,"href":"https:\/\/pontsik.com\/en\/wp-json\/wp\/v2\/media\/6117"}],"wp:attachment":[{"href":"https:\/\/pontsik.com\/en\/wp-json\/wp\/v2\/media?parent=4376"}],"wp:term":[{"taxonomy":"product_brand","embeddable":true,"href":"https:\/\/pontsik.com\/en\/wp-json\/wp\/v2\/product_brand?post=4376"},{"taxonomy":"product_cat","embeddable":true,"href":"https:\/\/pontsik.com\/en\/wp-json\/wp\/v2\/product_cat?post=4376"},{"taxonomy":"product_tag","embeddable":true,"href":"https:\/\/pontsik.com\/en\/wp-json\/wp\/v2\/product_tag?post=4376"}],"curies":[{"name":"wp","href":"https:\/\/api.w.org\/{rel}","templated":true}]}}