{"id":5747,"date":"2024-02-15T17:58:44","date_gmt":"2024-02-15T17:58:44","guid":{"rendered":"https:\/\/pontsik.com\/?post_type=product&#038;p=5747"},"modified":"2024-12-11T06:56:19","modified_gmt":"2024-12-11T06:56:19","slug":"juust-maitsetaimedega-150g","status":"publish","type":"product","link":"https:\/\/pontsik.com\/en\/product\/juust-maitsetaimedega-150g\/","title":{"rendered":"Juust paprika ja maitsetaimedega 150g"},"content":{"rendered":"<p>Koostisosad: past\u00f6riseeritud lehmapiim, sool, juuretis, loomne laap, paprika, murulauk, k\u00fc\u00fcslauk, s\u00e4ilitusaine naatriumnitraat. GMO vaba.<\/p>\n<p>100g sisaldab: energiat 1568kJ \/375kcal, rasva 31,3g sh. k\u00fcllastunud rasvhapped 19,7g,<br \/>\ns\u00fcsivesikud 0,1g sh. suhkur 0g, valgud 23,2g, sool 2,1g.<\/p>\n<p>S\u00e4ilitada temperatuuril +2C &#8211; +10C.<\/p>\n<p>Toodetud Hollandis<\/p>\n<div id=\"description\">\n<p>Laktoosi (&lt;0,1g\/100g) ja gluteenivaba.<\/p>\n<\/div>","protected":false},"excerpt":{"rendered":"<p>Koostisosad: past\u00f6riseeritud lehmapiim, sool, juuretis, loomne laap, paprika, murulauk, k\u00fc\u00fcslauk, s\u00e4ilitusaine naatriumnitraat. GMO vaba. 100g sisaldab: energiat 1568kJ \/375kcal, rasva 31,3g sh. k\u00fcllastunud rasvhapped 19,7g, s\u00fcsivesikud 0,1g sh. suhkur 0g, valgud 23,2g, sool 2,1g. S\u00e4ilitada temperatuuril +2C &#8211; +10C. Toodetud Hollandis Laktoosi (&lt;0,1g\/100g) ja gluteenivaba.<\/p>","protected":false},"featured_media":6118,"template":"","meta":[],"product_brand":[],"product_cat":[94],"product_tag":[],"class_list":{"0":"post-5747","1":"product","2":"type-product","3":"status-publish","4":"has-post-thumbnail","6":"product_cat-juustud-ja-charcuterie","8":"first","9":"instock","10":"shipping-taxable","11":"purchasable","12":"product-type-simple"},"yoast_head":"<!-- This site is optimized with the Yoast SEO plugin v27.2 - https:\/\/yoast.com\/product\/yoast-seo-wordpress\/ -->\n<title>Juust paprika ja maitsetaimedega 150g - Momster Catering<\/title>\n<meta name=\"robots\" content=\"index, follow, max-snippet:-1, max-image-preview:large, max-video-preview:-1\" \/>\n<link rel=\"canonical\" href=\"https:\/\/pontsik.com\/en\/product\/juust-maitsetaimedega-150g\/\" \/>\n<meta property=\"og:locale\" content=\"en_US\" \/>\n<meta property=\"og:type\" content=\"article\" \/>\n<meta property=\"og:title\" content=\"Juust paprika ja maitsetaimedega 150g - Momster Catering\" \/>\n<meta property=\"og:description\" content=\"Koostisosad: past\u00f6riseeritud lehmapiim, sool, juuretis, loomne laap, paprika, murulauk, k\u00fc\u00fcslauk, s\u00e4ilitusaine naatriumnitraat. GMO vaba. 100g sisaldab: energiat 1568kJ \/375kcal, rasva 31,3g sh. k\u00fcllastunud rasvhapped 19,7g, s\u00fcsivesikud 0,1g sh. suhkur 0g, valgud 23,2g, sool 2,1g. S\u00e4ilitada temperatuuril +2C &#8211; +10C. Toodetud Hollandis Laktoosi (&lt;0,1g\/100g) ja gluteenivaba.\" \/>\n<meta property=\"og:url\" content=\"https:\/\/pontsik.com\/en\/product\/juust-maitsetaimedega-150g\/\" \/>\n<meta property=\"og:site_name\" content=\"Momster Catering\" \/>\n<meta property=\"article:publisher\" content=\"https:\/\/www.facebook.com\/momstercatering\/\" \/>\n<meta property=\"article:modified_time\" content=\"2024-12-11T06:56:19+00:00\" \/>\n<meta property=\"og:image\" content=\"https:\/\/pontsik.com\/wp-content\/uploads\/2024\/02\/juust-maitsetaimedega.png\" \/>\n\t<meta property=\"og:image:width\" content=\"370\" \/>\n\t<meta property=\"og:image:height\" content=\"258\" \/>\n\t<meta property=\"og:image:type\" content=\"image\/png\" \/>\n<meta name=\"twitter:card\" content=\"summary_large_image\" \/>\n<meta name=\"twitter:label1\" content=\"Est. reading time\" \/>\n\t<meta name=\"twitter:data1\" content=\"1 minute\" \/>\n<script type=\"application\/ld+json\" class=\"yoast-schema-graph\">{\"@context\":\"https:\/\/schema.org\",\"@graph\":[{\"@type\":\"WebPage\",\"@id\":\"https:\/\/pontsik.com\/toode\/juust-maitsetaimedega-150g\/\",\"url\":\"https:\/\/pontsik.com\/toode\/juust-maitsetaimedega-150g\/\",\"name\":\"Juust paprika ja maitsetaimedega 150g - Momster Catering\",\"isPartOf\":{\"@id\":\"https:\/\/pontsik.com\/#website\"},\"primaryImageOfPage\":{\"@id\":\"https:\/\/pontsik.com\/toode\/juust-maitsetaimedega-150g\/#primaryimage\"},\"image\":{\"@id\":\"https:\/\/pontsik.com\/toode\/juust-maitsetaimedega-150g\/#primaryimage\"},\"thumbnailUrl\":\"https:\/\/pontsik.com\/wp-content\/uploads\/2024\/02\/juust-maitsetaimedega.png\",\"datePublished\":\"2024-02-15T17:58:44+00:00\",\"dateModified\":\"2024-12-11T06:56:19+00:00\",\"breadcrumb\":{\"@id\":\"https:\/\/pontsik.com\/toode\/juust-maitsetaimedega-150g\/#breadcrumb\"},\"inLanguage\":\"en-US\",\"potentialAction\":[{\"@type\":\"ReadAction\",\"target\":[\"https:\/\/pontsik.com\/toode\/juust-maitsetaimedega-150g\/\"]}]},{\"@type\":\"ImageObject\",\"inLanguage\":\"en-US\",\"@id\":\"https:\/\/pontsik.com\/toode\/juust-maitsetaimedega-150g\/#primaryimage\",\"url\":\"https:\/\/pontsik.com\/wp-content\/uploads\/2024\/02\/juust-maitsetaimedega.png\",\"contentUrl\":\"https:\/\/pontsik.com\/wp-content\/uploads\/2024\/02\/juust-maitsetaimedega.png\",\"width\":370,\"height\":258},{\"@type\":\"BreadcrumbList\",\"@id\":\"https:\/\/pontsik.com\/toode\/juust-maitsetaimedega-150g\/#breadcrumb\",\"itemListElement\":[{\"@type\":\"ListItem\",\"position\":1,\"name\":\"Avaleht\",\"item\":\"https:\/\/pontsik.com\/\"},{\"@type\":\"ListItem\",\"position\":2,\"name\":\"Pood\",\"item\":\"https:\/\/pontsik.com\/pood\/\"},{\"@type\":\"ListItem\",\"position\":3,\"name\":\"Juust paprika ja maitsetaimedega 150g\"}]},{\"@type\":\"WebSite\",\"@id\":\"https:\/\/pontsik.com\/#website\",\"url\":\"https:\/\/pontsik.com\/\",\"name\":\"Momster Catering\",\"description\":\"Suurep\u00e4rane maitseelamus!\",\"publisher\":{\"@id\":\"https:\/\/pontsik.com\/#organization\"},\"potentialAction\":[{\"@type\":\"SearchAction\",\"target\":{\"@type\":\"EntryPoint\",\"urlTemplate\":\"https:\/\/pontsik.com\/?s={search_term_string}\"},\"query-input\":{\"@type\":\"PropertyValueSpecification\",\"valueRequired\":true,\"valueName\":\"search_term_string\"}}],\"inLanguage\":\"en-US\"},{\"@type\":\"Organization\",\"@id\":\"https:\/\/pontsik.com\/#organization\",\"name\":\"Momster Catering\",\"url\":\"https:\/\/pontsik.com\/\",\"logo\":{\"@type\":\"ImageObject\",\"inLanguage\":\"en-US\",\"@id\":\"https:\/\/pontsik.com\/#\/schema\/logo\/image\/\",\"url\":\"https:\/\/pontsik.com\/wp-content\/uploads\/2012\/06\/momster150.png\",\"contentUrl\":\"https:\/\/pontsik.com\/wp-content\/uploads\/2012\/06\/momster150.png\",\"width\":150,\"height\":151,\"caption\":\"Momster Catering\"},\"image\":{\"@id\":\"https:\/\/pontsik.com\/#\/schema\/logo\/image\/\"},\"sameAs\":[\"https:\/\/www.facebook.com\/momstercatering\/\",\"https:\/\/www.instagram.com\/momster_catering\/?hl=en\"]}]}<\/script>\n<!-- \/ Yoast SEO plugin. -->","yoast_head_json":{"title":"Juust paprika ja maitsetaimedega 150g - Momster Catering","robots":{"index":"index","follow":"follow","max-snippet":"max-snippet:-1","max-image-preview":"max-image-preview:large","max-video-preview":"max-video-preview:-1"},"canonical":"https:\/\/pontsik.com\/en\/product\/juust-maitsetaimedega-150g\/","og_locale":"en_US","og_type":"article","og_title":"Juust paprika ja maitsetaimedega 150g - Momster Catering","og_description":"Koostisosad: past\u00f6riseeritud lehmapiim, sool, juuretis, loomne laap, paprika, murulauk, k\u00fc\u00fcslauk, s\u00e4ilitusaine naatriumnitraat. GMO vaba. 100g sisaldab: energiat 1568kJ \/375kcal, rasva 31,3g sh. k\u00fcllastunud rasvhapped 19,7g, s\u00fcsivesikud 0,1g sh. suhkur 0g, valgud 23,2g, sool 2,1g. S\u00e4ilitada temperatuuril +2C &#8211; +10C. Toodetud Hollandis Laktoosi (&lt;0,1g\/100g) ja gluteenivaba.","og_url":"https:\/\/pontsik.com\/en\/product\/juust-maitsetaimedega-150g\/","og_site_name":"Momster Catering","article_publisher":"https:\/\/www.facebook.com\/momstercatering\/","article_modified_time":"2024-12-11T06:56:19+00:00","og_image":[{"width":370,"height":258,"url":"https:\/\/pontsik.com\/wp-content\/uploads\/2024\/02\/juust-maitsetaimedega.png","type":"image\/png"}],"twitter_card":"summary_large_image","twitter_misc":{"Est. reading time":"1 minute"},"schema":{"@context":"https:\/\/schema.org","@graph":[{"@type":"WebPage","@id":"https:\/\/pontsik.com\/toode\/juust-maitsetaimedega-150g\/","url":"https:\/\/pontsik.com\/toode\/juust-maitsetaimedega-150g\/","name":"Juust paprika ja maitsetaimedega 150g - Momster Catering","isPartOf":{"@id":"https:\/\/pontsik.com\/#website"},"primaryImageOfPage":{"@id":"https:\/\/pontsik.com\/toode\/juust-maitsetaimedega-150g\/#primaryimage"},"image":{"@id":"https:\/\/pontsik.com\/toode\/juust-maitsetaimedega-150g\/#primaryimage"},"thumbnailUrl":"https:\/\/pontsik.com\/wp-content\/uploads\/2024\/02\/juust-maitsetaimedega.png","datePublished":"2024-02-15T17:58:44+00:00","dateModified":"2024-12-11T06:56:19+00:00","breadcrumb":{"@id":"https:\/\/pontsik.com\/toode\/juust-maitsetaimedega-150g\/#breadcrumb"},"inLanguage":"en-US","potentialAction":[{"@type":"ReadAction","target":["https:\/\/pontsik.com\/toode\/juust-maitsetaimedega-150g\/"]}]},{"@type":"ImageObject","inLanguage":"en-US","@id":"https:\/\/pontsik.com\/toode\/juust-maitsetaimedega-150g\/#primaryimage","url":"https:\/\/pontsik.com\/wp-content\/uploads\/2024\/02\/juust-maitsetaimedega.png","contentUrl":"https:\/\/pontsik.com\/wp-content\/uploads\/2024\/02\/juust-maitsetaimedega.png","width":370,"height":258},{"@type":"BreadcrumbList","@id":"https:\/\/pontsik.com\/toode\/juust-maitsetaimedega-150g\/#breadcrumb","itemListElement":[{"@type":"ListItem","position":1,"name":"Avaleht","item":"https:\/\/pontsik.com\/"},{"@type":"ListItem","position":2,"name":"Pood","item":"https:\/\/pontsik.com\/pood\/"},{"@type":"ListItem","position":3,"name":"Juust paprika ja maitsetaimedega 150g"}]},{"@type":"WebSite","@id":"https:\/\/pontsik.com\/#website","url":"https:\/\/pontsik.com\/","name":"Momster Catering","description":"Suurep\u00e4rane maitseelamus!","publisher":{"@id":"https:\/\/pontsik.com\/#organization"},"potentialAction":[{"@type":"SearchAction","target":{"@type":"EntryPoint","urlTemplate":"https:\/\/pontsik.com\/?s={search_term_string}"},"query-input":{"@type":"PropertyValueSpecification","valueRequired":true,"valueName":"search_term_string"}}],"inLanguage":"en-US"},{"@type":"Organization","@id":"https:\/\/pontsik.com\/#organization","name":"Momster Catering","url":"https:\/\/pontsik.com\/","logo":{"@type":"ImageObject","inLanguage":"en-US","@id":"https:\/\/pontsik.com\/#\/schema\/logo\/image\/","url":"https:\/\/pontsik.com\/wp-content\/uploads\/2012\/06\/momster150.png","contentUrl":"https:\/\/pontsik.com\/wp-content\/uploads\/2012\/06\/momster150.png","width":150,"height":151,"caption":"Momster Catering"},"image":{"@id":"https:\/\/pontsik.com\/#\/schema\/logo\/image\/"},"sameAs":["https:\/\/www.facebook.com\/momstercatering\/","https:\/\/www.instagram.com\/momster_catering\/?hl=en"]}]}},"_links":{"self":[{"href":"https:\/\/pontsik.com\/en\/wp-json\/wp\/v2\/product\/5747","targetHints":{"allow":["GET"]}}],"collection":[{"href":"https:\/\/pontsik.com\/en\/wp-json\/wp\/v2\/product"}],"about":[{"href":"https:\/\/pontsik.com\/en\/wp-json\/wp\/v2\/types\/product"}],"version-history":[{"count":4,"href":"https:\/\/pontsik.com\/en\/wp-json\/wp\/v2\/product\/5747\/revisions"}],"predecessor-version":[{"id":6119,"href":"https:\/\/pontsik.com\/en\/wp-json\/wp\/v2\/product\/5747\/revisions\/6119"}],"wp:featuredmedia":[{"embeddable":true,"href":"https:\/\/pontsik.com\/en\/wp-json\/wp\/v2\/media\/6118"}],"wp:attachment":[{"href":"https:\/\/pontsik.com\/en\/wp-json\/wp\/v2\/media?parent=5747"}],"wp:term":[{"taxonomy":"product_brand","embeddable":true,"href":"https:\/\/pontsik.com\/en\/wp-json\/wp\/v2\/product_brand?post=5747"},{"taxonomy":"product_cat","embeddable":true,"href":"https:\/\/pontsik.com\/en\/wp-json\/wp\/v2\/product_cat?post=5747"},{"taxonomy":"product_tag","embeddable":true,"href":"https:\/\/pontsik.com\/en\/wp-json\/wp\/v2\/product_tag?post=5747"}],"curies":[{"name":"wp","href":"https:\/\/api.w.org\/{rel}","templated":true}]}}