{"id":5749,"date":"2024-02-15T17:59:08","date_gmt":"2024-02-15T17:59:08","guid":{"rendered":"https:\/\/pontsik.com\/?post_type=product&#038;p=5749"},"modified":"2026-05-13T19:26:46","modified_gmt":"2026-05-13T16:26:46","slug":"rohelised-oliivid-kornisoniga-280-g","status":"publish","type":"product","link":"https:\/\/pontsik.com\/en\/product\/rohelised-oliivid-kornisoniga-280-g\/","title":{"rendered":"Korni\u0161oniga t\u00e4idetud rohelised Manzanilla oliivid 280 g"},"content":{"rendered":"<p>V\u00f5rratu kombo moodustavad selles purgis kivideta rohelised Manzanilla oliivid, mis t\u00e4idetud korni\u0161oni kurkidega..<\/p>\n<p>Koostisosad: vesi, kivideta rohelised Manzanilla oliivid 25%, korni\u0161onid (kurk) 25% , sool, maitsetugevdaja (naatriumglutamaat), happesuse regulaator (sidrunhape), s\u00e4ilitusaine (kaaliumsorbaat), antioks\u00fcdant (askorbiinhape).V\u00d5IB SISALDADA OLIIVI KIVI OSAKESI.<\/p>\n<p>100g toodet sisaldab : energia 475 kJ \/ 116 kcal, rasvad 11 g, millest k\u00fcllastunud rasvhapped 1,9 g,<br \/>\ns\u00fcsivesikud 5,1 g millest suhkrud 0 g, kiudained 4,1 g, valgud 1,2 g, sool 2,7 g.<\/p>\n<p>S\u00e4ilib kinnisena toatemperatuuril &#8211; + 25\u00b0C<br \/>\nP\u00e4rast pakendi avamist s\u00e4ilitada vahemikus 0 \u00b0Ckuni 6\u00b0C<br \/>\nTooetud: Hispaanias<\/p>","protected":false},"excerpt":{"rendered":"<p>V\u00f5rratu kombo moodustavad selles purgis kivideta rohelised Manzanilla oliivid, mis t\u00e4idetud korni\u0161oni kurkidega.. Koostisosad: vesi, kivideta rohelised Manzanilla oliivid 25%, korni\u0161onid (kurk) 25% , sool, maitsetugevdaja (naatriumglutamaat), happesuse regulaator (sidrunhape), s\u00e4ilitusaine (kaaliumsorbaat), antioks\u00fcdant (askorbiinhape).V\u00d5IB SISALDADA OLIIVI KIVI OSAKESI. 100g toodet sisaldab : energia 475 kJ \/ 116 kcal, rasvad 11 g, millest k\u00fcllastunud rasvhapped 1,9&#8230;<\/p>","protected":false},"featured_media":5904,"template":"","meta":[],"product_brand":[],"product_cat":[95],"product_tag":[],"class_list":{"0":"post-5749","1":"product","2":"type-product","3":"status-publish","4":"has-post-thumbnail","6":"product_cat-oliivid","8":"first","9":"instock","10":"shipping-taxable","11":"purchasable","12":"product-type-simple"},"yoast_head":"<!-- This site is optimized with the Yoast SEO plugin v27.2 - https:\/\/yoast.com\/product\/yoast-seo-wordpress\/ -->\n<title>Korni\u0161oniga t\u00e4idetud rohelised Manzanilla oliivid 280 g - Momster Catering<\/title>\n<meta name=\"robots\" content=\"index, follow, max-snippet:-1, max-image-preview:large, max-video-preview:-1\" \/>\n<link rel=\"canonical\" href=\"https:\/\/pontsik.com\/en\/product\/rohelised-oliivid-kornisoniga-280-g\/\" \/>\n<meta property=\"og:locale\" content=\"en_US\" \/>\n<meta property=\"og:type\" content=\"article\" \/>\n<meta property=\"og:title\" content=\"Korni\u0161oniga t\u00e4idetud rohelised Manzanilla oliivid 280 g - Momster Catering\" \/>\n<meta property=\"og:description\" content=\"V\u00f5rratu kombo moodustavad selles purgis kivideta rohelised Manzanilla oliivid, mis t\u00e4idetud korni\u0161oni kurkidega.. Koostisosad: vesi, kivideta rohelised Manzanilla oliivid 25%, korni\u0161onid (kurk) 25% , sool, maitsetugevdaja (naatriumglutamaat), happesuse regulaator (sidrunhape), s\u00e4ilitusaine (kaaliumsorbaat), antioks\u00fcdant (askorbiinhape).V\u00d5IB SISALDADA OLIIVI KIVI OSAKESI. 100g toodet sisaldab : energia 475 kJ \/ 116 kcal, rasvad 11 g, millest k\u00fcllastunud rasvhapped 1,9...\" \/>\n<meta property=\"og:url\" content=\"https:\/\/pontsik.com\/en\/product\/rohelised-oliivid-kornisoniga-280-g\/\" \/>\n<meta property=\"og:site_name\" content=\"Momster Catering\" \/>\n<meta property=\"article:publisher\" content=\"https:\/\/www.facebook.com\/momstercatering\/\" \/>\n<meta property=\"article:modified_time\" content=\"2026-05-13T16:26:46+00:00\" \/>\n<meta property=\"og:image\" content=\"https:\/\/pontsik.com\/wp-content\/uploads\/2024\/02\/oliivid-kornisoniga.jpg\" \/>\n\t<meta property=\"og:image:width\" content=\"400\" \/>\n\t<meta property=\"og:image:height\" content=\"400\" \/>\n\t<meta property=\"og:image:type\" content=\"image\/jpeg\" \/>\n<meta name=\"twitter:card\" content=\"summary_large_image\" \/>\n<meta name=\"twitter:label1\" content=\"Est. reading time\" \/>\n\t<meta name=\"twitter:data1\" content=\"1 minute\" \/>\n<script type=\"application\/ld+json\" class=\"yoast-schema-graph\">{\"@context\":\"https:\/\/schema.org\",\"@graph\":[{\"@type\":\"WebPage\",\"@id\":\"https:\/\/pontsik.com\/toode\/rohelised-oliivid-kornisoniga-280-g\/\",\"url\":\"https:\/\/pontsik.com\/toode\/rohelised-oliivid-kornisoniga-280-g\/\",\"name\":\"Korni\u0161oniga t\u00e4idetud rohelised Manzanilla oliivid 280 g - Momster Catering\",\"isPartOf\":{\"@id\":\"https:\/\/pontsik.com\/#website\"},\"primaryImageOfPage\":{\"@id\":\"https:\/\/pontsik.com\/toode\/rohelised-oliivid-kornisoniga-280-g\/#primaryimage\"},\"image\":{\"@id\":\"https:\/\/pontsik.com\/toode\/rohelised-oliivid-kornisoniga-280-g\/#primaryimage\"},\"thumbnailUrl\":\"https:\/\/pontsik.com\/wp-content\/uploads\/2024\/02\/oliivid-kornisoniga.jpg\",\"datePublished\":\"2024-02-15T17:59:08+00:00\",\"dateModified\":\"2026-05-13T16:26:46+00:00\",\"breadcrumb\":{\"@id\":\"https:\/\/pontsik.com\/toode\/rohelised-oliivid-kornisoniga-280-g\/#breadcrumb\"},\"inLanguage\":\"en-US\",\"potentialAction\":[{\"@type\":\"ReadAction\",\"target\":[\"https:\/\/pontsik.com\/toode\/rohelised-oliivid-kornisoniga-280-g\/\"]}]},{\"@type\":\"ImageObject\",\"inLanguage\":\"en-US\",\"@id\":\"https:\/\/pontsik.com\/toode\/rohelised-oliivid-kornisoniga-280-g\/#primaryimage\",\"url\":\"https:\/\/pontsik.com\/wp-content\/uploads\/2024\/02\/oliivid-kornisoniga.jpg\",\"contentUrl\":\"https:\/\/pontsik.com\/wp-content\/uploads\/2024\/02\/oliivid-kornisoniga.jpg\",\"width\":400,\"height\":400},{\"@type\":\"BreadcrumbList\",\"@id\":\"https:\/\/pontsik.com\/toode\/rohelised-oliivid-kornisoniga-280-g\/#breadcrumb\",\"itemListElement\":[{\"@type\":\"ListItem\",\"position\":1,\"name\":\"Avaleht\",\"item\":\"https:\/\/pontsik.com\/\"},{\"@type\":\"ListItem\",\"position\":2,\"name\":\"Pood\",\"item\":\"https:\/\/pontsik.com\/pood\/\"},{\"@type\":\"ListItem\",\"position\":3,\"name\":\"Korni\u0161oniga t\u00e4idetud rohelised Manzanilla oliivid 280 g\"}]},{\"@type\":\"WebSite\",\"@id\":\"https:\/\/pontsik.com\/#website\",\"url\":\"https:\/\/pontsik.com\/\",\"name\":\"Momster Catering\",\"description\":\"Suurep\u00e4rane maitseelamus!\",\"publisher\":{\"@id\":\"https:\/\/pontsik.com\/#organization\"},\"potentialAction\":[{\"@type\":\"SearchAction\",\"target\":{\"@type\":\"EntryPoint\",\"urlTemplate\":\"https:\/\/pontsik.com\/?s={search_term_string}\"},\"query-input\":{\"@type\":\"PropertyValueSpecification\",\"valueRequired\":true,\"valueName\":\"search_term_string\"}}],\"inLanguage\":\"en-US\"},{\"@type\":\"Organization\",\"@id\":\"https:\/\/pontsik.com\/#organization\",\"name\":\"Momster Catering\",\"url\":\"https:\/\/pontsik.com\/\",\"logo\":{\"@type\":\"ImageObject\",\"inLanguage\":\"en-US\",\"@id\":\"https:\/\/pontsik.com\/#\/schema\/logo\/image\/\",\"url\":\"https:\/\/pontsik.com\/wp-content\/uploads\/2012\/06\/momster150.png\",\"contentUrl\":\"https:\/\/pontsik.com\/wp-content\/uploads\/2012\/06\/momster150.png\",\"width\":150,\"height\":151,\"caption\":\"Momster Catering\"},\"image\":{\"@id\":\"https:\/\/pontsik.com\/#\/schema\/logo\/image\/\"},\"sameAs\":[\"https:\/\/www.facebook.com\/momstercatering\/\",\"https:\/\/www.instagram.com\/momster_catering\/?hl=en\"]}]}<\/script>\n<!-- \/ Yoast SEO plugin. -->","yoast_head_json":{"title":"Korni\u0161oniga t\u00e4idetud rohelised Manzanilla oliivid 280 g - Momster Catering","robots":{"index":"index","follow":"follow","max-snippet":"max-snippet:-1","max-image-preview":"max-image-preview:large","max-video-preview":"max-video-preview:-1"},"canonical":"https:\/\/pontsik.com\/en\/product\/rohelised-oliivid-kornisoniga-280-g\/","og_locale":"en_US","og_type":"article","og_title":"Korni\u0161oniga t\u00e4idetud rohelised Manzanilla oliivid 280 g - Momster Catering","og_description":"V\u00f5rratu kombo moodustavad selles purgis kivideta rohelised Manzanilla oliivid, mis t\u00e4idetud korni\u0161oni kurkidega.. Koostisosad: vesi, kivideta rohelised Manzanilla oliivid 25%, korni\u0161onid (kurk) 25% , sool, maitsetugevdaja (naatriumglutamaat), happesuse regulaator (sidrunhape), s\u00e4ilitusaine (kaaliumsorbaat), antioks\u00fcdant (askorbiinhape).V\u00d5IB SISALDADA OLIIVI KIVI OSAKESI. 100g toodet sisaldab : energia 475 kJ \/ 116 kcal, rasvad 11 g, millest k\u00fcllastunud rasvhapped 1,9...","og_url":"https:\/\/pontsik.com\/en\/product\/rohelised-oliivid-kornisoniga-280-g\/","og_site_name":"Momster Catering","article_publisher":"https:\/\/www.facebook.com\/momstercatering\/","article_modified_time":"2026-05-13T16:26:46+00:00","og_image":[{"width":400,"height":400,"url":"https:\/\/pontsik.com\/wp-content\/uploads\/2024\/02\/oliivid-kornisoniga.jpg","type":"image\/jpeg"}],"twitter_card":"summary_large_image","twitter_misc":{"Est. reading time":"1 minute"},"schema":{"@context":"https:\/\/schema.org","@graph":[{"@type":"WebPage","@id":"https:\/\/pontsik.com\/toode\/rohelised-oliivid-kornisoniga-280-g\/","url":"https:\/\/pontsik.com\/toode\/rohelised-oliivid-kornisoniga-280-g\/","name":"Korni\u0161oniga t\u00e4idetud rohelised Manzanilla oliivid 280 g - Momster Catering","isPartOf":{"@id":"https:\/\/pontsik.com\/#website"},"primaryImageOfPage":{"@id":"https:\/\/pontsik.com\/toode\/rohelised-oliivid-kornisoniga-280-g\/#primaryimage"},"image":{"@id":"https:\/\/pontsik.com\/toode\/rohelised-oliivid-kornisoniga-280-g\/#primaryimage"},"thumbnailUrl":"https:\/\/pontsik.com\/wp-content\/uploads\/2024\/02\/oliivid-kornisoniga.jpg","datePublished":"2024-02-15T17:59:08+00:00","dateModified":"2026-05-13T16:26:46+00:00","breadcrumb":{"@id":"https:\/\/pontsik.com\/toode\/rohelised-oliivid-kornisoniga-280-g\/#breadcrumb"},"inLanguage":"en-US","potentialAction":[{"@type":"ReadAction","target":["https:\/\/pontsik.com\/toode\/rohelised-oliivid-kornisoniga-280-g\/"]}]},{"@type":"ImageObject","inLanguage":"en-US","@id":"https:\/\/pontsik.com\/toode\/rohelised-oliivid-kornisoniga-280-g\/#primaryimage","url":"https:\/\/pontsik.com\/wp-content\/uploads\/2024\/02\/oliivid-kornisoniga.jpg","contentUrl":"https:\/\/pontsik.com\/wp-content\/uploads\/2024\/02\/oliivid-kornisoniga.jpg","width":400,"height":400},{"@type":"BreadcrumbList","@id":"https:\/\/pontsik.com\/toode\/rohelised-oliivid-kornisoniga-280-g\/#breadcrumb","itemListElement":[{"@type":"ListItem","position":1,"name":"Avaleht","item":"https:\/\/pontsik.com\/"},{"@type":"ListItem","position":2,"name":"Pood","item":"https:\/\/pontsik.com\/pood\/"},{"@type":"ListItem","position":3,"name":"Korni\u0161oniga t\u00e4idetud rohelised Manzanilla oliivid 280 g"}]},{"@type":"WebSite","@id":"https:\/\/pontsik.com\/#website","url":"https:\/\/pontsik.com\/","name":"Momster Catering","description":"Suurep\u00e4rane maitseelamus!","publisher":{"@id":"https:\/\/pontsik.com\/#organization"},"potentialAction":[{"@type":"SearchAction","target":{"@type":"EntryPoint","urlTemplate":"https:\/\/pontsik.com\/?s={search_term_string}"},"query-input":{"@type":"PropertyValueSpecification","valueRequired":true,"valueName":"search_term_string"}}],"inLanguage":"en-US"},{"@type":"Organization","@id":"https:\/\/pontsik.com\/#organization","name":"Momster Catering","url":"https:\/\/pontsik.com\/","logo":{"@type":"ImageObject","inLanguage":"en-US","@id":"https:\/\/pontsik.com\/#\/schema\/logo\/image\/","url":"https:\/\/pontsik.com\/wp-content\/uploads\/2012\/06\/momster150.png","contentUrl":"https:\/\/pontsik.com\/wp-content\/uploads\/2012\/06\/momster150.png","width":150,"height":151,"caption":"Momster Catering"},"image":{"@id":"https:\/\/pontsik.com\/#\/schema\/logo\/image\/"},"sameAs":["https:\/\/www.facebook.com\/momstercatering\/","https:\/\/www.instagram.com\/momster_catering\/?hl=en"]}]}},"_links":{"self":[{"href":"https:\/\/pontsik.com\/en\/wp-json\/wp\/v2\/product\/5749","targetHints":{"allow":["GET"]}}],"collection":[{"href":"https:\/\/pontsik.com\/en\/wp-json\/wp\/v2\/product"}],"about":[{"href":"https:\/\/pontsik.com\/en\/wp-json\/wp\/v2\/types\/product"}],"version-history":[{"count":4,"href":"https:\/\/pontsik.com\/en\/wp-json\/wp\/v2\/product\/5749\/revisions"}],"predecessor-version":[{"id":5909,"href":"https:\/\/pontsik.com\/en\/wp-json\/wp\/v2\/product\/5749\/revisions\/5909"}],"wp:featuredmedia":[{"embeddable":true,"href":"https:\/\/pontsik.com\/en\/wp-json\/wp\/v2\/media\/5904"}],"wp:attachment":[{"href":"https:\/\/pontsik.com\/en\/wp-json\/wp\/v2\/media?parent=5749"}],"wp:term":[{"taxonomy":"product_brand","embeddable":true,"href":"https:\/\/pontsik.com\/en\/wp-json\/wp\/v2\/product_brand?post=5749"},{"taxonomy":"product_cat","embeddable":true,"href":"https:\/\/pontsik.com\/en\/wp-json\/wp\/v2\/product_cat?post=5749"},{"taxonomy":"product_tag","embeddable":true,"href":"https:\/\/pontsik.com\/en\/wp-json\/wp\/v2\/product_tag?post=5749"}],"curies":[{"name":"wp","href":"https:\/\/api.w.org\/{rel}","templated":true}]}}