{"id":5753,"date":"2024-02-15T17:59:45","date_gmt":"2024-02-15T17:59:45","guid":{"rendered":"https:\/\/pontsik.com\/?post_type=product&#038;p=5753"},"modified":"2026-05-13T19:26:02","modified_gmt":"2026-05-13T16:26:02","slug":"apelsiniga-taidetud-gordal-oliivid-280-g","status":"publish","type":"product","link":"https:\/\/pontsik.com\/en\/product\/apelsiniga-taidetud-gordal-oliivid-280-g\/","title":{"rendered":"Apelsiniga t\u00e4idetud Gordal oliivid 280g"},"content":{"rendered":"<p>Suured ja mahlased, Sevillast p\u00e4rit Gordal oliivid, mis t\u00e4idetud apelsiniga &#8211; iga\u00fcks eraldi ja k\u00e4sitsi. Mekkimisel on tunda kvaliteeti ja rikkalik maitseelamus on garanteeritud!<\/p>\n<p>Koostisosad: Vesi, kivideta rohelised oliivid, naturaalne apelsin, sool, maitsetugevdaja (naatriumglutamaat), hapendaja (sidrunhape), konservant (kaaliumsorbaat), antioks\u00fcdant (askorbiinhape). V\u00d5IB SISALDADA OLIIVI KIVI OSAKESI.<\/p>\n<p>S\u00e4ilib kinnisena toatemperatuuril &#8211; + 25\u00b0C.<\/p>\n<p>Keskmine toitev\u00e4\u00e4rtus 100g kohta: energia: 314 kJ \/ 75 kcal, rasvad 5,90 g, s.h k\u00fcllastunud rasvhapped 1,3 g, s\u00fcsivesikud 5,80 g, s.h suhkrud 1,80 g, valgud 1,1 g, sool 2,2 g<\/p>\n<p>S\u00e4ilitamise tingimused: toode s\u00e4ilib kinnisena toatemperatuuril &#8211; +25 C. P\u00e4rast pakendi avamist s\u00e4ilitada vahemikus 0 \u00b0C kuni 6\u00b0C.<br \/>\nHoida eemal otsese p\u00e4ikesevalguse eest. Peale avamist hoida k\u00fclmkapis<br \/>\nP\u00e4ritolumaa: Hispaania<\/p>","protected":false},"excerpt":{"rendered":"<p>Suured ja mahlased, Sevillast p\u00e4rit Gordal oliivid, mis t\u00e4idetud apelsiniga &#8211; iga\u00fcks eraldi ja k\u00e4sitsi. Mekkimisel on tunda kvaliteeti ja rikkalik maitseelamus on garanteeritud! Koostisosad: Vesi, kivideta rohelised oliivid, naturaalne apelsin, sool, maitsetugevdaja (naatriumglutamaat), hapendaja (sidrunhape), konservant (kaaliumsorbaat), antioks\u00fcdant (askorbiinhape). V\u00d5IB SISALDADA OLIIVI KIVI OSAKESI. S\u00e4ilib kinnisena toatemperatuuril &#8211; + 25\u00b0C. Keskmine toitev\u00e4\u00e4rtus 100g kohta:&#8230;<\/p>","protected":false},"featured_media":5905,"template":"","meta":[],"product_brand":[],"product_cat":[95],"product_tag":[],"class_list":{"0":"post-5753","1":"product","2":"type-product","3":"status-publish","4":"has-post-thumbnail","6":"product_cat-oliivid","8":"first","9":"instock","10":"shipping-taxable","11":"purchasable","12":"product-type-simple"},"yoast_head":"<!-- This site is optimized with the Yoast SEO plugin v27.2 - https:\/\/yoast.com\/product\/yoast-seo-wordpress\/ -->\n<title>Apelsiniga t\u00e4idetud Gordal oliivid 280g - Momster Catering<\/title>\n<meta name=\"robots\" content=\"index, follow, max-snippet:-1, max-image-preview:large, max-video-preview:-1\" \/>\n<link rel=\"canonical\" href=\"https:\/\/pontsik.com\/en\/product\/apelsiniga-taidetud-gordal-oliivid-280-g\/\" \/>\n<meta property=\"og:locale\" content=\"en_US\" \/>\n<meta property=\"og:type\" content=\"article\" \/>\n<meta property=\"og:title\" content=\"Apelsiniga t\u00e4idetud Gordal oliivid 280g - Momster Catering\" \/>\n<meta property=\"og:description\" content=\"Suured ja mahlased, Sevillast p\u00e4rit Gordal oliivid, mis t\u00e4idetud apelsiniga &#8211; iga\u00fcks eraldi ja k\u00e4sitsi. Mekkimisel on tunda kvaliteeti ja rikkalik maitseelamus on garanteeritud! Koostisosad: Vesi, kivideta rohelised oliivid, naturaalne apelsin, sool, maitsetugevdaja (naatriumglutamaat), hapendaja (sidrunhape), konservant (kaaliumsorbaat), antioks\u00fcdant (askorbiinhape). V\u00d5IB SISALDADA OLIIVI KIVI OSAKESI. S\u00e4ilib kinnisena toatemperatuuril &#8211; + 25\u00b0C. Keskmine toitev\u00e4\u00e4rtus 100g kohta:...\" \/>\n<meta property=\"og:url\" content=\"https:\/\/pontsik.com\/en\/product\/apelsiniga-taidetud-gordal-oliivid-280-g\/\" \/>\n<meta property=\"og:site_name\" content=\"Momster Catering\" \/>\n<meta property=\"article:publisher\" content=\"https:\/\/www.facebook.com\/momstercatering\/\" \/>\n<meta property=\"article:modified_time\" content=\"2026-05-13T16:26:02+00:00\" \/>\n<meta property=\"og:image\" content=\"https:\/\/pontsik.com\/wp-content\/uploads\/2024\/02\/Oliivid-apelsini.jpg\" \/>\n\t<meta property=\"og:image:width\" content=\"500\" \/>\n\t<meta property=\"og:image:height\" content=\"468\" \/>\n\t<meta property=\"og:image:type\" content=\"image\/jpeg\" \/>\n<meta name=\"twitter:card\" content=\"summary_large_image\" \/>\n<meta name=\"twitter:label1\" content=\"Est. reading time\" \/>\n\t<meta name=\"twitter:data1\" content=\"1 minute\" \/>\n<script type=\"application\/ld+json\" class=\"yoast-schema-graph\">{\"@context\":\"https:\/\/schema.org\",\"@graph\":[{\"@type\":\"WebPage\",\"@id\":\"https:\/\/pontsik.com\/toode\/apelsiniga-taidetud-gordal-oliivid-280-g\/\",\"url\":\"https:\/\/pontsik.com\/toode\/apelsiniga-taidetud-gordal-oliivid-280-g\/\",\"name\":\"Apelsiniga t\u00e4idetud Gordal oliivid 280g - Momster Catering\",\"isPartOf\":{\"@id\":\"https:\/\/pontsik.com\/#website\"},\"primaryImageOfPage\":{\"@id\":\"https:\/\/pontsik.com\/toode\/apelsiniga-taidetud-gordal-oliivid-280-g\/#primaryimage\"},\"image\":{\"@id\":\"https:\/\/pontsik.com\/toode\/apelsiniga-taidetud-gordal-oliivid-280-g\/#primaryimage\"},\"thumbnailUrl\":\"https:\/\/pontsik.com\/wp-content\/uploads\/2024\/02\/Oliivid-apelsini.jpg\",\"datePublished\":\"2024-02-15T17:59:45+00:00\",\"dateModified\":\"2026-05-13T16:26:02+00:00\",\"breadcrumb\":{\"@id\":\"https:\/\/pontsik.com\/toode\/apelsiniga-taidetud-gordal-oliivid-280-g\/#breadcrumb\"},\"inLanguage\":\"en-US\",\"potentialAction\":[{\"@type\":\"ReadAction\",\"target\":[\"https:\/\/pontsik.com\/toode\/apelsiniga-taidetud-gordal-oliivid-280-g\/\"]}]},{\"@type\":\"ImageObject\",\"inLanguage\":\"en-US\",\"@id\":\"https:\/\/pontsik.com\/toode\/apelsiniga-taidetud-gordal-oliivid-280-g\/#primaryimage\",\"url\":\"https:\/\/pontsik.com\/wp-content\/uploads\/2024\/02\/Oliivid-apelsini.jpg\",\"contentUrl\":\"https:\/\/pontsik.com\/wp-content\/uploads\/2024\/02\/Oliivid-apelsini.jpg\",\"width\":500,\"height\":468},{\"@type\":\"BreadcrumbList\",\"@id\":\"https:\/\/pontsik.com\/toode\/apelsiniga-taidetud-gordal-oliivid-280-g\/#breadcrumb\",\"itemListElement\":[{\"@type\":\"ListItem\",\"position\":1,\"name\":\"Avaleht\",\"item\":\"https:\/\/pontsik.com\/\"},{\"@type\":\"ListItem\",\"position\":2,\"name\":\"Pood\",\"item\":\"https:\/\/pontsik.com\/pood\/\"},{\"@type\":\"ListItem\",\"position\":3,\"name\":\"Apelsiniga t\u00e4idetud Gordal oliivid 280g\"}]},{\"@type\":\"WebSite\",\"@id\":\"https:\/\/pontsik.com\/#website\",\"url\":\"https:\/\/pontsik.com\/\",\"name\":\"Momster Catering\",\"description\":\"Suurep\u00e4rane maitseelamus!\",\"publisher\":{\"@id\":\"https:\/\/pontsik.com\/#organization\"},\"potentialAction\":[{\"@type\":\"SearchAction\",\"target\":{\"@type\":\"EntryPoint\",\"urlTemplate\":\"https:\/\/pontsik.com\/?s={search_term_string}\"},\"query-input\":{\"@type\":\"PropertyValueSpecification\",\"valueRequired\":true,\"valueName\":\"search_term_string\"}}],\"inLanguage\":\"en-US\"},{\"@type\":\"Organization\",\"@id\":\"https:\/\/pontsik.com\/#organization\",\"name\":\"Momster Catering\",\"url\":\"https:\/\/pontsik.com\/\",\"logo\":{\"@type\":\"ImageObject\",\"inLanguage\":\"en-US\",\"@id\":\"https:\/\/pontsik.com\/#\/schema\/logo\/image\/\",\"url\":\"https:\/\/pontsik.com\/wp-content\/uploads\/2012\/06\/momster150.png\",\"contentUrl\":\"https:\/\/pontsik.com\/wp-content\/uploads\/2012\/06\/momster150.png\",\"width\":150,\"height\":151,\"caption\":\"Momster Catering\"},\"image\":{\"@id\":\"https:\/\/pontsik.com\/#\/schema\/logo\/image\/\"},\"sameAs\":[\"https:\/\/www.facebook.com\/momstercatering\/\",\"https:\/\/www.instagram.com\/momster_catering\/?hl=en\"]}]}<\/script>\n<!-- \/ Yoast SEO plugin. -->","yoast_head_json":{"title":"Apelsiniga t\u00e4idetud Gordal oliivid 280g - Momster Catering","robots":{"index":"index","follow":"follow","max-snippet":"max-snippet:-1","max-image-preview":"max-image-preview:large","max-video-preview":"max-video-preview:-1"},"canonical":"https:\/\/pontsik.com\/en\/product\/apelsiniga-taidetud-gordal-oliivid-280-g\/","og_locale":"en_US","og_type":"article","og_title":"Apelsiniga t\u00e4idetud Gordal oliivid 280g - Momster Catering","og_description":"Suured ja mahlased, Sevillast p\u00e4rit Gordal oliivid, mis t\u00e4idetud apelsiniga &#8211; iga\u00fcks eraldi ja k\u00e4sitsi. Mekkimisel on tunda kvaliteeti ja rikkalik maitseelamus on garanteeritud! Koostisosad: Vesi, kivideta rohelised oliivid, naturaalne apelsin, sool, maitsetugevdaja (naatriumglutamaat), hapendaja (sidrunhape), konservant (kaaliumsorbaat), antioks\u00fcdant (askorbiinhape). V\u00d5IB SISALDADA OLIIVI KIVI OSAKESI. S\u00e4ilib kinnisena toatemperatuuril &#8211; + 25\u00b0C. Keskmine toitev\u00e4\u00e4rtus 100g kohta:...","og_url":"https:\/\/pontsik.com\/en\/product\/apelsiniga-taidetud-gordal-oliivid-280-g\/","og_site_name":"Momster Catering","article_publisher":"https:\/\/www.facebook.com\/momstercatering\/","article_modified_time":"2026-05-13T16:26:02+00:00","og_image":[{"width":500,"height":468,"url":"https:\/\/pontsik.com\/wp-content\/uploads\/2024\/02\/Oliivid-apelsini.jpg","type":"image\/jpeg"}],"twitter_card":"summary_large_image","twitter_misc":{"Est. reading time":"1 minute"},"schema":{"@context":"https:\/\/schema.org","@graph":[{"@type":"WebPage","@id":"https:\/\/pontsik.com\/toode\/apelsiniga-taidetud-gordal-oliivid-280-g\/","url":"https:\/\/pontsik.com\/toode\/apelsiniga-taidetud-gordal-oliivid-280-g\/","name":"Apelsiniga t\u00e4idetud Gordal oliivid 280g - Momster Catering","isPartOf":{"@id":"https:\/\/pontsik.com\/#website"},"primaryImageOfPage":{"@id":"https:\/\/pontsik.com\/toode\/apelsiniga-taidetud-gordal-oliivid-280-g\/#primaryimage"},"image":{"@id":"https:\/\/pontsik.com\/toode\/apelsiniga-taidetud-gordal-oliivid-280-g\/#primaryimage"},"thumbnailUrl":"https:\/\/pontsik.com\/wp-content\/uploads\/2024\/02\/Oliivid-apelsini.jpg","datePublished":"2024-02-15T17:59:45+00:00","dateModified":"2026-05-13T16:26:02+00:00","breadcrumb":{"@id":"https:\/\/pontsik.com\/toode\/apelsiniga-taidetud-gordal-oliivid-280-g\/#breadcrumb"},"inLanguage":"en-US","potentialAction":[{"@type":"ReadAction","target":["https:\/\/pontsik.com\/toode\/apelsiniga-taidetud-gordal-oliivid-280-g\/"]}]},{"@type":"ImageObject","inLanguage":"en-US","@id":"https:\/\/pontsik.com\/toode\/apelsiniga-taidetud-gordal-oliivid-280-g\/#primaryimage","url":"https:\/\/pontsik.com\/wp-content\/uploads\/2024\/02\/Oliivid-apelsini.jpg","contentUrl":"https:\/\/pontsik.com\/wp-content\/uploads\/2024\/02\/Oliivid-apelsini.jpg","width":500,"height":468},{"@type":"BreadcrumbList","@id":"https:\/\/pontsik.com\/toode\/apelsiniga-taidetud-gordal-oliivid-280-g\/#breadcrumb","itemListElement":[{"@type":"ListItem","position":1,"name":"Avaleht","item":"https:\/\/pontsik.com\/"},{"@type":"ListItem","position":2,"name":"Pood","item":"https:\/\/pontsik.com\/pood\/"},{"@type":"ListItem","position":3,"name":"Apelsiniga t\u00e4idetud Gordal oliivid 280g"}]},{"@type":"WebSite","@id":"https:\/\/pontsik.com\/#website","url":"https:\/\/pontsik.com\/","name":"Momster Catering","description":"Suurep\u00e4rane maitseelamus!","publisher":{"@id":"https:\/\/pontsik.com\/#organization"},"potentialAction":[{"@type":"SearchAction","target":{"@type":"EntryPoint","urlTemplate":"https:\/\/pontsik.com\/?s={search_term_string}"},"query-input":{"@type":"PropertyValueSpecification","valueRequired":true,"valueName":"search_term_string"}}],"inLanguage":"en-US"},{"@type":"Organization","@id":"https:\/\/pontsik.com\/#organization","name":"Momster Catering","url":"https:\/\/pontsik.com\/","logo":{"@type":"ImageObject","inLanguage":"en-US","@id":"https:\/\/pontsik.com\/#\/schema\/logo\/image\/","url":"https:\/\/pontsik.com\/wp-content\/uploads\/2012\/06\/momster150.png","contentUrl":"https:\/\/pontsik.com\/wp-content\/uploads\/2012\/06\/momster150.png","width":150,"height":151,"caption":"Momster Catering"},"image":{"@id":"https:\/\/pontsik.com\/#\/schema\/logo\/image\/"},"sameAs":["https:\/\/www.facebook.com\/momstercatering\/","https:\/\/www.instagram.com\/momster_catering\/?hl=en"]}]}},"_links":{"self":[{"href":"https:\/\/pontsik.com\/en\/wp-json\/wp\/v2\/product\/5753","targetHints":{"allow":["GET"]}}],"collection":[{"href":"https:\/\/pontsik.com\/en\/wp-json\/wp\/v2\/product"}],"about":[{"href":"https:\/\/pontsik.com\/en\/wp-json\/wp\/v2\/types\/product"}],"version-history":[{"count":5,"href":"https:\/\/pontsik.com\/en\/wp-json\/wp\/v2\/product\/5753\/revisions"}],"predecessor-version":[{"id":5907,"href":"https:\/\/pontsik.com\/en\/wp-json\/wp\/v2\/product\/5753\/revisions\/5907"}],"wp:featuredmedia":[{"embeddable":true,"href":"https:\/\/pontsik.com\/en\/wp-json\/wp\/v2\/media\/5905"}],"wp:attachment":[{"href":"https:\/\/pontsik.com\/en\/wp-json\/wp\/v2\/media?parent=5753"}],"wp:term":[{"taxonomy":"product_brand","embeddable":true,"href":"https:\/\/pontsik.com\/en\/wp-json\/wp\/v2\/product_brand?post=5753"},{"taxonomy":"product_cat","embeddable":true,"href":"https:\/\/pontsik.com\/en\/wp-json\/wp\/v2\/product_cat?post=5753"},{"taxonomy":"product_tag","embeddable":true,"href":"https:\/\/pontsik.com\/en\/wp-json\/wp\/v2\/product_tag?post=5753"}],"curies":[{"name":"wp","href":"https:\/\/api.w.org\/{rel}","templated":true}]}}