{"id":5755,"date":"2024-02-15T18:00:01","date_gmt":"2024-02-15T18:00:01","guid":{"rendered":"https:\/\/pontsik.com\/?post_type=product&#038;p=5755"},"modified":"2026-05-13T19:23:33","modified_gmt":"2026-05-13T16:23:33","slug":"kyyslauguga-taidetud-gordal-oliivid-580g","status":"publish","type":"product","link":"https:\/\/pontsik.com\/en\/product\/kyyslauguga-taidetud-gordal-oliivid-580g\/","title":{"rendered":"TORREMAR Gordal oliivid sibulaga 580g"},"content":{"rendered":"<p>Suured Hispaania oliivid, mis on sibula marinaadis. Suurep\u00e4rane maitse! Gordal oliivid on rahvusvaheliselt tuntud kui kuninganna oliivid. Gordo t\u00e4hendab hispaania keeles rasvane. Neid hinnatakse k\u00f5rgelt, sest need on suured, mahlased ja \u00e4\u00e4rmiselt maitsvad.<\/p>\n<p>Koostisosad: Vesi, kivideta rohelised oliivid, sibul, k\u00fc\u00fcslauk, oliivi\u00f5li, petersell, sool, maitsetugevdaja E621, happesuse regulaator E330, s\u00e4ilitusaine E202, antioks\u00fcdant E300. V\u00f5ib sisaldada oliivikivide osakesi.<br \/>\nKeskmine toitev\u00e4\u00e4rtus 100g kohta: energia: 447,7 kJ \/ 107 kcal, rasvad 9,1 g, s.h k\u00fcllastunud rasvhapped 1,9 g, s\u00fcsivesikud 6,6 g, s.h suhkrud 0,4 g, valgud 1,6 g, sool 2,1 g<\/p>\n<p>Parim enne: vaata purgi pealt.<br \/>\nNetokaal: vaata etiketilt.<br \/>\nS\u00e4ilitamise tingimused: toode s\u00e4ilib kinnisena toatemperatuuril &#8211; +25 C.<br \/>\nHoida eemal otsese p\u00e4ikesevalguse eest. Peale avamist hoida k\u00fclmkapis<br \/>\nP\u00e4ritolumaa: Hispaania<\/p>","protected":false},"excerpt":{"rendered":"<p>Suured Hispaania oliivid, mis on sibula marinaadis. Suurep\u00e4rane maitse! Gordal oliivid on rahvusvaheliselt tuntud kui kuninganna oliivid. Gordo t\u00e4hendab hispaania keeles rasvane. Neid hinnatakse k\u00f5rgelt, sest need on suured, mahlased ja \u00e4\u00e4rmiselt maitsvad. Koostisosad: Vesi, kivideta rohelised oliivid, sibul, k\u00fc\u00fcslauk, oliivi\u00f5li, petersell, sool, maitsetugevdaja E621, happesuse regulaator E330, s\u00e4ilitusaine E202, antioks\u00fcdant E300. V\u00f5ib sisaldada oliivikivide&#8230;<\/p>","protected":false},"featured_media":6401,"template":"","meta":[],"product_brand":[],"product_cat":[95],"product_tag":[],"class_list":{"0":"post-5755","1":"product","2":"type-product","3":"status-publish","4":"has-post-thumbnail","6":"product_cat-oliivid","8":"first","9":"instock","10":"shipping-taxable","11":"purchasable","12":"product-type-simple"},"yoast_head":"<!-- This site is optimized with the Yoast SEO plugin v27.2 - https:\/\/yoast.com\/product\/yoast-seo-wordpress\/ -->\n<title>TORREMAR Gordal oliivid sibulaga 580g - Momster Catering<\/title>\n<meta name=\"robots\" content=\"index, follow, max-snippet:-1, max-image-preview:large, max-video-preview:-1\" \/>\n<link rel=\"canonical\" href=\"https:\/\/pontsik.com\/en\/product\/kyyslauguga-taidetud-gordal-oliivid-580g\/\" \/>\n<meta property=\"og:locale\" content=\"en_US\" \/>\n<meta property=\"og:type\" content=\"article\" \/>\n<meta property=\"og:title\" content=\"TORREMAR Gordal oliivid sibulaga 580g - Momster Catering\" \/>\n<meta property=\"og:description\" content=\"Suured Hispaania oliivid, mis on sibula marinaadis. Suurep\u00e4rane maitse! Gordal oliivid on rahvusvaheliselt tuntud kui kuninganna oliivid. Gordo t\u00e4hendab hispaania keeles rasvane. Neid hinnatakse k\u00f5rgelt, sest need on suured, mahlased ja \u00e4\u00e4rmiselt maitsvad. Koostisosad: Vesi, kivideta rohelised oliivid, sibul, k\u00fc\u00fcslauk, oliivi\u00f5li, petersell, sool, maitsetugevdaja E621, happesuse regulaator E330, s\u00e4ilitusaine E202, antioks\u00fcdant E300. V\u00f5ib sisaldada oliivikivide...\" \/>\n<meta property=\"og:url\" content=\"https:\/\/pontsik.com\/en\/product\/kyyslauguga-taidetud-gordal-oliivid-580g\/\" \/>\n<meta property=\"og:site_name\" content=\"Momster Catering\" \/>\n<meta property=\"article:publisher\" content=\"https:\/\/www.facebook.com\/momstercatering\/\" \/>\n<meta property=\"article:modified_time\" content=\"2026-05-13T16:23:33+00:00\" \/>\n<meta property=\"og:image\" content=\"https:\/\/pontsik.com\/wp-content\/uploads\/2024\/02\/deline-itemImages-1721822630722-trianaolivas_580_gris_con_cebolla.webp\" \/>\n\t<meta property=\"og:image:width\" content=\"800\" \/>\n\t<meta property=\"og:image:height\" content=\"800\" \/>\n\t<meta property=\"og:image:type\" content=\"image\/webp\" \/>\n<meta name=\"twitter:card\" content=\"summary_large_image\" \/>\n<meta name=\"twitter:label1\" content=\"Est. reading time\" \/>\n\t<meta name=\"twitter:data1\" content=\"1 minute\" \/>\n<script type=\"application\/ld+json\" class=\"yoast-schema-graph\">{\"@context\":\"https:\/\/schema.org\",\"@graph\":[{\"@type\":\"WebPage\",\"@id\":\"https:\/\/pontsik.com\/toode\/kyyslauguga-taidetud-gordal-oliivid-580g\/\",\"url\":\"https:\/\/pontsik.com\/toode\/kyyslauguga-taidetud-gordal-oliivid-580g\/\",\"name\":\"TORREMAR Gordal oliivid sibulaga 580g - Momster Catering\",\"isPartOf\":{\"@id\":\"https:\/\/pontsik.com\/#website\"},\"primaryImageOfPage\":{\"@id\":\"https:\/\/pontsik.com\/toode\/kyyslauguga-taidetud-gordal-oliivid-580g\/#primaryimage\"},\"image\":{\"@id\":\"https:\/\/pontsik.com\/toode\/kyyslauguga-taidetud-gordal-oliivid-580g\/#primaryimage\"},\"thumbnailUrl\":\"https:\/\/pontsik.com\/wp-content\/uploads\/2024\/02\/deline-itemImages-1721822630722-trianaolivas_580_gris_con_cebolla.webp\",\"datePublished\":\"2024-02-15T18:00:01+00:00\",\"dateModified\":\"2026-05-13T16:23:33+00:00\",\"breadcrumb\":{\"@id\":\"https:\/\/pontsik.com\/toode\/kyyslauguga-taidetud-gordal-oliivid-580g\/#breadcrumb\"},\"inLanguage\":\"en-US\",\"potentialAction\":[{\"@type\":\"ReadAction\",\"target\":[\"https:\/\/pontsik.com\/toode\/kyyslauguga-taidetud-gordal-oliivid-580g\/\"]}]},{\"@type\":\"ImageObject\",\"inLanguage\":\"en-US\",\"@id\":\"https:\/\/pontsik.com\/toode\/kyyslauguga-taidetud-gordal-oliivid-580g\/#primaryimage\",\"url\":\"https:\/\/pontsik.com\/wp-content\/uploads\/2024\/02\/deline-itemImages-1721822630722-trianaolivas_580_gris_con_cebolla.webp\",\"contentUrl\":\"https:\/\/pontsik.com\/wp-content\/uploads\/2024\/02\/deline-itemImages-1721822630722-trianaolivas_580_gris_con_cebolla.webp\",\"width\":800,\"height\":800},{\"@type\":\"BreadcrumbList\",\"@id\":\"https:\/\/pontsik.com\/toode\/kyyslauguga-taidetud-gordal-oliivid-580g\/#breadcrumb\",\"itemListElement\":[{\"@type\":\"ListItem\",\"position\":1,\"name\":\"Avaleht\",\"item\":\"https:\/\/pontsik.com\/\"},{\"@type\":\"ListItem\",\"position\":2,\"name\":\"Pood\",\"item\":\"https:\/\/pontsik.com\/pood\/\"},{\"@type\":\"ListItem\",\"position\":3,\"name\":\"TORREMAR Gordal oliivid sibulaga 580g\"}]},{\"@type\":\"WebSite\",\"@id\":\"https:\/\/pontsik.com\/#website\",\"url\":\"https:\/\/pontsik.com\/\",\"name\":\"Momster Catering\",\"description\":\"Suurep\u00e4rane maitseelamus!\",\"publisher\":{\"@id\":\"https:\/\/pontsik.com\/#organization\"},\"potentialAction\":[{\"@type\":\"SearchAction\",\"target\":{\"@type\":\"EntryPoint\",\"urlTemplate\":\"https:\/\/pontsik.com\/?s={search_term_string}\"},\"query-input\":{\"@type\":\"PropertyValueSpecification\",\"valueRequired\":true,\"valueName\":\"search_term_string\"}}],\"inLanguage\":\"en-US\"},{\"@type\":\"Organization\",\"@id\":\"https:\/\/pontsik.com\/#organization\",\"name\":\"Momster Catering\",\"url\":\"https:\/\/pontsik.com\/\",\"logo\":{\"@type\":\"ImageObject\",\"inLanguage\":\"en-US\",\"@id\":\"https:\/\/pontsik.com\/#\/schema\/logo\/image\/\",\"url\":\"https:\/\/pontsik.com\/wp-content\/uploads\/2012\/06\/momster150.png\",\"contentUrl\":\"https:\/\/pontsik.com\/wp-content\/uploads\/2012\/06\/momster150.png\",\"width\":150,\"height\":151,\"caption\":\"Momster Catering\"},\"image\":{\"@id\":\"https:\/\/pontsik.com\/#\/schema\/logo\/image\/\"},\"sameAs\":[\"https:\/\/www.facebook.com\/momstercatering\/\",\"https:\/\/www.instagram.com\/momster_catering\/?hl=en\"]}]}<\/script>\n<!-- \/ Yoast SEO plugin. -->","yoast_head_json":{"title":"TORREMAR Gordal oliivid sibulaga 580g - Momster Catering","robots":{"index":"index","follow":"follow","max-snippet":"max-snippet:-1","max-image-preview":"max-image-preview:large","max-video-preview":"max-video-preview:-1"},"canonical":"https:\/\/pontsik.com\/en\/product\/kyyslauguga-taidetud-gordal-oliivid-580g\/","og_locale":"en_US","og_type":"article","og_title":"TORREMAR Gordal oliivid sibulaga 580g - Momster Catering","og_description":"Suured Hispaania oliivid, mis on sibula marinaadis. Suurep\u00e4rane maitse! Gordal oliivid on rahvusvaheliselt tuntud kui kuninganna oliivid. Gordo t\u00e4hendab hispaania keeles rasvane. Neid hinnatakse k\u00f5rgelt, sest need on suured, mahlased ja \u00e4\u00e4rmiselt maitsvad. Koostisosad: Vesi, kivideta rohelised oliivid, sibul, k\u00fc\u00fcslauk, oliivi\u00f5li, petersell, sool, maitsetugevdaja E621, happesuse regulaator E330, s\u00e4ilitusaine E202, antioks\u00fcdant E300. V\u00f5ib sisaldada oliivikivide...","og_url":"https:\/\/pontsik.com\/en\/product\/kyyslauguga-taidetud-gordal-oliivid-580g\/","og_site_name":"Momster Catering","article_publisher":"https:\/\/www.facebook.com\/momstercatering\/","article_modified_time":"2026-05-13T16:23:33+00:00","og_image":[{"width":800,"height":800,"url":"https:\/\/pontsik.com\/wp-content\/uploads\/2024\/02\/deline-itemImages-1721822630722-trianaolivas_580_gris_con_cebolla.webp","type":"image\/webp"}],"twitter_card":"summary_large_image","twitter_misc":{"Est. reading time":"1 minute"},"schema":{"@context":"https:\/\/schema.org","@graph":[{"@type":"WebPage","@id":"https:\/\/pontsik.com\/toode\/kyyslauguga-taidetud-gordal-oliivid-580g\/","url":"https:\/\/pontsik.com\/toode\/kyyslauguga-taidetud-gordal-oliivid-580g\/","name":"TORREMAR Gordal oliivid sibulaga 580g - Momster Catering","isPartOf":{"@id":"https:\/\/pontsik.com\/#website"},"primaryImageOfPage":{"@id":"https:\/\/pontsik.com\/toode\/kyyslauguga-taidetud-gordal-oliivid-580g\/#primaryimage"},"image":{"@id":"https:\/\/pontsik.com\/toode\/kyyslauguga-taidetud-gordal-oliivid-580g\/#primaryimage"},"thumbnailUrl":"https:\/\/pontsik.com\/wp-content\/uploads\/2024\/02\/deline-itemImages-1721822630722-trianaolivas_580_gris_con_cebolla.webp","datePublished":"2024-02-15T18:00:01+00:00","dateModified":"2026-05-13T16:23:33+00:00","breadcrumb":{"@id":"https:\/\/pontsik.com\/toode\/kyyslauguga-taidetud-gordal-oliivid-580g\/#breadcrumb"},"inLanguage":"en-US","potentialAction":[{"@type":"ReadAction","target":["https:\/\/pontsik.com\/toode\/kyyslauguga-taidetud-gordal-oliivid-580g\/"]}]},{"@type":"ImageObject","inLanguage":"en-US","@id":"https:\/\/pontsik.com\/toode\/kyyslauguga-taidetud-gordal-oliivid-580g\/#primaryimage","url":"https:\/\/pontsik.com\/wp-content\/uploads\/2024\/02\/deline-itemImages-1721822630722-trianaolivas_580_gris_con_cebolla.webp","contentUrl":"https:\/\/pontsik.com\/wp-content\/uploads\/2024\/02\/deline-itemImages-1721822630722-trianaolivas_580_gris_con_cebolla.webp","width":800,"height":800},{"@type":"BreadcrumbList","@id":"https:\/\/pontsik.com\/toode\/kyyslauguga-taidetud-gordal-oliivid-580g\/#breadcrumb","itemListElement":[{"@type":"ListItem","position":1,"name":"Avaleht","item":"https:\/\/pontsik.com\/"},{"@type":"ListItem","position":2,"name":"Pood","item":"https:\/\/pontsik.com\/pood\/"},{"@type":"ListItem","position":3,"name":"TORREMAR Gordal oliivid sibulaga 580g"}]},{"@type":"WebSite","@id":"https:\/\/pontsik.com\/#website","url":"https:\/\/pontsik.com\/","name":"Momster Catering","description":"Suurep\u00e4rane maitseelamus!","publisher":{"@id":"https:\/\/pontsik.com\/#organization"},"potentialAction":[{"@type":"SearchAction","target":{"@type":"EntryPoint","urlTemplate":"https:\/\/pontsik.com\/?s={search_term_string}"},"query-input":{"@type":"PropertyValueSpecification","valueRequired":true,"valueName":"search_term_string"}}],"inLanguage":"en-US"},{"@type":"Organization","@id":"https:\/\/pontsik.com\/#organization","name":"Momster Catering","url":"https:\/\/pontsik.com\/","logo":{"@type":"ImageObject","inLanguage":"en-US","@id":"https:\/\/pontsik.com\/#\/schema\/logo\/image\/","url":"https:\/\/pontsik.com\/wp-content\/uploads\/2012\/06\/momster150.png","contentUrl":"https:\/\/pontsik.com\/wp-content\/uploads\/2012\/06\/momster150.png","width":150,"height":151,"caption":"Momster Catering"},"image":{"@id":"https:\/\/pontsik.com\/#\/schema\/logo\/image\/"},"sameAs":["https:\/\/www.facebook.com\/momstercatering\/","https:\/\/www.instagram.com\/momster_catering\/?hl=en"]}]}},"_links":{"self":[{"href":"https:\/\/pontsik.com\/en\/wp-json\/wp\/v2\/product\/5755","targetHints":{"allow":["GET"]}}],"collection":[{"href":"https:\/\/pontsik.com\/en\/wp-json\/wp\/v2\/product"}],"about":[{"href":"https:\/\/pontsik.com\/en\/wp-json\/wp\/v2\/types\/product"}],"version-history":[{"count":7,"href":"https:\/\/pontsik.com\/en\/wp-json\/wp\/v2\/product\/5755\/revisions"}],"predecessor-version":[{"id":6402,"href":"https:\/\/pontsik.com\/en\/wp-json\/wp\/v2\/product\/5755\/revisions\/6402"}],"wp:featuredmedia":[{"embeddable":true,"href":"https:\/\/pontsik.com\/en\/wp-json\/wp\/v2\/media\/6401"}],"wp:attachment":[{"href":"https:\/\/pontsik.com\/en\/wp-json\/wp\/v2\/media?parent=5755"}],"wp:term":[{"taxonomy":"product_brand","embeddable":true,"href":"https:\/\/pontsik.com\/en\/wp-json\/wp\/v2\/product_brand?post=5755"},{"taxonomy":"product_cat","embeddable":true,"href":"https:\/\/pontsik.com\/en\/wp-json\/wp\/v2\/product_cat?post=5755"},{"taxonomy":"product_tag","embeddable":true,"href":"https:\/\/pontsik.com\/en\/wp-json\/wp\/v2\/product_tag?post=5755"}],"curies":[{"name":"wp","href":"https:\/\/api.w.org\/{rel}","templated":true}]}}