{"id":5763,"date":"2024-02-15T18:01:29","date_gmt":"2024-02-15T18:01:29","guid":{"rendered":"https:\/\/pontsik.com\/?post_type=product&#038;p=5763"},"modified":"2024-03-24T12:15:12","modified_gmt":"2024-03-24T12:15:12","slug":"biffi-pirnisinep-juustudele-100g-itaalia","status":"publish","type":"product","link":"https:\/\/pontsik.com\/en\/product\/biffi-pirnisinep-juustudele-100g-itaalia\/","title":{"rendered":"BIFFI Pirnisinep Juustudele 100g Itaalia"},"content":{"rendered":"<p>Koostisosad: pirnid (70%), gl\u00fckoosi-fruktoosisiirup, suhkur, happesuse regulaatorid sidrunhape, taimekiud,<br \/>\nlooduslik SINEPISEEMNETE l\u00f5hna- ja maitseaine, l\u00f5hna- ja maitseained, s\u00e4ilitusaine V\u00c4\u00c4VELDIOKSIID. Gluteenivaba.<br \/>\n100g sisaldab: energiat 1135kJ\/268 kcal, rasva 0 g sh. k\u00fcllastunud rasvhapped 0 g, s\u00fcsivesikud 65g sh. suhkur 62 g, valgud 0 g, sool 0 g.<\/p>\n<p>Parim enne: vt. sildilt.<br \/>\nKinnisena s\u00e4ilitada toatemperatuuril. P\u00e4rast avamist hoida k\u00fclmikus.<\/p>\n<p>P\u00e4ritolumaa: Itaalia<\/p>","protected":false},"excerpt":{"rendered":"<p>Koostisosad: pirnid (70%), gl\u00fckoosi-fruktoosisiirup, suhkur, happesuse regulaatorid sidrunhape, taimekiud, looduslik SINEPISEEMNETE l\u00f5hna- ja maitseaine, l\u00f5hna- ja maitseained, s\u00e4ilitusaine V\u00c4\u00c4VELDIOKSIID. Gluteenivaba. 100g sisaldab: energiat 1135kJ\/268 kcal, rasva 0 g sh. k\u00fcllastunud rasvhapped 0 g, s\u00fcsivesikud 65g sh. suhkur 62 g, valgud 0 g, sool 0 g. Parim enne: vt. sildilt. Kinnisena s\u00e4ilitada toatemperatuuril. P\u00e4rast avamist hoida&#8230;<\/p>","protected":false},"featured_media":5884,"template":"","meta":[],"product_brand":[],"product_cat":[96],"product_tag":[],"class_list":{"0":"post-5763","1":"product","2":"type-product","3":"status-publish","4":"has-post-thumbnail","6":"product_cat-kastmed-ja-olid","8":"first","9":"instock","10":"shipping-taxable","11":"purchasable","12":"product-type-simple"},"yoast_head":"<!-- This site is optimized with the Yoast SEO plugin v27.2 - https:\/\/yoast.com\/product\/yoast-seo-wordpress\/ -->\n<title>BIFFI Pirnisinep Juustudele 100g Itaalia - Momster Catering<\/title>\n<meta name=\"robots\" content=\"index, follow, max-snippet:-1, max-image-preview:large, max-video-preview:-1\" \/>\n<link rel=\"canonical\" href=\"https:\/\/pontsik.com\/en\/product\/biffi-pirnisinep-juustudele-100g-itaalia\/\" \/>\n<meta property=\"og:locale\" content=\"en_US\" \/>\n<meta property=\"og:type\" content=\"article\" \/>\n<meta property=\"og:title\" content=\"BIFFI Pirnisinep Juustudele 100g Itaalia - Momster Catering\" \/>\n<meta property=\"og:description\" content=\"Koostisosad: pirnid (70%), gl\u00fckoosi-fruktoosisiirup, suhkur, happesuse regulaatorid sidrunhape, taimekiud, looduslik SINEPISEEMNETE l\u00f5hna- ja maitseaine, l\u00f5hna- ja maitseained, s\u00e4ilitusaine V\u00c4\u00c4VELDIOKSIID. Gluteenivaba. 100g sisaldab: energiat 1135kJ\/268 kcal, rasva 0 g sh. k\u00fcllastunud rasvhapped 0 g, s\u00fcsivesikud 65g sh. suhkur 62 g, valgud 0 g, sool 0 g. Parim enne: vt. sildilt. Kinnisena s\u00e4ilitada toatemperatuuril. P\u00e4rast avamist hoida...\" \/>\n<meta property=\"og:url\" content=\"https:\/\/pontsik.com\/en\/product\/biffi-pirnisinep-juustudele-100g-itaalia\/\" \/>\n<meta property=\"og:site_name\" content=\"Momster Catering\" \/>\n<meta property=\"article:publisher\" content=\"https:\/\/www.facebook.com\/momstercatering\/\" \/>\n<meta property=\"article:modified_time\" content=\"2024-03-24T12:15:12+00:00\" \/>\n<meta property=\"og:image\" content=\"https:\/\/pontsik.com\/wp-content\/uploads\/2024\/02\/biffi-salsa-di-pere-per-formaggi-birnen-salsa-fur-kase-0100kg-389079.jpeg\" \/>\n\t<meta property=\"og:image:width\" content=\"2000\" \/>\n\t<meta property=\"og:image:height\" content=\"2000\" \/>\n\t<meta property=\"og:image:type\" content=\"image\/jpeg\" \/>\n<meta name=\"twitter:card\" content=\"summary_large_image\" \/>\n<meta name=\"twitter:label1\" content=\"Est. reading time\" \/>\n\t<meta name=\"twitter:data1\" content=\"1 minute\" \/>\n<script type=\"application\/ld+json\" class=\"yoast-schema-graph\">{\"@context\":\"https:\/\/schema.org\",\"@graph\":[{\"@type\":\"WebPage\",\"@id\":\"https:\/\/pontsik.com\/toode\/biffi-pirnisinep-juustudele-100g-itaalia\/\",\"url\":\"https:\/\/pontsik.com\/toode\/biffi-pirnisinep-juustudele-100g-itaalia\/\",\"name\":\"BIFFI Pirnisinep Juustudele 100g Itaalia - Momster Catering\",\"isPartOf\":{\"@id\":\"https:\/\/pontsik.com\/#website\"},\"primaryImageOfPage\":{\"@id\":\"https:\/\/pontsik.com\/toode\/biffi-pirnisinep-juustudele-100g-itaalia\/#primaryimage\"},\"image\":{\"@id\":\"https:\/\/pontsik.com\/toode\/biffi-pirnisinep-juustudele-100g-itaalia\/#primaryimage\"},\"thumbnailUrl\":\"https:\/\/pontsik.com\/wp-content\/uploads\/2024\/02\/biffi-salsa-di-pere-per-formaggi-birnen-salsa-fur-kase-0100kg-389079.jpeg\",\"datePublished\":\"2024-02-15T18:01:29+00:00\",\"dateModified\":\"2024-03-24T12:15:12+00:00\",\"breadcrumb\":{\"@id\":\"https:\/\/pontsik.com\/toode\/biffi-pirnisinep-juustudele-100g-itaalia\/#breadcrumb\"},\"inLanguage\":\"en-US\",\"potentialAction\":[{\"@type\":\"ReadAction\",\"target\":[\"https:\/\/pontsik.com\/toode\/biffi-pirnisinep-juustudele-100g-itaalia\/\"]}]},{\"@type\":\"ImageObject\",\"inLanguage\":\"en-US\",\"@id\":\"https:\/\/pontsik.com\/toode\/biffi-pirnisinep-juustudele-100g-itaalia\/#primaryimage\",\"url\":\"https:\/\/pontsik.com\/wp-content\/uploads\/2024\/02\/biffi-salsa-di-pere-per-formaggi-birnen-salsa-fur-kase-0100kg-389079.jpeg\",\"contentUrl\":\"https:\/\/pontsik.com\/wp-content\/uploads\/2024\/02\/biffi-salsa-di-pere-per-formaggi-birnen-salsa-fur-kase-0100kg-389079.jpeg\",\"width\":2000,\"height\":2000},{\"@type\":\"BreadcrumbList\",\"@id\":\"https:\/\/pontsik.com\/toode\/biffi-pirnisinep-juustudele-100g-itaalia\/#breadcrumb\",\"itemListElement\":[{\"@type\":\"ListItem\",\"position\":1,\"name\":\"Avaleht\",\"item\":\"https:\/\/pontsik.com\/\"},{\"@type\":\"ListItem\",\"position\":2,\"name\":\"Pood\",\"item\":\"https:\/\/pontsik.com\/pood\/\"},{\"@type\":\"ListItem\",\"position\":3,\"name\":\"BIFFI Pirnisinep Juustudele 100g Itaalia\"}]},{\"@type\":\"WebSite\",\"@id\":\"https:\/\/pontsik.com\/#website\",\"url\":\"https:\/\/pontsik.com\/\",\"name\":\"Momster Catering\",\"description\":\"Suurep\u00e4rane maitseelamus!\",\"publisher\":{\"@id\":\"https:\/\/pontsik.com\/#organization\"},\"potentialAction\":[{\"@type\":\"SearchAction\",\"target\":{\"@type\":\"EntryPoint\",\"urlTemplate\":\"https:\/\/pontsik.com\/?s={search_term_string}\"},\"query-input\":{\"@type\":\"PropertyValueSpecification\",\"valueRequired\":true,\"valueName\":\"search_term_string\"}}],\"inLanguage\":\"en-US\"},{\"@type\":\"Organization\",\"@id\":\"https:\/\/pontsik.com\/#organization\",\"name\":\"Momster Catering\",\"url\":\"https:\/\/pontsik.com\/\",\"logo\":{\"@type\":\"ImageObject\",\"inLanguage\":\"en-US\",\"@id\":\"https:\/\/pontsik.com\/#\/schema\/logo\/image\/\",\"url\":\"https:\/\/pontsik.com\/wp-content\/uploads\/2012\/06\/momster150.png\",\"contentUrl\":\"https:\/\/pontsik.com\/wp-content\/uploads\/2012\/06\/momster150.png\",\"width\":150,\"height\":151,\"caption\":\"Momster Catering\"},\"image\":{\"@id\":\"https:\/\/pontsik.com\/#\/schema\/logo\/image\/\"},\"sameAs\":[\"https:\/\/www.facebook.com\/momstercatering\/\",\"https:\/\/www.instagram.com\/momster_catering\/?hl=en\"]}]}<\/script>\n<!-- \/ Yoast SEO plugin. -->","yoast_head_json":{"title":"BIFFI Pirnisinep Juustudele 100g Itaalia - Momster Catering","robots":{"index":"index","follow":"follow","max-snippet":"max-snippet:-1","max-image-preview":"max-image-preview:large","max-video-preview":"max-video-preview:-1"},"canonical":"https:\/\/pontsik.com\/en\/product\/biffi-pirnisinep-juustudele-100g-itaalia\/","og_locale":"en_US","og_type":"article","og_title":"BIFFI Pirnisinep Juustudele 100g Itaalia - Momster Catering","og_description":"Koostisosad: pirnid (70%), gl\u00fckoosi-fruktoosisiirup, suhkur, happesuse regulaatorid sidrunhape, taimekiud, looduslik SINEPISEEMNETE l\u00f5hna- ja maitseaine, l\u00f5hna- ja maitseained, s\u00e4ilitusaine V\u00c4\u00c4VELDIOKSIID. Gluteenivaba. 100g sisaldab: energiat 1135kJ\/268 kcal, rasva 0 g sh. k\u00fcllastunud rasvhapped 0 g, s\u00fcsivesikud 65g sh. suhkur 62 g, valgud 0 g, sool 0 g. Parim enne: vt. sildilt. Kinnisena s\u00e4ilitada toatemperatuuril. P\u00e4rast avamist hoida...","og_url":"https:\/\/pontsik.com\/en\/product\/biffi-pirnisinep-juustudele-100g-itaalia\/","og_site_name":"Momster Catering","article_publisher":"https:\/\/www.facebook.com\/momstercatering\/","article_modified_time":"2024-03-24T12:15:12+00:00","og_image":[{"width":2000,"height":2000,"url":"https:\/\/pontsik.com\/wp-content\/uploads\/2024\/02\/biffi-salsa-di-pere-per-formaggi-birnen-salsa-fur-kase-0100kg-389079.jpeg","type":"image\/jpeg"}],"twitter_card":"summary_large_image","twitter_misc":{"Est. reading time":"1 minute"},"schema":{"@context":"https:\/\/schema.org","@graph":[{"@type":"WebPage","@id":"https:\/\/pontsik.com\/toode\/biffi-pirnisinep-juustudele-100g-itaalia\/","url":"https:\/\/pontsik.com\/toode\/biffi-pirnisinep-juustudele-100g-itaalia\/","name":"BIFFI Pirnisinep Juustudele 100g Itaalia - Momster Catering","isPartOf":{"@id":"https:\/\/pontsik.com\/#website"},"primaryImageOfPage":{"@id":"https:\/\/pontsik.com\/toode\/biffi-pirnisinep-juustudele-100g-itaalia\/#primaryimage"},"image":{"@id":"https:\/\/pontsik.com\/toode\/biffi-pirnisinep-juustudele-100g-itaalia\/#primaryimage"},"thumbnailUrl":"https:\/\/pontsik.com\/wp-content\/uploads\/2024\/02\/biffi-salsa-di-pere-per-formaggi-birnen-salsa-fur-kase-0100kg-389079.jpeg","datePublished":"2024-02-15T18:01:29+00:00","dateModified":"2024-03-24T12:15:12+00:00","breadcrumb":{"@id":"https:\/\/pontsik.com\/toode\/biffi-pirnisinep-juustudele-100g-itaalia\/#breadcrumb"},"inLanguage":"en-US","potentialAction":[{"@type":"ReadAction","target":["https:\/\/pontsik.com\/toode\/biffi-pirnisinep-juustudele-100g-itaalia\/"]}]},{"@type":"ImageObject","inLanguage":"en-US","@id":"https:\/\/pontsik.com\/toode\/biffi-pirnisinep-juustudele-100g-itaalia\/#primaryimage","url":"https:\/\/pontsik.com\/wp-content\/uploads\/2024\/02\/biffi-salsa-di-pere-per-formaggi-birnen-salsa-fur-kase-0100kg-389079.jpeg","contentUrl":"https:\/\/pontsik.com\/wp-content\/uploads\/2024\/02\/biffi-salsa-di-pere-per-formaggi-birnen-salsa-fur-kase-0100kg-389079.jpeg","width":2000,"height":2000},{"@type":"BreadcrumbList","@id":"https:\/\/pontsik.com\/toode\/biffi-pirnisinep-juustudele-100g-itaalia\/#breadcrumb","itemListElement":[{"@type":"ListItem","position":1,"name":"Avaleht","item":"https:\/\/pontsik.com\/"},{"@type":"ListItem","position":2,"name":"Pood","item":"https:\/\/pontsik.com\/pood\/"},{"@type":"ListItem","position":3,"name":"BIFFI Pirnisinep Juustudele 100g Itaalia"}]},{"@type":"WebSite","@id":"https:\/\/pontsik.com\/#website","url":"https:\/\/pontsik.com\/","name":"Momster Catering","description":"Suurep\u00e4rane maitseelamus!","publisher":{"@id":"https:\/\/pontsik.com\/#organization"},"potentialAction":[{"@type":"SearchAction","target":{"@type":"EntryPoint","urlTemplate":"https:\/\/pontsik.com\/?s={search_term_string}"},"query-input":{"@type":"PropertyValueSpecification","valueRequired":true,"valueName":"search_term_string"}}],"inLanguage":"en-US"},{"@type":"Organization","@id":"https:\/\/pontsik.com\/#organization","name":"Momster Catering","url":"https:\/\/pontsik.com\/","logo":{"@type":"ImageObject","inLanguage":"en-US","@id":"https:\/\/pontsik.com\/#\/schema\/logo\/image\/","url":"https:\/\/pontsik.com\/wp-content\/uploads\/2012\/06\/momster150.png","contentUrl":"https:\/\/pontsik.com\/wp-content\/uploads\/2012\/06\/momster150.png","width":150,"height":151,"caption":"Momster Catering"},"image":{"@id":"https:\/\/pontsik.com\/#\/schema\/logo\/image\/"},"sameAs":["https:\/\/www.facebook.com\/momstercatering\/","https:\/\/www.instagram.com\/momster_catering\/?hl=en"]}]}},"_links":{"self":[{"href":"https:\/\/pontsik.com\/en\/wp-json\/wp\/v2\/product\/5763","targetHints":{"allow":["GET"]}}],"collection":[{"href":"https:\/\/pontsik.com\/en\/wp-json\/wp\/v2\/product"}],"about":[{"href":"https:\/\/pontsik.com\/en\/wp-json\/wp\/v2\/types\/product"}],"version-history":[{"count":3,"href":"https:\/\/pontsik.com\/en\/wp-json\/wp\/v2\/product\/5763\/revisions"}],"predecessor-version":[{"id":5886,"href":"https:\/\/pontsik.com\/en\/wp-json\/wp\/v2\/product\/5763\/revisions\/5886"}],"wp:featuredmedia":[{"embeddable":true,"href":"https:\/\/pontsik.com\/en\/wp-json\/wp\/v2\/media\/5884"}],"wp:attachment":[{"href":"https:\/\/pontsik.com\/en\/wp-json\/wp\/v2\/media?parent=5763"}],"wp:term":[{"taxonomy":"product_brand","embeddable":true,"href":"https:\/\/pontsik.com\/en\/wp-json\/wp\/v2\/product_brand?post=5763"},{"taxonomy":"product_cat","embeddable":true,"href":"https:\/\/pontsik.com\/en\/wp-json\/wp\/v2\/product_cat?post=5763"},{"taxonomy":"product_tag","embeddable":true,"href":"https:\/\/pontsik.com\/en\/wp-json\/wp\/v2\/product_tag?post=5763"}],"curies":[{"name":"wp","href":"https:\/\/api.w.org\/{rel}","templated":true}]}}