{"id":5767,"date":"2024-02-15T18:02:07","date_gmt":"2024-02-15T18:02:07","guid":{"rendered":"https:\/\/pontsik.com\/?post_type=product&#038;p=5767"},"modified":"2024-03-05T10:14:30","modified_gmt":"2024-03-05T10:14:30","slug":"sampinjoni-ja-truhvli-salsa-80g-itaalia-2","status":"publish","type":"product","link":"https:\/\/pontsik.com\/en\/product\/sampinjoni-ja-truhvli-salsa-80g-itaalia-2\/","title":{"rendered":"\u0160ampinjoni ja tr\u00fchvli salsa 80g Itaalia"},"content":{"rendered":"<p>Koostisosad: aed\u0161ampinjonid (Agartius bisporus) , ekstra v\u00e4\u00e4risoliivi\u00f5li, p\u00e4evalille\u00f5li, mustad oliivid,<br \/>\nsuvetr\u00fchvel 1% (Tuber aestivum Vitt) (EL p\u00e4ritolu), l\u00f5hna-ja maitseained, sool.<br \/>\n100g sisaldab: Energiat 1312 kJ\/319 kcal, rasva 33g sh. k\u00fcllastunud rasvhapped 10g, s\u00fcsivesikud 2,2g sh. suhkur 0,2g, valgud 2,5g, sool 1,53g.<\/p>\n<p>S\u00e4ilib kinnisena toatemperatuuril.<br \/>\nPeale avamist hoida jahedas ja tarbida 7 p\u00e4eva jooksul.<br \/>\nParim enne v.t. kaanelt.<br \/>\nToodetud Itaalias.<\/p>","protected":false},"excerpt":{"rendered":"<p>Koostisosad: aed\u0161ampinjonid (Agartius bisporus) , ekstra v\u00e4\u00e4risoliivi\u00f5li, p\u00e4evalille\u00f5li, mustad oliivid, suvetr\u00fchvel 1% (Tuber aestivum Vitt) (EL p\u00e4ritolu), l\u00f5hna-ja maitseained, sool. 100g sisaldab: Energiat 1312 kJ\/319 kcal, rasva 33g sh. k\u00fcllastunud rasvhapped 10g, s\u00fcsivesikud 2,2g sh. suhkur 0,2g, valgud 2,5g, sool 1,53g. S\u00e4ilib kinnisena toatemperatuuril. Peale avamist hoida jahedas ja tarbida 7 p\u00e4eva jooksul. Parim enne&#8230;<\/p>","protected":false},"featured_media":5831,"template":"","meta":[],"product_brand":[],"product_cat":[96],"product_tag":[],"class_list":{"0":"post-5767","1":"product","2":"type-product","3":"status-publish","4":"has-post-thumbnail","6":"product_cat-kastmed-ja-olid","8":"first","9":"instock","10":"shipping-taxable","11":"purchasable","12":"product-type-simple"},"yoast_head":"<!-- This site is optimized with the Yoast SEO plugin v27.2 - https:\/\/yoast.com\/product\/yoast-seo-wordpress\/ -->\n<title>\u0160ampinjoni ja tr\u00fchvli salsa 80g Itaalia - Momster Catering<\/title>\n<meta name=\"robots\" content=\"index, follow, max-snippet:-1, max-image-preview:large, max-video-preview:-1\" \/>\n<link rel=\"canonical\" href=\"https:\/\/pontsik.com\/en\/product\/sampinjoni-ja-truhvli-salsa-80g-itaalia-2\/\" \/>\n<meta property=\"og:locale\" content=\"en_US\" \/>\n<meta property=\"og:type\" content=\"article\" \/>\n<meta property=\"og:title\" content=\"\u0160ampinjoni ja tr\u00fchvli salsa 80g Itaalia - Momster Catering\" \/>\n<meta property=\"og:description\" content=\"Koostisosad: aed\u0161ampinjonid (Agartius bisporus) , ekstra v\u00e4\u00e4risoliivi\u00f5li, p\u00e4evalille\u00f5li, mustad oliivid, suvetr\u00fchvel 1% (Tuber aestivum Vitt) (EL p\u00e4ritolu), l\u00f5hna-ja maitseained, sool. 100g sisaldab: Energiat 1312 kJ\/319 kcal, rasva 33g sh. k\u00fcllastunud rasvhapped 10g, s\u00fcsivesikud 2,2g sh. suhkur 0,2g, valgud 2,5g, sool 1,53g. S\u00e4ilib kinnisena toatemperatuuril. Peale avamist hoida jahedas ja tarbida 7 p\u00e4eva jooksul. Parim enne...\" \/>\n<meta property=\"og:url\" content=\"https:\/\/pontsik.com\/en\/product\/sampinjoni-ja-truhvli-salsa-80g-itaalia-2\/\" \/>\n<meta property=\"og:site_name\" content=\"Momster Catering\" \/>\n<meta property=\"article:publisher\" content=\"https:\/\/www.facebook.com\/momstercatering\/\" \/>\n<meta property=\"article:modified_time\" content=\"2024-03-05T10:14:30+00:00\" \/>\n<meta property=\"og:image\" content=\"https:\/\/pontsik.com\/wp-content\/uploads\/2024\/02\/Screenshot-2024-02-21-at-10.59.49.png\" \/>\n\t<meta property=\"og:image:width\" content=\"405\" \/>\n\t<meta property=\"og:image:height\" content=\"422\" \/>\n\t<meta property=\"og:image:type\" content=\"image\/png\" \/>\n<meta name=\"twitter:card\" content=\"summary_large_image\" \/>\n<meta name=\"twitter:label1\" content=\"Est. reading time\" \/>\n\t<meta name=\"twitter:data1\" content=\"1 minute\" \/>\n<script type=\"application\/ld+json\" class=\"yoast-schema-graph\">{\"@context\":\"https:\/\/schema.org\",\"@graph\":[{\"@type\":\"WebPage\",\"@id\":\"https:\/\/pontsik.com\/toode\/sampinjoni-ja-truhvli-salsa-80g-itaalia-2\/\",\"url\":\"https:\/\/pontsik.com\/toode\/sampinjoni-ja-truhvli-salsa-80g-itaalia-2\/\",\"name\":\"\u0160ampinjoni ja tr\u00fchvli salsa 80g Itaalia - Momster Catering\",\"isPartOf\":{\"@id\":\"https:\/\/pontsik.com\/#website\"},\"primaryImageOfPage\":{\"@id\":\"https:\/\/pontsik.com\/toode\/sampinjoni-ja-truhvli-salsa-80g-itaalia-2\/#primaryimage\"},\"image\":{\"@id\":\"https:\/\/pontsik.com\/toode\/sampinjoni-ja-truhvli-salsa-80g-itaalia-2\/#primaryimage\"},\"thumbnailUrl\":\"https:\/\/pontsik.com\/wp-content\/uploads\/2024\/02\/Screenshot-2024-02-21-at-10.59.49.png\",\"datePublished\":\"2024-02-15T18:02:07+00:00\",\"dateModified\":\"2024-03-05T10:14:30+00:00\",\"breadcrumb\":{\"@id\":\"https:\/\/pontsik.com\/toode\/sampinjoni-ja-truhvli-salsa-80g-itaalia-2\/#breadcrumb\"},\"inLanguage\":\"en-US\",\"potentialAction\":[{\"@type\":\"ReadAction\",\"target\":[\"https:\/\/pontsik.com\/toode\/sampinjoni-ja-truhvli-salsa-80g-itaalia-2\/\"]}]},{\"@type\":\"ImageObject\",\"inLanguage\":\"en-US\",\"@id\":\"https:\/\/pontsik.com\/toode\/sampinjoni-ja-truhvli-salsa-80g-itaalia-2\/#primaryimage\",\"url\":\"https:\/\/pontsik.com\/wp-content\/uploads\/2024\/02\/Screenshot-2024-02-21-at-10.59.49.png\",\"contentUrl\":\"https:\/\/pontsik.com\/wp-content\/uploads\/2024\/02\/Screenshot-2024-02-21-at-10.59.49.png\",\"width\":405,\"height\":422},{\"@type\":\"BreadcrumbList\",\"@id\":\"https:\/\/pontsik.com\/toode\/sampinjoni-ja-truhvli-salsa-80g-itaalia-2\/#breadcrumb\",\"itemListElement\":[{\"@type\":\"ListItem\",\"position\":1,\"name\":\"Avaleht\",\"item\":\"https:\/\/pontsik.com\/\"},{\"@type\":\"ListItem\",\"position\":2,\"name\":\"Pood\",\"item\":\"https:\/\/pontsik.com\/pood\/\"},{\"@type\":\"ListItem\",\"position\":3,\"name\":\"\u0160ampinjoni ja tr\u00fchvli salsa 80g Itaalia\"}]},{\"@type\":\"WebSite\",\"@id\":\"https:\/\/pontsik.com\/#website\",\"url\":\"https:\/\/pontsik.com\/\",\"name\":\"Momster Catering\",\"description\":\"Suurep\u00e4rane maitseelamus!\",\"publisher\":{\"@id\":\"https:\/\/pontsik.com\/#organization\"},\"potentialAction\":[{\"@type\":\"SearchAction\",\"target\":{\"@type\":\"EntryPoint\",\"urlTemplate\":\"https:\/\/pontsik.com\/?s={search_term_string}\"},\"query-input\":{\"@type\":\"PropertyValueSpecification\",\"valueRequired\":true,\"valueName\":\"search_term_string\"}}],\"inLanguage\":\"en-US\"},{\"@type\":\"Organization\",\"@id\":\"https:\/\/pontsik.com\/#organization\",\"name\":\"Momster Catering\",\"url\":\"https:\/\/pontsik.com\/\",\"logo\":{\"@type\":\"ImageObject\",\"inLanguage\":\"en-US\",\"@id\":\"https:\/\/pontsik.com\/#\/schema\/logo\/image\/\",\"url\":\"https:\/\/pontsik.com\/wp-content\/uploads\/2012\/06\/momster150.png\",\"contentUrl\":\"https:\/\/pontsik.com\/wp-content\/uploads\/2012\/06\/momster150.png\",\"width\":150,\"height\":151,\"caption\":\"Momster Catering\"},\"image\":{\"@id\":\"https:\/\/pontsik.com\/#\/schema\/logo\/image\/\"},\"sameAs\":[\"https:\/\/www.facebook.com\/momstercatering\/\",\"https:\/\/www.instagram.com\/momster_catering\/?hl=en\"]}]}<\/script>\n<!-- \/ Yoast SEO plugin. -->","yoast_head_json":{"title":"\u0160ampinjoni ja tr\u00fchvli salsa 80g Itaalia - Momster Catering","robots":{"index":"index","follow":"follow","max-snippet":"max-snippet:-1","max-image-preview":"max-image-preview:large","max-video-preview":"max-video-preview:-1"},"canonical":"https:\/\/pontsik.com\/en\/product\/sampinjoni-ja-truhvli-salsa-80g-itaalia-2\/","og_locale":"en_US","og_type":"article","og_title":"\u0160ampinjoni ja tr\u00fchvli salsa 80g Itaalia - Momster Catering","og_description":"Koostisosad: aed\u0161ampinjonid (Agartius bisporus) , ekstra v\u00e4\u00e4risoliivi\u00f5li, p\u00e4evalille\u00f5li, mustad oliivid, suvetr\u00fchvel 1% (Tuber aestivum Vitt) (EL p\u00e4ritolu), l\u00f5hna-ja maitseained, sool. 100g sisaldab: Energiat 1312 kJ\/319 kcal, rasva 33g sh. k\u00fcllastunud rasvhapped 10g, s\u00fcsivesikud 2,2g sh. suhkur 0,2g, valgud 2,5g, sool 1,53g. S\u00e4ilib kinnisena toatemperatuuril. Peale avamist hoida jahedas ja tarbida 7 p\u00e4eva jooksul. Parim enne...","og_url":"https:\/\/pontsik.com\/en\/product\/sampinjoni-ja-truhvli-salsa-80g-itaalia-2\/","og_site_name":"Momster Catering","article_publisher":"https:\/\/www.facebook.com\/momstercatering\/","article_modified_time":"2024-03-05T10:14:30+00:00","og_image":[{"width":405,"height":422,"url":"https:\/\/pontsik.com\/wp-content\/uploads\/2024\/02\/Screenshot-2024-02-21-at-10.59.49.png","type":"image\/png"}],"twitter_card":"summary_large_image","twitter_misc":{"Est. reading time":"1 minute"},"schema":{"@context":"https:\/\/schema.org","@graph":[{"@type":"WebPage","@id":"https:\/\/pontsik.com\/toode\/sampinjoni-ja-truhvli-salsa-80g-itaalia-2\/","url":"https:\/\/pontsik.com\/toode\/sampinjoni-ja-truhvli-salsa-80g-itaalia-2\/","name":"\u0160ampinjoni ja tr\u00fchvli salsa 80g Itaalia - Momster Catering","isPartOf":{"@id":"https:\/\/pontsik.com\/#website"},"primaryImageOfPage":{"@id":"https:\/\/pontsik.com\/toode\/sampinjoni-ja-truhvli-salsa-80g-itaalia-2\/#primaryimage"},"image":{"@id":"https:\/\/pontsik.com\/toode\/sampinjoni-ja-truhvli-salsa-80g-itaalia-2\/#primaryimage"},"thumbnailUrl":"https:\/\/pontsik.com\/wp-content\/uploads\/2024\/02\/Screenshot-2024-02-21-at-10.59.49.png","datePublished":"2024-02-15T18:02:07+00:00","dateModified":"2024-03-05T10:14:30+00:00","breadcrumb":{"@id":"https:\/\/pontsik.com\/toode\/sampinjoni-ja-truhvli-salsa-80g-itaalia-2\/#breadcrumb"},"inLanguage":"en-US","potentialAction":[{"@type":"ReadAction","target":["https:\/\/pontsik.com\/toode\/sampinjoni-ja-truhvli-salsa-80g-itaalia-2\/"]}]},{"@type":"ImageObject","inLanguage":"en-US","@id":"https:\/\/pontsik.com\/toode\/sampinjoni-ja-truhvli-salsa-80g-itaalia-2\/#primaryimage","url":"https:\/\/pontsik.com\/wp-content\/uploads\/2024\/02\/Screenshot-2024-02-21-at-10.59.49.png","contentUrl":"https:\/\/pontsik.com\/wp-content\/uploads\/2024\/02\/Screenshot-2024-02-21-at-10.59.49.png","width":405,"height":422},{"@type":"BreadcrumbList","@id":"https:\/\/pontsik.com\/toode\/sampinjoni-ja-truhvli-salsa-80g-itaalia-2\/#breadcrumb","itemListElement":[{"@type":"ListItem","position":1,"name":"Avaleht","item":"https:\/\/pontsik.com\/"},{"@type":"ListItem","position":2,"name":"Pood","item":"https:\/\/pontsik.com\/pood\/"},{"@type":"ListItem","position":3,"name":"\u0160ampinjoni ja tr\u00fchvli salsa 80g Itaalia"}]},{"@type":"WebSite","@id":"https:\/\/pontsik.com\/#website","url":"https:\/\/pontsik.com\/","name":"Momster Catering","description":"Suurep\u00e4rane maitseelamus!","publisher":{"@id":"https:\/\/pontsik.com\/#organization"},"potentialAction":[{"@type":"SearchAction","target":{"@type":"EntryPoint","urlTemplate":"https:\/\/pontsik.com\/?s={search_term_string}"},"query-input":{"@type":"PropertyValueSpecification","valueRequired":true,"valueName":"search_term_string"}}],"inLanguage":"en-US"},{"@type":"Organization","@id":"https:\/\/pontsik.com\/#organization","name":"Momster Catering","url":"https:\/\/pontsik.com\/","logo":{"@type":"ImageObject","inLanguage":"en-US","@id":"https:\/\/pontsik.com\/#\/schema\/logo\/image\/","url":"https:\/\/pontsik.com\/wp-content\/uploads\/2012\/06\/momster150.png","contentUrl":"https:\/\/pontsik.com\/wp-content\/uploads\/2012\/06\/momster150.png","width":150,"height":151,"caption":"Momster Catering"},"image":{"@id":"https:\/\/pontsik.com\/#\/schema\/logo\/image\/"},"sameAs":["https:\/\/www.facebook.com\/momstercatering\/","https:\/\/www.instagram.com\/momster_catering\/?hl=en"]}]}},"_links":{"self":[{"href":"https:\/\/pontsik.com\/en\/wp-json\/wp\/v2\/product\/5767","targetHints":{"allow":["GET"]}}],"collection":[{"href":"https:\/\/pontsik.com\/en\/wp-json\/wp\/v2\/product"}],"about":[{"href":"https:\/\/pontsik.com\/en\/wp-json\/wp\/v2\/types\/product"}],"version-history":[{"count":4,"href":"https:\/\/pontsik.com\/en\/wp-json\/wp\/v2\/product\/5767\/revisions"}],"predecessor-version":[{"id":5897,"href":"https:\/\/pontsik.com\/en\/wp-json\/wp\/v2\/product\/5767\/revisions\/5897"}],"wp:featuredmedia":[{"embeddable":true,"href":"https:\/\/pontsik.com\/en\/wp-json\/wp\/v2\/media\/5831"}],"wp:attachment":[{"href":"https:\/\/pontsik.com\/en\/wp-json\/wp\/v2\/media?parent=5767"}],"wp:term":[{"taxonomy":"product_brand","embeddable":true,"href":"https:\/\/pontsik.com\/en\/wp-json\/wp\/v2\/product_brand?post=5767"},{"taxonomy":"product_cat","embeddable":true,"href":"https:\/\/pontsik.com\/en\/wp-json\/wp\/v2\/product_cat?post=5767"},{"taxonomy":"product_tag","embeddable":true,"href":"https:\/\/pontsik.com\/en\/wp-json\/wp\/v2\/product_tag?post=5767"}],"curies":[{"name":"wp","href":"https:\/\/api.w.org\/{rel}","templated":true}]}}