{"id":5769,"date":"2024-02-15T18:02:26","date_gmt":"2024-02-15T18:02:26","guid":{"rendered":"https:\/\/pontsik.com\/?post_type=product&#038;p=5769"},"modified":"2024-12-04T08:42:14","modified_gmt":"2024-12-04T08:42:14","slug":"callebaut-811","status":"publish","type":"product","link":"https:\/\/pontsik.com\/en\/product\/callebaut-811\/","title":{"rendered":"Callebaut 811 54,5% n\u00f6\u00f6pidena, 250g"},"content":{"rendered":"<div class=\"page\" title=\"Page 1\">\n<div class=\"layoutArea\">\n<div class=\"column\">\n<p>Ikooniline maailmakuulus tume s\u030cokolaad. Ta\u0308nu tervete ubade ro\u0308stimisele on maitse ta\u0308idlane, sisaldab kakao tummisust ja kergeid puuviljanoote. No\u0308o\u0308pidena, kakaoosade sisaldus 54,5%<\/p>\n<p>Koostisosad: kakaomass, suhkur, v\u00e4hendatud rasvasisaldusega kakao, emulgaator E322, maitse- ja l\u00f5hnaaine looduslik vanill. V\u00f5ib sisaldada v\u00e4hesel m\u00e4\u00e4ral <strong>piima<\/strong>valku.<\/p>\n<p>Toodetud Belgias.<\/p>\n<p>Keskmine toitev\u00e4\u00e4rtus 100 g kohta:<br \/>\nEnergiasisaldus 551 kcal, rasvad 36,6 g, millest k\u00fcllastunud rasvhapped 21,9 g, s\u00fcsivesikud 45,8 g, millest suhkrud 43,1 g, valgud 5,1 g,<br \/>\nsool 0,01 g<\/p>\n<\/div>\n<\/div>\n<\/div>","protected":false},"excerpt":{"rendered":"<p>Ikooniline maailmakuulus tume s\u030cokolaad. Ta\u0308nu tervete ubade ro\u0308stimisele on maitse ta\u0308idlane, sisaldab kakao tummisust ja kergeid puuviljanoote. No\u0308o\u0308pidena, kakaoosade sisaldus 54,5% Koostisosad: kakaomass, suhkur, v\u00e4hendatud rasvasisaldusega kakao, emulgaator E322, maitse- ja l\u00f5hnaaine looduslik vanill. V\u00f5ib sisaldada v\u00e4hesel m\u00e4\u00e4ral piimavalku. Toodetud Belgias. Keskmine toitev\u00e4\u00e4rtus 100 g kohta: Energiasisaldus 551 kcal, rasvad 36,6 g, millest k\u00fcllastunud rasvhapped&#8230;<\/p>","protected":false},"featured_media":5952,"template":"","meta":[],"product_brand":[],"product_cat":[97],"product_tag":[],"class_list":{"0":"post-5769","1":"product","2":"type-product","3":"status-publish","4":"has-post-thumbnail","6":"product_cat-magus","8":"first","9":"instock","10":"shipping-taxable","11":"purchasable","12":"product-type-simple"},"yoast_head":"<!-- This site is optimized with the Yoast SEO plugin v27.2 - https:\/\/yoast.com\/product\/yoast-seo-wordpress\/ -->\n<title>Callebaut 811 54,5% n\u00f6\u00f6pidena, 250g - Momster Catering<\/title>\n<meta name=\"robots\" content=\"index, follow, max-snippet:-1, max-image-preview:large, max-video-preview:-1\" \/>\n<link rel=\"canonical\" href=\"https:\/\/pontsik.com\/en\/product\/callebaut-811\/\" \/>\n<meta property=\"og:locale\" content=\"en_US\" \/>\n<meta property=\"og:type\" content=\"article\" \/>\n<meta property=\"og:title\" content=\"Callebaut 811 54,5% n\u00f6\u00f6pidena, 250g - Momster Catering\" \/>\n<meta property=\"og:description\" content=\"Ikooniline maailmakuulus tume s\u030cokolaad. Ta\u0308nu tervete ubade ro\u0308stimisele on maitse ta\u0308idlane, sisaldab kakao tummisust ja kergeid puuviljanoote. No\u0308o\u0308pidena, kakaoosade sisaldus 54,5% Koostisosad: kakaomass, suhkur, v\u00e4hendatud rasvasisaldusega kakao, emulgaator E322, maitse- ja l\u00f5hnaaine looduslik vanill. V\u00f5ib sisaldada v\u00e4hesel m\u00e4\u00e4ral piimavalku. Toodetud Belgias. Keskmine toitev\u00e4\u00e4rtus 100 g kohta: Energiasisaldus 551 kcal, rasvad 36,6 g, millest k\u00fcllastunud rasvhapped...\" \/>\n<meta property=\"og:url\" content=\"https:\/\/pontsik.com\/en\/product\/callebaut-811\/\" \/>\n<meta property=\"og:site_name\" content=\"Momster Catering\" \/>\n<meta property=\"article:publisher\" content=\"https:\/\/www.facebook.com\/momstercatering\/\" \/>\n<meta property=\"article:modified_time\" content=\"2024-12-04T08:42:14+00:00\" \/>\n<meta property=\"og:image\" content=\"https:\/\/pontsik.com\/wp-content\/uploads\/2024\/02\/magus-callebaut-811.jpeg\" \/>\n\t<meta property=\"og:image:width\" content=\"481\" \/>\n\t<meta property=\"og:image:height\" content=\"490\" \/>\n\t<meta property=\"og:image:type\" content=\"image\/jpeg\" \/>\n<meta name=\"twitter:card\" content=\"summary_large_image\" \/>\n<meta name=\"twitter:label1\" content=\"Est. reading time\" \/>\n\t<meta name=\"twitter:data1\" content=\"1 minute\" \/>\n<script type=\"application\/ld+json\" class=\"yoast-schema-graph\">{\"@context\":\"https:\/\/schema.org\",\"@graph\":[{\"@type\":\"WebPage\",\"@id\":\"https:\/\/pontsik.com\/toode\/callebaut-811\/\",\"url\":\"https:\/\/pontsik.com\/toode\/callebaut-811\/\",\"name\":\"Callebaut 811 54,5% n\u00f6\u00f6pidena, 250g - Momster Catering\",\"isPartOf\":{\"@id\":\"https:\/\/pontsik.com\/#website\"},\"primaryImageOfPage\":{\"@id\":\"https:\/\/pontsik.com\/toode\/callebaut-811\/#primaryimage\"},\"image\":{\"@id\":\"https:\/\/pontsik.com\/toode\/callebaut-811\/#primaryimage\"},\"thumbnailUrl\":\"https:\/\/pontsik.com\/wp-content\/uploads\/2024\/02\/magus-callebaut-811.jpeg\",\"datePublished\":\"2024-02-15T18:02:26+00:00\",\"dateModified\":\"2024-12-04T08:42:14+00:00\",\"breadcrumb\":{\"@id\":\"https:\/\/pontsik.com\/toode\/callebaut-811\/#breadcrumb\"},\"inLanguage\":\"en-US\",\"potentialAction\":[{\"@type\":\"ReadAction\",\"target\":[\"https:\/\/pontsik.com\/toode\/callebaut-811\/\"]}]},{\"@type\":\"ImageObject\",\"inLanguage\":\"en-US\",\"@id\":\"https:\/\/pontsik.com\/toode\/callebaut-811\/#primaryimage\",\"url\":\"https:\/\/pontsik.com\/wp-content\/uploads\/2024\/02\/magus-callebaut-811.jpeg\",\"contentUrl\":\"https:\/\/pontsik.com\/wp-content\/uploads\/2024\/02\/magus-callebaut-811.jpeg\",\"width\":481,\"height\":490},{\"@type\":\"BreadcrumbList\",\"@id\":\"https:\/\/pontsik.com\/toode\/callebaut-811\/#breadcrumb\",\"itemListElement\":[{\"@type\":\"ListItem\",\"position\":1,\"name\":\"Avaleht\",\"item\":\"https:\/\/pontsik.com\/\"},{\"@type\":\"ListItem\",\"position\":2,\"name\":\"Pood\",\"item\":\"https:\/\/pontsik.com\/pood\/\"},{\"@type\":\"ListItem\",\"position\":3,\"name\":\"Callebaut 811 54,5% n\u00f6\u00f6pidena, 250g\"}]},{\"@type\":\"WebSite\",\"@id\":\"https:\/\/pontsik.com\/#website\",\"url\":\"https:\/\/pontsik.com\/\",\"name\":\"Momster Catering\",\"description\":\"Suurep\u00e4rane maitseelamus!\",\"publisher\":{\"@id\":\"https:\/\/pontsik.com\/#organization\"},\"potentialAction\":[{\"@type\":\"SearchAction\",\"target\":{\"@type\":\"EntryPoint\",\"urlTemplate\":\"https:\/\/pontsik.com\/?s={search_term_string}\"},\"query-input\":{\"@type\":\"PropertyValueSpecification\",\"valueRequired\":true,\"valueName\":\"search_term_string\"}}],\"inLanguage\":\"en-US\"},{\"@type\":\"Organization\",\"@id\":\"https:\/\/pontsik.com\/#organization\",\"name\":\"Momster Catering\",\"url\":\"https:\/\/pontsik.com\/\",\"logo\":{\"@type\":\"ImageObject\",\"inLanguage\":\"en-US\",\"@id\":\"https:\/\/pontsik.com\/#\/schema\/logo\/image\/\",\"url\":\"https:\/\/pontsik.com\/wp-content\/uploads\/2012\/06\/momster150.png\",\"contentUrl\":\"https:\/\/pontsik.com\/wp-content\/uploads\/2012\/06\/momster150.png\",\"width\":150,\"height\":151,\"caption\":\"Momster Catering\"},\"image\":{\"@id\":\"https:\/\/pontsik.com\/#\/schema\/logo\/image\/\"},\"sameAs\":[\"https:\/\/www.facebook.com\/momstercatering\/\",\"https:\/\/www.instagram.com\/momster_catering\/?hl=en\"]}]}<\/script>\n<!-- \/ Yoast SEO plugin. -->","yoast_head_json":{"title":"Callebaut 811 54,5% n\u00f6\u00f6pidena, 250g - Momster Catering","robots":{"index":"index","follow":"follow","max-snippet":"max-snippet:-1","max-image-preview":"max-image-preview:large","max-video-preview":"max-video-preview:-1"},"canonical":"https:\/\/pontsik.com\/en\/product\/callebaut-811\/","og_locale":"en_US","og_type":"article","og_title":"Callebaut 811 54,5% n\u00f6\u00f6pidena, 250g - Momster Catering","og_description":"Ikooniline maailmakuulus tume s\u030cokolaad. Ta\u0308nu tervete ubade ro\u0308stimisele on maitse ta\u0308idlane, sisaldab kakao tummisust ja kergeid puuviljanoote. No\u0308o\u0308pidena, kakaoosade sisaldus 54,5% Koostisosad: kakaomass, suhkur, v\u00e4hendatud rasvasisaldusega kakao, emulgaator E322, maitse- ja l\u00f5hnaaine looduslik vanill. V\u00f5ib sisaldada v\u00e4hesel m\u00e4\u00e4ral piimavalku. Toodetud Belgias. Keskmine toitev\u00e4\u00e4rtus 100 g kohta: Energiasisaldus 551 kcal, rasvad 36,6 g, millest k\u00fcllastunud rasvhapped...","og_url":"https:\/\/pontsik.com\/en\/product\/callebaut-811\/","og_site_name":"Momster Catering","article_publisher":"https:\/\/www.facebook.com\/momstercatering\/","article_modified_time":"2024-12-04T08:42:14+00:00","og_image":[{"width":481,"height":490,"url":"https:\/\/pontsik.com\/wp-content\/uploads\/2024\/02\/magus-callebaut-811.jpeg","type":"image\/jpeg"}],"twitter_card":"summary_large_image","twitter_misc":{"Est. reading time":"1 minute"},"schema":{"@context":"https:\/\/schema.org","@graph":[{"@type":"WebPage","@id":"https:\/\/pontsik.com\/toode\/callebaut-811\/","url":"https:\/\/pontsik.com\/toode\/callebaut-811\/","name":"Callebaut 811 54,5% n\u00f6\u00f6pidena, 250g - Momster Catering","isPartOf":{"@id":"https:\/\/pontsik.com\/#website"},"primaryImageOfPage":{"@id":"https:\/\/pontsik.com\/toode\/callebaut-811\/#primaryimage"},"image":{"@id":"https:\/\/pontsik.com\/toode\/callebaut-811\/#primaryimage"},"thumbnailUrl":"https:\/\/pontsik.com\/wp-content\/uploads\/2024\/02\/magus-callebaut-811.jpeg","datePublished":"2024-02-15T18:02:26+00:00","dateModified":"2024-12-04T08:42:14+00:00","breadcrumb":{"@id":"https:\/\/pontsik.com\/toode\/callebaut-811\/#breadcrumb"},"inLanguage":"en-US","potentialAction":[{"@type":"ReadAction","target":["https:\/\/pontsik.com\/toode\/callebaut-811\/"]}]},{"@type":"ImageObject","inLanguage":"en-US","@id":"https:\/\/pontsik.com\/toode\/callebaut-811\/#primaryimage","url":"https:\/\/pontsik.com\/wp-content\/uploads\/2024\/02\/magus-callebaut-811.jpeg","contentUrl":"https:\/\/pontsik.com\/wp-content\/uploads\/2024\/02\/magus-callebaut-811.jpeg","width":481,"height":490},{"@type":"BreadcrumbList","@id":"https:\/\/pontsik.com\/toode\/callebaut-811\/#breadcrumb","itemListElement":[{"@type":"ListItem","position":1,"name":"Avaleht","item":"https:\/\/pontsik.com\/"},{"@type":"ListItem","position":2,"name":"Pood","item":"https:\/\/pontsik.com\/pood\/"},{"@type":"ListItem","position":3,"name":"Callebaut 811 54,5% n\u00f6\u00f6pidena, 250g"}]},{"@type":"WebSite","@id":"https:\/\/pontsik.com\/#website","url":"https:\/\/pontsik.com\/","name":"Momster Catering","description":"Suurep\u00e4rane maitseelamus!","publisher":{"@id":"https:\/\/pontsik.com\/#organization"},"potentialAction":[{"@type":"SearchAction","target":{"@type":"EntryPoint","urlTemplate":"https:\/\/pontsik.com\/?s={search_term_string}"},"query-input":{"@type":"PropertyValueSpecification","valueRequired":true,"valueName":"search_term_string"}}],"inLanguage":"en-US"},{"@type":"Organization","@id":"https:\/\/pontsik.com\/#organization","name":"Momster Catering","url":"https:\/\/pontsik.com\/","logo":{"@type":"ImageObject","inLanguage":"en-US","@id":"https:\/\/pontsik.com\/#\/schema\/logo\/image\/","url":"https:\/\/pontsik.com\/wp-content\/uploads\/2012\/06\/momster150.png","contentUrl":"https:\/\/pontsik.com\/wp-content\/uploads\/2012\/06\/momster150.png","width":150,"height":151,"caption":"Momster Catering"},"image":{"@id":"https:\/\/pontsik.com\/#\/schema\/logo\/image\/"},"sameAs":["https:\/\/www.facebook.com\/momstercatering\/","https:\/\/www.instagram.com\/momster_catering\/?hl=en"]}]}},"_links":{"self":[{"href":"https:\/\/pontsik.com\/en\/wp-json\/wp\/v2\/product\/5769","targetHints":{"allow":["GET"]}}],"collection":[{"href":"https:\/\/pontsik.com\/en\/wp-json\/wp\/v2\/product"}],"about":[{"href":"https:\/\/pontsik.com\/en\/wp-json\/wp\/v2\/types\/product"}],"version-history":[{"count":4,"href":"https:\/\/pontsik.com\/en\/wp-json\/wp\/v2\/product\/5769\/revisions"}],"predecessor-version":[{"id":5953,"href":"https:\/\/pontsik.com\/en\/wp-json\/wp\/v2\/product\/5769\/revisions\/5953"}],"wp:featuredmedia":[{"embeddable":true,"href":"https:\/\/pontsik.com\/en\/wp-json\/wp\/v2\/media\/5952"}],"wp:attachment":[{"href":"https:\/\/pontsik.com\/en\/wp-json\/wp\/v2\/media?parent=5769"}],"wp:term":[{"taxonomy":"product_brand","embeddable":true,"href":"https:\/\/pontsik.com\/en\/wp-json\/wp\/v2\/product_brand?post=5769"},{"taxonomy":"product_cat","embeddable":true,"href":"https:\/\/pontsik.com\/en\/wp-json\/wp\/v2\/product_cat?post=5769"},{"taxonomy":"product_tag","embeddable":true,"href":"https:\/\/pontsik.com\/en\/wp-json\/wp\/v2\/product_tag?post=5769"}],"curies":[{"name":"wp","href":"https:\/\/api.w.org\/{rel}","templated":true}]}}