{"id":5771,"date":"2024-02-15T18:02:40","date_gmt":"2024-02-15T18:02:40","guid":{"rendered":"https:\/\/pontsik.com\/?post_type=product&#038;p=5771"},"modified":"2024-12-04T08:41:22","modified_gmt":"2024-12-04T08:41:22","slug":"lubeca-valge-kuvertuur-33-250g","status":"publish","type":"product","link":"https:\/\/pontsik.com\/en\/product\/lubeca-valge-kuvertuur-33-250g\/","title":{"rendered":"Lubeca valge kuvert\u00fc\u00fcr 33%, 250g"},"content":{"rendered":"<p>Lubeca kvaliteetne valge kuvert\u00fc\u00fcr n\u00f6\u00f6pidena, kakao sisaldus min 33%. Toode on standardse viskoossusega ja kasutusv\u00f5imalustelt universaalne. Sobib nii glasuurimiseks, vormides kasutamiseks, kommide valmistamiseks, kaunistuste joonistamiseks ja modelleerimiseks, samuti kreemidesse, kastmetesse, jookidesse. L\u00e4ikiva ja kr\u00f5mpsuva katte valmistamiseks tuleb kuvert\u00fc\u00fcri eelnevalt tempereerida. Hangub aeglasemalt kui glasuur.<\/p>\n<p>Koostisosad: suhkur, kakaov\u00f5i (33%), t\u00e4isPIIMApulber, emulgaator SOJAletsitiin, l\u00f5hna- ja maitseaine vanill.\u00a0Toode v\u00f5ib sisaldada MANDLI- ja P\u00c4HKLIosakesi.<\/p>\n<p>Toode on gluteenivaba. Sobib taimetoitlastele. Toiduv\u00e4rvideta. Kosher.<\/p>\n<p>Toitumisalane teave 100g kohta: energiasisaldus 2463 kJ\/591 kcal, rasvad 40g (millest k\u00fcllastunud 24g), s\u00fcsivesikud 52g (millest suhkrud 52g), valgud 6,2g, sool 0,21g.<\/p>\n<p>S\u00e4ilitada toatemperatuuril, pimedas ja kuivas.<\/p>","protected":false},"excerpt":{"rendered":"<p>Lubeca kvaliteetne valge kuvert\u00fc\u00fcr n\u00f6\u00f6pidena, kakao sisaldus min 33%. Toode on standardse viskoossusega ja kasutusv\u00f5imalustelt universaalne. Sobib nii glasuurimiseks, vormides kasutamiseks, kommide valmistamiseks, kaunistuste joonistamiseks ja modelleerimiseks, samuti kreemidesse, kastmetesse, jookidesse. L\u00e4ikiva ja kr\u00f5mpsuva katte valmistamiseks tuleb kuvert\u00fc\u00fcri eelnevalt tempereerida. Hangub aeglasemalt kui glasuur. Koostisosad: suhkur, kakaov\u00f5i (33%), t\u00e4isPIIMApulber, emulgaator SOJAletsitiin, l\u00f5hna- ja maitseaine vanill.\u00a0Toode&#8230;<\/p>","protected":false},"featured_media":5950,"template":"","meta":[],"product_brand":[],"product_cat":[97],"product_tag":[],"class_list":{"0":"post-5771","1":"product","2":"type-product","3":"status-publish","4":"has-post-thumbnail","6":"product_cat-magus","8":"first","9":"instock","10":"shipping-taxable","11":"purchasable","12":"product-type-simple"},"yoast_head":"<!-- This site is optimized with the Yoast SEO plugin v27.2 - https:\/\/yoast.com\/product\/yoast-seo-wordpress\/ -->\n<title>Lubeca valge kuvert\u00fc\u00fcr 33%, 250g - Momster Catering<\/title>\n<meta name=\"robots\" content=\"index, follow, max-snippet:-1, max-image-preview:large, max-video-preview:-1\" \/>\n<link rel=\"canonical\" href=\"https:\/\/pontsik.com\/en\/product\/lubeca-valge-kuvertuur-33-250g\/\" \/>\n<meta property=\"og:locale\" content=\"en_US\" \/>\n<meta property=\"og:type\" content=\"article\" \/>\n<meta property=\"og:title\" content=\"Lubeca valge kuvert\u00fc\u00fcr 33%, 250g - Momster Catering\" \/>\n<meta property=\"og:description\" content=\"Lubeca kvaliteetne valge kuvert\u00fc\u00fcr n\u00f6\u00f6pidena, kakao sisaldus min 33%. Toode on standardse viskoossusega ja kasutusv\u00f5imalustelt universaalne. Sobib nii glasuurimiseks, vormides kasutamiseks, kommide valmistamiseks, kaunistuste joonistamiseks ja modelleerimiseks, samuti kreemidesse, kastmetesse, jookidesse. L\u00e4ikiva ja kr\u00f5mpsuva katte valmistamiseks tuleb kuvert\u00fc\u00fcri eelnevalt tempereerida. Hangub aeglasemalt kui glasuur. Koostisosad: suhkur, kakaov\u00f5i (33%), t\u00e4isPIIMApulber, emulgaator SOJAletsitiin, l\u00f5hna- ja maitseaine vanill.\u00a0Toode...\" \/>\n<meta property=\"og:url\" content=\"https:\/\/pontsik.com\/en\/product\/lubeca-valge-kuvertuur-33-250g\/\" \/>\n<meta property=\"og:site_name\" content=\"Momster Catering\" \/>\n<meta property=\"article:publisher\" content=\"https:\/\/www.facebook.com\/momstercatering\/\" \/>\n<meta property=\"article:modified_time\" content=\"2024-12-04T08:41:22+00:00\" \/>\n<meta property=\"og:image\" content=\"https:\/\/pontsik.com\/wp-content\/uploads\/2024\/02\/magus-lubeca-valge.jpeg\" \/>\n\t<meta property=\"og:image:width\" content=\"650\" \/>\n\t<meta property=\"og:image:height\" content=\"650\" \/>\n\t<meta property=\"og:image:type\" content=\"image\/jpeg\" \/>\n<meta name=\"twitter:card\" content=\"summary_large_image\" \/>\n<meta name=\"twitter:label1\" content=\"Est. reading time\" \/>\n\t<meta name=\"twitter:data1\" content=\"1 minute\" \/>\n<script type=\"application\/ld+json\" class=\"yoast-schema-graph\">{\"@context\":\"https:\/\/schema.org\",\"@graph\":[{\"@type\":\"WebPage\",\"@id\":\"https:\/\/pontsik.com\/toode\/lubeca-valge-kuvertuur-33-250g\/\",\"url\":\"https:\/\/pontsik.com\/toode\/lubeca-valge-kuvertuur-33-250g\/\",\"name\":\"Lubeca valge kuvert\u00fc\u00fcr 33%, 250g - Momster Catering\",\"isPartOf\":{\"@id\":\"https:\/\/pontsik.com\/#website\"},\"primaryImageOfPage\":{\"@id\":\"https:\/\/pontsik.com\/toode\/lubeca-valge-kuvertuur-33-250g\/#primaryimage\"},\"image\":{\"@id\":\"https:\/\/pontsik.com\/toode\/lubeca-valge-kuvertuur-33-250g\/#primaryimage\"},\"thumbnailUrl\":\"https:\/\/pontsik.com\/wp-content\/uploads\/2024\/02\/magus-lubeca-valge.jpeg\",\"datePublished\":\"2024-02-15T18:02:40+00:00\",\"dateModified\":\"2024-12-04T08:41:22+00:00\",\"breadcrumb\":{\"@id\":\"https:\/\/pontsik.com\/toode\/lubeca-valge-kuvertuur-33-250g\/#breadcrumb\"},\"inLanguage\":\"en-US\",\"potentialAction\":[{\"@type\":\"ReadAction\",\"target\":[\"https:\/\/pontsik.com\/toode\/lubeca-valge-kuvertuur-33-250g\/\"]}]},{\"@type\":\"ImageObject\",\"inLanguage\":\"en-US\",\"@id\":\"https:\/\/pontsik.com\/toode\/lubeca-valge-kuvertuur-33-250g\/#primaryimage\",\"url\":\"https:\/\/pontsik.com\/wp-content\/uploads\/2024\/02\/magus-lubeca-valge.jpeg\",\"contentUrl\":\"https:\/\/pontsik.com\/wp-content\/uploads\/2024\/02\/magus-lubeca-valge.jpeg\",\"width\":650,\"height\":650},{\"@type\":\"BreadcrumbList\",\"@id\":\"https:\/\/pontsik.com\/toode\/lubeca-valge-kuvertuur-33-250g\/#breadcrumb\",\"itemListElement\":[{\"@type\":\"ListItem\",\"position\":1,\"name\":\"Avaleht\",\"item\":\"https:\/\/pontsik.com\/\"},{\"@type\":\"ListItem\",\"position\":2,\"name\":\"Pood\",\"item\":\"https:\/\/pontsik.com\/pood\/\"},{\"@type\":\"ListItem\",\"position\":3,\"name\":\"Lubeca valge kuvert\u00fc\u00fcr 33%, 250g\"}]},{\"@type\":\"WebSite\",\"@id\":\"https:\/\/pontsik.com\/#website\",\"url\":\"https:\/\/pontsik.com\/\",\"name\":\"Momster Catering\",\"description\":\"Suurep\u00e4rane maitseelamus!\",\"publisher\":{\"@id\":\"https:\/\/pontsik.com\/#organization\"},\"potentialAction\":[{\"@type\":\"SearchAction\",\"target\":{\"@type\":\"EntryPoint\",\"urlTemplate\":\"https:\/\/pontsik.com\/?s={search_term_string}\"},\"query-input\":{\"@type\":\"PropertyValueSpecification\",\"valueRequired\":true,\"valueName\":\"search_term_string\"}}],\"inLanguage\":\"en-US\"},{\"@type\":\"Organization\",\"@id\":\"https:\/\/pontsik.com\/#organization\",\"name\":\"Momster Catering\",\"url\":\"https:\/\/pontsik.com\/\",\"logo\":{\"@type\":\"ImageObject\",\"inLanguage\":\"en-US\",\"@id\":\"https:\/\/pontsik.com\/#\/schema\/logo\/image\/\",\"url\":\"https:\/\/pontsik.com\/wp-content\/uploads\/2012\/06\/momster150.png\",\"contentUrl\":\"https:\/\/pontsik.com\/wp-content\/uploads\/2012\/06\/momster150.png\",\"width\":150,\"height\":151,\"caption\":\"Momster Catering\"},\"image\":{\"@id\":\"https:\/\/pontsik.com\/#\/schema\/logo\/image\/\"},\"sameAs\":[\"https:\/\/www.facebook.com\/momstercatering\/\",\"https:\/\/www.instagram.com\/momster_catering\/?hl=en\"]}]}<\/script>\n<!-- \/ Yoast SEO plugin. -->","yoast_head_json":{"title":"Lubeca valge kuvert\u00fc\u00fcr 33%, 250g - Momster Catering","robots":{"index":"index","follow":"follow","max-snippet":"max-snippet:-1","max-image-preview":"max-image-preview:large","max-video-preview":"max-video-preview:-1"},"canonical":"https:\/\/pontsik.com\/en\/product\/lubeca-valge-kuvertuur-33-250g\/","og_locale":"en_US","og_type":"article","og_title":"Lubeca valge kuvert\u00fc\u00fcr 33%, 250g - Momster Catering","og_description":"Lubeca kvaliteetne valge kuvert\u00fc\u00fcr n\u00f6\u00f6pidena, kakao sisaldus min 33%. Toode on standardse viskoossusega ja kasutusv\u00f5imalustelt universaalne. Sobib nii glasuurimiseks, vormides kasutamiseks, kommide valmistamiseks, kaunistuste joonistamiseks ja modelleerimiseks, samuti kreemidesse, kastmetesse, jookidesse. L\u00e4ikiva ja kr\u00f5mpsuva katte valmistamiseks tuleb kuvert\u00fc\u00fcri eelnevalt tempereerida. Hangub aeglasemalt kui glasuur. Koostisosad: suhkur, kakaov\u00f5i (33%), t\u00e4isPIIMApulber, emulgaator SOJAletsitiin, l\u00f5hna- ja maitseaine vanill.\u00a0Toode...","og_url":"https:\/\/pontsik.com\/en\/product\/lubeca-valge-kuvertuur-33-250g\/","og_site_name":"Momster Catering","article_publisher":"https:\/\/www.facebook.com\/momstercatering\/","article_modified_time":"2024-12-04T08:41:22+00:00","og_image":[{"width":650,"height":650,"url":"https:\/\/pontsik.com\/wp-content\/uploads\/2024\/02\/magus-lubeca-valge.jpeg","type":"image\/jpeg"}],"twitter_card":"summary_large_image","twitter_misc":{"Est. reading time":"1 minute"},"schema":{"@context":"https:\/\/schema.org","@graph":[{"@type":"WebPage","@id":"https:\/\/pontsik.com\/toode\/lubeca-valge-kuvertuur-33-250g\/","url":"https:\/\/pontsik.com\/toode\/lubeca-valge-kuvertuur-33-250g\/","name":"Lubeca valge kuvert\u00fc\u00fcr 33%, 250g - Momster Catering","isPartOf":{"@id":"https:\/\/pontsik.com\/#website"},"primaryImageOfPage":{"@id":"https:\/\/pontsik.com\/toode\/lubeca-valge-kuvertuur-33-250g\/#primaryimage"},"image":{"@id":"https:\/\/pontsik.com\/toode\/lubeca-valge-kuvertuur-33-250g\/#primaryimage"},"thumbnailUrl":"https:\/\/pontsik.com\/wp-content\/uploads\/2024\/02\/magus-lubeca-valge.jpeg","datePublished":"2024-02-15T18:02:40+00:00","dateModified":"2024-12-04T08:41:22+00:00","breadcrumb":{"@id":"https:\/\/pontsik.com\/toode\/lubeca-valge-kuvertuur-33-250g\/#breadcrumb"},"inLanguage":"en-US","potentialAction":[{"@type":"ReadAction","target":["https:\/\/pontsik.com\/toode\/lubeca-valge-kuvertuur-33-250g\/"]}]},{"@type":"ImageObject","inLanguage":"en-US","@id":"https:\/\/pontsik.com\/toode\/lubeca-valge-kuvertuur-33-250g\/#primaryimage","url":"https:\/\/pontsik.com\/wp-content\/uploads\/2024\/02\/magus-lubeca-valge.jpeg","contentUrl":"https:\/\/pontsik.com\/wp-content\/uploads\/2024\/02\/magus-lubeca-valge.jpeg","width":650,"height":650},{"@type":"BreadcrumbList","@id":"https:\/\/pontsik.com\/toode\/lubeca-valge-kuvertuur-33-250g\/#breadcrumb","itemListElement":[{"@type":"ListItem","position":1,"name":"Avaleht","item":"https:\/\/pontsik.com\/"},{"@type":"ListItem","position":2,"name":"Pood","item":"https:\/\/pontsik.com\/pood\/"},{"@type":"ListItem","position":3,"name":"Lubeca valge kuvert\u00fc\u00fcr 33%, 250g"}]},{"@type":"WebSite","@id":"https:\/\/pontsik.com\/#website","url":"https:\/\/pontsik.com\/","name":"Momster Catering","description":"Suurep\u00e4rane maitseelamus!","publisher":{"@id":"https:\/\/pontsik.com\/#organization"},"potentialAction":[{"@type":"SearchAction","target":{"@type":"EntryPoint","urlTemplate":"https:\/\/pontsik.com\/?s={search_term_string}"},"query-input":{"@type":"PropertyValueSpecification","valueRequired":true,"valueName":"search_term_string"}}],"inLanguage":"en-US"},{"@type":"Organization","@id":"https:\/\/pontsik.com\/#organization","name":"Momster Catering","url":"https:\/\/pontsik.com\/","logo":{"@type":"ImageObject","inLanguage":"en-US","@id":"https:\/\/pontsik.com\/#\/schema\/logo\/image\/","url":"https:\/\/pontsik.com\/wp-content\/uploads\/2012\/06\/momster150.png","contentUrl":"https:\/\/pontsik.com\/wp-content\/uploads\/2012\/06\/momster150.png","width":150,"height":151,"caption":"Momster Catering"},"image":{"@id":"https:\/\/pontsik.com\/#\/schema\/logo\/image\/"},"sameAs":["https:\/\/www.facebook.com\/momstercatering\/","https:\/\/www.instagram.com\/momster_catering\/?hl=en"]}]}},"_links":{"self":[{"href":"https:\/\/pontsik.com\/en\/wp-json\/wp\/v2\/product\/5771","targetHints":{"allow":["GET"]}}],"collection":[{"href":"https:\/\/pontsik.com\/en\/wp-json\/wp\/v2\/product"}],"about":[{"href":"https:\/\/pontsik.com\/en\/wp-json\/wp\/v2\/types\/product"}],"version-history":[{"count":3,"href":"https:\/\/pontsik.com\/en\/wp-json\/wp\/v2\/product\/5771\/revisions"}],"predecessor-version":[{"id":5951,"href":"https:\/\/pontsik.com\/en\/wp-json\/wp\/v2\/product\/5771\/revisions\/5951"}],"wp:featuredmedia":[{"embeddable":true,"href":"https:\/\/pontsik.com\/en\/wp-json\/wp\/v2\/media\/5950"}],"wp:attachment":[{"href":"https:\/\/pontsik.com\/en\/wp-json\/wp\/v2\/media?parent=5771"}],"wp:term":[{"taxonomy":"product_brand","embeddable":true,"href":"https:\/\/pontsik.com\/en\/wp-json\/wp\/v2\/product_brand?post=5771"},{"taxonomy":"product_cat","embeddable":true,"href":"https:\/\/pontsik.com\/en\/wp-json\/wp\/v2\/product_cat?post=5771"},{"taxonomy":"product_tag","embeddable":true,"href":"https:\/\/pontsik.com\/en\/wp-json\/wp\/v2\/product_tag?post=5771"}],"curies":[{"name":"wp","href":"https:\/\/api.w.org\/{rel}","templated":true}]}}