{"id":6125,"date":"2025-01-07T06:05:38","date_gmt":"2025-01-07T06:05:38","guid":{"rendered":"https:\/\/pontsik.com\/?post_type=product&#038;p=6125"},"modified":"2026-05-13T19:24:25","modified_gmt":"2026-05-13T16:24:25","slug":"gordal-pipra-suitsupaprika","status":"publish","type":"product","link":"https:\/\/pontsik.com\/en\/product\/gordal-pipra-suitsupaprika\/","title":{"rendered":"Gordal oliivid r\u00f6stitud pipra ja suitsupaprikaga 580g"},"content":{"rendered":"<p>Koostisosad: kivideta rohelised oliivid (44%), r\u00f6stitud punane pipar (7%), k\u00fc\u00fcslauk, suitsupaprika (0,3%), vesi, \u00f5li, k\u00f6\u00f6mned, sool, maitsetugevdaja E621, hapestaja sidrunhape, s\u00e4ilitusaine (kaaliumsorbaat), antioks\u00fcdant (askorbiinhape). V\u00f5ib sisaldada oliivi kivi osakesi.<br \/>\nKeskmine toitev\u00e4\u00e4rtus 100g kohta: energia: 401 kJ \/ 98 kcal, rasvad 8,9 g, s.h k\u00fcllastunud rasvhapped 1,9 g, s\u00fcsivesikud 4,7 g, s.h suhkrud 0,8 g, kiudained 3,4 g, valgud 1,3 g, sool 2,7 g<\/p>\n<p>Parim enne: vaata purgi pealt.<br \/>\nNetokaal: vaata etiketilt.<br \/>\nS\u00e4ilitamise tingimused: toode s\u00e4ilib kinnisena toatemperatuuril &#8211; +25 C.<br \/>\nHoida eemal otsese p\u00e4ikesevalguse eest. Peale avamist hoida k\u00fclmkapis<br \/>\nP\u00e4ritolumaa: Hispaania<\/p>","protected":false},"excerpt":{"rendered":"<p>Koostisosad: kivideta rohelised oliivid (44%), r\u00f6stitud punane pipar (7%), k\u00fc\u00fcslauk, suitsupaprika (0,3%), vesi, \u00f5li, k\u00f6\u00f6mned, sool, maitsetugevdaja E621, hapestaja sidrunhape, s\u00e4ilitusaine (kaaliumsorbaat), antioks\u00fcdant (askorbiinhape). V\u00f5ib sisaldada oliivi kivi osakesi. Keskmine toitev\u00e4\u00e4rtus 100g kohta: energia: 401 kJ \/ 98 kcal, rasvad 8,9 g, s.h k\u00fcllastunud rasvhapped 1,9 g, s\u00fcsivesikud 4,7 g, s.h suhkrud 0,8 g, kiudained&#8230;<\/p>","protected":false},"featured_media":6126,"template":"","meta":[],"product_brand":[],"product_cat":[95],"product_tag":[],"class_list":{"0":"post-6125","1":"product","2":"type-product","3":"status-publish","4":"has-post-thumbnail","6":"product_cat-oliivid","8":"first","9":"instock","10":"shipping-taxable","11":"purchasable","12":"product-type-simple"},"yoast_head":"<!-- This site is optimized with the Yoast SEO plugin v27.2 - https:\/\/yoast.com\/product\/yoast-seo-wordpress\/ -->\n<title>Gordal oliivid r\u00f6stitud pipra ja suitsupaprikaga 580g - Momster Catering<\/title>\n<meta name=\"robots\" content=\"index, follow, max-snippet:-1, max-image-preview:large, max-video-preview:-1\" \/>\n<link rel=\"canonical\" href=\"https:\/\/pontsik.com\/en\/product\/gordal-pipra-suitsupaprika\/\" \/>\n<meta property=\"og:locale\" content=\"en_US\" \/>\n<meta property=\"og:type\" content=\"article\" \/>\n<meta property=\"og:title\" content=\"Gordal oliivid r\u00f6stitud pipra ja suitsupaprikaga 580g - Momster Catering\" \/>\n<meta property=\"og:description\" content=\"Koostisosad: kivideta rohelised oliivid (44%), r\u00f6stitud punane pipar (7%), k\u00fc\u00fcslauk, suitsupaprika (0,3%), vesi, \u00f5li, k\u00f6\u00f6mned, sool, maitsetugevdaja E621, hapestaja sidrunhape, s\u00e4ilitusaine (kaaliumsorbaat), antioks\u00fcdant (askorbiinhape). V\u00f5ib sisaldada oliivi kivi osakesi. Keskmine toitev\u00e4\u00e4rtus 100g kohta: energia: 401 kJ \/ 98 kcal, rasvad 8,9 g, s.h k\u00fcllastunud rasvhapped 1,9 g, s\u00fcsivesikud 4,7 g, s.h suhkrud 0,8 g, kiudained...\" \/>\n<meta property=\"og:url\" content=\"https:\/\/pontsik.com\/en\/product\/gordal-pipra-suitsupaprika\/\" \/>\n<meta property=\"og:site_name\" content=\"Momster Catering\" \/>\n<meta property=\"article:publisher\" content=\"https:\/\/www.facebook.com\/momstercatering\/\" \/>\n<meta property=\"article:modified_time\" content=\"2026-05-13T16:24:25+00:00\" \/>\n<meta property=\"og:image\" content=\"https:\/\/pontsik.com\/wp-content\/uploads\/2025\/01\/Gordal-paprika.webp\" \/>\n\t<meta property=\"og:image:width\" content=\"800\" \/>\n\t<meta property=\"og:image:height\" content=\"800\" \/>\n\t<meta property=\"og:image:type\" content=\"image\/webp\" \/>\n<meta name=\"twitter:card\" content=\"summary_large_image\" \/>\n<meta name=\"twitter:label1\" content=\"Est. reading time\" \/>\n\t<meta name=\"twitter:data1\" content=\"1 minute\" \/>\n<script type=\"application\/ld+json\" class=\"yoast-schema-graph\">{\"@context\":\"https:\/\/schema.org\",\"@graph\":[{\"@type\":\"WebPage\",\"@id\":\"https:\/\/pontsik.com\/toode\/gordal-pipra-suitsupaprika\/\",\"url\":\"https:\/\/pontsik.com\/toode\/gordal-pipra-suitsupaprika\/\",\"name\":\"Gordal oliivid r\u00f6stitud pipra ja suitsupaprikaga 580g - Momster Catering\",\"isPartOf\":{\"@id\":\"https:\/\/pontsik.com\/#website\"},\"primaryImageOfPage\":{\"@id\":\"https:\/\/pontsik.com\/toode\/gordal-pipra-suitsupaprika\/#primaryimage\"},\"image\":{\"@id\":\"https:\/\/pontsik.com\/toode\/gordal-pipra-suitsupaprika\/#primaryimage\"},\"thumbnailUrl\":\"https:\/\/pontsik.com\/wp-content\/uploads\/2025\/01\/Gordal-paprika.webp\",\"datePublished\":\"2025-01-07T06:05:38+00:00\",\"dateModified\":\"2026-05-13T16:24:25+00:00\",\"breadcrumb\":{\"@id\":\"https:\/\/pontsik.com\/toode\/gordal-pipra-suitsupaprika\/#breadcrumb\"},\"inLanguage\":\"en-US\",\"potentialAction\":[{\"@type\":\"ReadAction\",\"target\":[\"https:\/\/pontsik.com\/toode\/gordal-pipra-suitsupaprika\/\"]}]},{\"@type\":\"ImageObject\",\"inLanguage\":\"en-US\",\"@id\":\"https:\/\/pontsik.com\/toode\/gordal-pipra-suitsupaprika\/#primaryimage\",\"url\":\"https:\/\/pontsik.com\/wp-content\/uploads\/2025\/01\/Gordal-paprika.webp\",\"contentUrl\":\"https:\/\/pontsik.com\/wp-content\/uploads\/2025\/01\/Gordal-paprika.webp\",\"width\":800,\"height\":800},{\"@type\":\"BreadcrumbList\",\"@id\":\"https:\/\/pontsik.com\/toode\/gordal-pipra-suitsupaprika\/#breadcrumb\",\"itemListElement\":[{\"@type\":\"ListItem\",\"position\":1,\"name\":\"Avaleht\",\"item\":\"https:\/\/pontsik.com\/\"},{\"@type\":\"ListItem\",\"position\":2,\"name\":\"Pood\",\"item\":\"https:\/\/pontsik.com\/pood\/\"},{\"@type\":\"ListItem\",\"position\":3,\"name\":\"Gordal oliivid r\u00f6stitud pipra ja suitsupaprikaga 580g\"}]},{\"@type\":\"WebSite\",\"@id\":\"https:\/\/pontsik.com\/#website\",\"url\":\"https:\/\/pontsik.com\/\",\"name\":\"Momster Catering\",\"description\":\"Suurep\u00e4rane maitseelamus!\",\"publisher\":{\"@id\":\"https:\/\/pontsik.com\/#organization\"},\"potentialAction\":[{\"@type\":\"SearchAction\",\"target\":{\"@type\":\"EntryPoint\",\"urlTemplate\":\"https:\/\/pontsik.com\/?s={search_term_string}\"},\"query-input\":{\"@type\":\"PropertyValueSpecification\",\"valueRequired\":true,\"valueName\":\"search_term_string\"}}],\"inLanguage\":\"en-US\"},{\"@type\":\"Organization\",\"@id\":\"https:\/\/pontsik.com\/#organization\",\"name\":\"Momster Catering\",\"url\":\"https:\/\/pontsik.com\/\",\"logo\":{\"@type\":\"ImageObject\",\"inLanguage\":\"en-US\",\"@id\":\"https:\/\/pontsik.com\/#\/schema\/logo\/image\/\",\"url\":\"https:\/\/pontsik.com\/wp-content\/uploads\/2012\/06\/momster150.png\",\"contentUrl\":\"https:\/\/pontsik.com\/wp-content\/uploads\/2012\/06\/momster150.png\",\"width\":150,\"height\":151,\"caption\":\"Momster Catering\"},\"image\":{\"@id\":\"https:\/\/pontsik.com\/#\/schema\/logo\/image\/\"},\"sameAs\":[\"https:\/\/www.facebook.com\/momstercatering\/\",\"https:\/\/www.instagram.com\/momster_catering\/?hl=en\"]}]}<\/script>\n<!-- \/ Yoast SEO plugin. -->","yoast_head_json":{"title":"Gordal oliivid r\u00f6stitud pipra ja suitsupaprikaga 580g - Momster Catering","robots":{"index":"index","follow":"follow","max-snippet":"max-snippet:-1","max-image-preview":"max-image-preview:large","max-video-preview":"max-video-preview:-1"},"canonical":"https:\/\/pontsik.com\/en\/product\/gordal-pipra-suitsupaprika\/","og_locale":"en_US","og_type":"article","og_title":"Gordal oliivid r\u00f6stitud pipra ja suitsupaprikaga 580g - Momster Catering","og_description":"Koostisosad: kivideta rohelised oliivid (44%), r\u00f6stitud punane pipar (7%), k\u00fc\u00fcslauk, suitsupaprika (0,3%), vesi, \u00f5li, k\u00f6\u00f6mned, sool, maitsetugevdaja E621, hapestaja sidrunhape, s\u00e4ilitusaine (kaaliumsorbaat), antioks\u00fcdant (askorbiinhape). V\u00f5ib sisaldada oliivi kivi osakesi. Keskmine toitev\u00e4\u00e4rtus 100g kohta: energia: 401 kJ \/ 98 kcal, rasvad 8,9 g, s.h k\u00fcllastunud rasvhapped 1,9 g, s\u00fcsivesikud 4,7 g, s.h suhkrud 0,8 g, kiudained...","og_url":"https:\/\/pontsik.com\/en\/product\/gordal-pipra-suitsupaprika\/","og_site_name":"Momster Catering","article_publisher":"https:\/\/www.facebook.com\/momstercatering\/","article_modified_time":"2026-05-13T16:24:25+00:00","og_image":[{"width":800,"height":800,"url":"https:\/\/pontsik.com\/wp-content\/uploads\/2025\/01\/Gordal-paprika.webp","type":"image\/webp"}],"twitter_card":"summary_large_image","twitter_misc":{"Est. reading time":"1 minute"},"schema":{"@context":"https:\/\/schema.org","@graph":[{"@type":"WebPage","@id":"https:\/\/pontsik.com\/toode\/gordal-pipra-suitsupaprika\/","url":"https:\/\/pontsik.com\/toode\/gordal-pipra-suitsupaprika\/","name":"Gordal oliivid r\u00f6stitud pipra ja suitsupaprikaga 580g - Momster Catering","isPartOf":{"@id":"https:\/\/pontsik.com\/#website"},"primaryImageOfPage":{"@id":"https:\/\/pontsik.com\/toode\/gordal-pipra-suitsupaprika\/#primaryimage"},"image":{"@id":"https:\/\/pontsik.com\/toode\/gordal-pipra-suitsupaprika\/#primaryimage"},"thumbnailUrl":"https:\/\/pontsik.com\/wp-content\/uploads\/2025\/01\/Gordal-paprika.webp","datePublished":"2025-01-07T06:05:38+00:00","dateModified":"2026-05-13T16:24:25+00:00","breadcrumb":{"@id":"https:\/\/pontsik.com\/toode\/gordal-pipra-suitsupaprika\/#breadcrumb"},"inLanguage":"en-US","potentialAction":[{"@type":"ReadAction","target":["https:\/\/pontsik.com\/toode\/gordal-pipra-suitsupaprika\/"]}]},{"@type":"ImageObject","inLanguage":"en-US","@id":"https:\/\/pontsik.com\/toode\/gordal-pipra-suitsupaprika\/#primaryimage","url":"https:\/\/pontsik.com\/wp-content\/uploads\/2025\/01\/Gordal-paprika.webp","contentUrl":"https:\/\/pontsik.com\/wp-content\/uploads\/2025\/01\/Gordal-paprika.webp","width":800,"height":800},{"@type":"BreadcrumbList","@id":"https:\/\/pontsik.com\/toode\/gordal-pipra-suitsupaprika\/#breadcrumb","itemListElement":[{"@type":"ListItem","position":1,"name":"Avaleht","item":"https:\/\/pontsik.com\/"},{"@type":"ListItem","position":2,"name":"Pood","item":"https:\/\/pontsik.com\/pood\/"},{"@type":"ListItem","position":3,"name":"Gordal oliivid r\u00f6stitud pipra ja suitsupaprikaga 580g"}]},{"@type":"WebSite","@id":"https:\/\/pontsik.com\/#website","url":"https:\/\/pontsik.com\/","name":"Momster Catering","description":"Suurep\u00e4rane maitseelamus!","publisher":{"@id":"https:\/\/pontsik.com\/#organization"},"potentialAction":[{"@type":"SearchAction","target":{"@type":"EntryPoint","urlTemplate":"https:\/\/pontsik.com\/?s={search_term_string}"},"query-input":{"@type":"PropertyValueSpecification","valueRequired":true,"valueName":"search_term_string"}}],"inLanguage":"en-US"},{"@type":"Organization","@id":"https:\/\/pontsik.com\/#organization","name":"Momster Catering","url":"https:\/\/pontsik.com\/","logo":{"@type":"ImageObject","inLanguage":"en-US","@id":"https:\/\/pontsik.com\/#\/schema\/logo\/image\/","url":"https:\/\/pontsik.com\/wp-content\/uploads\/2012\/06\/momster150.png","contentUrl":"https:\/\/pontsik.com\/wp-content\/uploads\/2012\/06\/momster150.png","width":150,"height":151,"caption":"Momster Catering"},"image":{"@id":"https:\/\/pontsik.com\/#\/schema\/logo\/image\/"},"sameAs":["https:\/\/www.facebook.com\/momstercatering\/","https:\/\/www.instagram.com\/momster_catering\/?hl=en"]}]}},"_links":{"self":[{"href":"https:\/\/pontsik.com\/en\/wp-json\/wp\/v2\/product\/6125","targetHints":{"allow":["GET"]}}],"collection":[{"href":"https:\/\/pontsik.com\/en\/wp-json\/wp\/v2\/product"}],"about":[{"href":"https:\/\/pontsik.com\/en\/wp-json\/wp\/v2\/types\/product"}],"version-history":[{"count":1,"href":"https:\/\/pontsik.com\/en\/wp-json\/wp\/v2\/product\/6125\/revisions"}],"predecessor-version":[{"id":6127,"href":"https:\/\/pontsik.com\/en\/wp-json\/wp\/v2\/product\/6125\/revisions\/6127"}],"wp:featuredmedia":[{"embeddable":true,"href":"https:\/\/pontsik.com\/en\/wp-json\/wp\/v2\/media\/6126"}],"wp:attachment":[{"href":"https:\/\/pontsik.com\/en\/wp-json\/wp\/v2\/media?parent=6125"}],"wp:term":[{"taxonomy":"product_brand","embeddable":true,"href":"https:\/\/pontsik.com\/en\/wp-json\/wp\/v2\/product_brand?post=6125"},{"taxonomy":"product_cat","embeddable":true,"href":"https:\/\/pontsik.com\/en\/wp-json\/wp\/v2\/product_cat?post=6125"},{"taxonomy":"product_tag","embeddable":true,"href":"https:\/\/pontsik.com\/en\/wp-json\/wp\/v2\/product_tag?post=6125"}],"curies":[{"name":"wp","href":"https:\/\/api.w.org\/{rel}","templated":true}]}}