{"id":6171,"date":"2025-02-11T07:54:01","date_gmt":"2025-02-11T07:54:01","guid":{"rendered":"https:\/\/pontsik.com\/?post_type=product&#038;p=6171"},"modified":"2026-02-08T16:07:50","modified_gmt":"2026-02-08T16:07:50","slug":"makroonid","status":"publish","type":"product","link":"https:\/\/pontsik.com\/en\/product\/makroonid\/","title":{"rendered":"Valentinip\u00e4eva makroonid 7tk"},"content":{"rendered":"<p data-start=\"53\" data-end=\"376\"><strong data-start=\"53\" data-end=\"94\">S\u00f5brap\u00e4eva makroonid: Mureli s\u00fcdamega<\/strong><br data-start=\"94\" data-end=\"97\" \/>Kui su armastus oleks magustoit, oleks see just see \u2013 pealt kr\u00f5mps, seest pehme ja s\u00fcdames\u2026 murel. Karbis 7 makrooni, mis on t\u00e4pselt parajalt romantilised, et kellelegi muljet avaldada (v\u00f5i endale preemiaks kr\u00f5bistada). Kaasas veidi roosat fooni ja pastelseid vahukomme, sest miks ka mitte.<\/p>\n<p data-start=\"378\" data-end=\"476\">\ud83d\udc98 <em data-start=\"381\" data-end=\"476\">Armastust ei saa osta, aga neid saab k\u00fcll. Tellimine kuni 13.02 keskp\u00e4evani v\u00f5i t\u00e4pselt nii kaua kuni karpe j\u00e4tkub.<\/em><\/p>\n<p data-start=\"158\" data-end=\"256\">\ud83d\ude97 <strong data-start=\"161\" data-end=\"190\">Tasuta kohaletoimetamine: <\/strong>selleks kasuta sooduskoodi<strong data-start=\"161\" data-end=\"190\"> TRANSPORT14<\/strong><br data-start=\"190\" data-end=\"193\" \/>\u2022 <strong data-start=\"195\" data-end=\"214\">13.02 kell 14:00-15:00 Tallinnas ja Rae vallas<\/strong><br data-start=\"214\" data-end=\"217\" \/>\u2022 <strong data-start=\"219\" data-end=\"256\">14.02 kell xx:xx Rae, Kose ja selle l\u00e4hi\u00fcmbruses ja Kehra<\/strong><\/p>\n<p data-start=\"258\" data-end=\"347\">\ud83d\udce6 Kohaletoimetamine toimub ettetellimisel. M\u00e4rgi tellimuses k\u00e4ttesaamiskoht ja -kuup\u00e4ev.<\/p>","protected":false},"excerpt":{"rendered":"<p>S\u00f5brap\u00e4eva makroonid: Mureli s\u00fcdamegaKui su armastus oleks magustoit, oleks see just see \u2013 pealt kr\u00f5mps, seest pehme ja s\u00fcdames\u2026 murel. Karbis 7 makrooni, mis on t\u00e4pselt parajalt romantilised, et kellelegi muljet avaldada (v\u00f5i endale preemiaks kr\u00f5bistada). Kaasas veidi roosat fooni ja pastelseid vahukomme, sest miks ka mitte. \ud83d\udc98 Armastust ei saa osta, aga neid saab&#8230;<\/p>","protected":false},"featured_media":6366,"template":"","meta":[],"product_brand":[],"product_cat":[97],"product_tag":[],"class_list":{"0":"post-6171","1":"product","2":"type-product","3":"status-publish","4":"has-post-thumbnail","6":"product_cat-magus","8":"first","9":"instock","10":"shipping-taxable","11":"purchasable","12":"product-type-simple"},"yoast_head":"<!-- This site is optimized with the Yoast SEO plugin v27.2 - https:\/\/yoast.com\/product\/yoast-seo-wordpress\/ -->\n<title>Valentinip\u00e4eva makroonid 7tk - Momster Catering<\/title>\n<meta name=\"robots\" content=\"index, follow, max-snippet:-1, max-image-preview:large, max-video-preview:-1\" \/>\n<link rel=\"canonical\" href=\"https:\/\/pontsik.com\/en\/product\/makroonid\/\" \/>\n<meta property=\"og:locale\" content=\"en_US\" \/>\n<meta property=\"og:type\" content=\"article\" \/>\n<meta property=\"og:title\" content=\"Valentinip\u00e4eva makroonid 7tk - Momster Catering\" \/>\n<meta property=\"og:description\" content=\"S\u00f5brap\u00e4eva makroonid: Mureli s\u00fcdamegaKui su armastus oleks magustoit, oleks see just see \u2013 pealt kr\u00f5mps, seest pehme ja s\u00fcdames\u2026 murel. Karbis 7 makrooni, mis on t\u00e4pselt parajalt romantilised, et kellelegi muljet avaldada (v\u00f5i endale preemiaks kr\u00f5bistada). Kaasas veidi roosat fooni ja pastelseid vahukomme, sest miks ka mitte. \ud83d\udc98 Armastust ei saa osta, aga neid saab...\" \/>\n<meta property=\"og:url\" content=\"https:\/\/pontsik.com\/en\/product\/makroonid\/\" \/>\n<meta property=\"og:site_name\" content=\"Momster Catering\" \/>\n<meta property=\"article:publisher\" content=\"https:\/\/www.facebook.com\/momstercatering\/\" \/>\n<meta property=\"article:modified_time\" content=\"2026-02-08T16:07:50+00:00\" \/>\n<meta property=\"og:image\" content=\"https:\/\/pontsik.com\/wp-content\/uploads\/2025\/02\/ChatGPT-Image-Feb-8-2026-at-05_28_40-PM-683x1024.png\" \/>\n\t<meta property=\"og:image:width\" content=\"683\" \/>\n\t<meta property=\"og:image:height\" content=\"1024\" \/>\n\t<meta property=\"og:image:type\" content=\"image\/png\" \/>\n<meta name=\"twitter:card\" content=\"summary_large_image\" \/>\n<meta name=\"twitter:label1\" content=\"Est. reading time\" \/>\n\t<meta name=\"twitter:data1\" content=\"1 minute\" \/>\n<script type=\"application\/ld+json\" class=\"yoast-schema-graph\">{\"@context\":\"https:\/\/schema.org\",\"@graph\":[{\"@type\":\"WebPage\",\"@id\":\"https:\/\/pontsik.com\/toode\/makroonid\/\",\"url\":\"https:\/\/pontsik.com\/toode\/makroonid\/\",\"name\":\"Valentinip\u00e4eva makroonid 7tk - Momster Catering\",\"isPartOf\":{\"@id\":\"https:\/\/pontsik.com\/#website\"},\"primaryImageOfPage\":{\"@id\":\"https:\/\/pontsik.com\/toode\/makroonid\/#primaryimage\"},\"image\":{\"@id\":\"https:\/\/pontsik.com\/toode\/makroonid\/#primaryimage\"},\"thumbnailUrl\":\"https:\/\/pontsik.com\/wp-content\/uploads\/2025\/02\/ChatGPT-Image-Feb-8-2026-at-05_28_40-PM.png\",\"datePublished\":\"2025-02-11T07:54:01+00:00\",\"dateModified\":\"2026-02-08T16:07:50+00:00\",\"breadcrumb\":{\"@id\":\"https:\/\/pontsik.com\/toode\/makroonid\/#breadcrumb\"},\"inLanguage\":\"en-US\",\"potentialAction\":[{\"@type\":\"ReadAction\",\"target\":[\"https:\/\/pontsik.com\/toode\/makroonid\/\"]}]},{\"@type\":\"ImageObject\",\"inLanguage\":\"en-US\",\"@id\":\"https:\/\/pontsik.com\/toode\/makroonid\/#primaryimage\",\"url\":\"https:\/\/pontsik.com\/wp-content\/uploads\/2025\/02\/ChatGPT-Image-Feb-8-2026-at-05_28_40-PM.png\",\"contentUrl\":\"https:\/\/pontsik.com\/wp-content\/uploads\/2025\/02\/ChatGPT-Image-Feb-8-2026-at-05_28_40-PM.png\",\"width\":1024,\"height\":1536},{\"@type\":\"BreadcrumbList\",\"@id\":\"https:\/\/pontsik.com\/toode\/makroonid\/#breadcrumb\",\"itemListElement\":[{\"@type\":\"ListItem\",\"position\":1,\"name\":\"Avaleht\",\"item\":\"https:\/\/pontsik.com\/\"},{\"@type\":\"ListItem\",\"position\":2,\"name\":\"Pood\",\"item\":\"https:\/\/pontsik.com\/pood\/\"},{\"@type\":\"ListItem\",\"position\":3,\"name\":\"Valentinip\u00e4eva makroonid 7tk\"}]},{\"@type\":\"WebSite\",\"@id\":\"https:\/\/pontsik.com\/#website\",\"url\":\"https:\/\/pontsik.com\/\",\"name\":\"Momster Catering\",\"description\":\"Suurep\u00e4rane maitseelamus!\",\"publisher\":{\"@id\":\"https:\/\/pontsik.com\/#organization\"},\"potentialAction\":[{\"@type\":\"SearchAction\",\"target\":{\"@type\":\"EntryPoint\",\"urlTemplate\":\"https:\/\/pontsik.com\/?s={search_term_string}\"},\"query-input\":{\"@type\":\"PropertyValueSpecification\",\"valueRequired\":true,\"valueName\":\"search_term_string\"}}],\"inLanguage\":\"en-US\"},{\"@type\":\"Organization\",\"@id\":\"https:\/\/pontsik.com\/#organization\",\"name\":\"Momster Catering\",\"url\":\"https:\/\/pontsik.com\/\",\"logo\":{\"@type\":\"ImageObject\",\"inLanguage\":\"en-US\",\"@id\":\"https:\/\/pontsik.com\/#\/schema\/logo\/image\/\",\"url\":\"https:\/\/pontsik.com\/wp-content\/uploads\/2012\/06\/momster150.png\",\"contentUrl\":\"https:\/\/pontsik.com\/wp-content\/uploads\/2012\/06\/momster150.png\",\"width\":150,\"height\":151,\"caption\":\"Momster Catering\"},\"image\":{\"@id\":\"https:\/\/pontsik.com\/#\/schema\/logo\/image\/\"},\"sameAs\":[\"https:\/\/www.facebook.com\/momstercatering\/\",\"https:\/\/www.instagram.com\/momster_catering\/?hl=en\"]}]}<\/script>\n<!-- \/ Yoast SEO plugin. -->","yoast_head_json":{"title":"Valentinip\u00e4eva makroonid 7tk - Momster Catering","robots":{"index":"index","follow":"follow","max-snippet":"max-snippet:-1","max-image-preview":"max-image-preview:large","max-video-preview":"max-video-preview:-1"},"canonical":"https:\/\/pontsik.com\/en\/product\/makroonid\/","og_locale":"en_US","og_type":"article","og_title":"Valentinip\u00e4eva makroonid 7tk - Momster Catering","og_description":"S\u00f5brap\u00e4eva makroonid: Mureli s\u00fcdamegaKui su armastus oleks magustoit, oleks see just see \u2013 pealt kr\u00f5mps, seest pehme ja s\u00fcdames\u2026 murel. Karbis 7 makrooni, mis on t\u00e4pselt parajalt romantilised, et kellelegi muljet avaldada (v\u00f5i endale preemiaks kr\u00f5bistada). Kaasas veidi roosat fooni ja pastelseid vahukomme, sest miks ka mitte. \ud83d\udc98 Armastust ei saa osta, aga neid saab...","og_url":"https:\/\/pontsik.com\/en\/product\/makroonid\/","og_site_name":"Momster Catering","article_publisher":"https:\/\/www.facebook.com\/momstercatering\/","article_modified_time":"2026-02-08T16:07:50+00:00","og_image":[{"width":683,"height":1024,"url":"https:\/\/pontsik.com\/wp-content\/uploads\/2025\/02\/ChatGPT-Image-Feb-8-2026-at-05_28_40-PM-683x1024.png","type":"image\/png"}],"twitter_card":"summary_large_image","twitter_misc":{"Est. reading time":"1 minute"},"schema":{"@context":"https:\/\/schema.org","@graph":[{"@type":"WebPage","@id":"https:\/\/pontsik.com\/toode\/makroonid\/","url":"https:\/\/pontsik.com\/toode\/makroonid\/","name":"Valentinip\u00e4eva makroonid 7tk - Momster Catering","isPartOf":{"@id":"https:\/\/pontsik.com\/#website"},"primaryImageOfPage":{"@id":"https:\/\/pontsik.com\/toode\/makroonid\/#primaryimage"},"image":{"@id":"https:\/\/pontsik.com\/toode\/makroonid\/#primaryimage"},"thumbnailUrl":"https:\/\/pontsik.com\/wp-content\/uploads\/2025\/02\/ChatGPT-Image-Feb-8-2026-at-05_28_40-PM.png","datePublished":"2025-02-11T07:54:01+00:00","dateModified":"2026-02-08T16:07:50+00:00","breadcrumb":{"@id":"https:\/\/pontsik.com\/toode\/makroonid\/#breadcrumb"},"inLanguage":"en-US","potentialAction":[{"@type":"ReadAction","target":["https:\/\/pontsik.com\/toode\/makroonid\/"]}]},{"@type":"ImageObject","inLanguage":"en-US","@id":"https:\/\/pontsik.com\/toode\/makroonid\/#primaryimage","url":"https:\/\/pontsik.com\/wp-content\/uploads\/2025\/02\/ChatGPT-Image-Feb-8-2026-at-05_28_40-PM.png","contentUrl":"https:\/\/pontsik.com\/wp-content\/uploads\/2025\/02\/ChatGPT-Image-Feb-8-2026-at-05_28_40-PM.png","width":1024,"height":1536},{"@type":"BreadcrumbList","@id":"https:\/\/pontsik.com\/toode\/makroonid\/#breadcrumb","itemListElement":[{"@type":"ListItem","position":1,"name":"Avaleht","item":"https:\/\/pontsik.com\/"},{"@type":"ListItem","position":2,"name":"Pood","item":"https:\/\/pontsik.com\/pood\/"},{"@type":"ListItem","position":3,"name":"Valentinip\u00e4eva makroonid 7tk"}]},{"@type":"WebSite","@id":"https:\/\/pontsik.com\/#website","url":"https:\/\/pontsik.com\/","name":"Momster Catering","description":"Suurep\u00e4rane maitseelamus!","publisher":{"@id":"https:\/\/pontsik.com\/#organization"},"potentialAction":[{"@type":"SearchAction","target":{"@type":"EntryPoint","urlTemplate":"https:\/\/pontsik.com\/?s={search_term_string}"},"query-input":{"@type":"PropertyValueSpecification","valueRequired":true,"valueName":"search_term_string"}}],"inLanguage":"en-US"},{"@type":"Organization","@id":"https:\/\/pontsik.com\/#organization","name":"Momster Catering","url":"https:\/\/pontsik.com\/","logo":{"@type":"ImageObject","inLanguage":"en-US","@id":"https:\/\/pontsik.com\/#\/schema\/logo\/image\/","url":"https:\/\/pontsik.com\/wp-content\/uploads\/2012\/06\/momster150.png","contentUrl":"https:\/\/pontsik.com\/wp-content\/uploads\/2012\/06\/momster150.png","width":150,"height":151,"caption":"Momster Catering"},"image":{"@id":"https:\/\/pontsik.com\/#\/schema\/logo\/image\/"},"sameAs":["https:\/\/www.facebook.com\/momstercatering\/","https:\/\/www.instagram.com\/momster_catering\/?hl=en"]}]}},"_links":{"self":[{"href":"https:\/\/pontsik.com\/en\/wp-json\/wp\/v2\/product\/6171","targetHints":{"allow":["GET"]}}],"collection":[{"href":"https:\/\/pontsik.com\/en\/wp-json\/wp\/v2\/product"}],"about":[{"href":"https:\/\/pontsik.com\/en\/wp-json\/wp\/v2\/types\/product"}],"version-history":[{"count":4,"href":"https:\/\/pontsik.com\/en\/wp-json\/wp\/v2\/product\/6171\/revisions"}],"predecessor-version":[{"id":6368,"href":"https:\/\/pontsik.com\/en\/wp-json\/wp\/v2\/product\/6171\/revisions\/6368"}],"wp:featuredmedia":[{"embeddable":true,"href":"https:\/\/pontsik.com\/en\/wp-json\/wp\/v2\/media\/6366"}],"wp:attachment":[{"href":"https:\/\/pontsik.com\/en\/wp-json\/wp\/v2\/media?parent=6171"}],"wp:term":[{"taxonomy":"product_brand","embeddable":true,"href":"https:\/\/pontsik.com\/en\/wp-json\/wp\/v2\/product_brand?post=6171"},{"taxonomy":"product_cat","embeddable":true,"href":"https:\/\/pontsik.com\/en\/wp-json\/wp\/v2\/product_cat?post=6171"},{"taxonomy":"product_tag","embeddable":true,"href":"https:\/\/pontsik.com\/en\/wp-json\/wp\/v2\/product_tag?post=6171"}],"curies":[{"name":"wp","href":"https:\/\/api.w.org\/{rel}","templated":true}]}}